{"id":9230,"date":"2023-02-17T08:52:02","date_gmt":"2023-02-17T08:52:02","guid":{"rendered":"https:\/\/betting.com\/sv\/?page_id=9230"},"modified":"2024-02-22T13:21:58","modified_gmt":"2024-02-22T11:21:58","slug":"fulltraff","status":"publish","type":"page","link":"https:\/\/betting.com\/sv\/svenska-spel\/fulltraff","title":{"rendered":"Fulltr\u00e4ff"},"content":{"rendered":"\n<h2 class=\"wp-block-heading\" id=\"fulltraff-fran-svenska-spel\">Fulltr\u00e4ff fr\u00e5n Svenska Spel<\/h2>\n\n\n\n<p>Fulltr\u00e4ff \u00e4r ett nytt, h\u00e4ftigt h\u00f6gvinstspel fr\u00e5n <a href=\"\/sv\/bettingsidor\/svenska-spel\">Svenska Spel Sport &amp; Casino<\/a>. Premi\u00e4romg\u00e5ngen spelades den 1 oktober 2022. Spelet som \u00e4r ett poolspel d\u00e4r man skall f\u00f6rs\u00f6ka pricka in r\u00e4tt antal m\u00e5l i 13 olika matcher har minst 50 miljoner i prispotten varje omg\u00e5ng. Med andra ord finns det mycket pengar att vinna p\u00e5 detta spel om du skulle pricka in alla r\u00e4tt. <\/p>\n\n\n\n<h2 class=\"wp-block-heading\" id=\"om-fulltraff\">Om Fulltr\u00e4ff<\/h2>\n\n\n\n<p>Svenska Spels nya poolspel Fulltr\u00e4ff \u00e4r ett spel som riktar in sig fr\u00e4mst till de som gillar fotboll. P\u00e5 Fulltr\u00e4ff kan du spela p\u00e5 n\u00e5gra av de st\u00f6rsta ligorna ute i Europa men \u00e4ven p\u00e5 matcher fr\u00e5n Allsvenskan och Superettan n\u00e4r det \u00e4r s\u00e4song. Till skillnad fr\u00e5n <a href=\"\/sv\/svenska-spel\/stryktipset\">Stryktipset<\/a>, <a href=\"\/sv\/svenska-spel\/europatipset\">Europatipset<\/a> och <a href=\"https:\/\/betting.com\/sv\/svenska-spel\/maltipset\" data-type=\"page\" data-id=\"2022\">Topptipset<\/a> \u00e4r utmaningen i detta roliga poolspel att tippa hur m\u00e5nga m\u00e5l det faller i varje match. <\/p>\n\n\n\n<p>Skulle du pricka r\u00e4tt p\u00e5 m\u00e5nga matcher \u00e4r chansen god att kamma hem en ganska stor prispott. Ju fler matcher du s\u00e4tter ju h\u00f6gre blir din vinst om du lyckas vara bland dom b\u00e4sta som spelar. Det som lockar lite extra med Svenska Spels nya poolspel \u00e4r att det alltid ligger minst 50 miljoner kronor i den h\u00f6gsta vinstgruppen, vilken \u00e4r fast f\u00f6r 13 r\u00e4tt ( Fulltr\u00e4ff har olika vinstgrupper beroende hur m\u00e5nga r\u00e4tt du f\u00e5r).<\/p>\n\n\n\n<h2 class=\"wp-block-heading\" id=\"sa-spelar-du-fulltraff\">S\u00e5 spelar du Fulltr\u00e4ff<\/h2>\n\n\n\n<p>Sugen att prova poolspelet Fulltr\u00e4ff? H\u00e4r kommer en liten spelguide p\u00e5 hur du g\u00e5r till v\u00e4ga f\u00f6r att spela: <\/p>\n\n\n\n<p><strong>1. Logga in eller registrera ett konto hos Svenska Spel<\/strong> &#8211; F\u00f6r att spela p\u00e5 Fulltr\u00e4ff kr\u00e4vs ett konto hos Svenska Spel. Detta fixar du enkelt genom att surfa in p\u00e5 <a rel=\"noreferrer noopener\" href=\"https:\/\/go.betting.com\/go\/svenska_spel\" data-type=\"URL\" data-id=\"https:\/\/go.betting.com\/go\/svenska_spel\" target=\"_blank\">Svenska Spels hemsida<\/a> och d\u00e4refter klicka p\u00e5 Logga in uppe till h\u00f6ger. N\u00e4r du klickar p\u00e5 f\u00e5r du upp en meny d\u00e4r du kan v\u00e4lja mellan Logga in eller Bli Kund. <\/p>\n\n\n\n<p>Om du inte har n\u00e5got konto v\u00e4ljer du det sistn\u00e4mnda. D\u00e4refter g\u00e4ller det att ha ditt mobila BankID n\u00e4ra till hands. Ange d\u00e4refter till personnummer eller scanna QR-koden f\u00f6r att logga in p\u00e5 sidan. Skulle du inte ha n\u00e5got BankID rekommenderar vi dig att kontakta din bank eller v\u00e4lja att spela offline fr\u00e5n n\u00e4rmaste spelombud. <\/p>\n\n\n\n<p><strong>2. V\u00e4lj Fulltr\u00e4ff <\/strong>&#8211; N\u00e4r du loggat in p\u00e5 Svenska Spels hemsida, v\u00e4ljer du att klicka p\u00e5 menyn och d\u00e4refter Spel &gt;&gt; Fulltr\u00e4ff. Om du klickar p\u00e5 Fulltr\u00e4ff f\u00e5r du upp aktuell omg\u00e5ng med de aktuella 13 matcher. <\/p>\n\n\n\n<p><strong>3. Kryssa in din kupong<\/strong> &#8211; Vid varje match finner du \u00e5tta rutor 0-7+. Det \u00e4r dessa du ska kryssa i f\u00f6r att b\u00f6rja tippa. Om du tror det blir 2 m\u00e5l i matchen, v\u00e4ljer du att kryssa i ruta nummer 2. Tror du p\u00e5 en m\u00e5ll\u00f6s match \u00e4r det ruta 0 som kryssas i. \u00c4r du os\u00e4ker p\u00e5 hur m\u00e5nga m\u00e5l det kommer att bli \u00e4r v\u00e5r rekommendation att v\u00e4lja tv\u00e5 eller fler kryss. <\/p>\n\n\n\n<p><strong>3. Kolla in statistik och information<\/strong> &#8211; I samband med att du kryssar i antal m\u00e5l per match. Kan du f\u00e5 upp lite mer info som statistik, spelanalys och de senaste nyheterna fr\u00e5n TT. Det som kan vara extra intressant att kolla p\u00e5 \u00e4r hur svenska folket har satt sina kryss p\u00e5 matchen. Kanske ger det en liten indikation p\u00e5 om det blir en m\u00e5lrik eller m\u00e5lfattig tillst\u00e4llning? <\/p>\n\n\n\n<p><strong>4. L\u00e4mna in din kupong<\/strong> &#8211; N\u00e4r du kryssat i antalet m\u00e5l f\u00f6r samtliga 13 matcher \u00e4r det dags att l\u00e4mna in din kupong. Ju fler rutor du kryssar i ju st\u00f6rre blir ditt system, vilket ocks\u00e5 g\u00f6r att kostnaden blir h\u00f6gre. Skulle du v\u00e4lja tv\u00e5 alternativ per match kostar systemet 8 192 kronor. N\u00e4r du \u00e4r klar klickar du p\u00e5 summan och d\u00e4refter betala &#8211; Sen f\u00e5r du upp kupongen bland &#8221;Mina Spel&#8221;. <\/p>\n\n\n\n<h2 class=\"wp-block-heading\" id=\"att-tanka-pa-nar-man-spelar-pa-fulltraff\">Att t\u00e4nka p\u00e5 n\u00e4r man spelar p\u00e5 Fulltr\u00e4ff<\/h2>\n\n\n\n<p>Det finns lite saker att t\u00e4nka p\u00e5 innan spel p\u00e5 Fulltr\u00e4ff. Helt enkelt \u00e4r det inte att spel och vill man vara f\u00f6rberedd \u00e4r v\u00e5r rekommendation att ta en titt p\u00e5 alla funktioner som finns att tillg\u00e5. L\u00e5t oss ta en titt p\u00e5 n\u00e5gra viktiga saker g\u00e4llande Fulltr\u00e4ff: <\/p>\n\n\n\n<p><strong>Kolla in spelguide<\/strong><\/p>\n\n\n\n<p>Os\u00e4ker p\u00e5 hur spelet g\u00e5r till och hur pengarna f\u00f6rdelas i Fulltr\u00e4ff? D\u00e5 b\u00f6r du kolla spelguiden som du hittar inne p\u00e5 spelsidan f\u00f6r Fulltr\u00e4ff. L\u00e4gst ner p\u00e5 spelguiden finns en l\u00e4nk till fullst\u00e4ndiga spelregler om du fortsatt inte riktigt k\u00e4nner dig s\u00e4ker p\u00e5 hur det fungerar. <\/p>\n\n\n\n<p><strong>Hur vill du spela?<\/strong><\/p>\n\n\n\n<p>Det finns olika typer av spel p\u00e5 Fulltr\u00e4ff. <\/p>\n\n\n\n<p><strong>Standard: <\/strong>Den vanliga raden d\u00e4r du sj\u00e4lv kryssar i antal m\u00e5l per match. <\/p>\n\n\n\n<p><strong>Pix! F\u00e4rdiga spel:<\/strong> F\u00e4rdiga kuponger som Svenska Spel gjort slumpm\u00e4ssigt. Finns system av olika storlekar fr\u00e5n 52 upp till 512 kronor. <\/p>\n\n\n\n<p><strong>Andelsspel:<\/strong> Om du vill \u00f6ka dina vinstchanser \u00e4r k\u00f6p av ett andelsspel att rekommendera. Visserligen f\u00e5r du dela vinsten med andra personer men samtidigt f\u00e5r du ocks\u00e5 ett klart st\u00f6rre system, vilket inneb\u00e4r \u00f6kad vinstchans. S\u00f6k mellan 10 upp till 1 000 kr + i andelspris. Antalet andelar kan variera ganska mycket fr\u00e5n 10-20 stycken upp till 50 eller till och med h\u00f6gre \u00e4n s\u00e5. <\/p>\n\n\n\n<p><strong>Externa Spelsystem: <\/strong>Sitter du med spelsystem p\u00e5 din dator? D\u00e5 kan du ladda upp din datorfil som kan \u00f6verf\u00f6ras till Svenska Spels sida. N\u00e4r du f\u00f6rt \u00f6ver filen och den blivit godk\u00e4nd \u00e4r det bara att klicka betala l\u00e4gst till h\u00f6ger. <\/p>\n\n\n\n<h2 class=\"wp-block-heading\" id=\"nar-ar-det-spelstopp-pa-fulltraff\"><strong>N\u00e4r \u00e4r det Spelstopp p\u00e5 Fulltr\u00e4ff?<\/strong><\/h2>\n\n\n\n<p>Spelstopp p\u00e5 Fulltr\u00e4ff brukar i regel vara l\u00f6rdagar klockan 16:00, vilket \u00e4r samma som f\u00f6r Stryktipset. Att v\u00e4nta in i det sista med att l\u00e4mna in sin kupong \u00e4r inte helt fel men d\u00e5 g\u00e4ller det att ha tungan r\u00e4tt i mun och veta hur man ska spela. Skulle tiden passera 16:00 f\u00e5r du v\u00e4nta en hel vecka till n\u00e4sta g\u00e5ng. <\/p>\n\n\n\n<h2 class=\"wp-block-heading\" id=\"hur-annullerar-man-ett-spel-pa-fulltraff\">Hur annullerar man ett spel p\u00e5 Fulltr\u00e4ff?<\/h2>\n\n\n\n<p>Huvudbry? Har du \u00e5ngrat dig g\u00e4llande din tipsrad eller bara g\u00f6ra om den fr\u00e5n scratch? Nemas Problemas! Hos Svenska Spel har du m\u00f6jlighet att annullera ditt spel p\u00e5 Fulltr\u00e4ff fram till en minut innan spelstopp. <\/p>\n\n\n\n<p>Det enda du beh\u00f6ver g\u00f6ra f\u00f6r att annullera ditt spel \u00e4r att trycka p\u00e5 \u201cMina Spel\u201d och d\u00e4refter p\u00e5 aktuell omg\u00e5ng. <\/p>\n\n\n\n<p>V\u00e4lj sedan att klicka p\u00e5 knappen annullering som du hittar l\u00e4ngst ner p\u00e5 kupongen.&nbsp;OBS! Tips som inl\u00e4mnats via mobiltelefon kan ej annulleras via mobiltelefon utan m\u00e5ste annulleras p\u00e5 spela.svenskaspel.se under \u201dMina Spel\u201d. F\u00f6r annullerat speltips \u00e5terbetalas erlagd insats.<\/p>\n\n\n\n<h2 class=\"wp-block-heading\" id=\"vinstplan-fulltraff\">Vinstplan Fulltr\u00e4ff<\/h2>\n\n\n\n<h3 class=\"wp-block-heading\" id=\"vinstplan\">Vinstplan<\/h3>\n\n\n\n<p>Den totala \u00e5terbetalningen p\u00e5 Fulltr\u00e4ff \u00e4r 75%. S\u00e5 h\u00e4r f\u00f6rdelas vinsterna i spelet: &nbsp;<\/p>\n\n\n\n<figure class=\"wp-block-table\"><table><tbody><tr><td><strong>Antal r\u00e4tt&nbsp;<\/strong><\/td><td><strong>Vinstf\u00f6rdelning<\/strong><\/td><\/tr><tr><td>13 r\u00e4tt<\/td><td>30 %<\/td><\/tr><tr><td>Flest r\u00e4tt <\/td><td>30 %<\/td><\/tr><tr><td>N\u00e4st flest r\u00e4tt <\/td><td>18 %<\/td><\/tr><tr><td>Tredje flest r\u00e4tt<\/td><td>22 %<\/td><\/tr><\/tbody><\/table><\/figure>\n\n\n\n<p>Den f\u00f6rsta vinstgruppen f\u00f6r 13 r\u00e4tt \u00e4r fast. Resterande \u00e4r flytande och baseras p\u00e5 de med flest antal r\u00e4tt i spelet. Detta inneb\u00e4r att det under vissa omg\u00e5ngar kan vara utdelning p\u00e5 10 r\u00e4tt, samt 9 och 8 medan det vid andra tillf\u00e4llen kan ge utdelning vid 7 r\u00e4tt, samt 6 och 5. <\/p>\n\n\n\n<p>Allt beror p\u00e5 om n\u00e5gon lyckats pricka in ett h\u00f6gre antal matcher eller inte. Det kan faktiskt vara s\u00e5 att ett flertal av matcherna slutar med m\u00e5nga m\u00e5l vilket inneb\u00e4r att ingen sitter med mer \u00e4n 5-6 r\u00e4tt. Ja d\u00e5 kan du f\u00e5 utdelning \u00e4ven s\u00e5 l\u00e5gt som vid 5 r\u00e4tt. <\/p>\n\n\n\n<h2 class=\"wp-block-heading\" id=\"vad-hander-med-spel-som-blir-uppskjutna-i-fulltraff\">Vad h\u00e4nder med spel som blir uppskjutna i Fulltr\u00e4ff?<\/h2>\n\n\n\n<p>D\u00e5 och d\u00e5 h\u00e4nder det att matcher i Fulltr\u00e4ff skjuts upp p\u00e5 grund av olika anledningar som exempelvis vattensjuk plan eller d\u00e5ligt v\u00e4der. Om matcher blir uppskjuta kommer de lottas. Underlaget vid lottning f\u00f6r Fulltr\u00e4ff best\u00e4ms efter den tendens f\u00f6r m\u00e5l 0-7+ som Svenska Spel finner f\u00f6religga med dess odds f\u00f6r respektive match. Ju h\u00f6gre odds det \u00e4r p\u00e5 ett alternativ ju l\u00e4gre sannolikhet \u00e4r det att det alternativet lottas fram. Oftast ligger d\u00e4r flest bollar f\u00f6r 2 eller 3 m\u00e5l. <\/p>\n\n\n\n<p>Skulle det n\u00e5gon g\u00e5ng ske att 7 matcher eller fler beh\u00f6ver lottas utg\u00e5r tipsomg\u00e5ngen och insatser \u00e5terbetalas. <\/p>\n\n\n\n<h2 class=\"wp-block-heading\" id=\"hur-vinner-du-stort-pa-fulltraff\">Hur vinner du stort p\u00e5 Fulltr\u00e4ff?<\/h2>\n\n\n\n<p>Att ta hem storvinsten p\u00e5 Fulltr\u00e4ff \u00e4r inte s\u00e4rskilt enkelt men det som helt klart lockar m\u00e5nga till spel \u00e4r den enorma prispotten i f\u00f6rsta vinstgruppen. Skulle en ensam vinnare pricka in r\u00e4tt antal m\u00e5l i samtliga 13 matcher ger det minst 50 miljoner kronor. Om detta kommer ske i framtiden \u00e5terst\u00e5r att se. Fr\u00e5n oktober 2022 fram tills nu har \u00e4nnu ingen ensam spelare lyckats pricka in 13 r\u00e4tt p\u00e5 Fulltr\u00e4ff. <\/p>\n\n\n\n<p>Tittar man tillbaka p\u00e5 tidigare omg\u00e5ngar i b\u00f6rjan av 2023 har det varit knepigt v\u00e4rre att gissa r\u00e4tt antal m\u00e5l i Fulltr\u00e4ff och hittills har det som mest blivit 11 r\u00e4tt. (Fram till och med mitten av februari). <\/p>\n\n\n\n<h2 class=\"wp-block-heading\" id=\"bomben-xperten\">Spela Fulltr\u00e4ff p\u00e5 egen risk<\/h2>\n\n\n\n<p>Innan du s\u00e4tter dig ner f\u00f6r att b\u00f6rja kryssa i din Fulltr\u00e4ff-rad b\u00f6r du alltid ha satt en viss summa du ska spela f\u00f6r. Spela aldrig f\u00f6r mer pengar \u00e4n vad du har. Gl\u00f6m inte heller bort att det inte finns n\u00e5gra s\u00e4kra spel och att det \u00e4r viktigt att vara medveten om att spel sker p\u00e5 egen risk. <\/p>\n\n\n\n<p>Skulle du m\u00e4rka att du inte kan kontrollera ditt spelande och det b\u00f6rjar g\u00e5 ut \u00f6ver ditt vardagliga liv kan vi p\u00e5 Betting.com tipsa om Spelpaus.se d\u00e4r du kan st\u00e4nga av dig fr\u00e5n allt spelande i en viss period. G\u00f6r g\u00e4rna sj\u00e4lvtestet inne p\u00e5 Svenska Spels Spelkoll om du misst\u00e4nker att du har problem med ditt spelande.<\/p>\n\n\n\n<h2 class=\"wp-block-heading\" id=\"fulltraff-tips\">Fulltr\u00e4ff tips<\/h2>\n\n\n\n<p>Just nu erbjuds inga Fulltr\u00e4ff tips inne p\u00e5 Betting.com. Men v\u00e5r f\u00f6rhoppning \u00e4r att lite l\u00e4ngre fram kunna erbjuda analyser och kuponger varje vecka. Kanske kommer det till och med bli som s\u00e5 att vi l\u00e4gger upp speltips som du kan k\u00f6pa andelar till. Vi sk\u00f6ter all research baserat p\u00e5 lagens form och statistik och s\u00e4tter upp en eller flera kuponger. Sen \u00e4r det upp till dig om du vill vara med och spela eller ej. <\/p>\n\n\n\n<p>Om du vill spela sj\u00e4lv och t\u00e4nkt l\u00e4gga upp lite Fulltr\u00e4ff tips kan du t\u00e4nka p\u00e5 f\u00f6ljande: <\/p>\n\n\n\n<ul>\n<li><strong>Analysera matcherna<\/strong> &#8211; F\u00f6rs\u00f6k kolla tillbaka i historiken om lagen som spelar gjort m\u00e5nga m\u00e5l tidigare p\u00e5 s\u00e4songen. I Fulltr\u00e4ff \u00e4r det extra viktigt att ha koll p\u00e5 statistik. Somliga lag \u00e4r klart mer m\u00e5lsn\u00e5la \u00e4n andra. <\/li>\n\n\n\n<li><strong>V\u00e5ga spika<\/strong> &#8211; Var inte r\u00e4dd att spika matcher i Fulltr\u00e4ff. Om du inte spikar en och annan match riskerar du att f\u00e5 ett ganska kostsamt system. V\u00e5r rekommendation \u00e4r att f\u00f6rs\u00f6ka spika de matcher som du tror kommer bli m\u00e5lfattiga. <\/li>\n\n\n\n<li><strong>Variera dig <\/strong>&#8211; Prova b\u00e5de egna spel och andelsspel. V\u00e4ljer du att andelsspel har du m\u00f6jlighet att vara med p\u00e5 ett st\u00f6rre system till en mindre peng. Vinstsumman blir inte lika stor om du vinner men samtidigt \u00f6kar chanserna betydligt med andelsspel. <\/li>\n\n\n\n<li><strong>J\u00e4mf\u00f6r odds <\/strong>&#8211; Att j\u00e4mf\u00f6ra odds \u00e4r i princip a och o n\u00e4r det kommer till allt inom betting. Vid spel p\u00e5 Fulltr\u00e4ff kan det vara extra intressant att kolla till oddsen och kanske hitta bra spelv\u00e4rde p\u00e5 n\u00e5got alternativ. <\/li>\n\n\n\n<li><strong>Undvik slumpvalda system<\/strong> &#8211; Svenska Spel erbjuder spelare Pix! vilket \u00e4r att slumpen avg\u00f6r hur systemet kommer se ut. Detta \u00e4r n\u00e5got f\u00f6r latmaskar och baseras inte p\u00e5 n\u00e5gon som helst statistik. V\u00e4ljer du detta kan du i princip lika g\u00e4rna spela p\u00e5 lotto. <\/li>\n<\/ul>\n\n\n\n<h2 class=\"wp-block-heading\" id=\"varfor-skall-man-spela-pa-fulltraff\">Varf\u00f6r skall man spela p\u00e5 Fulltr\u00e4ff?&nbsp;<\/h2>\n\n\n\n<p>Vi ska inte sticka under stol med att Svenska Spels nya poolspel Fulltr\u00e4ff \u00e4r ganska sv\u00e5rt. Att s\u00e4tta 13 matcher med r\u00e4tt antal m\u00e5l \u00e4r givetvis inte l\u00e4tt. Vinstpotten p\u00e5 50 miljoner + l\u00e4r knappast falla ut speciellt m\u00e5nga g\u00e5nger p\u00e5 ett \u00e5r. Kanske blir det till och med s\u00e5 att det inte kommer vara en enda med 13 r\u00e4tt under hela \u00e5ret. <\/p>\n\n\n\n<p>Det som lockar m\u00e5nga till Fulltr\u00e4ff \u00e4r just den enorma vinstpotten i den h\u00f6gsta vinstgruppen. \u00c4ven om chanserna att vinna den \u00e4r sm\u00e5 \u00e4r det \u00e4nd\u00e5 det lilla strimma hoppet som g\u00f6r att man d\u00e5 och d\u00e5 vill prova Fulltr\u00e4ff som \u00e4r ett ganska roligt spel. <\/p>\n\n\n\n<p>Med 75 i \u00e5terbetalningsprocent ligger Fulltr\u00e4ff klart h\u00f6gre \u00e4n exempelvis popul\u00e4ra Stryktipset som bara har 65. <\/p>\n\n\n\n<p>Gillar du utmaningar och lockas av stora rej\u00e4la jackpottar \u00e4r Fulltr\u00e4ff helt klart v\u00e4rt ett f\u00f6rs\u00f6k. Sen \u00e4r fr\u00e5gan om du ska spela sj\u00e4lv med ett eget litet system eller g\u00e5 med andra och spela med en andel? Ja det \u00e4r naturligtvis helt upp till dig sj\u00e4lv! <\/p>\n\n\n\n<h2 class=\"wp-block-heading\" id=\"andra-poolspel-hos-svenska-spel\">Andra poolspel hos Svenska Spel<\/h2>\n\n\n\n<p>Svenska Spel bjuder p\u00e5 en stor m\u00e4ngd alternativ n\u00e4r det kommer till poolspel. F\u00f6rutom Topptipset kan du kolla in f\u00f6ljande spel:<\/p>\n\n\n\n<ul>\n<li><a href=\"https:\/\/betting.com\/sv\/svenska-spel\/stryktipset\" target=\"_blank\" rel=\"noreferrer noopener\">Stryktipset<\/a><\/li>\n\n\n\n<li><a rel=\"noreferrer noopener\" href=\"https:\/\/betting.com\/sv\/svenska-spel\/europatipset\" target=\"_blank\">Europatipset<\/a><\/li>\n\n\n\n<li><a href=\"https:\/\/betting.com\/sv\/svenska-spel\/maltipset\" target=\"_blank\" rel=\"noreferrer noopener\">M\u00e5ltipset<\/a><\/li>\n\n\n\n<li><a rel=\"noreferrer noopener\" href=\"https:\/\/betting.com\/sv\/svenska-spel\/bomben\" target=\"_blank\">Bomben<\/a><\/li>\n<\/ul>\n\n\n\n<p>Om du \u00e4r ute efter spelf\u00f6rslag kan du alltid kolla in v\u00e5ra tips inf\u00f6r helgen f\u00f6r <a rel=\"noreferrer noopener\" href=\"https:\/\/betting.com\/sv\/svenska-spel\/stryktipset\/tips-resultat\" target=\"_blank\">Stryktipset<\/a> och <a rel=\"noreferrer noopener\" href=\"https:\/\/betting.com\/sv\/svenska-spel\/europatipset\/tips-resultat\" data-type=\"link\" data-id=\"https:\/\/betting.com\/sv\/svenska-spel\/europatipset\/tips-resultat\" target=\"_blank\">Europatipset<\/a>. H\u00e4r kan du \u00e4ven l\u00e4sa om v\u00e5ra historiska resultat och r\u00e4tta din kupong.<\/p>\n","protected":false},"excerpt":{"rendered":"<p>Fulltr\u00e4ff fr\u00e5n Svenska Spel Fulltr\u00e4ff \u00e4r ett nytt, h\u00e4ftigt h\u00f6gvinstspel fr\u00e5n Svenska Spel Sport &amp; Casino. Premi\u00e4romg\u00e5ngen spelades den 1 oktober 2022. Spelet som \u00e4r ett poolspel d\u00e4r man skall f\u00f6rs\u00f6ka pricka in r\u00e4tt antal m\u00e5l i 13 olika matcher har minst 50 miljoner i prispotten varje omg\u00e5ng. Med andra ord finns det mycket pengar&#8230;<\/p>\n","protected":false},"author":6,"featured_media":9247,"parent":10259,"menu_order":1000,"comment_status":"closed","ping_status":"closed","template":"","meta":{"footnotes":""},"tags":[412],"acf":[],"_links":{"self":[{"href":"https:\/\/betting.com\/sv\/wp-json\/wp\/v2\/pages\/9230"}],"collection":[{"href":"https:\/\/betting.com\/sv\/wp-json\/wp\/v2\/pages"}],"about":[{"href":"https:\/\/betting.com\/sv\/wp-json\/wp\/v2\/types\/page"}],"author":[{"embeddable":true,"href":"https:\/\/betting.com\/sv\/wp-json\/wp\/v2\/users\/6"}],"replies":[{"embeddable":true,"href":"https:\/\/betting.com\/sv\/wp-json\/wp\/v2\/comments?post=9230"}],"version-history":[{"count":14,"href":"https:\/\/betting.com\/sv\/wp-json\/wp\/v2\/pages\/9230\/revisions"}],"predecessor-version":[{"id":72914,"href":"https:\/\/betting.com\/sv\/wp-json\/wp\/v2\/pages\/9230\/revisions\/72914"}],"up":[{"embeddable":true,"href":"https:\/\/betting.com\/sv\/wp-json\/wp\/v2\/pages\/10259"}],"wp:featuredmedia":[{"embeddable":true,"href":"https:\/\/betting.com\/sv\/wp-json\/wp\/v2\/media\/9247"}],"wp:attachment":[{"href":"https:\/\/betting.com\/sv\/wp-json\/wp\/v2\/media?parent=9230"}],"wp:term":[{"taxonomy":"post_tag","embeddable":true,"href":"https:\/\/betting.com\/sv\/wp-json\/wp\/v2\/tags?post=9230"}],"curies":[{"name":"wp","href":"https:\/\/api.w.org\/{rel}","templated":true}]}}