{"id":915,"date":"2022-05-23T16:13:18","date_gmt":"2022-05-23T16:13:18","guid":{"rendered":"https:\/\/betting.com\/sv\/?page_id=915"},"modified":"2024-02-22T13:20:31","modified_gmt":"2024-02-22T11:20:31","slug":"topptipset","status":"publish","type":"page","link":"https:\/\/betting.com\/sv\/svenska-spel\/topptipset","title":{"rendered":"Topptipset"},"content":{"rendered":"\n<h2 class=\"wp-block-heading\" id=\"topptipset-fran-svenska-spel\">Topptipset fr\u00e5n Svenska Spel<\/h2>\n\n\n\n<p>Tycker du Stryktipset och Europatipset beh\u00f6ver lite variation ibland? D\u00e5 \u00e4r kanske Svenska Spels Topptipset en spelform du b\u00f6r prova. I Topptipset g\u00e4ller det att pricka in r\u00e4tt tecken i \u00e5tta matcher ist\u00e4llet f\u00f6r tretton vilket \u00e4r fallet i Stryktipset och Europatipset.<\/p>\n\n\n\n<p>Liksom Stryktipset och Europatipset \u00e4r Topptipset ett poolspel utformat av Svenska Spel. Men den stora skillnaden \u00e4r att du bara kan vinna om du f\u00e5r alla r\u00e4tt. I Stryktipset och Europatipset kan du vinna \u00e4ven om du inte lyckas s\u00e4tta r\u00e4tt tecken i alla matcher.<\/p>\n\n\n\n<p>Det som g\u00f6r Topptipset extra intressant \u00e4r att erbjuds i princip varje dag, vilket inneb\u00e4r att spelm\u00f6jligheterna \u00e4r stora. Om du har tungan r\u00e4tt i mun och v\u00e5gar sticka ut lite med ditt tippande kan det bli ganska stor utdelning. Ju fler skr\u00e4llar ju h\u00f6gre utdelning!&nbsp;<\/p>\n\n\n\n<h2 class=\"wp-block-heading\" id=\"hur-fungerar-spel-pa-topptipset\">Hur fungerar spel p\u00e5 Topptipset?<\/h2>\n\n\n\n<p>Topptipset g\u00e5r ut p\u00e5 att s\u00e4tta r\u00e4tt tecken i \u00e5tta utvalda fotbollsmatcher. Utbudet kan variera fr\u00e5n dag till dag, men utg\u00f6r i de flesta fall de \u00e5tta f\u00f6rsta matcherna p\u00e5 Europatipset eller Stryktipset n\u00e4r dessa erbjuds. Tack vare att Topptipset \u00e4r en kortare variant av Stryktipset med potential till h\u00f6ga vinster, har spelet snabbt \u00f6kat i popularitet bland den svenska befolkningen.<\/p>\n\n\n\n<p>Du kan v\u00e4lja att bara spela enkelrader, men det mest vanliga \u00e4r att s\u00e4tta ihop ett system, vilket \u00f6kar dina vinstchanser rej\u00e4lt. Ju st\u00f6rre system du anv\u00e4nder dig av ju st\u00f6rre chans har du att kamma hem vinsten, men ett st\u00f6rre system inneb\u00e4r ocks\u00e5 en h\u00f6gre insats.<\/p>\n\n\n\n<h3 class=\"wp-block-heading\" id=\"vad-kostar-det-att-spela-pa-topptipset\">Vad kostar det att spela p\u00e5 Topptipset?<\/h3>\n\n\n\n<p>F\u00f6rdelen med Topptipset \u00e4r att du sj\u00e4lv kan styra hur mycket du v\u00e4ljer att ha i insats per rad. I Topptipset kan du v\u00e4lja mellan att satsa 1, 2, 5 eller 10 kronor per enkelrad. Ju st\u00f6rre summa du v\u00e4ljer ju st\u00f6rre blir din vinst om du prickar in alla 8 matcher.<\/p>\n\n\n\n<p>V\u00e4ljer du exempelvis 5 kronor per rad, multipliceras en eventuell vinst med 5. L\u00e5t oss s\u00e4ga att utdelningen p\u00e5 8 r\u00e4tt \u00e4r 2 500 kr, detta inneb\u00e4r att du vinner 5 x 2 500 kr = 12 500 kr.<\/p>\n\n\n\n<h3 class=\"wp-block-heading\" id=\"kan-man-spela-systemspel-pa-topptipset\">Kan man spela systemspel p\u00e5 Topptipset?<\/h3>\n\n\n\n<p>Systemspel p\u00e5 Topptipset \u00e4r m\u00f6jligt. Svenska Spel till\u00e5ter matematiska system upp till 7 halvgarderingar + 1 halvgardering. Ju st\u00f6rre system man v\u00e4ljer ju h\u00f6gre blir insatsen.&nbsp;<\/p>\n\n\n\n<h3 class=\"wp-block-heading\" id=\"nar-ar-det-spelstopp-pa-topptipset\">N\u00e4r \u00e4r det spelstopp p\u00e5 Topptipset?<\/h3>\n\n\n\n<p>Tidpunkten f\u00f6r spelstopp i Topptipset kan variera fr\u00e5n omg\u00e5ng till omg\u00e5ng, men oftast \u00e4r det klart senare p\u00e5 vardagar \u00e4n helger d\u00e5 de flesta matcherna p\u00e5 vardagar oftast b\u00f6rjar klart senare \u00e4n de som spelas p\u00e5 helgerna. \u00c4r du os\u00e4ker p\u00e5 vilken tid det \u00e4r spelstopp p\u00e5 aktuell Topptipset omg\u00e5ng, rekommenderar vi dig att bes\u00f6ka Svenska Spels hemsida.<\/p>\n\n\n\n<h3 class=\"wp-block-heading\" id=\"hur-vinner-man-pa-topptipset\">Hur vinner man p\u00e5 Topptipset?<\/h3>\n\n\n\n<p>P\u00e5 Topptipset vinner du bara om du prickar in 8 r\u00e4tt, till skillnad fr\u00e5n Europatipset och Topptipset d\u00e4r du ofta kan vinna p\u00e5 \u00e4ven 12, 11 och 10 r\u00e4tt om inte raden skulle vara alldeles f\u00f6r favoritbetonad. Utdelningen varierar fr\u00e5n g\u00e5ng till g\u00e5ng p\u00e5 Topptipset och har lite att g\u00f6ra med hur mycket skr\u00e4llar det varit. Om det \u00e4r en omg\u00e5ng d\u00e4r de mest streckade lagen vinner, blir utdelningen l\u00e5g medan den blir klart h\u00f6gre om d\u00e4r finns m\u00e5nga mindre streckade lag som vinner.&nbsp;&nbsp;<\/p>\n\n\n\n<h3 class=\"wp-block-heading\" id=\"kan-man-vinna-mycket-pa-topptipset\">Kan man vinna mycket p\u00e5 Topptipset?<\/h3>\n\n\n\n<p>D\u00e5 och d\u00e5 kan det rassla till lite extra i Topptipset men d\u00e5 g\u00e4ller det att d\u00e4r blir en hel del skr\u00e4llar. Om skall spela p\u00e5 Topptipset och \u00e4r ute efter lite h\u00f6gre vinst \u00e4r det meningsl\u00f6st att bara spela p\u00e5 favoriterna, vilket den st\u00f6rre massan ocks\u00e5 kommer g\u00f6ra. Om alla favoriter vinner \u00e4r risken stor att du inte ens vinner tillbaka det du satsat.<\/p>\n\n\n\n<p>S\u00e5 hur vinner man d\u00e5 lite st\u00f6rre summor? Jo genom att g\u00e5 emot str\u00f6mmen och hitta den perfekta raden som blir en rej\u00e4l rensare. F\u00f6r att f\u00e5 en stor utbetalning g\u00e4ller det att helgardera ett par till synes s\u00e4kra matcher som exempelvis Bayern M\u00fcnchen mot ett bottenlag i 1.Bundesliga, eller Manchester City mot Fulham.<\/p>\n\n\n\n<p>F\u00f6r att f\u00e5 en tydligare bild av vilka lag som \u00e4r favoriter kan du se hur strecken sitter p\u00e5 varje match inne p\u00e5 Svenska Spels sida. Under varje match kan du \u00e4ven se oddsen f\u00f6r 1X2 och ju l\u00e4gre oddset \u00e4r p\u00e5 ett tecken, ju st\u00f6rre favorit \u00e4r laget.<\/p>\n\n\n\n<h3 class=\"wp-block-heading\" id=\"kan-jag-folja-topptipset-live\">Kan jag f\u00f6lja Topptipset live?<\/h3>\n\n\n\n<p>Det g\u00e5r dessv\u00e4rre inte att spela live p\u00e5 Topptipset hos Svenska Spel Sport och Casino, men f\u00f6r dig som vill f\u00f6lja utvecklingen g\u00e5r detta utm\u00e4rkt inne p\u00e5 Svenska Spels hemsida.<\/p>\n\n\n\n<p>H\u00e4r kan du se vad 8 r\u00e4tt ger just nu och hur m\u00e5nga kuponger som har alla r\u00e4tt. Om du vill spela live rekommenderar vi att kolla in v\u00e5r liveodds-sektion d\u00e4r du hittar de senaste liveoddsen i fotboll.<\/p>\n\n\n\n<h3 class=\"wp-block-heading\" id=\"hur-rattar-jag-topptipset\">Hur r\u00e4ttar jag Topptipset?<\/h3>\n\n\n\n<p>Om du har tillg\u00e5ng till internet, kan du snabbt och enkelt surfa in p\u00e5 Svenska Spels hemsida och kolla hur det g\u00e5tt f\u00f6r dig. Denna tj\u00e4nst finns tillg\u00e4nglig redan n\u00e4r f\u00f6rsta matchen \u00e4r ig\u00e5ng och p\u00e5 s\u00e5 vis kan du f\u00f6lja resultat live, vilket ger spelandet extra sp\u00e4nning.<\/p>\n\n\n\n<h3 class=\"wp-block-heading\" id=\"vad-ar-xperten\">Vad \u00e4r Xperten?<\/h3>\n\n\n\n<p>F\u00f6r dig som vill spela p\u00e5 Topptipset men inte kan best\u00e4mma dig f\u00f6r hur du skall s\u00e4tta raden, erbjuder Svenska Spel en tj\u00e4nst som heter Xperten. Denna tj\u00e4nst ger spelaren f\u00e4rdiga kunponger med olika insatser.<\/p>\n\n\n\n<p>Om du klickar p\u00e5 Xperten-ikonen p\u00e5 kupongen f\u00e5r du upp ett val p\u00e5 olika insatser 2-108 kronor. En enkel tj\u00e4nst som kan vara v\u00e4rd att prova om id\u00e9erna inte finns d\u00e4r, men i det l\u00e5nga loppet rekommenderar vi att s\u00e4tta upp egna system.<\/p>\n\n\n\n<h2 class=\"wp-block-heading\" id=\"vara-tips-nar-du-spelar-pa-topptipset\">V\u00e5ra tips n\u00e4r du spelar p\u00e5 Topptipset<\/h2>\n\n\n\n<p>Det finns en hel del att t\u00e4nka p\u00e5 innan du b\u00f6rjar spela p\u00e5 Svenska Spels Topptipset. Grundregeln vilket g\u00e4ller alla former av spel med pengar, \u00e4r att du aldrig skall spela f\u00f6r mer pengar \u00e4n vad du har r\u00e5d med. L\u00e5na aldrig pengar f\u00f6r att spela och var noga med att s\u00e4tta gr\u00e4nser f\u00f6r vad du t\u00e4nker spela p\u00e5 per m\u00e5nad.<\/p>\n\n\n\n<p>N\u00e4r det kommer till Topptipset handlar det om att pricka in r\u00e4tt tecken i \u00e5tta matcher, n\u00e5got som \u00e4r l\u00e4ttare sagt \u00e4n gjort. Men som vi var inne p\u00e5 tidigare, s\u00e5 g\u00e4ller det att t\u00e4nka lite utanf\u00f6r boxen och g\u00e5 mot str\u00f6mmen. F\u00f6r favoritbetonade Topptips ger s\u00e4llan n\u00e5gon st\u00f6rre avkastning.<\/p>\n\n\n\n<p>Vi p\u00e5 Betting.com rekommenderar dig att g\u00f6ra en egen research. En hel del statistik kan du ta del av under fliken Spelverktyg. Med statistik kan man komma l\u00e5ngt inom betting, bara man anv\u00e4nder den p\u00e5 r\u00e4tt s\u00e4tt.<\/p>\n\n\n\n<h2 class=\"wp-block-heading\" id=\"topptipsets-historia\">Topptipsets Historia<\/h2>\n\n\n\n<p>Topptipset s\u00e5g dagens ljus f\u00f6r f\u00f6rsta g\u00e5ngen i oktober 2007. \u00c4ven denna g\u00e5ng blev det succ\u00e9 f\u00f6r ett 1X2-spel lanserat av <a href=\"\/sv\/bettingsidor\/svenska-spel\" target=\"_blank\" rel=\"noreferrer noopener\">Svenska Spel<\/a>. Men det har inte g\u00e5tt helt sm\u00e4rtfritt. Tanken med Topptipset var bland annat att m\u00f6ta upp den \u00f6kande konkurrensen fr\u00e5n privata akt\u00f6rer som Unibet, som b\u00f6rjade roffa \u00e5t sig marknadsandelar med sina kombinationsspel.<\/p>\n\n\n\n<p>Till en b\u00f6rjan var oms\u00e4ttningen p\u00e5 Topptipset spelen ganska l\u00e5g, vilket innebar att utdelningarna blev ganska blygsamma. De flesta spelarna valde att forts\u00e4tta spela p\u00e5 Stryktipset och Europatipset, men sakta men sakta men s\u00e4kert b\u00f6rjade fler och fler spelare locka sig till Topptipset och idag oms\u00e4tter spelet ett par miljoner per omg\u00e5ng, vilket blir ganska mycket med tanke p\u00e5 att det erbjuds ett flertal Topptips varje vecka, n\u00e4r det \u00e4r s\u00e4song.<\/p>\n\n\n\n<h2 class=\"wp-block-heading\" id=\"spela-pa-topptipset\">Spela p\u00e5 Topptipset<\/h2>\n\n\n\n<p>Att komma ig\u00e5ng med spel p\u00e5 Topptipset \u00e4r enkelt och g\u00e5r p\u00e5 nolltid. Om du inte har ett konto hos Svenska Spel beh\u00f6ver du enbart ett Bank-ID f\u00f6r att verifiera dig och komma ig\u00e5ng direkt. Ins\u00e4ttningar g\u00f6rs genom Swish, kort eller bank\u00f6verf\u00f6ring.<\/p>\n\n\n\n<p>Dags att testa p\u00e5 Topptipset? D\u00e5 kan du enkelt trycka p\u00e5 knappen h\u00e4r nedan:<\/p>\n\n\n\n<p><\/p>\n\n\n\n<div class=\"wp-block-buttons is-content-justification-center is-layout-flex wp-container-core-buttons-is-layout-1 wp-block-buttons-is-layout-flex\">\n<div class=\"wp-block-button has-custom-width wp-block-button__width-50 is-style-coach-green\"><a class=\"wp-block-button__link wp-element-button\" href=\"https:\/\/go.betting.com\/go\/svenska-spel-sport-casino_topptipset\" target=\"_blank\" rel=\"noreferrer noopener\">Topptipset hos Svenska Spel<\/a><\/div>\n<\/div>\n\n\n\n<h2 class=\"wp-block-heading\" id=\"andra-poolspel-hos-svenska-spel\">Andra poolspel hos Svenska Spel<\/h2>\n\n\n\n<p>Svenska Spel bjuder p\u00e5 en stor m\u00e4ngd alternativ n\u00e4r det kommer till poolspel. F\u00f6rutom Topptipset kan du kolla in f\u00f6ljande spel:<\/p>\n\n\n\n<ul>\n<li><a href=\"https:\/\/betting.com\/sv\/svenska-spel\/stryktipset\" target=\"_blank\" rel=\"noreferrer noopener\">Stryktipset<\/a><\/li>\n\n\n\n<li><a rel=\"noreferrer noopener\" href=\"https:\/\/betting.com\/sv\/svenska-spel\/europatipset\" target=\"_blank\">Europatipset<\/a><\/li>\n\n\n\n<li><a href=\"https:\/\/betting.com\/sv\/svenska-spel\/maltipset\" target=\"_blank\" rel=\"noreferrer noopener\">M\u00e5ltipset<\/a><\/li>\n\n\n\n<li><a href=\"https:\/\/betting.com\/sv\/svenska-spel\/bomben\" target=\"_blank\" rel=\"noreferrer noopener\">Bomben<\/a><\/li>\n\n\n\n<li><a href=\"https:\/\/betting.com\/sv\/svenska-spel\/fulltraff\" target=\"_blank\" rel=\"noreferrer noopener\">Fulltr\u00e4ff<\/a><\/li>\n<\/ul>\n\n\n\n<p>Om du \u00e4r ute efter spelf\u00f6rslag kan du alltid kolla in v\u00e5ra tips inf\u00f6r helgen f\u00f6r <a rel=\"noreferrer noopener\" href=\"https:\/\/betting.com\/sv\/svenska-spel\/stryktipset\/tips-resultat\" target=\"_blank\">Stryktipset<\/a> och <a rel=\"noreferrer noopener\" href=\"https:\/\/betting.com\/sv\/svenska-spel\/europatipset\/tips-resultat\" data-type=\"link\" data-id=\"https:\/\/betting.com\/sv\/svenska-spel\/europatipset\/tips-resultat\" target=\"_blank\">Europatipset<\/a>. H\u00e4r kan du \u00e4ven l\u00e4sa om v\u00e5ra historiska resultat och r\u00e4tta din kupong.<\/p>\n","protected":false},"excerpt":{"rendered":"<p>Topptipset fr\u00e5n Svenska Spel Tycker du Stryktipset och Europatipset beh\u00f6ver lite variation ibland? D\u00e5 \u00e4r kanske Svenska Spels Topptipset en spelform du b\u00f6r prova. I Topptipset g\u00e4ller det att pricka in r\u00e4tt tecken i \u00e5tta matcher ist\u00e4llet f\u00f6r tretton vilket \u00e4r fallet i Stryktipset och Europatipset. Liksom Stryktipset och Europatipset \u00e4r Topptipset ett poolspel utformat&#8230;<\/p>\n","protected":false},"author":6,"featured_media":2755,"parent":10259,"menu_order":1000,"comment_status":"closed","ping_status":"closed","template":"","meta":{"footnotes":""},"tags":[412],"acf":[],"_links":{"self":[{"href":"https:\/\/betting.com\/sv\/wp-json\/wp\/v2\/pages\/915"}],"collection":[{"href":"https:\/\/betting.com\/sv\/wp-json\/wp\/v2\/pages"}],"about":[{"href":"https:\/\/betting.com\/sv\/wp-json\/wp\/v2\/types\/page"}],"author":[{"embeddable":true,"href":"https:\/\/betting.com\/sv\/wp-json\/wp\/v2\/users\/6"}],"replies":[{"embeddable":true,"href":"https:\/\/betting.com\/sv\/wp-json\/wp\/v2\/comments?post=915"}],"version-history":[{"count":15,"href":"https:\/\/betting.com\/sv\/wp-json\/wp\/v2\/pages\/915\/revisions"}],"predecessor-version":[{"id":72912,"href":"https:\/\/betting.com\/sv\/wp-json\/wp\/v2\/pages\/915\/revisions\/72912"}],"up":[{"embeddable":true,"href":"https:\/\/betting.com\/sv\/wp-json\/wp\/v2\/pages\/10259"}],"wp:featuredmedia":[{"embeddable":true,"href":"https:\/\/betting.com\/sv\/wp-json\/wp\/v2\/media\/2755"}],"wp:attachment":[{"href":"https:\/\/betting.com\/sv\/wp-json\/wp\/v2\/media?parent=915"}],"wp:term":[{"taxonomy":"post_tag","embeddable":true,"href":"https:\/\/betting.com\/sv\/wp-json\/wp\/v2\/tags?post=915"}],"curies":[{"name":"wp","href":"https:\/\/api.w.org\/{rel}","templated":true}]}}