{"id":913,"date":"2022-05-23T16:10:30","date_gmt":"2022-05-23T16:10:30","guid":{"rendered":"https:\/\/betting.com\/sv\/?page_id=913"},"modified":"2024-02-24T13:02:30","modified_gmt":"2024-02-24T11:02:30","slug":"stryktipset","status":"publish","type":"page","link":"https:\/\/betting.com\/sv\/svenska-spel\/stryktipset","title":{"rendered":"Stryktipset"},"content":{"rendered":"\n<h2 class=\"wp-block-heading\" id=\"stryktipset-fran-svenska-spel\">Stryktipset fr\u00e5n Svenska Spel<\/h2>\n\n\n\n<p>L\u00f6rdagsunderh\u00e5llningen genom \u00e5ren har varit Svenska Spels stryktips. I denna spelform f\u00e5r du fram 13 matcher d\u00e4r du ska tippa 1X2 och f\u00e5 s\u00e5 m\u00e5nga r\u00e4tt som m\u00f6jligt. Vad som \u00e4r extra kul med stryktipset \u00e4r att du kan spela f\u00f6r s\u00e5 lite som 1 krona och \u00e4nd\u00e5 ha chansen att f\u00e5 13 r\u00e4tt, \u00e4ven om det \u00e4r bra mycket sv\u00e5rare.<\/p>\n\n\n\n<p>Stryktipset fr\u00e5n <a href=\"\/sv\/bettingsidor\/svenska-spel\" data-type=\"URL\" data-id=\"\/sv\/bettingsidor\/svenska-spel\">Svenska Spel<\/a> har l\u00e4nge varit en underh\u00e5llning p\u00e5 l\u00f6rdagar och du kan spela din stryktipsrad p\u00e5 flera olika vis. Antingen kan du spela en rak kupong med 1X2 eller s\u00e5 kan du anv\u00e4nda dig av hel- och halvgarderingar f\u00f6r att \u00f6ka dina vinstchanser. Ju mer halv och helgarderingar du anv\u00e4nder desto dyrare kommer kostnaden f\u00f6r din kupong att bli.<\/p>\n\n\n\n<p>Stryktipset startar alltid kl. 16:00 p\u00e5 l\u00f6rdagar och best\u00e5r mestadels av Premier League samt n\u00e5gon match fr\u00e5n Championship d\u00e4r sista matchen brukar spelas kl 18:30 och vissa fall 21:00. P\u00e5 denna sida f\u00e5r speltips p\u00e5 Stryktipset varje vecka fr\u00e5n v\u00e5ra spelexperter.<\/p>\n\n\n<div class=\"mt-8 wp-block-top-list \" id=\"sports-book\">\n\n\t\n\t<section\n\t\tid=\"block_05cf70f11d4ea70b537d02b1c2836585\"\n\t\t\t\t\tx-data=\"block_05cf70f11d4ea70b537d02b1c2836585\"\n\t\t\t\tclass=\"@container\"\n\t>\n\t\t<div class=\"grid grid-cols-1  gap-8\" x-ref=\"container-block_05cf70f11d4ea70b537d02b1c2836585\">\n\t\t\t\t\t\t\t<a\n\t\t\thref=\"https:\/\/go.betting.com\/go\/svenska-spel\"\n\t\t\ttarget=\"_blank\"\n\t\t\trel=\"nofollow noopener\"\n\t\t\ttitle=\"Svenska Spel Recension\"\n\t\t\tclass=\"flex flex-grow flex-row items-center bg-white p-2 shadow group hover:no-underline \"\n\t\t\tdata-bt=\"tiles-betting-site-sm\"\n\t\t>\n\t\t\t<img\n\t\t\t\t\tsrcset=\"https:\/\/betting.com\/sv\/wp-content\/uploads\/sites\/2\/svenska-spel-sport-postcard_400x210-180x95.webp 180w, https:\/\/betting.com\/sv\/wp-content\/uploads\/sites\/2\/svenska-spel-sport-postcard_400x210-180x95.jpg 180w, https:\/\/betting.com\/sv\/wp-content\/uploads\/sites\/2\/svenska-spel-sport-postcard_400x210-360x189.webp 360w, https:\/\/betting.com\/sv\/wp-content\/uploads\/sites\/2\/svenska-spel-sport-postcard_400x210-360x189.jpg 360w, https:\/\/betting.com\/sv\/wp-content\/uploads\/sites\/2\/svenska-spel-sport-postcard_400x210.webp 400w, https:\/\/betting.com\/sv\/wp-content\/uploads\/sites\/2\/svenska-spel-sport-postcard_400x210.jpg 400w\"\n\t\t\t\tsizes=\"120px\"\n\t\tsrc=\"https:\/\/betting.com\/sv\/wp-content\/uploads\/sites\/2\/svenska-spel-sport-postcard_400x210.jpg\"\n\t\talt=\"Svenska Spel\"\n\t\t\t\t\twidth=\"120\"\n\t\t\t\t\t\t\theight=\"62\"\n\t\t\t\tclass=\"object-cover object-center bg-cover bg-center flex-shrink-0 w-[120px] lg:w-[100px] aspect-casino\"\n\t\tstyle=\" \"\n\t\tloading=\"lazy\"\n\t\t\t>\n\t\t\t<div class=\"flex flex-col px-3\">\n\t\t\t\t<div\n\t\t\t\t\tclass=\"text-sm font-semibold !leading-4 text-black duration-300 group-hover:text-red-100 lg:text-base\"\n\t\t\t\t\tdata-bt=\"tiles-betting-site-sm-title\"\n\t\t\t\t>\n\t\t\t\t\tSvenska Spel\n\t\t\t\t<\/div>\n\t\t\t\t<div class=\"mt-1 flex flex-row items-center gap-1\">\n\t\t\t\t\t<div class=\"star-rating h-auto w-[60px]\"\n\t\t style=\"--bt-star-percentage: 79.3563%; \"><\/div>\n\t\t\t\t\t<div class=\"text-xxs text-gray-60\">(4\/5)<\/div>\n\t\t\t\t<\/div>\n\t\t\t<\/div>\n\t\t\t<div class=\"ml-auto\">\n\t\t\t\t<div\n\t\t\t\t\tclass=\"right-0 flex h-6 w-6 items-center justify-center border border-red-100 bg-white duration-300 group-hover:bg-red-100\">\n\t\t\t\t\t<svg class=\"w-3 h-3 text-red-100 rotate-180 duration-300\n\t\t\t\t\tgroup-hover:text-white\" xmlns=\"http:\/\/www.w3.org\/2000\/svg\" width=\"18\" height=\"16\" fill=\"currentColor\" viewBox=\"0 0 18 16\"><path d=\"M.29 7.315a.94.94 0 0 0 0 1.36l6.874 6.562a.937.937 0 0 0 1.293-1.356l-5.18-4.949h13.285c.52 0 .938-.418.938-.937a.935.935 0 0 0-.938-.938H3.277l5.184-4.945A.937.937 0 0 0 7.168.756L.293 7.32l-.004-.004Z\"\/><\/svg>\t\t\t\t<\/div>\n\t\t\t<\/div>\n\t\t<\/a>\n\t\t\t\t\t\t\t<\/div>\n\n\t\t\t<\/section>\n\t\n<\/div>\n\n\n\n<h2 class=\"wp-block-heading\" id=\"hur-fungerar-spel-pa-stryktipset\">Hur fungerar spel p\u00e5 Stryktipset?<\/h2>\n\n\n\n<p>Att spela p\u00e5 stryktipset \u00e4r mycket enkelt och kr\u00e4ver inga st\u00f6rre bettingkunskaper. P\u00e5 den aktuella stryktipskupongen inne p\u00e5 Svenska Spels hemsida hittar du 13 fotbollsmatcher som valts ut inf\u00f6r varje vecka.<\/p>\n\n\n\n<p>Matcherna brukar fr\u00e4mst vara fr\u00e5n engelska och svenska ligor, men d\u00e5 och d\u00e5 finns d\u00e4r \u00e4ven matcher fr\u00e5n andra ligor och ibland \u00e4ven landskamper. Du spelar genom att markera 1 f\u00f6r hemmavinst, X f\u00f6r oavgjort och 2 f\u00f6r bortavinst. Om du vill ha en st\u00e5ende rad g\u00e5r det bra att k\u00f6ra 5 eller 10 veckor i taget.<\/p>\n\n\n\n<h3 class=\"wp-block-heading\" id=\"vad-kostar-det-att-spela-pa-stryktipset\">Vad kostar det att spela p\u00e5 Stryktipset?<\/h3>\n\n\n\n<p>Varje rad p\u00e5 Stryktipset kostar 1 krona och desto fler halv- och helgarderingar som du v\u00e4ljer att ha p\u00e5 din spelkupong &#8211; desto dyrare blir det f\u00f6r dig som spelare.<\/p>\n\n\n\n<p>Om vi skall ta ett litet exempel. Du v\u00e4ljer att spela med tre helgarderingar, fyra halvgarderingar och sex \u201cspikar\u201d. Detta system f\u00e5r d\u00e5 kostnaden: 3x3x3x2x2x2x2x1x1x1x1x1x1= 432 kronor.<\/p>\n\n\n\n<p>Skulle du l\u00e4gga till en extra halvgardering och plocka bort en spik, skulle systemet kostat det dubbla 864 kronor. (3x3x3x2x2x2x2x2x1x1x1x1x1)<\/p>\n\n\n\n<p>System vid spel p\u00e5 Stryktipset<\/p>\n\n\n\n<p>Om du vill \u00f6ka dina vinstchanser n\u00e4r du spelar p\u00e5 Stryktipset, finns det en hel del olika system att till\u00e4mpa. H\u00e4r nedanf\u00f6r skall vi f\u00f6rklara vilka system som erbjuds n\u00e4r du spelar p\u00e5 Stryktipset:<\/p>\n\n\n\n<p><strong>M-system<\/strong><\/p>\n\n\n\n<p>Spelar du ett M-system \u2013 matematiskt system \u2013 p\u00e5 Stryktipset hos Svenska Spel, kan du v\u00e4lja system med allt fr\u00e5n 2 till 9 216 rader. I detta system spelar du flera enkelrader i ett och samma system.&nbsp;<\/p>\n\n\n\n<p>Enkeltecken, halvgarderingar eller helgarderingar \u00e4r det du kan till\u00e4mpa h\u00e4r p\u00e5 de 13 matcherna p\u00e5 kupongen. En halvgardering = tv\u00e5 tecken: 1X, 12 eller X2 och vid en helgardering tas samtliga tre tecken med.<\/p>\n\n\n\n<p>Ju mer gardering du v\u00e4ljer ju dyrare blir det. Ett enkeltecken kostar 1 krona, en halvgardering 2 kronor och en helgardering 3 kronor. Raderna multipliceras ihop n\u00e4r du tippat p\u00e5 samtliga matcher, och f\u00e5r d\u00e4refter en slutsumma.<\/p>\n\n\n\n<p>Ju fler tecken du v\u00e4ljer ju dyrare blir systemet, men vinstchanserna \u00f6kar markant. S\u00e5 det \u00e4r alltid en avv\u00e4gning hur mycket pengar du skall l\u00e4gga.<\/p>\n\n\n\n<p><strong>R-system<\/strong><\/p>\n\n\n\n<p>Vid spel p\u00e5 ett R-system \u00e4r principen i stort sett densamma som med M-systemet, men med en reducerad insats och vinstchans. Totalt finns d\u00e4r 29 stycken reducerade system till antalet och det luriga med detta system \u00e4r att antal korrekta tecken i matcherna inte per automatik inneb\u00e4r samma antal r\u00e4tt n\u00e4r systemet v\u00e4l r\u00e4ttas.&nbsp;<\/p>\n\n\n\n<p>Systemet \u00e4r idag inte speciellt popul\u00e4rt d\u00e5 m\u00e5nga anser att detta system \u00e4r lite av ett lotteri.<\/p>\n\n\n\n<p><strong>U-system<\/strong><\/p>\n\n\n\n<p>N\u00e4r du v\u00e4ljer att spela ett U-system p\u00e5 Stryktipset, \u00e4r det ett system med en utg\u00e5ngsrad. Systemet \u00e4r reducerat och som spelare har du m\u00f6jlighet att sj\u00e4lv p\u00e5verka f\u00f6rdelningen p\u00e5 tecknen f\u00f6r de matcher du v\u00e4ljer att gardera. I ett U-system kan du l\u00e4gga till matematiska garderingar f\u00f6r att \u00f6ka radantalet.&nbsp;<\/p>\n\n\n\n<p>Vid tv\u00e5 tecken, en halvgardering, p\u00e5 en rad dubblas priset och vid tre tecken, en helgardering, tripplas priset f\u00f6r ens MG-val. Med detta spels\u00e4tt \u00f6kas allts\u00e5 antalet rader och fallgroparna blir klart f\u00e4rre.<\/p>\n\n\n\n<h3 class=\"wp-block-heading\" id=\"nar-ar-spelstopp-for-stryktipset\">N\u00e4r \u00e4r spelstopp f\u00f6r Stryktipset?<\/h3>\n\n\n\n<p>Svenska Spels Stryktipset har oftast spelstopp klockan 15:59 varje l\u00f6rdag, vilket \u00e4r 1 minut f\u00f6re avspark p\u00e5 de f\u00f6rsta matcherna. V\u00e4ljer du att spela med ett andelslag och vill vara med p\u00e5 en andel, beh\u00f6ver du dock k\u00f6pa din andel senast 15 minuter innan.&nbsp;<\/p>\n\n\n\n<p>I vissa fall l\u00e4mnas andelsspel in tidigare \u00e4n s\u00e5. S\u00e5 v\u00e5rt r\u00e5d \u00e4r att du inte skall v\u00e4nta in i det sista utan vara ute i god tid.<\/p>\n\n\n\n<h3 class=\"wp-block-heading\" id=\"hur-vinner-man-pa-stryktipset\">Hur vinner man p\u00e5 Stryktipset?<\/h3>\n\n\n\n<p>F\u00f6r att vinna p\u00e5 Svenska Spels Stryktipset kr\u00e4vs minst 10 r\u00e4tt. Hur mycket man vinner varierar beroende p\u00e5 hur m\u00e5nga som spelar och hur m\u00e5nga som vinner. 13 r\u00e4tt ger h\u00f6gst vinst, d\u00e4refter 12, 11 och 10. \u00c4r det m\u00e5nga favoriter som vinner blir det s\u00e4llan n\u00e5gon utdelning p\u00e5 10 r\u00e4tt och ibland knappt n\u00e5got p\u00e5 11 r\u00e4tt heller.<\/p>\n\n\n\n<h3 class=\"wp-block-heading\" id=\"vinstplan-for-stryktipset\">Vinstplan f\u00f6r Stryktipset:<\/h3>\n\n\n\n<p>Stryktipset som \u00e4r ett poolspel, har en f\u00f6rdelning d\u00e4r 40 % av den totala oms\u00e4ttningen g\u00e5r till de spelare som prickat in 13 r\u00e4tt, 12 r\u00e4tt ligger p\u00e5 15 %, 11 p\u00e5 12 % och 10 p\u00e5 25 % av oms\u00e4ttningen.<\/p>\n\n\n\n<p>I Stryktipset f\u00f6rdelas vinsterna enligt f\u00f6ljande:<\/p>\n\n\n\n<p>13 r\u00e4tt, 40 % &#8211; 1:1 594 323<\/p>\n\n\n\n<p>12 r\u00e4tt, 15 % &#8211; 1:61 320<\/p>\n\n\n\n<p>11 r\u00e4tt, 12 % &#8211; 1:5 110<\/p>\n\n\n\n<p>10 r\u00e4tt, 25 % &#8211; 1:697<\/p>\n\n\n\n<p>\u00c5terbetalning: 65 %, varav 8 % av vinstmedlen avs\u00e4tts till Stryktipsets garantifond.<\/p>\n\n\n\n<p>Vinstchans: 1:607<\/p>\n\n\n\n<h3 class=\"wp-block-heading\" id=\"kan-jag-folja-stryktipset-live\">Kan jag f\u00f6lja Stryktipset live?<\/h3>\n\n\n\n<p>Det g\u00e5r dessv\u00e4rre inte att spela live p\u00e5 Stryktipset hos Svenska Spel Sport och Casino, men f\u00f6r dig som vill f\u00f6lja utvecklingen g\u00e5r detta utm\u00e4rkt inne p\u00e5 Svenska Spels hemsida. H\u00e4r kan du se vad 13 r\u00e4tt ger just nu och hur m\u00e5nga kuponger som har alla r\u00e4tt. <\/p>\n\n\n\n<h3 class=\"wp-block-heading\" id=\"hur-rattar-jag-stryktipset\">Hur r\u00e4ttar jag Stryktipset?<\/h3>\n\n\n\n<p>Att r\u00e4tta en kupong p\u00e5 Stryktipset \u00e4r mycket enkelt. Det enda du beh\u00f6ver g\u00f6ra \u00e4r att g\u00e5 in p\u00e5 Svenska Spels hemsida och logga in med ditt Bank-ID och v\u00e4lj Stryktipset och resultat. H\u00e4r kan du se om du vunnit eller inte. F\u00f6rr innan internet var du tvungen att sitta och r\u00e4tta kupongen sj\u00e4lv eller g\u00e5 ner till n\u00e4rmaste spelombud f\u00f6r att se om du lyckades pricka in n\u00e5gon vinst.<\/p>\n\n\n<div class=\"wp-block-highlight-box-cta\">\n\t<div class=\"flex flex-col lg:flex-row lg:items-center lg:justify-between p-8 lg:py-8 lg:px-10 my-6 bg-green-100\">\n\t<div class=\"highlight-box-cta-content flex flex-col !text-white lg:pr-6\">\n\t\t\t\t\t<h2 class=\"!text-white h2 mb-4\">R\u00e4tta ditt Stryktips<\/h2>\n\t\t\t\t<p>Du kan ocks\u00e5 alltid r\u00e4tta ditt Stryktips direkt hos Betting.com. H\u00e4r kan du ocks\u00e5 se v\u00e5ra senaste tips och historiska resultat f\u00f6r Stryktipset.<\/p>\n\n\t<\/div>\n\t<div class=\"flex flex-col\">\n\t\t<a href=\"https:\/\/betting.com\/sv\/svenska-spel\/stryktipset\/tips-resultat\" class=\"btn btn-white-outline-white w-fit whitespace-nowrap mt-4 lg:mt-0\" target=\"_blank\" rel=\"nofollow noopener noreferrer\">Tips och Resultat<\/a>\n\t<\/div>\n<\/div>\n<\/div>\n\n\n\n\n<h2 class=\"wp-block-heading\" id=\"vara-tips-nar-du-spelar-pa-stryktipset\">V\u00e5ra tips n\u00e4r du spelar p\u00e5 Stryktipset<\/h2>\n\n\n\n<p>N\u00e4r du skall spela p\u00e5 Stryktipset finns d\u00e4r en hel del saker du b\u00f6r t\u00e4nka p\u00e5. H\u00e4r nedanf\u00f6r har vi tagit fram n\u00e5gra tips inf\u00f6r ditt spelande p\u00e5 Stryktipset:<\/p>\n\n\n\n<p>Spela aldrig f\u00f6r mer pengar \u00e4n vad du har. &#8211; Detta \u00e4r kanske den viktigaste av alla punkter n\u00e4r det kommer till spel \u00f6verhuvudtaget. Att spela f\u00f6r mer pengar \u00e4n vad man egentligen har r\u00e5d med \u00e4r big no, no! Ta aldrig l\u00e5n f\u00f6r att spela om du inte har pengar att spela f\u00f6r, avst\u00e5!<\/p>\n\n\n\n<p>Lyssna inte p\u00e5 media! &#8211; Media kan l\u00e4tt vagga in dig ett t\u00e4nk som s\u00e4llan ger framg\u00e5ng. Om du skall bli en framg\u00e5ngsrik spelare g\u00e4ller det att bilda egna uppfattningar och inte utifr\u00e5n av media tycker och t\u00e4nker.<\/p>\n\n\n\n<p>Satsa inte bara p\u00e5 s\u00e4kra kort. &#8211; Om du bara v\u00e4ljer att satsa p\u00e5 favoriterna, \u00e4r risken stor att du inte kommer vinna speciellt mycket pengar. F\u00f6r att satsa p\u00e5 lite h\u00f6gre vinster kr\u00e4vs det att du tar med en och annan skr\u00e4ll med.<\/p>\n\n\n\n<p>Inv\u00e4nta laguppst\u00e4llningar. &#8211; I de st\u00f6rre ligorna sl\u00e4pps oftast startelvorna en timme innan avspark. Om sista inl\u00e4mning \u00e4r klockan 15:59, kan du s\u00e5ledes v\u00e4nta och l\u00e4mna in din rad d\u00e5 du f\u00e5tt all info du beh\u00f6ver. Ibland kanske det handlar om ett par nyckelspelare som inte \u00e4r tillg\u00e4ngliga, d\u00e5 v\u00e4ljer du kanske att \u00f6verv\u00e4ga ett annat tecken i matchen.<\/p>\n\n\n\n<p>G\u00e5 ihop och l\u00e4mna in ett st\u00f6rre system. &#8211; Inne p\u00e5 Svenska Spel, kan du starta upp ett lag d\u00e4r du bjuder in kompisar att g\u00e5 med i det system du s\u00e4tter upp. Om ni \u00e4r flera personer p\u00e5 ett system s\u00e5 beh\u00f6ver kostnaden inte bli s\u00e5 stor.<\/p>\n\n\n\n<h2 class=\"wp-block-heading\" id=\"stryktipsets-historia\">Stryktipsets Historia<\/h2>\n\n\n\n<p>Svenska Spel Sport &amp; Casinos Stryktipset \u00e4r ett av v\u00e5ra mest popul\u00e4ra spel p\u00e5 n\u00e4tet idag. Spelet hade premi\u00e4r redan 1934, d\u00e5 med tolv matcher och 25 \u00f6re per tippad rad.<\/p>\n\n\n\n<p>\u00c5r 1969 \u00e4ndrades antalet matcher till 13 och namnet p\u00e5 h\u00f6gsta vinsten byttes fr\u00e5n tolvan till den spr\u00e5kligt tvivelaktiga formen trettan. \u00c5r 2004 inf\u00f6rdes till\u00e4gget 13plus som senare byter namn till dubbelvinsten.<\/p>\n\n\n\n<p>Det som gjort att Stryktipset blivit ett s\u00e5 pass popul\u00e4rt spel \u00e4r SVT:s sportsatsning: Tipsextra. Tipsextra som hade premi\u00e4r 1969, blev en stor succ\u00e9 och den svenska tv-publiken skaffade sig snabbt favoriter bland lagen och spelarna i den engelska ligan. Programmet s\u00e4ndes fram till 1995 men fick avvecklas d\u00e5 kostnaderna f\u00f6r att s\u00e4nda engelsk toppfotboll b\u00f6rjade bli allt f\u00f6r h\u00f6ga.<\/p>\n\n\n\n<p>Idag \u00e4r det Viaplay som \u00e4ger TV-r\u00e4ttigheterna f\u00f6r Premier League fotbollen i Sverige och f\u00f6r dig som vill f\u00f6lja Stryktipset och se p\u00e5 matcher, rekommenderar vi dig att skaffa ett abonnemang hos dem. I samband med alla matcher som s\u00e4nds erbjuder Viaplay.se \u00e4ven pling i rutan med resultatf\u00f6r\u00e4ndringar i de 13 matcherna som ing\u00e5r i Stryktipset.<\/p>\n\n\n\n<h2 class=\"wp-block-heading\" id=\"spela-pa-stryktipset\">Spela p\u00e5 Stryktipset<\/h2>\n\n\n\n<p>Att komma ig\u00e5ng med spel p\u00e5 Stryktipset \u00e4r enkelt och g\u00e5r p\u00e5 nolltid. Om du inte har ett konto hos Svenska Spel beh\u00f6ver du enbart ett Bank-ID f\u00f6r att verifiera dig och komma ig\u00e5ng direkt. Ins\u00e4ttningar g\u00f6rs genom Swish, kort eller bank\u00f6verf\u00f6ring.<\/p>\n\n\n\n<p>Dags att testa p\u00e5 Stryktipset? D\u00e5 kan du enkelt trycka p\u00e5 knappen h\u00e4r nedan:<\/p>\n\n\n\n<p><\/p>\n\n\n\n<div class=\"wp-block-buttons is-content-justification-center is-layout-flex wp-container-core-buttons-is-layout-1 wp-block-buttons-is-layout-flex\">\n<div class=\"wp-block-button has-custom-width wp-block-button__width-25 is-style-coach-green\"><a class=\"wp-block-button__link has-white-color has-green-80-background-color has-text-color has-background wp-element-button\" href=\"https:\/\/go.betting.com\/go\/svenska-spel-sport-casino_stryktipset\" target=\"_blank\" rel=\"noreferrer noopener\">Stryktipset hos Svenska Spel<\/a><\/div>\n<\/div>\n\n\n\n<h2 class=\"wp-block-heading\" id=\"andra-poolspel-hos-svenska-spel\">Andra poolspel hos Svenska Spel<\/h2>\n\n\n\n<p>Svenska Spel bjuder p\u00e5 en stor m\u00e4ngd alternativ n\u00e4r det kommer till poolspel. Visst \u00e4r Stryktipset det mest popul\u00e4ra spelet, men har du missat spelstoppet, eller helt enkelt vill testa p\u00e5 de andra alternativen, s\u00e5 finns f\u00f6ljande spel till ditt befogande:<\/p>\n\n\n\n<ul>\n<li><a href=\"https:\/\/betting.com\/sv\/svenska-spel\/europatipset\" target=\"_blank\" rel=\"noreferrer noopener\">Europatipset<\/a><\/li>\n\n\n\n<li><a href=\"https:\/\/betting.com\/sv\/svenska-spel\/topptipset\" target=\"_blank\" rel=\"noreferrer noopener\">Topptipset<\/a><\/li>\n\n\n\n<li><a href=\"https:\/\/betting.com\/sv\/svenska-spel\/maltipset\" target=\"_blank\" rel=\"noreferrer noopener\">M\u00e5ltipset<\/a><\/li>\n\n\n\n<li><a href=\"https:\/\/betting.com\/sv\/svenska-spel\/bomben\" target=\"_blank\" rel=\"noreferrer noopener\">Bomben<\/a><\/li>\n\n\n\n<li><a href=\"https:\/\/betting.com\/sv\/svenska-spel\/fulltraff\" target=\"_blank\" rel=\"noreferrer noopener\">Fulltr\u00e4ff<\/a><\/li>\n<\/ul>\n\n\n\n<p>Om du \u00e4r ute efter spelf\u00f6rslag kan du alltid kolla in v\u00e5ra tips inf\u00f6r helgen f\u00f6r <a rel=\"noreferrer noopener\" href=\"https:\/\/betting.com\/sv\/svenska-spel\/stryktipset\/tips-resultat\" target=\"_blank\">Stryktipset<\/a> och <a href=\"https:\/\/betting.com\/sv\/svenska-spel\/europatipset\/tips-resultat\" data-type=\"link\" data-id=\"https:\/\/betting.com\/sv\/svenska-spel\/europatipset\/tips-resultat\" target=\"_blank\" rel=\"noreferrer noopener\">Europatipset<\/a>. H\u00e4r kan du \u00e4ven l\u00e4sa om v\u00e5ra historiska resultat och r\u00e4tta din kupong.<\/p>\n","protected":false},"excerpt":{"rendered":"<p>Stryktipset fr\u00e5n Svenska Spel L\u00f6rdagsunderh\u00e5llningen genom \u00e5ren har varit Svenska Spels stryktips. I denna spelform f\u00e5r du fram 13 matcher d\u00e4r du ska tippa 1X2 och f\u00e5 s\u00e5 m\u00e5nga r\u00e4tt som m\u00f6jligt. Vad som \u00e4r extra kul med stryktipset \u00e4r att du kan spela f\u00f6r s\u00e5 lite som 1 krona och \u00e4nd\u00e5 ha chansen att&#8230;<\/p>\n","protected":false},"author":6,"featured_media":2754,"parent":10259,"menu_order":1000,"comment_status":"closed","ping_status":"closed","template":"","meta":{"footnotes":""},"tags":[412],"acf":[],"_links":{"self":[{"href":"https:\/\/betting.com\/sv\/wp-json\/wp\/v2\/pages\/913"}],"collection":[{"href":"https:\/\/betting.com\/sv\/wp-json\/wp\/v2\/pages"}],"about":[{"href":"https:\/\/betting.com\/sv\/wp-json\/wp\/v2\/types\/page"}],"author":[{"embeddable":true,"href":"https:\/\/betting.com\/sv\/wp-json\/wp\/v2\/users\/6"}],"replies":[{"embeddable":true,"href":"https:\/\/betting.com\/sv\/wp-json\/wp\/v2\/comments?post=913"}],"version-history":[{"count":15,"href":"https:\/\/betting.com\/sv\/wp-json\/wp\/v2\/pages\/913\/revisions"}],"predecessor-version":[{"id":73105,"href":"https:\/\/betting.com\/sv\/wp-json\/wp\/v2\/pages\/913\/revisions\/73105"}],"up":[{"embeddable":true,"href":"https:\/\/betting.com\/sv\/wp-json\/wp\/v2\/pages\/10259"}],"wp:featuredmedia":[{"embeddable":true,"href":"https:\/\/betting.com\/sv\/wp-json\/wp\/v2\/media\/2754"}],"wp:attachment":[{"href":"https:\/\/betting.com\/sv\/wp-json\/wp\/v2\/media?parent=913"}],"wp:term":[{"taxonomy":"post_tag","embeddable":true,"href":"https:\/\/betting.com\/sv\/wp-json\/wp\/v2\/tags?post=913"}],"curies":[{"name":"wp","href":"https:\/\/api.w.org\/{rel}","templated":true}]}}