{"id":911,"date":"2022-05-23T16:05:25","date_gmt":"2022-05-23T16:05:25","guid":{"rendered":"https:\/\/betting.com\/sv\/?page_id=911"},"modified":"2024-02-22T13:21:41","modified_gmt":"2024-02-22T11:21:41","slug":"oddset","status":"publish","type":"page","link":"https:\/\/betting.com\/sv\/svenska-spel\/oddset","title":{"rendered":"Oddset"},"content":{"rendered":"\n<h2 class=\"wp-block-heading\" id=\"oddset-fran-svenska-spel\">Oddset fr\u00e5n Svenska Spel&nbsp;<\/h2>\n\n\n\n<p>\u201cL\u00e5ngen\u201d eller Oddset som spelet numera heter \u00e4r \u200b\u200ben v\u00e4ldigt uppskattad spelform sedan m\u00e5nga \u00e5r tillbaka hos Svenska Spel Sport &amp; Casino. Oddset g\u00e5r ut p\u00e5 att spela p\u00e5 1-10 matcher d\u00e4r du sj\u00e4lv v\u00e4ljer hur m\u00e5nga matcher du vill spela p\u00e5. Ju fler matcher du l\u00e4gger till ju h\u00f6gre blir oddset.<\/p>\n\n\n\n<p>Sedan en tid tillbaka heter egentligen Svenska Spel Sport &amp; Casino:s popul\u00e4ra spel numera bara Oddset men m\u00e5nga v\u00e4ljer att forts\u00e4tta kalla det f\u00f6r L\u00e5ngen vilket blivit lite av en klassiker f\u00f6r svenskarna.<\/p>\n\n\n\n<h2 class=\"wp-block-heading\" id=\"funktioner-hos-oddset\">Funktioner hos Oddset<\/h2>\n\n\n\n<p>Idag har Svenska Spel lagt till en hel del funktioner som skall g\u00f6ra spelandet lite roligare och mer underh\u00e5llande. H\u00e4r nedanf\u00f6r t\u00e4nkte vi kort g\u00e5 igenom vad som tillkommit p\u00e5 Oddset de senaste \u00e5ren:<\/p>\n\n\n\n<p><strong>Cash Out Funktion<\/strong><\/p>\n\n\n\n<p>Med Cash Out funktionen kan du snabbt och enkelt h\u00e4mta ut en vinst eller s\u00e4kra upp lite av f\u00f6rlusten om ett spel g\u00e5r f\u00f6rlorat. Denna popul\u00e4ra funktion ger dig m\u00f6jlighet att ha b\u00e5de h\u00e4ngsle och livrem p\u00e5 en och samma g\u00e5ng.&nbsp;<\/p>\n\n\n\n<p>Med Cash Out kan du st\u00e4nga ett spel innan spelet \u00e4r avgjort. Kort och gott ger det dig kontrollen att sj\u00e4lv kunna best\u00e4mma n\u00e4r du vill plocka ut en eventuell vinst, eller s\u00e4kra upp lite av en eventuell f\u00f6rlust p\u00e5 ett spel. Var dock uppm\u00e4rksam p\u00e5 att Cash Out Funktionen inte alltid \u00e4r tillg\u00e4nglig, speciellt p\u00e5 mindre marknader.<\/p>\n\n\n\n<p><strong>Bet Builder<\/strong><\/p>\n\n\n\n<p>Tidigare var det inte m\u00f6jligt att l\u00e4gga ett \u201ckombospel\u201d p\u00e5 marknader fr\u00e5n en och samma match. Men detta \u00e4r historia nu! Med Bet Builder kan du bygga och kombinera odds p\u00e5 samma match, vilket inneb\u00e4r st\u00f6rre frihet och m\u00f6jlighet att skapa h\u00f6gre odds.<\/p>\n\n\n\n<p>Att kunna skapa och bygga sina egna kuponger har i stort sett blivit standard hos spelbolagen idag. L\u00e4ngre tillbaka i historien gjordes detta genom att kontakta olika bookmakers offline. Men med internet har onlinespelet exploderat och detta har \u00e4ven medf\u00f6rt att spelbolagen ut\u00f6kat sina funktioner allt eftersom. Idag erbjuder de flesta st\u00f6rre spelbolag Bet Builder som introducerades f\u00f6r f\u00f6rsta g\u00e5ngen i b\u00f6rjan av 2018.<\/p>\n\n\n\n<h3 class=\"wp-block-heading\" id=\"vilka-spel-tacker-speltips-tacker-ni-pa-oddset\">Vilka spel t\u00e4cker Speltips t\u00e4cker ni p\u00e5 Oddset?<\/h3>\n\n\n\n<p>H\u00e4r p\u00e5 Betting.com kommer vi f\u00f6rs\u00f6ka bjuda p\u00e5 en hel del speltips fr\u00e5n Oddset. Speltipsen kan vara utformade p\u00e5 olika s\u00e4tt. Ibland singelspel i bland dubblar, tripplar eller till och med fyrlingar fr\u00e5n Oddset. Marknaderna p\u00e5 v\u00e5ra speltips kan variera fr\u00e5n g\u00e5ng till g\u00e5ng. Ibland \u00e4r det bara raka r\u00f6r: 1, X eller 2, men m\u00e5nga g\u00e5nger v\u00e4ljer vi att l\u00e4gga in marknader som \u00f6ver\/under, asian handicap och BLGM (B\u00e5da lagen att g\u00f6ra m\u00e5l).<\/p>\n\n\n\n<p>Det totala oddset p\u00e5 v\u00e5rt speltips kan pendla beroende p\u00e5 vilka marknader vi finner spelv\u00e4rde i. Oftast brukar slutoddset landa runt 6-9 g\u00e5nger insatsen n\u00e4r det handlar om tripplarna, vilket inneb\u00e4r att du kan vinna 6-900 kr vid en satsad hundralapp.<\/p>\n\n\n\n<h3 class=\"wp-block-heading\" id=\"vad-ar-maxbeloppet-pa-oddset\">Vad \u00e4r maxbeloppet p\u00e5 Oddset?<\/h3>\n\n\n\n<p>Det h\u00f6r till ovanligheterna att Svenska Spel v\u00e4ljer att limitera spelare men d\u00e4remot limiterar de insatserna i spelen. P\u00e5 Oddset L\u00e5ngen ligger maxinsatsen p\u00e5 mellan 500 och 5 000 kronor f\u00f6r ett singelspel, beroenden p\u00e5 vilka matcher det g\u00e4ller. Ju st\u00f6rre match ju h\u00f6gre brukar maxinsatsen vara.<\/p>\n\n\n\n<p>Om det d\u00e4remot \u00e4r en fotbollsmatch i division 2, \u00e4r s\u00e4llan 5 000 kronor max. F\u00f6r dubblar \u00e4r maxinsatsen 2 000 kronor och n\u00e4r det g\u00e4ller tripplar och upp\u00e5t har Svenska Spel satt maxgr\u00e4nsen vid 500 kronor. En annan sak som kan vara bra att veta \u00e4r att man inte kan vinna mer \u00e4n maximalt 280 000 kronor p\u00e5 en och samma kupong. S\u00e5 h\u00e4r ser gr\u00e4nserna ut i sin helhet:&nbsp;<\/p>\n\n\n\n<p>F\u00f6r spel p\u00e5 Oddset finns gr\u00e4nser f\u00f6r hur mycket du kan spela f\u00f6r och vinna.<\/p>\n\n\n\n<p>Gr\u00e4nserna \u00e4r desamma f\u00f6r alla kunder och grundl\u00e4ggande g\u00e4ller att:<\/p>\n\n\n\n<ul>\n<li>Insatser p\u00e5 \u00f6ppna spel f\u00e5r inte \u00f6verstiga 100 000 kronor<\/li>\n\n\n\n<li>L\u00e4gsta gr\u00e4ns av insats eller vinst \u00e4r den som g\u00e4ller<\/li>\n\n\n\n<li>Spel inom tv\u00e5 timmar till matchstart 100 % av maxvinst och maxinsats<\/li>\n\n\n\n<li>Spel inom tio timmar till matchstart 70 % av maxvinst och maxinsats<\/li>\n\n\n\n<li>Spel mer \u00e4n tio timmar till matchstart 40 % av maxvinst och maxinsats<\/li>\n\n\n\n<li>H\u00f6gsta insats per speltyp och kund p\u00e5 en singel 5 000 kronor<\/li>\n\n\n\n<li>Max tv\u00e5 stycken likadana spel f\u00f6r kombination och systemspel<\/li>\n\n\n\n<li>Max 40 000 kronor insats per kund\/dygn<\/li>\n\n\n\n<li>Max aggregerad vinst per event\/match 250 000 kronor<\/li>\n<\/ul>\n\n\n\n<p>Om du \u00e4r os\u00e4ker p\u00e5 vad som g\u00e4ller vid spel p\u00e5 Oddset, rekommenderar vi dig att g\u00e5 in p\u00e5 Svenska Spel Sport och Casino och kontakta kundtj\u00e4nst.&nbsp;&nbsp;<\/p>\n\n\n\n<h3 class=\"wp-block-heading\" id=\"var-hittar-vi-vara-speltips-pa-oddset\">Var hittar vi v\u00e5ra speltips p\u00e5 Oddset?<\/h3>\n\n\n\n<p>Idag \u00e4r utbudet av spel p\u00e5 Oddset L\u00e5ngen enormt. Men annat var det innan spelandet tog fart p\u00e5 internet. D\u00e5 fick man knalla ner till n\u00e4rmsta Svenska Spel ombud nere p\u00e5 stan och fylla i en kupong manuellt. D\u00e4refter betalade man glatt och fick sin papperskupong. Papperskuponger f\u00f6rekommer \u00e4n idag men d\u00e5 ditt spelande kopplas till ditt ID som i sin tur \u00e4r kopplat till ditt Svenska Spel konto, beh\u00f6ver du aldrig vara orolig f\u00f6r att hunden skall nafsa i sig ditt \u201ckvitto\u201d.<\/p>\n\n\n\n<p>Spelen vi l\u00e4gger upp h\u00e4r p\u00e5 Dagens speltips p\u00e5 Oddset L\u00e5ngen \u00e4r noga utvalda d\u00e4r vi v\u00e4gt in en massa saker som \u00e4r relevant f\u00f6r matchen. Det kan handla om allt fr\u00e5n form och tidigare resultat lagen emellan till vilka spelare som \u00e4r borta och om n\u00e5got lag har lite mer att spela f\u00f6r \u00e4n det andra.<\/p>\n\n\n\n<p>M\u00e5nga g\u00e5nger heter det att motivation sl\u00e5r klass och detta \u00e4r n\u00e5got som spelbolagen brukar vara uppm\u00e4rksamma p\u00e5. Men k\u00e4nslan \u00e4r att det kan bli lite v\u00e4l \u00f6verdrivet ibland, liksom n\u00e4r en eller flera spelare i ett lag saknas. D\u00e5 kan spelbolagen vara ganska snabba med att h\u00f6ja oddset f\u00f6r det drabbade laget.<\/p>\n\n\n\n<p>V\u00e5ra speltips \u00e4r fr\u00e4mst fr\u00e5n fotboll och ishockey, men d\u00e5 och d\u00e5 kan det \u00e4ven dyka upp speltips fr\u00e5n mindre sporter som handboll, innebandy och bandy.<\/p>\n\n\n\n<h3 class=\"wp-block-heading\" id=\"systemspel-pa-oddset\">Systemspel p\u00e5 Oddset<\/h3>\n\n\n\n<p>V\u00e4ljer du att spela med ett system p\u00e5 Oddset \u00f6kar din vinstchans rej\u00e4lt. V\u00e4lj mellan dubbel, trippel och fyrling. I ett trippelsystem r\u00e4cker det att tre av fyra matcher \u00e4r r\u00e4tt tippade f\u00f6r att du skall vinna. Insatsen \u00e4r visserligen n\u00e5got h\u00f6gre men samtidigt har du allts\u00e5 r\u00e5d att f\u00f6rlora en match och \u00e4nd\u00e5 vinna. P\u00e5 Svenska Spel Sport och Casino hittar du \u00e4ven system d\u00e4r det ing\u00e5r allt fr\u00e5n singlar till \u00e5ttlingar som exempelvis Trixie eller Lucky 31. Ett Lucky 31 system inneh\u00e5ller fem val och 31 olika spel som t\u00e4cker alla m\u00f6jliga utfall. H\u00e4r r\u00e4cker det att ett av dina val p\u00e5 kupongen som m\u00e5ste vinna f\u00f6r att du ska f\u00e5 utbetalning.<\/p>\n\n\n\n<h3 class=\"wp-block-heading\" id=\"erbjuder-svenska-spel-nagon-bonus\">Erbjuder Svenska Spel n\u00e5gon bonus?<\/h3>\n\n\n\n<p>Svenska Spel Sport &amp; Casino har valt att inte satsa p\u00e5 n\u00e5gon storslagen v\u00e4lkomstbonus till nya spelare. H\u00e4r \u00e4r det bara att g\u00e5 r\u00e4tt in p\u00e5 sidan och b\u00f6rja spela utan en massa oms\u00e4ttningskrav som en v\u00e4lkomstbonus ofta har.<\/p>\n\n\n\n<p>Om du \u00e4r nyfiken p\u00e5 att l\u00e4sa mer om v\u00e4lkomstbonusar, kan vi rekommendera v\u00e5r sektion f\u00f6r bonusar.<\/p>\n\n\n\n<h2 class=\"wp-block-heading\" id=\"spela-pa-oddset\">Spela p\u00e5 Oddset<\/h2>\n\n\n\n<p>Att komma ig\u00e5ng med spel p\u00e5 Oddset \u00e4r enkelt och g\u00e5r p\u00e5 nolltid. Om du inte har ett konto hos Svenska Spel beh\u00f6ver du enbart ett Bank-ID f\u00f6r att verifiera dig och komma ig\u00e5ng direkt. Ins\u00e4ttningar g\u00f6rs genom Swish, kort eller bank\u00f6verf\u00f6ring.<\/p>\n\n\n\n<p>Dags att testa p\u00e5 spel p\u00e5 odds hos Svenska Spel? D\u00e5 kan du enkelt trycka p\u00e5 knappen h\u00e4r nedan:<\/p>\n\n\n\n<p><\/p>\n\n\n\n<div class=\"wp-block-buttons is-content-justification-center is-layout-flex wp-container-core-buttons-is-layout-1 wp-block-buttons-is-layout-flex\">\n<div class=\"wp-block-button has-custom-width wp-block-button__width-50 is-style-coach-green\"><a class=\"wp-block-button__link has-white-color has-vivid-red-background-color has-text-color has-background wp-element-button\" href=\"https:\/\/go.betting.com\/go\/svenska-spel-sport-casino_odds\" target=\"_blank\" rel=\"noreferrer noopener\">Odds hos Svenska Spel<\/a><\/div>\n<\/div>\n\n\n\n<h2 class=\"wp-block-heading\" id=\"andra-poolspel-hos-svenska-spel\">Andra poolspel hos Svenska Spel<\/h2>\n\n\n\n<p>Svenska Spel bjuder p\u00e5 en stor m\u00e4ngd alternativ n\u00e4r det kommer till poolspel. F\u00f6rutom Oddset kan du kolla in f\u00f6ljande spel:<\/p>\n\n\n\n<ul>\n<li><a href=\"https:\/\/betting.com\/sv\/svenska-spel\/stryktipset\" target=\"_blank\" rel=\"noreferrer noopener\">Stryktipset<\/a><\/li>\n\n\n\n<li><a rel=\"noreferrer noopener\" href=\"https:\/\/betting.com\/sv\/svenska-spel\/europatipset\" target=\"_blank\">Europatipset<\/a><\/li>\n\n\n\n<li><a href=\"https:\/\/betting.com\/sv\/svenska-spel\/maltipset\" target=\"_blank\" rel=\"noreferrer noopener\">M\u00e5ltipset<\/a><\/li>\n\n\n\n<li><a href=\"https:\/\/betting.com\/sv\/svenska-spel\/bomben\" target=\"_blank\" rel=\"noreferrer noopener\">Bomben<\/a><\/li>\n\n\n\n<li><a href=\"https:\/\/betting.com\/sv\/svenska-spel\/fulltraff\" target=\"_blank\" rel=\"noreferrer noopener\">Fulltr\u00e4ff<\/a><\/li>\n<\/ul>\n\n\n\n<p>Om du \u00e4r ute efter spelf\u00f6rslag kan du alltid kolla in v\u00e5ra tips inf\u00f6r helgen f\u00f6r <a rel=\"noreferrer noopener\" href=\"https:\/\/betting.com\/sv\/svenska-spel\/stryktipset\/tips-resultat\" target=\"_blank\">Stryktipset<\/a> och <a rel=\"noreferrer noopener\" href=\"https:\/\/betting.com\/sv\/svenska-spel\/europatipset\/tips-resultat\" data-type=\"link\" data-id=\"https:\/\/betting.com\/sv\/svenska-spel\/europatipset\/tips-resultat\" target=\"_blank\">Europatipset<\/a>. H\u00e4r kan du \u00e4ven l\u00e4sa om v\u00e5ra historiska resultat och r\u00e4tta din kupong.<\/p>\n","protected":false},"excerpt":{"rendered":"<p>Oddset fr\u00e5n Svenska Spel&nbsp; \u201cL\u00e5ngen\u201d eller Oddset som spelet numera heter \u00e4r \u200b\u200ben v\u00e4ldigt uppskattad spelform sedan m\u00e5nga \u00e5r tillbaka hos Svenska Spel Sport &amp; Casino. Oddset g\u00e5r ut p\u00e5 att spela p\u00e5 1-10 matcher d\u00e4r du sj\u00e4lv v\u00e4ljer hur m\u00e5nga matcher du vill spela p\u00e5. Ju fler matcher du l\u00e4gger till ju h\u00f6gre blir&#8230;<\/p>\n","protected":false},"author":6,"featured_media":2753,"parent":10259,"menu_order":1000,"comment_status":"closed","ping_status":"closed","template":"","meta":{"footnotes":""},"tags":[412],"acf":[],"_links":{"self":[{"href":"https:\/\/betting.com\/sv\/wp-json\/wp\/v2\/pages\/911"}],"collection":[{"href":"https:\/\/betting.com\/sv\/wp-json\/wp\/v2\/pages"}],"about":[{"href":"https:\/\/betting.com\/sv\/wp-json\/wp\/v2\/types\/page"}],"author":[{"embeddable":true,"href":"https:\/\/betting.com\/sv\/wp-json\/wp\/v2\/users\/6"}],"replies":[{"embeddable":true,"href":"https:\/\/betting.com\/sv\/wp-json\/wp\/v2\/comments?post=911"}],"version-history":[{"count":15,"href":"https:\/\/betting.com\/sv\/wp-json\/wp\/v2\/pages\/911\/revisions"}],"predecessor-version":[{"id":72913,"href":"https:\/\/betting.com\/sv\/wp-json\/wp\/v2\/pages\/911\/revisions\/72913"}],"up":[{"embeddable":true,"href":"https:\/\/betting.com\/sv\/wp-json\/wp\/v2\/pages\/10259"}],"wp:featuredmedia":[{"embeddable":true,"href":"https:\/\/betting.com\/sv\/wp-json\/wp\/v2\/media\/2753"}],"wp:attachment":[{"href":"https:\/\/betting.com\/sv\/wp-json\/wp\/v2\/media?parent=911"}],"wp:term":[{"taxonomy":"post_tag","embeddable":true,"href":"https:\/\/betting.com\/sv\/wp-json\/wp\/v2\/tags?post=911"}],"curies":[{"name":"wp","href":"https:\/\/api.w.org\/{rel}","templated":true}]}}