{"id":909,"date":"2022-05-23T15:56:19","date_gmt":"2022-05-23T15:56:19","guid":{"rendered":"https:\/\/betting.com\/sv\/?page_id=909"},"modified":"2024-02-27T20:24:39","modified_gmt":"2024-02-27T18:24:39","slug":"europatipset","status":"publish","type":"page","link":"https:\/\/betting.com\/sv\/svenska-spel\/europatipset","title":{"rendered":"Europatipset"},"content":{"rendered":"\n<h2 class=\"wp-block-heading\" id=\"europatipset-fran-svenska-spel\">Europatipset fr\u00e5n Svenska Spel<\/h2>\n\n\n\n<p>Svenska spels stora l\u00f6rdagsunderh\u00e5llning heter Stryktipset, men f\u00f6r n\u00e5gra \u00e5r sedan ut\u00f6kade man sina spel och skapade n\u00e5got man kalla f\u00f6r Europatipset. Detta spel fungerar precis likadant som Stryktipset men spelas p\u00e5 andra dagar \u00e4n l\u00f6rdagar.<\/p>\n\n\n\n<p>Europatipset best\u00e5r av den anledningen ocks\u00e5 av 13 matcher d\u00e4r du ska f\u00f6rs\u00f6ka pricka in r\u00e4tt resultat genom att s\u00e4tta 1, X eller 2 i varje match. 1 motsvarar hemmaseger, X oavgjort och 2 bortaseger.<\/p>\n\n\n\n<p>Till skillnad fr\u00e5n Stryktipset kan Europatipset ofta spelas tv\u00e5 g\u00e5nger i veckan och n\u00e5got exakt spelstopp likt Stryktipset har inte Europatipset, utan det kan variera fr\u00e5n vecka till vecka.<\/p>\n\n\n\n<p>Matcherna i Europatipset kan variera rej\u00e4lt och till skillnad fr\u00e5n Stryktipset d\u00e4r det fr\u00e4mst \u00e4r matcher fr\u00e5n England och Sverige, s\u00e5 kan det vara en stor mix av matcher fr\u00e5n hela Europa, d\u00e4rav namnet p\u00e5 spelet, som fr\u00e5n b\u00f6rjan hette Italienska stryktipset, eftersom det i b\u00f6rjan bara r\u00f6rde Italien.<\/p>\n\n\n<div class=\"mt-8 wp-block-top-list \" id=\"sports-book\">\n\n\t\n\t<section\n\t\tid=\"block_a9910c9168b8b65861397d08a5c5e3e6\"\n\t\t\t\t\tx-data=\"block_a9910c9168b8b65861397d08a5c5e3e6\"\n\t\t\t\tclass=\"@container\"\n\t>\n\t\t<div class=\"grid grid-cols-1  gap-8\" x-ref=\"container-block_a9910c9168b8b65861397d08a5c5e3e6\">\n\t\t\t\t\t\t\t<a\n\t\t\thref=\"https:\/\/go.betting.com\/go\/svenska-spel\"\n\t\t\ttarget=\"_blank\"\n\t\t\trel=\"nofollow noopener\"\n\t\t\ttitle=\"Svenska Spel Recension\"\n\t\t\tclass=\"flex flex-grow flex-row items-center bg-white p-2 shadow group hover:no-underline \"\n\t\t\tdata-bt=\"tiles-betting-site-sm\"\n\t\t>\n\t\t\t<img\n\t\t\t\t\tsrcset=\"https:\/\/betting.com\/sv\/wp-content\/uploads\/sites\/2\/svenska-spel-sport-postcard_400x210-180x95.webp 180w, https:\/\/betting.com\/sv\/wp-content\/uploads\/sites\/2\/svenska-spel-sport-postcard_400x210-180x95.jpg 180w, https:\/\/betting.com\/sv\/wp-content\/uploads\/sites\/2\/svenska-spel-sport-postcard_400x210-360x189.webp 360w, https:\/\/betting.com\/sv\/wp-content\/uploads\/sites\/2\/svenska-spel-sport-postcard_400x210-360x189.jpg 360w, https:\/\/betting.com\/sv\/wp-content\/uploads\/sites\/2\/svenska-spel-sport-postcard_400x210.webp 400w, https:\/\/betting.com\/sv\/wp-content\/uploads\/sites\/2\/svenska-spel-sport-postcard_400x210.jpg 400w\"\n\t\t\t\tsizes=\"120px\"\n\t\tsrc=\"https:\/\/betting.com\/sv\/wp-content\/uploads\/sites\/2\/svenska-spel-sport-postcard_400x210.jpg\"\n\t\talt=\"Svenska Spel\"\n\t\t\t\t\twidth=\"120\"\n\t\t\t\t\t\t\theight=\"62\"\n\t\t\t\tclass=\"object-cover object-center bg-cover bg-center flex-shrink-0 w-[120px] lg:w-[100px] aspect-casino\"\n\t\tstyle=\" \"\n\t\tloading=\"lazy\"\n\t\t\t>\n\t\t\t<div class=\"flex flex-col px-3\">\n\t\t\t\t<div\n\t\t\t\t\tclass=\"text-sm font-semibold !leading-4 text-black duration-300 group-hover:text-red-100 lg:text-base\"\n\t\t\t\t\tdata-bt=\"tiles-betting-site-sm-title\"\n\t\t\t\t>\n\t\t\t\t\tSvenska Spel\n\t\t\t\t<\/div>\n\t\t\t\t<div class=\"mt-1 flex flex-row items-center gap-1\">\n\t\t\t\t\t<div class=\"star-rating h-auto w-[60px]\"\n\t\t style=\"--bt-star-percentage: 79.3563%; \"><\/div>\n\t\t\t\t\t<div class=\"text-xxs text-gray-60\">(4\/5)<\/div>\n\t\t\t\t<\/div>\n\t\t\t<\/div>\n\t\t\t<div class=\"ml-auto\">\n\t\t\t\t<div\n\t\t\t\t\tclass=\"right-0 flex h-6 w-6 items-center justify-center border border-red-100 bg-white duration-300 group-hover:bg-red-100\">\n\t\t\t\t\t<svg class=\"w-3 h-3 text-red-100 rotate-180 duration-300\n\t\t\t\t\tgroup-hover:text-white\" xmlns=\"http:\/\/www.w3.org\/2000\/svg\" width=\"18\" height=\"16\" fill=\"currentColor\" viewBox=\"0 0 18 16\"><path d=\"M.29 7.315a.94.94 0 0 0 0 1.36l6.874 6.562a.937.937 0 0 0 1.293-1.356l-5.18-4.949h13.285c.52 0 .938-.418.938-.937a.935.935 0 0 0-.938-.938H3.277l5.184-4.945A.937.937 0 0 0 7.168.756L.293 7.32l-.004-.004Z\"\/><\/svg>\t\t\t\t<\/div>\n\t\t\t<\/div>\n\t\t<\/a>\n\t\t\t\t\t\t\t<\/div>\n\n\t\t\t<\/section>\n\t\n<\/div>\n\n\n\n<h3 class=\"wp-block-heading\" id=\"hur-fungerar-spel-pa-europatipset\">Hur fungerar spel p\u00e5 Europatipset?<\/h3>\n\n\n\n<p>Att spela p\u00e5 Europatipset \u00e4r mycket enkelt och kr\u00e4ver inga st\u00f6rre bettingkunskaper. P\u00e5 den aktuella tipskupongen inne p\u00e5 Svenska Spels hemsida hittar du 13 fotbollsmatcher som valts ut inf\u00f6r spelomg\u00e5ng.<\/p>\n\n\n\n<p>Till skillnad fr\u00e5n Stryktipset kan Europatipset ofta spelas tv\u00e5 g\u00e5nger i veckan och n\u00e5got exakt spelstopp likt Stryktipset har inte Europatipset, utan det kan variera fr\u00e5n vecka till vecka.<\/p>\n\n\n\n<p>Matcherna i Europatipset kan variera rej\u00e4lt och till skillnad fr\u00e5n Stryktipset d\u00e4r det fr\u00e4mst \u00e4r matcher fr\u00e5n England och Sverige, s\u00e5 kan det vara en stor mix av matcher fr\u00e5n hela Europa, d\u00e4rav namnet p\u00e5 spelet, som fr\u00e5n b\u00f6rjan hette Italienska stryktipset, eftersom det i b\u00f6rjan bara r\u00f6rde Italien.<\/p>\n\n\n\n<h3 class=\"wp-block-heading\" id=\"vad-kostar-det-att-spela-pa-europatipset\">Vad kostar det att spela p\u00e5 Europatipset?<\/h3>\n\n\n\n<p>Europatipset kostar 1 krona per rad. P\u00e5 Svenskaspel.se kan du l\u00e4mna in en ensam rad om du vill, medan spelombuden runt om i Sverige har en l\u00e4gsta gr\u00e4ns p\u00e5 tv\u00e5 rader per kupong.<\/p>\n\n\n\n<p>Om du vill s\u00e4tta ihop ett st\u00f6rre system blir kostnaden klart st\u00f6rre \u00e4n 1 krona och den baseras helt enkelt p\u00e5 hur m\u00e5nga tecken du v\u00e4ljer att ha med i din kupong.<\/p>\n\n\n\n<h3 class=\"wp-block-heading\" id=\"system-vid-spel-pa-europatipset\">System vid spel p\u00e5 Europatipset<\/h3>\n\n\n\n<p>Liksom p\u00e5 Stryktipset finns d\u00e4r ett flertal systemspel att v\u00e4lja mellan n\u00e4r du spelar p\u00e5 Europatipset.<\/p>\n\n\n\n<p><strong>M-system<\/strong><\/p>\n\n\n\n<p>Ett M-system kan liknas vid att spela p\u00e5 flera enkelrader p\u00e5 en och samma kupong. Beroende p\u00e5 vilken storlek p\u00e5 systemet du v\u00e4ljer s\u00e5 kan du g\u00f6ra ett visst antal hel- och halvgarderingar (vid val av flera tecken i en och samma match).<\/p>\n\n\n\n<p><strong>R-system<\/strong><\/p>\n\n\n\n<p>R-system \u00e4r ett s\u00e5 kallat reducerat system med minskat antal rader. Vid spel med R-system \u00e4r vinstchansen l\u00e4gre \u00e4n vid ett M-system, men insatsen \u00e4r klart l\u00e4gre. N\u00e4r du kryssat i alla matcher kommer antalet rader att r\u00e4knas ut.<\/p>\n\n\n\n<p><strong>U-system<\/strong><\/p>\n\n\n\n<p>En annan form av R-system \u00e4r U-system. Detta \u00e4r ett reducerat system med en utg\u00e5ngsrad. I U-systemet kan du s\u00e4tta ett utg\u00e5ngstecken p\u00e5 dina garderingar. P\u00e5 s\u00e5 vis har du m\u00f6jlighet att p\u00e5verka utg\u00e5ngen i ett par av matcherna.<\/p>\n\n\n\n<p><strong>Reducera fritt<\/strong><\/p>\n\n\n\n<p>Du kan \u00e4ven v\u00e4lja att reducera fritt om du vill styra radf\u00f6rdelening och pris p\u00e5 ditt system som du l\u00e4mnar in. Raderna genereras slumpvis enligt den radf\u00f6rdelning du valt. Beroende p\u00e5 vilken storlek p\u00e5 systemet du vill ha och antal rader som skall reduceras blir det ganska varierande procentavvikelser.<\/p>\n\n\n\n<h3 class=\"wp-block-heading\" id=\"nar-ar-spelstopp-for-europatipset\">N\u00e4r \u00e4r spelstopp f\u00f6r Europatipset?<\/h3>\n\n\n\n<p>Till skillnad fr\u00e5n Stryktipset har inte Europatipset n\u00e5gon specifikt utsatt tid f\u00f6r sista spel, utan det varierar fr\u00e5n vecka till vecka, omg\u00e5ng till omg\u00e5ng. Vilket spelstopp den nuvarande spelveckan har kan du hitta l\u00e4ngst upp p\u00e5 denna sida.<\/p>\n\n\n\n<h3 class=\"wp-block-heading\" id=\"hur-vinner-man-pa-europatipset\">Hur vinner man p\u00e5 Europatipset?<\/h3>\n\n\n\n<p>Formatet p\u00e5 Europatipset \u00e4r det samma som f\u00f6r Stryktipset. Som spelare g\u00e4ller det att pricka in r\u00e4tt utfall i 13 matcher. Utdelningen varierar fr\u00e5n vecka till vecka. Ju fler skr\u00e4llar ju h\u00f6gre utdelning medan en favoritbetonad omg\u00e5ng ibland bara ger utdelning p\u00e5 13 och 12 r\u00e4tt och ingenting alls p\u00e5 11 och 10.&nbsp;<\/p>\n\n\n\n<p>Om du skulle vinna p\u00e5 13 r\u00e4tt och sitter p\u00e5 ett system som du spelat p\u00e5 kan du nog r\u00e4kna med en lite st\u00f6rre vinst \u00e4n enbart p\u00e5 13 r\u00e4tt, d\u00e5 brukar det i regel bli lite vinst \u00e4ven p\u00e5 12, 11 och ibland 10 r\u00e4tt, beroende p\u00e5 om det varit en omg\u00e5ng d\u00e4r m\u00e5nga \u201ch\u00e5rt\u201d streckade tecken g\u00e5tt in.&nbsp;<\/p>\n\n\n\n<h3 class=\"wp-block-heading\" id=\"kan-jag-folja-europatipset-live\">Kan jag f\u00f6lja Europatipset live?<\/h3>\n\n\n\n<p>Det g\u00e5r dessv\u00e4rre inte att spela live p\u00e5 Europatipset hos Svenska Spel Sport och Casino, men f\u00f6r dig som vill f\u00f6lja utvecklingen g\u00e5r detta utm\u00e4rkt inne p\u00e5 Svenska Spels hemsida.<\/p>\n\n\n\n<p>H\u00e4r kan du se vad 13 r\u00e4tt ger just nu och hur m\u00e5nga kuponger som har alla r\u00e4tt. Om du vill spela live rekommenderar vi att kolla in v\u00e5r liveodds-sektion d\u00e4r du hittar de senaste liveoddsen i fotboll.<\/p>\n\n\n\n<h3 class=\"wp-block-heading\" id=\"hur-rattar-jag-europatipset\">Hur r\u00e4ttar jag Europatipset?<\/h3>\n\n\n\n<p>Om du har tillg\u00e5ng till internet, kan du snabbt och enkelt surfa in p\u00e5 Svenska Spels hemsida och kolla hur det g\u00e5tt f\u00f6r dig. Denna tj\u00e4nst finns tillg\u00e4nglig redan n\u00e4r f\u00f6rsta matchen \u00e4r ig\u00e5ng och p\u00e5 s\u00e5 vis kan du f\u00f6lja resultat live, vilket ger spelandet extra sp\u00e4nning. Du kan alltid ocks\u00e5 se det senaste Europatipset-resultat genom att klicka p\u00e5 l\u00e4nken h\u00e4r nedan.<\/p>\n\n\n<div class=\"wp-block-highlight-box-cta\">\n\t<div class=\"flex flex-col lg:flex-row lg:items-center lg:justify-between p-8 lg:py-8 lg:px-10 my-6 bg-green-100\">\n\t<div class=\"highlight-box-cta-content flex flex-col !text-white lg:pr-6\">\n\t\t\t\t\t<h2 class=\"!text-white h2 mb-4\">R\u00e4tta ditt Europatips<\/h2>\n\t\t\t\t<p>Du kan ocks\u00e5 alltid r\u00e4tta ditt Europatips direkt hos Betting.com. H\u00e4r kan du ocks\u00e5 se v\u00e5ra senaste tips och historiska resultat f\u00f6r Europatipset.<\/p>\n\n\t<\/div>\n\t<div class=\"flex flex-col\">\n\t\t<a href=\"https:\/\/betting.com\/sv\/svenska-spel\/europatipset\/tips-resultat\" class=\"btn btn-white-outline-white w-fit whitespace-nowrap mt-4 lg:mt-0\" target=\"_blank\" rel=\"nofollow noopener noreferrer\">Tips och Resultat<\/a>\n\t<\/div>\n<\/div>\n<\/div>\n\n\n\n\n<h2 class=\"wp-block-heading\" id=\"vara-tips-nar-du-spelar-pa-europatipset\">V\u00e5ra tips n\u00e4r du spelar p\u00e5 Europatipset<\/h2>\n\n\n\n<p>Det finns en hel del saker du b\u00f6r t\u00e4nka p\u00e5 innan du spelar p\u00e5 Europatipset. Till skillnad fr\u00e5n Stryktipset har Europatipset ett st\u00f6rre urval av matcher, d\u00e4r flera matcher \u00e4r fr\u00e5n italienska, spanska och tyska ligorna. S\u00e5 h\u00e4r g\u00e4ller det att ha huvudet p\u00e5 skaft och h\u00e4nga med i ligorna, f\u00f6r att bilda sig en lite b\u00e4ttre uppfattning om den aktuella tipsraden.<\/p>\n\n\n\n<p>I Europatipset kan du bli framg\u00e5ngsrik om du samlar p\u00e5 dig en hel del kunskap. Detta \u00e4r definitivt inget turspel och har du koll p\u00e5 vad som h\u00e4nder i fotbollen runt om i Europa s\u00e5 kan dra nytta av detta och f\u00e5 en h\u00f6gre tr\u00e4ffs\u00e4kerhet p\u00e5 dina spel.&nbsp;<\/p>\n\n\n\n<p>I samband med ditt spelande kan du n\u00e4r som helst ta hj\u00e4lp av v\u00e5ra spelverktyg som kan \u00f6ka dina vinstchanser. Om du \u00e4r ute efter snabba vinster \u00e4r Europatipset inget att rekommendera. Ofta kan det variera ett par timmar mellan matchernas avsparkstider. F\u00f6r dig som jagar snabba spel kan vi ist\u00e4llet tipsa om livespel d\u00e4r du inte beh\u00f6ver v\u00e4nta speciellt l\u00e4nge p\u00e5 en eventuell vinst.<\/p>\n\n\n\n<p>\u00c4ven om Europatipset inte har samma status som Stryktipset, finns d\u00e4r en hel del svenskar som spelar p\u00e5 detta. Och \u00e4n mer intressant har det blivit med Europatipset sedan Svenska Spel h\u00f6jde utbetalningsgraden fr\u00e5n 46 % till 65 %, 2010. Skillnaden fr\u00e5n tidigare \u00e4r att det betalas ut 50 miljoner extra till spelarna varje \u00e5r, bland tack vare att vinsterna f\u00f6r 12 och 13 r\u00e4tt dubblats.<\/p>\n\n\n\n<p>Det skall dock till\u00e4ggas att 65 % inte \u00e4r n\u00e5gon h\u00f6g \u00e5terbetalningsprocent och att d\u00e4r finns en hel del spelbolag p\u00e5 n\u00e4tet som ligger p\u00e5 90 % eller till och med lite h\u00f6gre \u00e4n s\u00e5. En av anledningarna till att Svenska Spel har s\u00e5 l\u00e5g \u00e5terbetalningsprocent \u00e4r f\u00f6r att hj\u00e4lpa till och finansiera statens utgifter.<\/p>\n\n\n\n<p>Skulle du lyckas pricka in 13, 12, 11 eller 10 r\u00e4tt p\u00e5 Europatipset \u00e4r samtliga vinster skattefria. S\u00e5 du beh\u00f6ver inte oroa dig \u00f6ver att beh\u00f6va skatta i efterhand.<\/p>\n\n\n\n<p>Det \u00e4r givetvis frestande att b\u00f6rja spela och l\u00e4mna in st\u00f6rre system n\u00e4r man ser folk l\u00e4gga upp screenshots p\u00e5 vinster. Men var noga med att aldrig spela f\u00f6r mer pengar \u00e4n vad du har r\u00e5d med. L\u00e5na aldrig pengar om du skall spela och om du bara vill spela f\u00f6r sp\u00e4nningen, r\u00e4cker det med ett mindre system, eller varf\u00f6r inte l\u00e4mna in lite enkelrader?<\/p>\n\n\n\n<p>Innan du spelar kan det vara bra att leta upp information om lagen. Vilka spelare saknas och finns d\u00e4r n\u00e5got i statistiken som sticker ut som inte andra spelare har t\u00e4nkt p\u00e5? Om st\u00f6rre delen av matcherna i en Europatipset kupong drar ig\u00e5ng vid ett specifikt klockslag, kan det vara bra att v\u00e4nta och p\u00e5 lagens startelvor.<\/p>\n\n\n\n<p>Om du vill ha ett st\u00f6rre system men inte k\u00e4nner att du vill l\u00e4gga n\u00e5gra st\u00f6rre summor pengar, kan du g\u00e5 ihop med kompisar och spela tillsammans. Du kan \u00e4ven dra ig\u00e5ng ett lag d\u00e4r du s\u00e4ljer andelar som dina kompisar kan k\u00f6pa. Ju fler andelar du lyckas s\u00e4lja ju st\u00f6rre system kan du och dina v\u00e4nner f\u00e5 ihop.<\/p>\n\n\n\n<h2 class=\"wp-block-heading\" id=\"vinstfordelning-for-europatipset\">Vinstf\u00f6rdelning f\u00f6r Europatipset<\/h2>\n\n\n\n<p>Vinstf\u00f6rdelningen i Europatipset \u00e4r mer eller mindre densamma som i Stryktipset. F\u00f6r att vinna kr\u00e4vs det att du tippar r\u00e4tt p\u00e5 minst 10 matcher. Vinsten m\u00e5ste vara minst 15 kronor f\u00f6r att betalas ut, annars \u00f6verf\u00f6rs beloppet till n\u00e4sta dragnings jackpott.&nbsp;<\/p>\n\n\n\n<p>Varje \u00e5r spelas det f\u00f6r runt 600 miljoner kronor p\u00e5 Europatipset och 65 % av detta g\u00e5r tillbaka till spelarna enligt den vinstplan som Svenska Spel har f\u00f6r detta spel:<\/p>\n\n\n\n<p>13 r\u00e4tt ges 40 % av vinstsumman \u2013 vinstchans 1:1 594 323<\/p>\n\n\n\n<p>12 r\u00e4tt ges 23 % av vinstsumman \u2013 vinstchans 1:61 320<\/p>\n\n\n\n<p>11 r\u00e4tt ges 12 % av vinstsumman \u2013 vinstchans 1:5 110<\/p>\n\n\n\n<p>10 r\u00e4tt ges 25 % av vinstsumman \u2013 vinstchans 1:697<\/p>\n\n\n\n<h2 class=\"wp-block-heading\" id=\"europatipsets-historia\">Europatipsets Historia<\/h2>\n\n\n\n<p>Som alternativ till Stryktipset d\u00e4r de flesta matcherna spelas p\u00e5 l\u00f6rdagar, introducerade Svenska Spel 1993, ett Italiensk Stryktips. Men i b\u00f6rjan av 2000-talet minskade intresset f\u00f6r italiensk fotboll drastiskt i Sverige efter en rad skandaler.&nbsp;<\/p>\n\n\n\n<p>Under samma period fick det svenska folket upp \u00f6gonen f\u00f6r spansk fotboll, speciellt i samband med att Henrik Larsson och Zlatan spelade d\u00e4r.<\/p>\n\n\n\n<p>Svenska Spel bytte strategi 2004 och d\u00f6pte d\u00e5 om det Italienska Stryktipset till Europatipset. Ist\u00e4llet f\u00f6r att tidigare enbart ha inriktat sig p\u00e5 italienska fotbollsmatcher, s\u00e5 kunde denna spelform \u00e4ven inneh\u00e5lla matcher fr\u00e5n andra Europeiska toppligor.&nbsp;<\/p>\n\n\n\n<p>Nutidens Europatipset inneh\u00e5ller fr\u00e4mst matcher fr\u00e5n Bundesliga, Serie A, La Liga och de Europeiska cuperna: Champions League och Europa League, men d\u00e5 och d\u00e5 kan det \u00e4ven slinka in en och annan match fr\u00e5n Allsvenskan eller Superettan.<\/p>\n\n\n\n<h2 class=\"wp-block-heading\" id=\"spela-pa-europatipset\">Spela p\u00e5 Europatipset<\/h2>\n\n\n\n<p>Att komma ig\u00e5ng med spel p\u00e5 Europatipset \u00e4r enkelt och g\u00e5r p\u00e5 nolltid. Om du inte har ett konto hos Svenska Spel beh\u00f6ver du enbart ett Bank-ID f\u00f6r att verifiera dig och komma ig\u00e5ng direkt. Ins\u00e4ttningar g\u00f6rs genom Swish, kort eller bank\u00f6verf\u00f6ring.<\/p>\n\n\n\n<p>Dags att testa p\u00e5 Europatipset? D\u00e5 kan du enkelt trycka p\u00e5 knappen h\u00e4r nedan:<\/p>\n\n\n\n<p><\/p>\n\n\n\n<div class=\"wp-block-buttons is-content-justification-center is-layout-flex wp-container-core-buttons-is-layout-1 wp-block-buttons-is-layout-flex\">\n<div class=\"wp-block-button has-custom-width wp-block-button__width-25 is-style-coach-green\"><a class=\"wp-block-button__link has-white-color has-green-80-background-color has-text-color has-background wp-element-button\" href=\"https:\/\/go.betting.com\/go\/svenska-spel-sport-casino_europatipset\" target=\"_blank\" rel=\"noreferrer noopener\">Europatipset hos Svenska Spel<\/a><\/div>\n<\/div>\n\n\n\n<h2 class=\"wp-block-heading\" id=\"andra-poolspel-hos-svenska-spel\">Andra poolspel hos Svenska Spel<\/h2>\n\n\n\n<p>Svenska Spel bjuder p\u00e5 en stor m\u00e4ngd alternativ n\u00e4r det kommer till poolspel. Storfavoriten \u00e4r givetvis Stryktipset, men det finns l\u00e5ngt mer \u00e4n det att v\u00e4lja p\u00e5. Kolla in hur du spelar p\u00e5 f\u00f6ljande spel h\u00e4r nedan:<\/p>\n\n\n\n<ul>\n<li><a href=\"https:\/\/betting.com\/sv\/svenska-spel\/stryktipset\" target=\"_blank\" rel=\"noreferrer noopener\">Stryktipset<\/a><\/li>\n\n\n\n<li><a href=\"https:\/\/betting.com\/sv\/svenska-spel\/topptipset\" target=\"_blank\" rel=\"noreferrer noopener\">Topptipset<\/a><\/li>\n\n\n\n<li><a href=\"https:\/\/betting.com\/sv\/svenska-spel\/maltipset\" target=\"_blank\" rel=\"noreferrer noopener\">M\u00e5ltipset<\/a><\/li>\n\n\n\n<li><a href=\"https:\/\/betting.com\/sv\/svenska-spel\/bomben\" target=\"_blank\" rel=\"noreferrer noopener\">Bomben<\/a><\/li>\n\n\n\n<li><a href=\"https:\/\/betting.com\/sv\/svenska-spel\/fulltraff\" target=\"_blank\" rel=\"noreferrer noopener\">Fulltr\u00e4ff<\/a><\/li>\n<\/ul>\n\n\n\n<p>Om du \u00e4r ute efter spelf\u00f6rslag kan du alltid kolla in v\u00e5ra tips inf\u00f6r helgen f\u00f6r <a rel=\"noreferrer noopener\" href=\"https:\/\/betting.com\/sv\/svenska-spel\/stryktipset\/tips-resultat\" target=\"_blank\">Stryktipset<\/a> och <a href=\"https:\/\/betting.com\/sv\/svenska-spel\/europatipset\/tips-resultat\" data-type=\"link\" data-id=\"https:\/\/betting.com\/sv\/svenska-spel\/europatipset\/tips-resultat\" target=\"_blank\" rel=\"noreferrer noopener\">Europatipset<\/a>. H\u00e4r kan du \u00e4ven l\u00e4sa om v\u00e5ra historiska resultat och r\u00e4tta din kupong.<\/p>\n","protected":false},"excerpt":{"rendered":"<p>Europatipset fr\u00e5n Svenska Spel Svenska spels stora l\u00f6rdagsunderh\u00e5llning heter Stryktipset, men f\u00f6r n\u00e5gra \u00e5r sedan ut\u00f6kade man sina spel och skapade n\u00e5got man kalla f\u00f6r Europatipset. Detta spel fungerar precis likadant som Stryktipset men spelas p\u00e5 andra dagar \u00e4n l\u00f6rdagar. Europatipset best\u00e5r av den anledningen ocks\u00e5 av 13 matcher d\u00e4r du ska f\u00f6rs\u00f6ka pricka in&#8230;<\/p>\n","protected":false},"author":6,"featured_media":2757,"parent":10259,"menu_order":1000,"comment_status":"closed","ping_status":"closed","template":"","meta":{"footnotes":""},"tags":[412],"acf":[],"_links":{"self":[{"href":"https:\/\/betting.com\/sv\/wp-json\/wp\/v2\/pages\/909"}],"collection":[{"href":"https:\/\/betting.com\/sv\/wp-json\/wp\/v2\/pages"}],"about":[{"href":"https:\/\/betting.com\/sv\/wp-json\/wp\/v2\/types\/page"}],"author":[{"embeddable":true,"href":"https:\/\/betting.com\/sv\/wp-json\/wp\/v2\/users\/6"}],"replies":[{"embeddable":true,"href":"https:\/\/betting.com\/sv\/wp-json\/wp\/v2\/comments?post=909"}],"version-history":[{"count":15,"href":"https:\/\/betting.com\/sv\/wp-json\/wp\/v2\/pages\/909\/revisions"}],"predecessor-version":[{"id":73244,"href":"https:\/\/betting.com\/sv\/wp-json\/wp\/v2\/pages\/909\/revisions\/73244"}],"up":[{"embeddable":true,"href":"https:\/\/betting.com\/sv\/wp-json\/wp\/v2\/pages\/10259"}],"wp:featuredmedia":[{"embeddable":true,"href":"https:\/\/betting.com\/sv\/wp-json\/wp\/v2\/media\/2757"}],"wp:attachment":[{"href":"https:\/\/betting.com\/sv\/wp-json\/wp\/v2\/media?parent=909"}],"wp:term":[{"taxonomy":"post_tag","embeddable":true,"href":"https:\/\/betting.com\/sv\/wp-json\/wp\/v2\/tags?post=909"}],"curies":[{"name":"wp","href":"https:\/\/api.w.org\/{rel}","templated":true}]}}