{"id":907,"date":"2022-05-23T14:55:03","date_gmt":"2022-05-23T14:55:03","guid":{"rendered":"https:\/\/betting.com\/sv\/?page_id=907"},"modified":"2024-02-22T13:22:12","modified_gmt":"2024-02-22T11:22:12","slug":"bomben","status":"publish","type":"page","link":"https:\/\/betting.com\/sv\/svenska-spel\/bomben","title":{"rendered":"Bomben"},"content":{"rendered":"\n<h2 class=\"wp-block-heading\" id=\"bomben-fran-svenska-spel\">Bomben fr\u00e5n Svenska Spel<\/h2>\n\n\n\n<p>Svenska Spels Bomben lanserades 2001 och har dess blivit ett popul\u00e4rt spel f\u00f6r svenska spelare, mycket p\u00e5 grund av att utdelningen ofta blir ganska h\u00f6ga. Skulle du pricka r\u00e4tt p\u00e5 samtliga utvalda matcher \u00e4r chansen god att du kammar hem ganska mycket pengar.&nbsp;<\/p>\n\n\n\n<p>En annan bra anledning att spela p\u00e5 Bomben \u00e4r att du kan placera spel f\u00f6r ganska lite pengar. Att spela p\u00e5 Bomben beh\u00f6ver inte vara s\u00e4rskilt dyrt och vill det sig v\u00e4l kan du som sagt vinna en rej\u00e4l slant.&nbsp;<\/p>\n\n\n\n<h3 class=\"wp-block-heading\" id=\"sa-spelar-du-pa-bomben\">S\u00e5 spelar du p\u00e5 Bomben<\/h3>\n\n\n\n<p>N\u00e4r du spelar p\u00e5 Bomben g\u00e4ller det att pricka in r\u00e4tt slutresultat p\u00e5 de matcher som Svenska Spel har att erbjuda f\u00f6r den aktuella omg\u00e5ngen. Oftast handlar det om matcher i fotboll och ishockey d\u00e4r antalet varierar fr\u00e5n 2-4 stycken. P\u00e5 varje lag g\u00e5r det att v\u00e4lja fler \u00e4n en siffra och p\u00e5 s\u00e5 s\u00e4tt kan du som spelare gardera dig.&nbsp;<\/p>\n\n\n\n<p>Systemets kostnad r\u00e4knas ut genom att multiplicera de antal siffror som v\u00e4ljs f\u00f6r varje lag. Ju fler siffror du v\u00e4ljer per lag ju st\u00f6rre blir systemet och ju h\u00f6gre blir kostnaden f\u00f6r din Bombenkupong.&nbsp;<\/p>\n\n\n\n<p>Bomben \u00e4r ett poolspel fr\u00e5n Svenska Spel Sport och Casino. Poolspel inneb\u00e4r att du spelar mot andra spelare ist\u00e4llet f\u00f6r mot sj\u00e4lva bolaget. N\u00e4r handlar om Bomben tar Svenska Spel Sport och Casino 35 % av oms\u00e4ttningen i avgift medan 5 % g\u00e5r till en rullpott. Resterande 60 % f\u00f6rdelas mellan de som lyckas pricka in r\u00e4tt resultat i samtliga matcher.&nbsp;<\/p>\n\n\n\n<p>D\u00e5 motst\u00e5ndet inte \u00e4r spelbolagens oddss\u00e4ttare utan ist\u00e4llet vanliga spelare finns d\u00e4r ganska goda m\u00f6jligheter att hitta en hel del spelv\u00e4rde i Bomben. Innan du spelar rekommenderar vi dig att g\u00f6ra en grundlig analys av lagen och se om strecken som spelarna lagt verkligen motsvarar verkligheten. V\u00e5rt tips \u00e4r att du spelar s\u00e5 t\u00e4tt inp\u00e5 spelstoppet som m\u00f6jligt. D\u00e5 har du f\u00f6rmodligen kunnat f\u00e5 med en hel del saker i dina ber\u00e4kningar som lagens startelvor samt om d\u00e4r finns n\u00e5gon eller n\u00e5gra nyckelspelare som \u00e4r borta.&nbsp;<\/p>\n\n\n\n<h3 class=\"wp-block-heading\" id=\"att-tanka-pa-nar-man-spelar-pa-bomben\">Att t\u00e4nka p\u00e5 n\u00e4r man spelar p\u00e5 Bomben<\/h3>\n\n\n\n<p>Det finns en hel del begrepp att h\u00e5lla koll p\u00e5 n\u00e4r det kommer till spel p\u00e5 Bomben. F\u00f6r helt enkelt \u00e4r det inte, s\u00e5 v\u00e5r rekommendation \u00e4r att h\u00e5lla koll p\u00e5 alla funktioner som erbjuds innan spel. L\u00e5t oss ta en titt p\u00e5 n\u00e5gra exempel som har med Bomben att g\u00f6ra:&nbsp;&nbsp;<\/p>\n\n\n\n<p><strong>Radinsats<\/strong><\/p>\n\n\n\n<p>Om du v\u00e4ljer att spela p\u00e5 Svenska Spels Bomben finns d\u00e4r olika alternativ f\u00f6r radinsats. Den l\u00e4gsta summan f\u00f6r varje rad \u00e4r 1 krona men du kan \u00e4ven v\u00e4lja att ha en radinsats p\u00e5 2, 5 eller 10 kronor. Ju h\u00f6gre insats du v\u00e4ljer ju mer vinner du ocks\u00e5 om Bomben sitter. L\u00e5t oss s\u00e4ga att totaloddset p\u00e5 Bomben skulle vara 600 g\u00e5nger pengarna.&nbsp;<\/p>\n\n\n\n<p>Med en radinsats p\u00e5 1 krona skulle detta ge 600 kronor tillbaka, skulle du d\u00e4remot ha spelat med 10 kronor per radinsats skulle du ist\u00e4llet f\u00e5 tillbaka 6 000 kronor. Slutoddset multipliceras helt enkelt med den insats du valt att spela med.<\/p>\n\n\n\n<p><strong>N\u00e4r \u00e4r det Spelstopp p\u00e5 Bomben?<\/strong><\/p>\n\n\n\n<p>Spelstopp p\u00e5 Bomben kan variera fr\u00e5n omg\u00e5ng till omg\u00e5ng. Det \u00e4r inte som med Stryktipset d\u00e4r klockan 16:00 p\u00e5 en l\u00f6rdag \u00e4r mer eller mindre standard. N\u00e4r det g\u00e4ller Svenska Spels Bomben kan spelstoppet vara allt fr\u00e5n klockan 19:00 eller 21:00 en vardag till 13:30, 15:00 eller 17:30 en helgdag.&nbsp;<\/p>\n\n\n\n<p>Spelstoppet beror helt och h\u00e5llet p\u00e5 n\u00e4r matcherna som Svenska Spel valt ut drar ig\u00e5ng. Gillar man att vara tidigt ute g\u00e5r det bra att l\u00e4gga sitt spel ett par timmar innan spelstopp, men vi anser att det \u00e4r b\u00e4ttre att f\u00f6rs\u00f6ka l\u00e4gga spelet s\u00e5 t\u00e4tt inp\u00e5 matchstart som m\u00f6jligt.&nbsp;<\/p>\n\n\n\n<p><strong>Extrapengar och rullpott<\/strong><\/p>\n\n\n\n<p>Som vi n\u00e4mnde ovan l\u00e4ggs det till 5 % av oms\u00e4ttningen i en rullpott av Bomben. En rullpott kan v\u00e4xa sig st\u00f6rre \u00f6ver tid om ingen spelare lyckas ta hem vinsten under ett par omg\u00e5ngar.&nbsp;<\/p>\n\n\n\n<p>Ju st\u00f6rre rullpotten blir ju mer pengar finns det att h\u00e4mta under den aktuella omg\u00e5ngen, vilket i sin tur f\u00e5r fler att spela d\u00e5 en h\u00f6gre vinstpott ofta lockar till sig en hel del som annars kanske inte v\u00e4ljer att l\u00e4gga ett spel.&nbsp;<\/p>\n\n\n\n<p>D\u00e5 och d\u00e5 f\u00f6rekommer det ocks\u00e5 att Svenska Spel l\u00e4gger till lite extrapengar i potten f\u00f6r att dra upp oms\u00e4ttningen lite mer. Det \u00e4r vid dessa tillf\u00e4llen du skall passa p\u00e5 att spela och kanske till och med titta p\u00e5 n\u00e5got st\u00f6rre andelsspel.&nbsp;<\/p>\n\n\n\n<p><strong>Spela med reducerat system<\/strong><\/p>\n\n\n\n<p>Med ett reducerat system p\u00e5 Bomben kan du v\u00e4lja att endast spela p\u00e5 de rader du anser vara spelv\u00e4rda. Genom att st\u00e4lla villkor p\u00e5 systemet kan du sedan v\u00e4lja bort kombinationer som skulle ge l\u00e5g utdelning (de mest tippade slutresultaten), kombinationer du anser osannolika (ovanligt stora siffror).&nbsp;<\/p>\n\n\n\n<p>Reducering anv\u00e4nder man sig av f\u00f6r att minska kostnaden f\u00f6r ett system och det \u00e4r v\u00e4ldigt enkelt att g\u00f6ra det. L\u00e5t oss s\u00e4ga att du spelar p\u00e5 en fotbollsmatch och vill reducera bort alla resultat med hemmaseger, vilket inneb\u00e4r 1-0, 2-1, 3-2 osv.&nbsp;<\/p>\n\n\n\n<p>Om du vill g\u00f6ra detta klickar du p\u00e5 \u201cH\u201d. Du kan \u00e4ven v\u00e4lja att reducera bort oavgjort eller bortaseger, d\u00e5 v\u00e4ljer du att klicka \u201cO\u201d eller \u201cB\u201d. N\u00e4r du valt att klicka i det du vill reducera uppdateras kostnaden f\u00f6r systemet.&nbsp;<\/p>\n\n\n\n<p><strong>Spela tillsammans<\/strong><\/p>\n\n\n\n<p>Att spela tillsammans \u00e4r precis som det l\u00e5ter &#8211; en spelform d\u00e4r du spelar i lag tillsammans med andra. Denna spelform \u00e4r tillg\u00e4nglig vid spel p\u00e5 Bomben.&nbsp;<\/p>\n\n\n\n<p>Om du v\u00e4ljer Spela tillsammans g\u00e5r alla spelare in med samma insats och delar lika om det blir vinst. Dessutom delar du p\u00e5 sp\u00e4nningen och gl\u00e4djen, vilket g\u00f6r det roligare att spela.&nbsp;<\/p>\n\n\n\n<p>Maxtaket f\u00f6r antal spelare som \u00e4r med i Spela tillsammans \u00e4r satt till 50 stycken, vilket inneb\u00e4r att det som mest kan s\u00e4ljas upp till 50 andelar per lag.&nbsp;<\/p>\n\n\n\n<p>V\u00e4ljer du Spela tillsammans \u00f6kar vinstchanserna avsev\u00e4rt men samtidigt g\u00e4ller det ocks\u00e5 att komma ih\u00e5g att vinsten inte skulle bli lika stor som om du spelat sj\u00e4lv. H\u00e4r f\u00e5r du helt enkelt g\u00f6ra en avv\u00e4gning. Spela sj\u00e4lv eller tillsammans med andra. Valet \u00e4r ditt!&nbsp;<\/p>\n\n\n\n<h3 class=\"wp-block-heading\" id=\"hur-vinner-du-stort-pa-bomben\">Hur vinner du stort p\u00e5 Bomben?<\/h3>\n\n\n\n<p>Det som gjort spel p\u00e5 Bomben popul\u00e4rt under senare \u00e5r \u00e4r att oddset ofta riktigt h\u00f6ga h\u00f6jder ibland kan det vara s\u00e5 att det g\u00e5r \u00f6ver 10 000 g\u00e5nger pengarna med r\u00e5ge. V\u00e4ljer du att spela p\u00e5 Bomben och \u00e4r ute efter de riktigt stora pengarna g\u00e4ller det att inte bara v\u00e4lja streck som ligger p\u00e5 20-30 % utan \u00e4ven andra.&nbsp;<\/p>\n\n\n\n<p>Det kan t ex vara Malm\u00f6 FF som m\u00f6ter BK H\u00e4cken hemma. De flesta spelarna har valt att bara strecka H\u00e4cken med 0 eller 1 m\u00e5l vilket inte ger n\u00e5gon st\u00f6rre avkastning. Skulle du d\u00e4remot v\u00e5ga sticka ut mot den stora skaran spelare och k\u00f6ra 2 m\u00e5l ocks\u00e5, skulle oddset dra upp rej\u00e4lt d\u00e5 v\u00e4ldigt f\u00e5 spelare tror att Malm\u00f6 skall sl\u00e4ppa in 2 m\u00e5l p\u00e5 hemmaplan.&nbsp;<\/p>\n\n\n\n<p>Men som med allt annat inom sportsbetting g\u00e4ller det att ha tungan r\u00e4tt i mun, s\u00e5 i slut\u00e4ndan \u00e4r det du sj\u00e4lv som avg\u00f6r om det \u00e4r v\u00e4rt ett extra streck eller inte. Innan du s\u00e4tter ig\u00e5ng och spelar kan det vara all id\u00e9 att kolla in hur strecken sitter.&nbsp;<\/p>\n\n\n\n<p>\u00c4r streckv\u00e4rdet r\u00e4tt och finns d\u00e4r eventuellt n\u00e5gon match d\u00e4r det streckats p\u00e5 tok f\u00f6r mycket eller f\u00f6r lite p\u00e5 ena laget?&nbsp;<\/p>\n\n\n\n<p>F\u00f6r dig som \u00e4r p\u00e5 jakt efter storvinsten kan det vara smart att v\u00e4nta in till de omg\u00e5ngar d\u00e5 det \u00e4r rullpott och kanske till och med extrapengar. D\u00e5 boostas utdelningen rej\u00e4lt och det \u00e4r vid dessa tillf\u00e4llen som chansen till storvinst \u00e4r som allra st\u00f6rst.&nbsp;<\/p>\n\n\n\n<h2 class=\"wp-block-heading\" id=\"bomben-xperten\">Bomben Xperten<\/h2>\n\n\n\n<p>Tycker du att omg\u00e5ngen k\u00e4nns f\u00f6r sv\u00e5r att l\u00f6sa p\u00e5 egen hand? D\u00e5 finns det hj\u00e4lp att f\u00e5 i form av Svenska Spel och Casinos egna tj\u00e4nst: Xperten. Om du vill anv\u00e4nda dig av denna tj\u00e4nst v\u00e4ljer du helt enkelt bara att klicka p\u00e5 symbolen Xperten som finns uppe till v\u00e4nster p\u00e5 kupongen. Man skulle kort och gott kunna j\u00e4mf\u00f6ra Svenska Spels Xperten med ATGs Harry Boy.&nbsp;<\/p>\n\n\n\n<p>N\u00e4r du valt Xperten v\u00e4ljer du hur stor insatsen skall vara, d\u00e4refter kommer tj\u00e4nsten att ordna en f\u00e4rdig kupong till dig. Detta \u00e4r en tj\u00e4nst f\u00f6r dig som inte riktigt har t\u00e5lamodet att sitta och analysera utan mest spelar f\u00f6r n\u00f6jes skull.&nbsp;<\/p>\n\n\n\n<p>En rekommendation \u00e4r dock att kolla in om systemet k\u00e4nns vettigt innan du spelar och skulle du vara missn\u00f6jd kan du alltid prova att g\u00f6ra ett nytt.&nbsp;<\/p>\n\n\n\n<h2 class=\"wp-block-heading\" id=\"hur-annullerar-jag-ett-spel\">Hur annullerar jag ett spel?<\/h2>\n\n\n\n<p>Har du \u00e5ngrat dig eller vill l\u00e4gga upp en ny rad ist\u00e4llet f\u00f6r den gamla? Inga problem! Hos Svenska Spel kan du annullera ditt spel p\u00e5 Bomben fram till en minut innan spelstopp. Det enda du beh\u00f6ver g\u00f6ra f\u00f6r att annullera ditt spel \u00e4r att trycka p\u00e5 \u201cMina Spel\u201d och d\u00e4refter p\u00e5 aktuell omg\u00e5ng. V\u00e4lj sedan att klicka p\u00e5 knappen annullering som du hittar l\u00e4ngst ner p\u00e5 kupongen.&nbsp;<\/p>\n\n\n\n<h2 class=\"wp-block-heading\" id=\"spela-bomben-pa-egen-risk\">Spela Bomben p\u00e5 egen risk<\/h2>\n\n\n\n<p>Inom sportsbetting finns det inga s\u00e4kra spel och d\u00e4rf\u00f6r \u00e4r det viktigt att vara medveten om att spel sker p\u00e5 egen risk. Detta g\u00e4ller givetvis \u00e4ven p\u00e5 Bomben d\u00e4r vi rekommenderar att l\u00e4sa villkor och regler innan spel.&nbsp;<\/p>\n\n\n\n<p>Skulle du m\u00e4rka att du inte kan kontrollera sitt spelande och uppr\u00e4tth\u00e5lla en balans mellan betting och sina vardagliga uppgifter kan vi tipsa om Spelpaus.se d\u00e4r du kan st\u00e4nga av dig fr\u00e5n allt spelande upp till ett \u00e5r i taget.&nbsp;<\/p>\n\n\n\n<h2 class=\"wp-block-heading\" id=\"varfor-skall-man-spela-pa-bomben\">Varf\u00f6r skall man spela p\u00e5 Bomben?&nbsp;<\/h2>\n\n\n\n<p>Det finns m\u00e5nga anledning att v\u00e4lja Svenska Spels Bomben om man gillar spel p\u00e5 fotboll och ishockey. Den fr\u00e4msta \u00e4r att denna spelform ofta ger v\u00e4ldigt stor utdelning f\u00f6r liten peng och att det ofta finns ett flertal alternativ varje dag.&nbsp;<\/p>\n\n\n\n<p>Erbjuds det rullpott och extrapengar \u00e4r Bomben extra intressant och det \u00e4r d\u00e5 som det \u00e4r mest l\u00e4ge att spela. Vi p\u00e5 Betting.com \u00e4r mycket positivt inst\u00e4llda till detta underh\u00e5llande poolspel och har du tungan r\u00e4tt i mun kan det faktiskt bli ordentligt klirr i kassan. Har du vad som kr\u00e4vs f\u00f6r att ta hem storvinsten? G\u00e5 in p\u00e5 Svenska Spel och Casino idag och ge det en chans!<\/p>\n\n\n\n<p>Att komma ig\u00e5ng med spel p\u00e5 Bomben \u00e4r enkelt och g\u00e5r p\u00e5 nolltid. Om du inte har ett konto hos Svenska Spel beh\u00f6ver du enbart ett Bank-ID f\u00f6r att verifiera dig och komma ig\u00e5ng direkt. Ins\u00e4ttningar g\u00f6rs genom Swish, kort eller bank\u00f6verf\u00f6ring.<\/p>\n\n\n\n<p>Dags att testa p\u00e5 Bomben? D\u00e5 kan du enkelt trycka p\u00e5 knappen h\u00e4r nedan:<\/p>\n\n\n\n<div class=\"wp-block-buttons is-content-justification-center is-layout-flex wp-container-core-buttons-is-layout-1 wp-block-buttons-is-layout-flex\">\n<div class=\"wp-block-button has-custom-width wp-block-button__width-50 is-style-coach-green\"><a class=\"wp-block-button__link has-white-color has-vivid-red-background-color has-text-color has-background wp-element-button\" href=\"https:\/\/go.betting.com\/go\/svenska-spel-sport-casino_bomben\" target=\"_blank\" rel=\"noreferrer noopener\">Bomben hos Svenska Spel<\/a><\/div>\n<\/div>\n\n\n\n<h2 class=\"wp-block-heading\" id=\"andra-poolspel-hos-svenska-spel\">Andra poolspel hos Svenska Spel<\/h2>\n\n\n\n<p>Svenska Spel bjuder p\u00e5 en stor m\u00e4ngd alternativ n\u00e4r det kommer till poolspel. F\u00f6rutom Topptipset kan du kolla in f\u00f6ljande spel:<\/p>\n\n\n\n<ul>\n<li><a href=\"https:\/\/betting.com\/sv\/svenska-spel\/stryktipset\" target=\"_blank\" rel=\"noreferrer noopener\">Stryktipset<\/a><\/li>\n\n\n\n<li><a rel=\"noreferrer noopener\" href=\"https:\/\/betting.com\/sv\/svenska-spel\/europatipset\" target=\"_blank\">Europatipset<\/a><\/li>\n\n\n\n<li><a rel=\"noreferrer noopener\" href=\"https:\/\/betting.com\/sv\/svenska-spel\/maltipset\" target=\"_blank\">M\u00e5ltipset<\/a><\/li>\n\n\n\n<li><a href=\"https:\/\/betting.com\/sv\/svenska-spel\/fulltraff\" target=\"_blank\" rel=\"noreferrer noopener\">Fulltr\u00e4ff<\/a><\/li>\n<\/ul>\n\n\n\n<p>Om du \u00e4r ute efter spelf\u00f6rslag kan du alltid kolla in v\u00e5ra tips inf\u00f6r helgen f\u00f6r <a rel=\"noreferrer noopener\" href=\"https:\/\/betting.com\/sv\/svenska-spel\/stryktipset\/tips-resultat\" target=\"_blank\">Stryktipset<\/a> och <a rel=\"noreferrer noopener\" href=\"https:\/\/betting.com\/sv\/svenska-spel\/europatipset\/tips-resultat\" data-type=\"link\" data-id=\"https:\/\/betting.com\/sv\/svenska-spel\/europatipset\/tips-resultat\" target=\"_blank\">Europatipset<\/a>. H\u00e4r kan du \u00e4ven l\u00e4sa om v\u00e5ra historiska resultat och r\u00e4tta din kupong.<\/p>\n","protected":false},"excerpt":{"rendered":"<p>Bomben fr\u00e5n Svenska Spel Svenska Spels Bomben lanserades 2001 och har dess blivit ett popul\u00e4rt spel f\u00f6r svenska spelare, mycket p\u00e5 grund av att utdelningen ofta blir ganska h\u00f6ga. Skulle du pricka r\u00e4tt p\u00e5 samtliga utvalda matcher \u00e4r chansen god att du kammar hem ganska mycket pengar.&nbsp; En annan bra anledning att spela p\u00e5 Bomben&#8230;<\/p>\n","protected":false},"author":6,"featured_media":2756,"parent":10259,"menu_order":1000,"comment_status":"closed","ping_status":"closed","template":"","meta":{"footnotes":""},"tags":[412],"acf":[],"_links":{"self":[{"href":"https:\/\/betting.com\/sv\/wp-json\/wp\/v2\/pages\/907"}],"collection":[{"href":"https:\/\/betting.com\/sv\/wp-json\/wp\/v2\/pages"}],"about":[{"href":"https:\/\/betting.com\/sv\/wp-json\/wp\/v2\/types\/page"}],"author":[{"embeddable":true,"href":"https:\/\/betting.com\/sv\/wp-json\/wp\/v2\/users\/6"}],"replies":[{"embeddable":true,"href":"https:\/\/betting.com\/sv\/wp-json\/wp\/v2\/comments?post=907"}],"version-history":[{"count":14,"href":"https:\/\/betting.com\/sv\/wp-json\/wp\/v2\/pages\/907\/revisions"}],"predecessor-version":[{"id":72915,"href":"https:\/\/betting.com\/sv\/wp-json\/wp\/v2\/pages\/907\/revisions\/72915"}],"up":[{"embeddable":true,"href":"https:\/\/betting.com\/sv\/wp-json\/wp\/v2\/pages\/10259"}],"wp:featuredmedia":[{"embeddable":true,"href":"https:\/\/betting.com\/sv\/wp-json\/wp\/v2\/media\/2756"}],"wp:attachment":[{"href":"https:\/\/betting.com\/sv\/wp-json\/wp\/v2\/media?parent=907"}],"wp:term":[{"taxonomy":"post_tag","embeddable":true,"href":"https:\/\/betting.com\/sv\/wp-json\/wp\/v2\/tags?post=907"}],"curies":[{"name":"wp","href":"https:\/\/api.w.org\/{rel}","templated":true}]}}