{"id":75950,"date":"2024-04-29T18:19:50","date_gmt":"2024-04-29T16:19:50","guid":{"rendered":"https:\/\/betting.com\/sv\/?page_id=75950"},"modified":"2024-04-29T18:25:40","modified_gmt":"2024-04-29T16:25:40","slug":"bank-id","status":"publish","type":"page","link":"https:\/\/betting.com\/sv\/bettingsidor\/bank-id","title":{"rendered":"Bettingsidor med Bank-ID"},"content":{"rendered":"\n<h2 class=\"wp-block-heading\" id=\"vilka-bettingsidor-med-bank-di-finns-i-sverige\">Vilka Bettingsidor med Bank-DI finns i Sverige?<\/h2>\n\n\n\n<p>H\u00e4r listar vi n\u00e5gra av de b\u00e4sta bettingsidorna i Sverige med Bank-ID:<\/p>\n\n\n<div class=\"mt-8 wp-block-top-list \" id=\"sports-book\">\n\n\t\n\t<section class=\" py-10 lg:pt-8 lg:pb-12 \">\n\t\t<div class=\"grid splide splide--recommendation\">\n\t\t\t<div class=\"splide__track pt-1\">\n\t\t\t\t<ol\n\t\t\t\t\tclass=\"splide__list list-none px-0 \">\n\t\t\t\t\t\t\t\t\t\t\t<li class=\"splide__slide snap-start flex flex-col\">\n\t\t\t\t\t\t\t<div class=\"flex-grow flex flex-col\">\n\t\t\t\t\t\t\t\t<a\nhref=\"https:\/\/go.betting.com\/go\/bethard\"\nrel=\"noopener nofollow\"\ntarget=\"_blank\"\nclass=\"relative block !no-underline\">\n\t\t<div\n\t\tclass=\"absolute top-0 left-0 w-8 h-8 flex items-center justify-center bg-green-100 border-r-2 border-b-2 border-solid border-white font-bold text-white\">\n\t\t1\n\t<\/div>\n\t\t<img\n\t\t\t\t\tsrcset=\"https:\/\/betting.com\/sv\/wp-content\/uploads\/sites\/2\/bethard_postcard_400x210-180x95.webp 180w, https:\/\/betting.com\/sv\/wp-content\/uploads\/sites\/2\/bethard_postcard_400x210-180x95.jpg 180w, https:\/\/betting.com\/sv\/wp-content\/uploads\/sites\/2\/bethard_postcard_400x210-360x189.webp 360w, https:\/\/betting.com\/sv\/wp-content\/uploads\/sites\/2\/bethard_postcard_400x210-360x189.jpg 360w, https:\/\/betting.com\/sv\/wp-content\/uploads\/sites\/2\/bethard_postcard_400x210.webp 400w, https:\/\/betting.com\/sv\/wp-content\/uploads\/sites\/2\/bethard_postcard_400x210.jpg 400w\"\n\t\t\t\tsizes=\"284px\"\n\t\tsrc=\"https:\/\/betting.com\/sv\/wp-content\/uploads\/sites\/2\/bethard_postcard_400x210.jpg\"\n\t\talt=\"betting.com\"\n\t\t\t\t\twidth=\"400\"\n\t\t\t\t\t\t\theight=\"210\"\n\t\t\t\tclass=\"object-cover object-center bg-cover bg-center w-full  aspect-casino object-cover\"\n\t\tstyle=\" \"\n\t\tloading=\"lazy\"\n\t\t\t>\n<\/a>\n<div class=\"bg-green-100 p-6 flex-grow flex flex-col\">\n\t<div\n\t\tclass=\"flex flex-grow flex-col group !no-underline\">\n\t\t<div class=\"flex justify-center\">\n\t\t\t<div class=\"flex items-center\">\n\t<div class=\"star-rating mr-2\"\n\t\t style=\"--bt-star-percentage: 90.4384%; width: 80px\"><\/div>\n\t<div class=\"text-white\">\n\t\t<span class=\"font-bold\">4,4<\/span>\/<span class=\"text-xs\">5<\/span>\n\t<\/div>\n<\/div>\n\t\t<\/div>\n\t\t<div class=\"font-semibold text-md text-white text-center\">Bethard<\/div>\n\t\t<a\n\t\t\thref=\"https:\/\/go.betting.com\/go\/bethard\"\n\t\t\trel=\"noopener nofollow\"\n\t\t\ttarget=\"_blank\"\n\t\t\tclass=\"font-bold text-xl text-white text-center mt-3 flex-grow hover:no-underline\">\n\t\t\t100% upp till 500 kr\n\t\t<\/a>\n\t\t<div class=\"mt-3 text-center\">\n\t\t\t<a\n\t\t\t\thref=\"https:\/\/go.betting.com\/go\/bethard\"\n\t\t\t\trel=\"noopener nofollow\"\n\t\t\t\ttarget=\"_blank\"\n\t\t\t\ttitle=\"Bethard Recensioner\"\n\t\t\t\tclass=\"btn btn-red w-[80%] mb-2\">\n\t\t\t\tH\u00e4mta Bonus\n\t\t\t<\/a>\n\t\t\t<a\n\t\t\t\thref=\"https:\/\/betting.com\/sv\/bettingsidor\/bethard\"\n\t\t\t\ttitle=\"Bethard Recensioner\"\n\t\t\t\tclass=\"btn btn-red-outline-transparent w-[80%]\">\n\t\t\t\tL\u00e4s Recension\n\t\t\t<\/a>\n\t\t<\/div>\n\t<\/div>\n\t<div class=\"disclaimer text-xxs text-gray-30 text-center mt-2 max-h-8 overflow-x-hidden overflow-y-auto bt-scrollbars bt-scrollbar-white\">\n\t\t18+ | Spela ansvarsfullt |\u00a0<a href=\"https:\/\/stodlinjen.se\/\" target=\"_blank\" rel=\"nofollow noopener\">Stodlinjen.se<\/a>\u00a0|\u00a0<a href=\"https:\/\/www.spelpaus.se\/\" target=\"_blank\" rel=\"nofollow noopener\">Spelpaus.se<\/a> | Endast nya spelare. F\u00e5 100 % upp till 500 kr. | Min ins\u00e4ttning 100 kr. <a href=\"https:\/\/go.betting.com\/go\/expekt_terms\" target=\"_blank\" rel=\"nofollow noopener\">Regler &amp; Villkor g\u00e4ller<\/a>\n\n\t<\/div>\n<\/div>\n\t\t\t\t\t\t\t<\/div>\n\t\t\t\t\t\t<\/li>\n\t\t\t\t\t\t\t\t\t\t\t<li class=\"splide__slide snap-start flex flex-col\">\n\t\t\t\t\t\t\t<div class=\"flex-grow flex flex-col\">\n\t\t\t\t\t\t\t\t<a\nhref=\"https:\/\/go.betting.com\/go\/betinia\"\nrel=\"noopener nofollow\"\ntarget=\"_blank\"\nclass=\"relative block !no-underline\">\n\t\t<div\n\t\tclass=\"absolute top-0 left-0 w-8 h-8 flex items-center justify-center bg-green-100 border-r-2 border-b-2 border-solid border-white font-bold text-white\">\n\t\t2\n\t<\/div>\n\t\t<img\n\t\t\t\t\tsrcset=\"https:\/\/betting.com\/sv\/wp-content\/uploads\/sites\/2\/betinia_postcard_400x210-180x95.webp 180w, https:\/\/betting.com\/sv\/wp-content\/uploads\/sites\/2\/betinia_postcard_400x210-180x95.jpg 180w, https:\/\/betting.com\/sv\/wp-content\/uploads\/sites\/2\/betinia_postcard_400x210-360x189.webp 360w, https:\/\/betting.com\/sv\/wp-content\/uploads\/sites\/2\/betinia_postcard_400x210-360x189.jpg 360w, https:\/\/betting.com\/sv\/wp-content\/uploads\/sites\/2\/betinia_postcard_400x210.webp 400w, https:\/\/betting.com\/sv\/wp-content\/uploads\/sites\/2\/betinia_postcard_400x210.jpg 400w\"\n\t\t\t\tsizes=\"284px\"\n\t\tsrc=\"https:\/\/betting.com\/sv\/wp-content\/uploads\/sites\/2\/betinia_postcard_400x210.jpg\"\n\t\talt=\"betting.com\"\n\t\t\t\t\twidth=\"400\"\n\t\t\t\t\t\t\theight=\"210\"\n\t\t\t\tclass=\"object-cover object-center bg-cover bg-center w-full  aspect-casino object-cover\"\n\t\tstyle=\" \"\n\t\tloading=\"lazy\"\n\t\t\t>\n<\/a>\n<div class=\"bg-green-100 p-6 flex-grow flex flex-col\">\n\t<div\n\t\tclass=\"flex flex-grow flex-col group !no-underline\">\n\t\t<div class=\"flex justify-center\">\n\t\t\t<div class=\"flex items-center\">\n\t<div class=\"star-rating mr-2\"\n\t\t style=\"--bt-star-percentage: 91.3084%; width: 80px\"><\/div>\n\t<div class=\"text-white\">\n\t\t<span class=\"font-bold\">4,5<\/span>\/<span class=\"text-xs\">5<\/span>\n\t<\/div>\n<\/div>\n\t\t<\/div>\n\t\t<div class=\"font-semibold text-md text-white text-center\">Betinia<\/div>\n\t\t<a\n\t\t\thref=\"https:\/\/go.betting.com\/go\/betinia\"\n\t\t\trel=\"noopener nofollow\"\n\t\t\ttarget=\"_blank\"\n\t\t\tclass=\"font-bold text-xl text-white text-center mt-3 flex-grow hover:no-underline\">\n\t\t\t100 % upp till 1 500 kr\n\t\t<\/a>\n\t\t<div class=\"mt-3 text-center\">\n\t\t\t<a\n\t\t\t\thref=\"https:\/\/go.betting.com\/go\/betinia\"\n\t\t\t\trel=\"noopener nofollow\"\n\t\t\t\ttarget=\"_blank\"\n\t\t\t\ttitle=\"Betinia Recensioner\"\n\t\t\t\tclass=\"btn btn-red w-[80%] mb-2\">\n\t\t\t\tH\u00e4mta Bonus\n\t\t\t<\/a>\n\t\t\t<a\n\t\t\t\thref=\"https:\/\/betting.com\/sv\/bettingsidor\/betinia\"\n\t\t\t\ttitle=\"Betinia Recensioner\"\n\t\t\t\tclass=\"btn btn-red-outline-transparent w-[80%]\">\n\t\t\t\tL\u00e4s Recension\n\t\t\t<\/a>\n\t\t<\/div>\n\t<\/div>\n\t<div class=\"disclaimer text-xxs text-gray-30 text-center mt-2 max-h-8 overflow-x-hidden overflow-y-auto bt-scrollbars bt-scrollbar-white\">\n\t\tG\u00e4ller nya kunder. Max bonus 1500 kr, min ins\u00e4ttning 100 kr, din f\u00f6rsta ins\u00e4ttning best\u00e4mmer gratisspelets\u00a0v\u00e4rde, g\u00e4ller 60 dgr, vinster fr\u00e5n\u00a0gratisspel\u00a0betalas ut minus insatsen. L\u00e4gg ett eller flera spel med minst 1,8 odds f\u00f6r fulla v\u00e4rdet av din ins\u00e4ttning f\u00f6r att aktivera ditt gratisspel. Spela ansvarsfullt: 18+ <a href=\"http:\/\/stodlinjen.se\">Stodlinjen.se<\/a> och <a href=\"http:\/\/spelpaus.se\">Spelpaus.se<\/a> &#8211;\n\n\t<\/div>\n<\/div>\n\t\t\t\t\t\t\t<\/div>\n\t\t\t\t\t\t<\/li>\n\t\t\t\t\t\t\t\t\t\t\t<li class=\"splide__slide snap-start flex flex-col\">\n\t\t\t\t\t\t\t<div class=\"flex-grow flex flex-col\">\n\t\t\t\t\t\t\t\t<a\nhref=\"https:\/\/go.betting.com\/go\/expekt\"\nrel=\"noopener nofollow\"\ntarget=\"_blank\"\nclass=\"relative block !no-underline\">\n\t\t<div\n\t\tclass=\"absolute top-0 left-0 w-8 h-8 flex items-center justify-center bg-green-100 border-r-2 border-b-2 border-solid border-white font-bold text-white\">\n\t\t3\n\t<\/div>\n\t\t<img\n\t\t\t\t\tsrcset=\"https:\/\/betting.com\/sv\/wp-content\/uploads\/sites\/2\/nya_expekt_postcard-180x95.webp 180w, https:\/\/betting.com\/sv\/wp-content\/uploads\/sites\/2\/nya_expekt_postcard-180x95.png 180w, https:\/\/betting.com\/sv\/wp-content\/uploads\/sites\/2\/nya_expekt_postcard-360x189.webp 360w, https:\/\/betting.com\/sv\/wp-content\/uploads\/sites\/2\/nya_expekt_postcard-360x189.png 360w, https:\/\/betting.com\/sv\/wp-content\/uploads\/sites\/2\/nya_expekt_postcard.webp 400w, https:\/\/betting.com\/sv\/wp-content\/uploads\/sites\/2\/nya_expekt_postcard.png 400w\"\n\t\t\t\tsizes=\"284px\"\n\t\tsrc=\"https:\/\/betting.com\/sv\/wp-content\/uploads\/sites\/2\/nya_expekt_postcard.png\"\n\t\talt=\"betting.com\"\n\t\t\t\t\twidth=\"400\"\n\t\t\t\t\t\t\theight=\"210\"\n\t\t\t\tclass=\"object-cover object-center bg-cover bg-center w-full  aspect-casino object-cover\"\n\t\tstyle=\" \"\n\t\tloading=\"lazy\"\n\t\t\t>\n<\/a>\n<div class=\"bg-green-100 p-6 flex-grow flex flex-col\">\n\t<div\n\t\tclass=\"flex flex-grow flex-col group !no-underline\">\n\t\t<div class=\"flex justify-center\">\n\t\t\t<div class=\"flex items-center\">\n\t<div class=\"star-rating mr-2\"\n\t\t style=\"--bt-star-percentage: 94.7884%; width: 80px\"><\/div>\n\t<div class=\"text-white\">\n\t\t<span class=\"font-bold\">4,7<\/span>\/<span class=\"text-xs\">5<\/span>\n\t<\/div>\n<\/div>\n\t\t<\/div>\n\t\t<div class=\"font-semibold text-md text-white text-center\">Expekt<\/div>\n\t\t<a\n\t\t\thref=\"https:\/\/go.betting.com\/go\/expekt\"\n\t\t\trel=\"noopener nofollow\"\n\t\t\ttarget=\"_blank\"\n\t\t\tclass=\"font-bold text-xl text-white text-center mt-3 flex-grow hover:no-underline\">\n\t\t\tRiskfritt spel upp till 1 500 kr\n\t\t<\/a>\n\t\t<div class=\"mt-3 text-center\">\n\t\t\t<a\n\t\t\t\thref=\"https:\/\/go.betting.com\/go\/expekt\"\n\t\t\t\trel=\"noopener nofollow\"\n\t\t\t\ttarget=\"_blank\"\n\t\t\t\ttitle=\"Expekt Recensioner\"\n\t\t\t\tclass=\"btn btn-red w-[80%] mb-2\">\n\t\t\t\tH\u00e4mta Bonus\n\t\t\t<\/a>\n\t\t\t<a\n\t\t\t\thref=\"https:\/\/betting.com\/sv\/bettingsidor\/expekt\"\n\t\t\t\ttitle=\"Expekt Recensioner\"\n\t\t\t\tclass=\"btn btn-red-outline-transparent w-[80%]\">\n\t\t\t\tL\u00e4s Recension\n\t\t\t<\/a>\n\t\t<\/div>\n\t<\/div>\n\t<div class=\"disclaimer text-xxs text-gray-30 text-center mt-2 max-h-8 overflow-x-hidden overflow-y-auto bt-scrollbars bt-scrollbar-white\">\n\t\t18+. G\u00e4ller nya spelare vid f\u00f6rsta ins\u00e4ttningen. Gratisspelet \u00e4r giltigt i 60 dagar. Min. 1,80 odds. Erbjudandet g\u00e4ller fr.o.m. 05.12.23. L\u00e4s <a href=\"https:\/\/go.betting.com\/go\/expekt_terms\">Regler &amp; villkor h\u00e4r<\/a> | <a href=\"https:\/\/stodlinjen.se\" target=\"_blank\" rel=\"noopener\">Stodlinjen.se<\/a> | <a href=\"https:\/\/www.spelpaus.se\/\" target=\"_blank\" rel=\"noopener noreferrer\" data-saferedirecturl=\"https:\/\/www.google.com\/url?q=https:\/\/www.spelpaus.se\/&amp;source=gmail&amp;ust=1704368155250000&amp;usg=AOvVaw2G0SyQnVovbPQ1szY-uLj9\">Spelpaus.se<\/a> | Spela ansvarsfullt.\n\n\t<\/div>\n<\/div>\n\t\t\t\t\t\t\t<\/div>\n\t\t\t\t\t\t<\/li>\n\t\t\t\t\t\t\t\t\t\t\t<li class=\"splide__slide snap-start flex flex-col\">\n\t\t\t\t\t\t\t<div class=\"flex-grow flex flex-col\">\n\t\t\t\t\t\t\t\t<a\nhref=\"https:\/\/go.betting.com\/go\/leovegas\"\nrel=\"noopener nofollow\"\ntarget=\"_blank\"\nclass=\"relative block !no-underline\">\n\t\t<div\n\t\tclass=\"absolute top-0 left-0 w-8 h-8 flex items-center justify-center bg-green-100 border-r-2 border-b-2 border-solid border-white font-bold text-white\">\n\t\t4\n\t<\/div>\n\t\t<img\n\t\t\t\t\tsrcset=\"https:\/\/betting.com\/sv\/wp-content\/uploads\/sites\/2\/leovegas_postcard_400x210-180x95.webp 180w, https:\/\/betting.com\/sv\/wp-content\/uploads\/sites\/2\/leovegas_postcard_400x210-180x95.jpg 180w, https:\/\/betting.com\/sv\/wp-content\/uploads\/sites\/2\/leovegas_postcard_400x210-360x189.webp 360w, https:\/\/betting.com\/sv\/wp-content\/uploads\/sites\/2\/leovegas_postcard_400x210-360x189.jpg 360w, https:\/\/betting.com\/sv\/wp-content\/uploads\/sites\/2\/leovegas_postcard_400x210.webp 400w, https:\/\/betting.com\/sv\/wp-content\/uploads\/sites\/2\/leovegas_postcard_400x210.jpg 400w\"\n\t\t\t\tsizes=\"284px\"\n\t\tsrc=\"https:\/\/betting.com\/sv\/wp-content\/uploads\/sites\/2\/leovegas_postcard_400x210.jpg\"\n\t\talt=\"betting.com\"\n\t\t\t\t\twidth=\"400\"\n\t\t\t\t\t\t\theight=\"210\"\n\t\t\t\tclass=\"object-cover object-center bg-cover bg-center w-full  aspect-casino object-cover\"\n\t\tstyle=\" \"\n\t\tloading=\"lazy\"\n\t\t\t>\n<\/a>\n<div class=\"bg-green-100 p-6 flex-grow flex flex-col\">\n\t<div\n\t\tclass=\"flex flex-grow flex-col group !no-underline\">\n\t\t<div class=\"flex justify-center\">\n\t\t\t<div class=\"flex items-center\">\n\t<div class=\"star-rating mr-2\"\n\t\t style=\"--bt-star-percentage: 92.1784%; width: 80px\"><\/div>\n\t<div class=\"text-white\">\n\t\t<span class=\"font-bold\">4,6<\/span>\/<span class=\"text-xs\">5<\/span>\n\t<\/div>\n<\/div>\n\t\t<\/div>\n\t\t<div class=\"font-semibold text-md text-white text-center\">LeoVegas<\/div>\n\t\t<a\n\t\t\thref=\"https:\/\/go.betting.com\/go\/leovegas\"\n\t\t\trel=\"noopener nofollow\"\n\t\t\ttarget=\"_blank\"\n\t\t\tclass=\"font-bold text-xl text-white text-center mt-3 flex-grow hover:no-underline\">\n\t\t\tGratisspel upp till 500 kr\n\t\t<\/a>\n\t\t<div class=\"mt-3 text-center\">\n\t\t\t<a\n\t\t\t\thref=\"https:\/\/go.betting.com\/go\/leovegas\"\n\t\t\t\trel=\"noopener nofollow\"\n\t\t\t\ttarget=\"_blank\"\n\t\t\t\ttitle=\"LeoVegas Recensioner\"\n\t\t\t\tclass=\"btn btn-red w-[80%] mb-2\">\n\t\t\t\tH\u00e4mta Bonus\n\t\t\t<\/a>\n\t\t\t<a\n\t\t\t\thref=\"https:\/\/betting.com\/sv\/bettingsidor\/leovegas\"\n\t\t\t\ttitle=\"LeoVegas Recensioner\"\n\t\t\t\tclass=\"btn btn-red-outline-transparent w-[80%]\">\n\t\t\t\tL\u00e4s Recension\n\t\t\t<\/a>\n\t\t<\/div>\n\t<\/div>\n\t<div class=\"disclaimer text-xxs text-gray-30 text-center mt-2 max-h-8 overflow-x-hidden overflow-y-auto bt-scrollbars bt-scrollbar-white\">\n\t\t18+. G\u00e4ller nya spelare vid f\u00f6rsta ins\u00e4ttningen. Min. ins\u00e4ttning 100 kr. Gratisspelet \u00e4r giltigt i 60 dagar. Min. 1,80 odds. Erbjudandet g\u00e4ller fr.o.m. 2024.01.17. <a href=\"https:\/\/www.leovegas.com\/sv-se\/kampanjer\/bonusar\/s\">Regler &amp; villkor g\u00e4ller<\/a>. <a href=\"https:\/\/stodlinjen.se\/\" target=\"_blank\" rel=\"nofollow noopener\">Stodlinjen.se<\/a> &#8211; <a href=\"https:\/\/www.spelpaus.se\/\">spelpaus.se<\/a>. Spela ansvarsfullt.\n\n\t<\/div>\n<\/div>\n\t\t\t\t\t\t\t<\/div>\n\t\t\t\t\t\t<\/li>\n\t\t\t\t\t\t\t\t\t\t\t<li class=\"splide__slide snap-start flex flex-col\">\n\t\t\t\t\t\t\t<div class=\"flex-grow flex flex-col\">\n\t\t\t\t\t\t\t\t<a\nhref=\"https:\/\/go.betting.com\/go\/campobet\"\nrel=\"noopener nofollow\"\ntarget=\"_blank\"\nclass=\"relative block !no-underline\">\n\t\t<div\n\t\tclass=\"absolute top-0 left-0 w-8 h-8 flex items-center justify-center bg-green-100 border-r-2 border-b-2 border-solid border-white font-bold text-white\">\n\t\t5\n\t<\/div>\n\t\t<img\n\t\t\t\t\tsrcset=\"https:\/\/betting.com\/sv\/wp-content\/uploads\/sites\/2\/campobet_postcard_400x210-180x95.webp 180w, https:\/\/betting.com\/sv\/wp-content\/uploads\/sites\/2\/campobet_postcard_400x210-180x95.jpg 180w, https:\/\/betting.com\/sv\/wp-content\/uploads\/sites\/2\/campobet_postcard_400x210-360x189.webp 360w, https:\/\/betting.com\/sv\/wp-content\/uploads\/sites\/2\/campobet_postcard_400x210-360x189.jpg 360w, https:\/\/betting.com\/sv\/wp-content\/uploads\/sites\/2\/campobet_postcard_400x210.webp 400w, https:\/\/betting.com\/sv\/wp-content\/uploads\/sites\/2\/campobet_postcard_400x210.jpg 400w\"\n\t\t\t\tsizes=\"284px\"\n\t\tsrc=\"https:\/\/betting.com\/sv\/wp-content\/uploads\/sites\/2\/campobet_postcard_400x210.jpg\"\n\t\talt=\"betting.com\"\n\t\t\t\t\twidth=\"400\"\n\t\t\t\t\t\t\theight=\"210\"\n\t\t\t\tclass=\"object-cover object-center bg-cover bg-center w-full  aspect-casino object-cover\"\n\t\tstyle=\" \"\n\t\tloading=\"lazy\"\n\t\t\t>\n<\/a>\n<div class=\"bg-green-100 p-6 flex-grow flex flex-col\">\n\t<div\n\t\tclass=\"flex flex-grow flex-col group !no-underline\">\n\t\t<div class=\"flex justify-center\">\n\t\t\t<div class=\"flex items-center\">\n\t<div class=\"star-rating mr-2\"\n\t\t style=\"--bt-star-percentage: 87.8284%; width: 80px\"><\/div>\n\t<div class=\"text-white\">\n\t\t<span class=\"font-bold\">4,3<\/span>\/<span class=\"text-xs\">5<\/span>\n\t<\/div>\n<\/div>\n\t\t<\/div>\n\t\t<div class=\"font-semibold text-md text-white text-center\">CampoBet<\/div>\n\t\t<a\n\t\t\thref=\"https:\/\/go.betting.com\/go\/campobet\"\n\t\t\trel=\"noopener nofollow\"\n\t\t\ttarget=\"_blank\"\n\t\t\tclass=\"font-bold text-xl text-white text-center mt-3 flex-grow hover:no-underline\">\n\t\t\t100 % upp till 1 500 kr\n\t\t<\/a>\n\t\t<div class=\"mt-3 text-center\">\n\t\t\t<a\n\t\t\t\thref=\"https:\/\/go.betting.com\/go\/campobet\"\n\t\t\t\trel=\"noopener nofollow\"\n\t\t\t\ttarget=\"_blank\"\n\t\t\t\ttitle=\"CampoBet Recensioner\"\n\t\t\t\tclass=\"btn btn-red w-[80%] mb-2\">\n\t\t\t\tH\u00e4mta Bonus\n\t\t\t<\/a>\n\t\t\t<a\n\t\t\t\thref=\"https:\/\/betting.com\/sv\/bettingsidor\/campobet\"\n\t\t\t\ttitle=\"CampoBet Recensioner\"\n\t\t\t\tclass=\"btn btn-red-outline-transparent w-[80%]\">\n\t\t\t\tL\u00e4s Recension\n\t\t\t<\/a>\n\t\t<\/div>\n\t<\/div>\n\t<div class=\"disclaimer text-xxs text-gray-30 text-center mt-2 max-h-8 overflow-x-hidden overflow-y-auto bt-scrollbars bt-scrollbar-white\">\n\t\tSpela ansvarsfullt: 18+. <a href=\"http:\/\/stodlinjen.se\">Stodlinjen.se<\/a> och <a href=\"http:\/\/spelpaus.se\">Spelpaus.se<\/a> | Endast nya spelare | Bonusen g\u00e4ller nya kunder. Max bonus 1500 kr, min ins\u00e4ttning 100 kr, din f\u00f6rsta ins\u00e4ttning best\u00e4mmer gratisspelets v\u00e4rde, g\u00e4ller 60 dgr, vinster fr\u00e5n gratisspel betalas ut minus insatsen. L\u00e4gg ett eller flera spel med minst 1,8 odds f\u00f6r fulla v\u00e4rdet av din ins\u00e4ttning f\u00f6r att aktivera ditt gratisspel.\n\n\t<\/div>\n<\/div>\n\t\t\t\t\t\t\t<\/div>\n\t\t\t\t\t\t<\/li>\n\t\t\t\t\t\t\t\t\t<\/ol>\n\t\t\t<\/div>\n\t\t<\/div>\n\t<\/section>\n\n\t\n<\/div>\n\n\n\n<p>Bank-ID har blivit en oumb\u00e4rlig del av den digitala vardagen f\u00f6r m\u00e5nga svenskar. Denna s\u00e4kra och bekv\u00e4ma elektroniska legitimation anv\u00e4nds inte bara f\u00f6r bank\u00e4renden och andra officiella \u00e4renden, utan \u00e4ven f\u00f6r att registrera sig p\u00e5 bettingsidor.<\/p>\n\n\n\n<p>F\u00f6r dem som vill satsa p\u00e5 sportevenemang online \u00e4r bettingsidor med Bank-ID ett popul\u00e4rt alternativ till de gamla klassiska sidorna d\u00e4r man ska registrera ett konto genom en l\u00e5ng registreringsprocess.<\/p>\n\n\n\n<p>Att anv\u00e4nda Bank-ID f\u00f6r att registrera sig p\u00e5 bettingsidor g\u00f6r processen b\u00e5de snabbare och s\u00e4krare. Ist\u00e4llet f\u00f6r att fylla i l\u00e5nga formul\u00e4r och v\u00e4nta p\u00e5 att verifiera kontouppgifter kan anv\u00e4ndare enkelt logga in med sitt Bank-ID och komma ig\u00e5ng med sitt spel p\u00e5 nolltid.<\/p>\n\n\n\n<p>F\u00f6r att hitta bettingsidor som erbjuder Bank-ID-registrering beh\u00f6ver man bara s\u00f6ka p\u00e5 n\u00e4tet eller titta p\u00e5 listor \u00f6ver licensierade speloperat\u00f6rer i Sverige. De flesta av dessa sidor marknadsf\u00f6r stolt m\u00f6jligheten att anv\u00e4nda Bank-ID f\u00f6r att g\u00f6ra registreringsprocessen smidigare f\u00f6r sina anv\u00e4ndare. <\/p>\n\n\n\n<p><a href=\"https:\/\/betting.com\/sv\/bettingsidor\/utan-konto\">Kolla in bettingsidor utan konto h\u00e4r!<\/a><\/p>\n\n\n\n<p>F\u00f6rdelarna med att anv\u00e4nda bettingsidor med Bank-ID str\u00e4cker sig bortom den enkla registreringsprocessen. Genom att anv\u00e4nda Bank-ID f\u00f6r inloggning kan spelare ocks\u00e5 vara s\u00e4kra p\u00e5 att deras personliga och finansiella uppgifter hanteras p\u00e5 ett tryggt s\u00e4tt. Dessutom kan uttag och ins\u00e4ttningar g\u00f6ras direkt till och fr\u00e5n ens bankkonto, vilket ger en extra niv\u00e5 av bekv\u00e4mlighet och s\u00e4kerhet.<\/p>\n\n\n\n<p>I slut\u00e4ndan erbjuder bettingsidor med Bank-ID en smidig och s\u00e4ker spelupplevelse f\u00f6r svenska spelare, vilket g\u00f6r det till ett popul\u00e4rt val i den digitala spelv\u00e4rlden. <\/p>\n","protected":false},"excerpt":{"rendered":"<p>Vilka Bettingsidor med Bank-DI finns i Sverige? H\u00e4r listar vi n\u00e5gra av de b\u00e4sta bettingsidorna i Sverige med Bank-ID: Bank-ID har blivit en oumb\u00e4rlig del av den digitala vardagen f\u00f6r m\u00e5nga svenskar. Denna s\u00e4kra och bekv\u00e4ma elektroniska legitimation anv\u00e4nds inte bara f\u00f6r bank\u00e4renden och andra officiella \u00e4renden, utan \u00e4ven f\u00f6r att registrera sig p\u00e5 bettingsidor&#8230;.<\/p>\n","protected":false},"author":6,"featured_media":0,"parent":1703,"menu_order":0,"comment_status":"closed","ping_status":"closed","template":"","meta":{"footnotes":""},"tags":[],"acf":[],"_links":{"self":[{"href":"https:\/\/betting.com\/sv\/wp-json\/wp\/v2\/pages\/75950"}],"collection":[{"href":"https:\/\/betting.com\/sv\/wp-json\/wp\/v2\/pages"}],"about":[{"href":"https:\/\/betting.com\/sv\/wp-json\/wp\/v2\/types\/page"}],"author":[{"embeddable":true,"href":"https:\/\/betting.com\/sv\/wp-json\/wp\/v2\/users\/6"}],"replies":[{"embeddable":true,"href":"https:\/\/betting.com\/sv\/wp-json\/wp\/v2\/comments?post=75950"}],"version-history":[{"count":14,"href":"https:\/\/betting.com\/sv\/wp-json\/wp\/v2\/pages\/75950\/revisions"}],"predecessor-version":[{"id":75964,"href":"https:\/\/betting.com\/sv\/wp-json\/wp\/v2\/pages\/75950\/revisions\/75964"}],"up":[{"embeddable":true,"href":"https:\/\/betting.com\/sv\/wp-json\/wp\/v2\/pages\/1703"}],"wp:attachment":[{"href":"https:\/\/betting.com\/sv\/wp-json\/wp\/v2\/media?parent=75950"}],"wp:term":[{"taxonomy":"post_tag","embeddable":true,"href":"https:\/\/betting.com\/sv\/wp-json\/wp\/v2\/tags?post=75950"}],"curies":[{"name":"wp","href":"https:\/\/api.w.org\/{rel}","templated":true}]}}