{"id":72887,"date":"2024-02-22T11:55:35","date_gmt":"2024-02-22T09:55:35","guid":{"rendered":"https:\/\/betting.com\/sv\/?page_id=72887"},"modified":"2024-04-30T12:36:54","modified_gmt":"2024-04-30T10:36:54","slug":"tips-resultat","status":"publish","type":"page","link":"https:\/\/betting.com\/sv\/svenska-spel\/europatipset\/tips-resultat","title":{"rendered":"Europatipset Tips &amp; Resultat"},"content":{"rendered":"\n<p>Europatipset \u00e4r tillbaka med en ny kupong f\u00f6r torsdagsfotbollen ute i Europa. Vi bjuds p\u00e5 en rej\u00e4l blandning, med allt fr\u00e5n Europa League och Premier League, till den brasilianska cupen och engelska League One. P\u00e5 kupongen finns en del favoriter i form av Aston Villa och RB Leipzig, men generellt s\u00e4tt \u00e4r det en kupong med mycket j\u00e4mna matcher p\u00e5 f\u00f6rhand. Vill man sikta mot en bra utdelning finns alla chanser till bra drag p\u00e5 torsdagen.<\/p>\n\n\n\n<p>V\u00e5rt tips f\u00f6r Europatipset denna vecka har inte varit enkelt att kn\u00e5pa ihop, men vi tycker oss ha hittat en hel del fina drag. Det kommer att kr\u00e4vas en analys ut\u00f6ver det vanliga f\u00f6r att hitta alla korrekta utfall denna vecka, inte minst om man \u00e4r ute efter att hitta spelen som leder till fin utdelning. Nu k\u00f6r vi!<\/p>\n\n\n<div class=\"wp-block-highlights-box @container\/hb\">\n\t<div class=\" mt-8 flex flex-col @3xl\/hb:flex-row relative\">\n\t<div\n\t\tclass=\"hb-content bg-green-100 text-white relative pt-8 pb-12 @3xl\/hb:pb-8 px-6 @3xl\/hb:pr-14 @3xl\/hb:w-1\/2 @4xl\/hb:w-3\/4\">\n\t\t<span>Omg\u00e5ngens Drag<\/span>\n\t\t<h2 class=\"text-3xl text-white leading-8 !mt-1 mb-0\">Europatipset 10\/4<\/h2>\n\t\t<p><!-- wp:list --><\/p>\n<ul>\n<li style=\"list-style-type: none\">\n<ul><!-- wp:list-item --><\/p>\n<li><strong>Veckans spik: <\/strong>Aston Villa<\/li>\n<\/ul>\n<\/li>\n<\/ul>\n<p><!-- \/wp:list-item --> <!-- wp:list-item --><\/p>\n<ul>\n<li style=\"list-style-type: none\">\n<ul>\n<li><strong>Veckans skr\u00e4ll: <\/strong>Cuiaba Esporte<\/li>\n<\/ul>\n<\/li>\n<\/ul>\n<p><!-- \/wp:list-item --> <!-- wp:list-item --><\/p>\n<ul>\n<li style=\"list-style-type: none\">\n<ul>\n<li><strong>Veckans rensare: <\/strong>Getafe<\/li>\n<\/ul>\n<\/li>\n<\/ul>\n<p><!-- \/wp:list-item --><\/p>\n<p><!-- \/wp:list --><\/p>\n\n\t\t<a class=\"btn btn-white-outline-white w-fit mt-4\" href=\"https:\/\/go.betting.com\/go\/svenska-spel-sport-casino_europatipset\">Till Svenska Spel<\/a>\n\t<\/div>\n\t<div class=\"relative bg-yellow-100 @3xl\/hb:w-1\/2 @4xl\/hb:w-1\/3 min-h-[280px] @3xl\/hb:min-h-auto\">\n\t\t\t\t\t<img\n\t\t\t\t\tsrcset=\"https:\/\/betting.com\/sv\/wp-content\/uploads\/sites\/2\/soccer-1-180x84.webp 180w, https:\/\/betting.com\/sv\/wp-content\/uploads\/sites\/2\/soccer-1-180x84.png 180w, https:\/\/betting.com\/sv\/wp-content\/uploads\/sites\/2\/soccer-1-360x169.webp 360w, https:\/\/betting.com\/sv\/wp-content\/uploads\/sites\/2\/soccer-1-360x169.png 360w, https:\/\/betting.com\/sv\/wp-content\/uploads\/sites\/2\/soccer-1-720x338.webp 720w, https:\/\/betting.com\/sv\/wp-content\/uploads\/sites\/2\/soccer-1-720x338.png 720w, https:\/\/betting.com\/sv\/wp-content\/uploads\/sites\/2\/soccer-1.webp 1200w, https:\/\/betting.com\/sv\/wp-content\/uploads\/sites\/2\/soccer-1.png 1200w\"\n\t\t\t\tsizes=\"(max-width: 768px) 360px, 720px\"\n\t\tsrc=\"https:\/\/betting.com\/sv\/wp-content\/uploads\/sites\/2\/soccer-1.png\"\n\t\talt=\"Malm\u00f6 FF i serieledning\"\n\t\t\t\t\twidth=\"900\"\n\t\t\t\t\t\t\theight=\"467\"\n\t\t\t\tclass=\"object-cover object-center bg-cover bg-center absolute inset-0 w-full h-full object-cover object-center z-0\"\n\t\tstyle=\" \"\n\t\tloading=\"lazy\"\n\t\t\t>\n\t\t\t<\/div>\n\t<div\n\t\tclass=\"absolute left-0 @3xl\/hb:left-auto mx-auto right-0 bottom-0 max-w-full @3xl\/hb:w-[53%] @4xl\/hb:w-[36%] h-[320px] @3xl\/hb:h-[110%] z-10\">\n\t\t\t<\/div>\n<\/div>\n<\/div>\n\n\n\n<h2 class=\"wp-block-heading\" id=\"vart-tips-for-europatipset-den-2-5\">V\u00e5rt tips f\u00f6r Europatipset den 2\/5:<\/h2>\n\n\n\n<p>Veckans Europatips \u00e4r en mix av matcher inte bara fr\u00e5n Europa, utan \u00e4ven hela v\u00e4rlden. En salig blandning av engelsk, spansk och tysk fotboll blandas ihop med den brasilianska cupen och annat gott. S\u00e5 h\u00e4r ser v\u00e5r kupong ut: <\/p>\n\n\n\n<h3 class=\"wp-block-heading\" id=\"1-chelsea-tottenham-1x\">1. Chelsea &#8211; Tottenham 1X<\/h3>\n\n\n\n<p>B\u00e5de Chelsea och Tottenham har det tufft f\u00f6r stunden. De senare har efter en kanonstart p\u00e5 s\u00e4songen dalat, och \u00e4ven om man \u00e4nnu har h\u00e4ng p\u00e5 en CL-plats, ser det inte speciellt troligt ut. Spurs har haft det otroligt tufft p\u00e5 bortaplan under hela 2024, med en seger att s\u00e4tta i hatten, och h\u00e4r l\u00e4r det inte v\u00e4nda. 1X k\u00e4nns f\u00f6rv\u00e5nansv\u00e4rt tryggt.<\/p>\n\n\n\n<h3 class=\"wp-block-heading\" id=\"2-roma-bayer-leverkusen-x2\">2. Roma &#8211; Bayer Leverkusen X2<\/h3>\n\n\n\n<p>Mycket intressant semifinal i Europa League, d\u00e4r Leverkusen g\u00e5r in som favoriter. Deras 46 raka matcher utan f\u00f6rlust under s\u00e4songen \u00e4r n\u00e4stan sv\u00e5rt att tro p\u00e5, och inte ska v\u00e4l den trenden ta slut h\u00e4r? Jag v\u00e4ljer \u00e4n en g\u00e5ng att lita p\u00e5 tyskarna, inte minst d\u00e5 Roma inte \u00e4r speciellt formtoppade. M\u00e5lar in fr\u00e5n h\u00f6ger h\u00e4r, och en spik k\u00e4nns inte aktuell.<\/p>\n\n\n\n<h3 class=\"wp-block-heading\" id=\"3-marseille-atalanta-1x\">3. Marseille &#8211; Atalanta 1X<\/h3>\n\n\n\n<p>I den andra semifinalen \u00e4r det ocks\u00e5 en j\u00e4mn batalj som v\u00e4ntar, d\u00e4r k\u00e4nslan \u00e4r att Marseille m\u00e5ste f\u00e5 med sig ett bra resultat fr\u00e5n den f\u00f6rsta matchen. Atalanta k\u00e4nns sn\u00e4ppet starkare och \u00e4r i god form, men h\u00e4r v\u00e4ger hemmaf\u00f6rdelen tungt. Jag v\u00e5gar mig inte p\u00e5 att spika h\u00e4r heller utan det blir 1X.<\/p>\n\n\n\n<h3 class=\"wp-block-heading\" id=\"4-fiorentina-club-brugge-1x\">4. Fiorentina &#8211; Club Brugge 1X<\/h3>\n\n\n\n<p>Fiorentina \u00e4r befogad favorit i denna semifinal i Europa Conference League, men det \u00e4r bara att lyfta p\u00e5 hatten f\u00f6r Club Brugge som tagit sig hit. N\u00e4r Fiorentina g\u00e5r \u00f6ver 60% streckning m\u00e5ste krysset med, inte minst d\u00e5 Brugge i ligan visar prov p\u00e5 riktigt bra form just nu.<\/p>\n\n\n\n<h3 class=\"wp-block-heading\" id=\"5-aston-villa-olympiakos-1\">5. Aston Villa &#8211; Olympiakos 1<\/h3>\n\n\n\n<p>Av alla semifinaler som ska spelas s\u00e5 \u00e4r det Aston Villa som st\u00e5r ut som den enda riktigt stora favoriten. Av en god anledning enligt mig. \u00c4ven om ettan streckas h\u00e5rt s\u00e5 v\u00e4ljer jag att g\u00e5 den v\u00e4gen. Formen \u00e4r god och det r\u00e5der klasskillnad. Dessutom \u00e4r Unai Emery ett geni p\u00e5 att ta sina lag l\u00e5ngt i dessa sammanhang.<\/p>\n\n\n\n<h3 class=\"wp-block-heading\" id=\"6-botafogo-vitoria-1\">6. Botafogo &#8211; Vitoria 1<\/h3>\n\n\n\n<p>Cupfotboll fr\u00e5n Brasilien \u00e5ker med p\u00e5 veckans kupong. Jag ska inte utn\u00e4mna mig sj\u00e4lv som expert p\u00e5 brasiliansk fotboll, men h\u00e4r ska det r\u00e5da enorm skillnad mellan lagen, d\u00e4r Botafogo ska vara klart b\u00e4ttre. Som de flesta ocks\u00e5 s\u00e4kert vet om v\u00e4ger alltid hemmaplan tungt i Sydamerika och h\u00e4r v\u00e4ljer jag tidigt att spika igen.<\/p>\n\n\n\n<h3 class=\"wp-block-heading\" id=\"7-cr-brasil-ceara-1x\">7. CR Brasil &#8211; Ceara 1X<\/h3>\n\n\n\n<p>Med f\u00e5 matcher spelade f\u00f6r den brasilianska s\u00e4songen \u00e4r det verkligen inte enkelt att veta vart dessa lag st\u00e5r, men CR Brasil ska normalt vara starkare. Favoritskapet \u00e4r dock stort och jag v\u00e4ljer att m\u00e5la in krysset som ett bra komplement till l\u00e5g streckning.<\/p>\n\n\n\n<h3 class=\"wp-block-heading\" id=\"8-goias-cuiaba-esporte-1x2\">8. Goias &#8211; Cuiaba Esporte 1X2<\/h3>\n\n\n\n<p>Lag fr\u00e5n den h\u00f6gsta och den n\u00e4st h\u00f6gsta ligan som m\u00f6ts h\u00e4r, men d\u00e4r de f\u00f6rstn\u00e4mnda f\u00f6rv\u00e4ntas sl\u00e5ss f\u00f6r sitt liv och de andra att kliva upp. Med andra ord kanske inte riktigt den stora klasskillnaden som streckningen p\u00e5 64-23-13 i skrivande stund talar om. Jag skickar med alla tecken och hoppas p\u00e5 en skr\u00e4ll.<\/p>\n\n\n\n<h3 class=\"wp-block-heading\" id=\"9-luton-everton-2\">9. Luton &#8211; Everton 2<\/h3>\n\n\n\n<p>Efter brasiliansk cupfotboll \u00e5terv\u00e4nder vi till Premier League och ett intressant m\u00f6te mellan Luton och Everton. Hemmalaget sl\u00e5ss med n\u00e4bbar och klor f\u00f6r att \u00f6verleva i h\u00f6gstaligan, men det ser allt annat \u00e4n bra ut p\u00e5 senare tid. Tre raka f\u00f6rluster och 3-12 i m\u00e5lskillnad skriker om stora bekymmer. Omv\u00e4nt l\u00e4ge f\u00f6r Everton som levererar i en match efter en annan just nu. Nog \u00e4r de b\u00e4ttre p\u00e5 hemmaplan, men h\u00e4r tror jag att det finns mycket goda chanser f\u00f6r Everton att s\u00e4kra tre po\u00e4ng mot ett vilset, om \u00e4n inte ett ofarligt, Luton. Jag &#8221;tjuvar&#8221; och spikar.<\/p>\n\n\n\n<h3 class=\"wp-block-heading\" id=\"10-barnsley-bolton-x2\">10. Barnsley &#8211; Bolton X2<\/h3>\n\n\n\n<p>Bolton \u00e4r det b\u00e4ttre laget h\u00e4r, men de \u00e4r ocks\u00e5 i mycket b\u00e4ttre form. Barnsley har inte vunnit p\u00e5 6 raka matcher medans Bolton har 7 raka utan f\u00f6rlust. X2 k\u00e4nns superbra h\u00e4r, och streckningen har inte sprungit iv\u00e4g alltf\u00f6r mycket heller.<\/p>\n\n\n\n<h3 class=\"wp-block-heading\" id=\"11-torino-bologna-2\">11. Torino &#8211; Bologna 2<\/h3>\n\n\n\n<p>Bologna har st\u00e5tt f\u00f6r en riktig kanons\u00e4song, d\u00e4r Champions League-plats \u00e4r n\u00e4rmast s\u00e4krat. Eller det skulle \u00e5tminstone vara det i och med seger h\u00e4r. En uppgift jag tror man l\u00f6ser mot ett uddl\u00f6st Torino, som inte vunnit p\u00e5 fyra raka och g\u00e5tt m\u00e5ll\u00f6sa i tre av dem. Jag v\u00e4ljer att spika tv\u00e5an till allt under 50% streckning.<\/p>\n\n\n\n<h3 class=\"wp-block-heading\" id=\"12-getafe-athletic-bilbao-1x\">12. Getafe &#8211; Athletic Bilbao 1X<\/h3>\n\n\n\n<p>Stor skr\u00e4llvarning h\u00e4r p\u00e5 Getafe som just nu bara streckas till 17%. Hemma st\u00e5r facit p\u00e5 8-5-3 och man st\u00f6ter p\u00e5 ett Bilbao som \u00e4r vad jag kallar f\u00f6r mellanmj\u00f6lk p\u00e5 resande fot. Dessutom f\u00f6rlorade Bilbao tungt mot Atletico Madrid borta senast och risken \u00e4r att luften g\u00e5tt ur lite f\u00f6r denna s\u00e4song. 1X \u00e4r en chansning, men ska vi hitta v\u00e4rdespel p\u00e5 kupongen \u00e4r detta en bra chans.<\/p>\n\n\n\n<h3 class=\"wp-block-heading\" id=\"13-hoffenheim-rb-leipzig-x2\">13. Hoffenheim &#8211; RB Leipzig X2<\/h3>\n\n\n\n<p>RB Leipzig \u00e4r i str\u00e5lande form och det \u00e4r sv\u00e5rt att se Hoffenheim, som \u00e4r relativt svaga hemma, stoppa detta godst\u00e5g. \u00c4nd\u00e5 tycker jag att 80% streckning \u00e4r i gr\u00f6vsta laget. Hoffenheim \u00e4r \u00e4nd\u00e5 ett mittenlag i Bundesliga som formm\u00e4ssigt inte \u00e4r alls s\u00e5 odugligt som denna typen av streckning s\u00e4ger. Att sl\u00e4nga in en gardering p\u00e5 krysset tycker jag k\u00e4nns klart g\u00e5ngbart h\u00e4r, och om det sl\u00e5r in skulle det rensa otroligt v\u00e4l bland torsdagens kuponger.<\/p>\n\n\n<div class=\"mt-8 wp-block-top-list \" id=\"sports-book\">\n\n\t\n\t<section\n\t\tid=\"block_f26923503f1d1642fffc4d67340ecc50\"\n\t\t\t\t\tx-data=\"block_f26923503f1d1642fffc4d67340ecc50\"\n\t\t\t\tclass=\"@container\"\n\t>\n\t\t<div class=\"grid grid-cols-1  gap-8\" x-ref=\"container-block_f26923503f1d1642fffc4d67340ecc50\">\n\t\t\t\t\t\t\t<a\n\t\t\thref=\"https:\/\/go.betting.com\/go\/svenska-spel\"\n\t\t\ttarget=\"_blank\"\n\t\t\trel=\"nofollow noopener\"\n\t\t\ttitle=\"Svenska Spel Recension\"\n\t\t\tclass=\"flex flex-grow flex-row items-center bg-white p-2 shadow group hover:no-underline \"\n\t\t\tdata-bt=\"tiles-betting-site-sm\"\n\t\t>\n\t\t\t<img\n\t\t\t\t\tsrcset=\"https:\/\/betting.com\/sv\/wp-content\/uploads\/sites\/2\/svenska-spel-sport-postcard_400x210-180x95.webp 180w, https:\/\/betting.com\/sv\/wp-content\/uploads\/sites\/2\/svenska-spel-sport-postcard_400x210-180x95.jpg 180w, https:\/\/betting.com\/sv\/wp-content\/uploads\/sites\/2\/svenska-spel-sport-postcard_400x210-360x189.webp 360w, https:\/\/betting.com\/sv\/wp-content\/uploads\/sites\/2\/svenska-spel-sport-postcard_400x210-360x189.jpg 360w, https:\/\/betting.com\/sv\/wp-content\/uploads\/sites\/2\/svenska-spel-sport-postcard_400x210.webp 400w, https:\/\/betting.com\/sv\/wp-content\/uploads\/sites\/2\/svenska-spel-sport-postcard_400x210.jpg 400w\"\n\t\t\t\tsizes=\"120px\"\n\t\tsrc=\"https:\/\/betting.com\/sv\/wp-content\/uploads\/sites\/2\/svenska-spel-sport-postcard_400x210.jpg\"\n\t\talt=\"Svenska Spel\"\n\t\t\t\t\twidth=\"120\"\n\t\t\t\t\t\t\theight=\"62\"\n\t\t\t\tclass=\"object-cover object-center bg-cover bg-center flex-shrink-0 w-[120px] lg:w-[100px] aspect-casino\"\n\t\tstyle=\" \"\n\t\tloading=\"lazy\"\n\t\t\t>\n\t\t\t<div class=\"flex flex-col px-3\">\n\t\t\t\t<div\n\t\t\t\t\tclass=\"text-sm font-semibold !leading-4 text-black duration-300 group-hover:text-red-100 lg:text-base\"\n\t\t\t\t\tdata-bt=\"tiles-betting-site-sm-title\"\n\t\t\t\t>\n\t\t\t\t\tSvenska Spel\n\t\t\t\t<\/div>\n\t\t\t\t<div class=\"mt-1 flex flex-row items-center gap-1\">\n\t\t\t\t\t<div class=\"star-rating h-auto w-[60px]\"\n\t\t style=\"--bt-star-percentage: 79.3563%; \"><\/div>\n\t\t\t\t\t<div class=\"text-xxs text-gray-60\">(4\/5)<\/div>\n\t\t\t\t<\/div>\n\t\t\t<\/div>\n\t\t\t<div class=\"ml-auto\">\n\t\t\t\t<div\n\t\t\t\t\tclass=\"right-0 flex h-6 w-6 items-center justify-center border border-red-100 bg-white duration-300 group-hover:bg-red-100\">\n\t\t\t\t\t<svg class=\"w-3 h-3 text-red-100 rotate-180 duration-300\n\t\t\t\t\tgroup-hover:text-white\" xmlns=\"http:\/\/www.w3.org\/2000\/svg\" width=\"18\" height=\"16\" fill=\"currentColor\" viewBox=\"0 0 18 16\"><path d=\"M.29 7.315a.94.94 0 0 0 0 1.36l6.874 6.562a.937.937 0 0 0 1.293-1.356l-5.18-4.949h13.285c.52 0 .938-.418.938-.937a.935.935 0 0 0-.938-.938H3.277l5.184-4.945A.937.937 0 0 0 7.168.756L.293 7.32l-.004-.004Z\"\/><\/svg>\t\t\t\t<\/div>\n\t\t\t<\/div>\n\t\t<\/a>\n\t\t\t\t\t\t\t<\/div>\n\n\t\t\t<\/section>\n\t\n<\/div>\n\n\n\n<h3 class=\"wp-block-heading\" id=\"tips-europatipset-2-5\">Tips &#8211; Europatipset 2\/5:<\/h3>\n\n\n\n<ol>\n<li>Chelsea &#8211; Tottenham 1X<\/li>\n\n\n\n<li>Roma &#8211; Bayer Leverkusen X2<\/li>\n\n\n\n<li>Marseille &#8211; Atalanta 1X<\/li>\n\n\n\n<li>Fiorentina &#8211; Club Brugge 1X<\/li>\n\n\n\n<li>Aston Villa &#8211; Olympiakos 1<\/li>\n\n\n\n<li>Botafogo &#8211; Vitoria 1<\/li>\n\n\n\n<li>CR Brasil &#8211; Ceara 1X<\/li>\n\n\n\n<li>Goias &#8211; Cuiaba Esporte 1X2<\/li>\n\n\n\n<li>Luton &#8211; Everton 2<\/li>\n\n\n\n<li>Barnsley &#8211; Bolton X2<\/li>\n\n\n\n<li>Torino &#8211; Bologna 2<\/li>\n\n\n\n<li>Getafe &#8211; Athletic Bilbao 1X<\/li>\n\n\n\n<li>Hoffenheim &#8211; RB Leipzig X2<\/li>\n<\/ol>\n\n\n\n<p><strong>Kostnad:<\/strong> 768 kr<\/p>\n\n\n\n<h2 class=\"wp-block-heading\" id=\"resultat-europatipset-28-4\">Resultat Europatipset 28\/4:<\/h2>\n\n\n\n<p>Vill du r\u00e4tta ditt Europatips? H\u00e4r kan du alltid hitta det senaste resultatet fr\u00e5n den f\u00f6rra omg\u00e5ngen, tillsammans med veckans utdelning.<\/p>\n\n\n\n<figure class=\"wp-block-table is-style-regular\"><table><tbody><tr><td>Match<\/td><td>Resultat<\/td><td>V\u00e5rt Tips<\/td><\/tr><tr><td><strong>Nottingham &#8211; Manchester City<\/strong><\/td><td>2 (0-2)<\/td><td>Inget tips denna omg\u00e5ng<\/td><\/tr><tr><td><strong>Tottenham &#8211; Arsenal<\/strong><\/td><td>2 (2-3)<\/td><td>Inget tips denna omg\u00e5ng<\/td><\/tr><tr><td><strong>Bournemouth &#8211; Brighton<\/strong><\/td><td>1 (3-0)<\/td><td>Inget tips denna omg\u00e5ng<\/td><\/tr><tr><td><strong>Napoli &#8211; Roma<\/strong><\/td><td>X (2-2)<\/td><td>Inget tips denna omg\u00e5ng<\/td><\/tr><tr><td><strong>Fiorentina &#8211; Sassuolo<\/strong><\/td><td>1 (5-1)<\/td><td>Inget tips denna omg\u00e5ng<\/td><\/tr><tr><td><strong>Djurg\u00e5rden &#8211; GAIS<\/strong><\/td><td>1 (1-0)<\/td><td>Inget tips denna omg\u00e5ng<\/td><\/tr><tr><td><strong>H\u00e4cken &#8211; IFK Norrk\u00f6ping<\/strong><\/td><td>2 (1-2)<\/td><td>Inget tips denna omg\u00e5ng<\/td><\/tr><tr><td><strong>Villarreal &#8211; Rayo Vallecano<\/strong><\/td><td>1 (3-0)<\/td><td>Inget tips denna omg\u00e5ng<\/td><\/tr><tr><td><strong>Real Betis &#8211; Sevilla<\/strong><\/td><td>X (1-1)<\/td><td>Inget tips denna omg\u00e5ng<\/td><\/tr><tr><td><strong>Lyon &#8211; Monaco<\/strong><\/td><td>1 (3-2)<\/td><td>Inget tips denna omg\u00e5ng<\/td><\/tr><tr><td><strong>Marseille &#8211; Lens<\/strong><\/td><td>1 (2-1)<\/td><td>Inget tips denna omg\u00e5ng<\/td><\/tr><tr><td><strong>M\u00f6nchengladbach &#8211; Union Berlin<\/strong><\/td><td>X (0-0)<\/td><td>Inget tips denna omg\u00e5ng<\/td><\/tr><tr><td><strong>Porto &#8211; Sporting Lissabon<\/strong><\/td><td>X (2-2)<\/td><td>Inget tips denna omg\u00e5ng<\/td><\/tr><tr><td><\/td><td><\/td><td><strong>Utdelning:<\/strong> &#8211;<\/td><\/tr><\/tbody><\/table><\/figure>\n\n\n\n<h2 class=\"wp-block-heading\" id=\"vara-resultat-for-europatipset-hos-betting-com\">V\u00e5ra resultat f\u00f6r Europatipset hos Betting.com:<\/h2>\n\n\n\n<p><strong>25\/2:<\/strong> 11 r\u00e4tt, <strong>553 kr <\/strong>utdelning.<\/p>\n\n\n\n<p><strong>29\/2:<\/strong> 10 r\u00e4tt, 0 kr utdelning.<\/p>\n\n\n\n<p><strong>3\/3: <\/strong>9 r\u00e4tt, 0 kr utdelning.<\/p>\n\n\n\n<p><strong>7\/3: <\/strong>9 r\u00e4tt, 0 kr utdelning.<\/p>\n\n\n\n<p><strong>10\/3: <\/strong>11 r\u00e4tt, <strong>250 kr<\/strong> utdelning.<\/p>\n\n\n\n<p><strong>14\/3: <\/strong>13 r\u00e4tt, <strong>7 679 kr<\/strong> utdelning.<\/p>\n\n\n\n<p><strong>17\/3: <\/strong>9 r\u00e4tt, 0 kr utdelning.<\/p>\n\n\n\n<p><strong>21\/3: <\/strong>12 r\u00e4tt, <strong>206 kr <\/strong>utdelning.<\/p>\n\n\n\n<p><strong>3\/4:<\/strong> 10 r\u00e4tt, 0 kr utdelning.<\/p>\n\n\n\n<p><strong>7\/4: <\/strong>7 r\u00e4tt, 0 kr utdelning.<\/p>\n\n\n\n<p><strong>16\/4:<\/strong> 8 r\u00e4tt, 0 kr utdelning. <\/p>\n\n\n\n<p><strong>24\/4:<\/strong> 11 r\u00e4tt, <strong>76 kr<\/strong> utdelning.<\/p>\n\n\n\n<h3 class=\"wp-block-heading\" id=\"utdelning-europatipset-28-4\">Utdelning Europatipset 28\/4:<\/h3>\n\n\n\n<ul>\n<li>13 r\u00e4tt: 46 948 kr (86 st)<\/li>\n\n\n\n<li>12 r\u00e4tt: 692 kr (2 398 st)<\/li>\n\n\n\n<li>11 r\u00e4tt: 35 kr (25 569 st)<\/li>\n\n\n\n<li>10 r\u00e4tt: 0 kr (148 225 st)<\/li>\n<\/ul>\n\n\n<div class=\"wp-block-highlight-box-cta\">\n\t<div class=\"flex flex-col lg:flex-row lg:items-center lg:justify-between p-8 lg:py-8 lg:px-10 my-6 bg-yellow-100\">\n\t<div class=\"highlight-box-cta-content flex flex-col !text-black lg:pr-6\">\n\t\t\t\t\t<h2 class=\"!text-black h2 mb-4\">Mer om Europatipset<\/h2>\n\t\t\t\t<p>Vill du l\u00e4ra dig mer om hur Europatipset fungerar och hur du spelar? Kolla in v\u00e5r guide.<\/p>\n\n\t<\/div>\n\t<div class=\"flex flex-col\">\n\t\t<a href=\"https:\/\/betting.com\/sv\/svenska-spel\/europatipset\" class=\"btn btn-black-outline-black w-fit whitespace-nowrap mt-4 lg:mt-0\" target=\"_blank\" rel=\"nofollow noopener noreferrer\">Information om Europatipset<\/a>\n\t<\/div>\n<\/div>\n<\/div>\n\n","protected":false},"excerpt":{"rendered":"<p>Europatipset \u00e4r tillbaka med en ny kupong f\u00f6r torsdagsfotbollen ute i Europa. Vi bjuds p\u00e5 en rej\u00e4l blandning, med allt fr\u00e5n Europa League och Premier League, till den brasilianska cupen och engelska League One. P\u00e5 kupongen finns en del favoriter i form av Aston Villa och RB Leipzig, men generellt s\u00e4tt \u00e4r det en kupong&#8230;<\/p>\n","protected":false},"author":7,"featured_media":0,"parent":909,"menu_order":0,"comment_status":"closed","ping_status":"closed","template":"","meta":{"footnotes":""},"tags":[],"acf":[],"_links":{"self":[{"href":"https:\/\/betting.com\/sv\/wp-json\/wp\/v2\/pages\/72887"}],"collection":[{"href":"https:\/\/betting.com\/sv\/wp-json\/wp\/v2\/pages"}],"about":[{"href":"https:\/\/betting.com\/sv\/wp-json\/wp\/v2\/types\/page"}],"author":[{"embeddable":true,"href":"https:\/\/betting.com\/sv\/wp-json\/wp\/v2\/users\/7"}],"replies":[{"embeddable":true,"href":"https:\/\/betting.com\/sv\/wp-json\/wp\/v2\/comments?post=72887"}],"version-history":[{"count":14,"href":"https:\/\/betting.com\/sv\/wp-json\/wp\/v2\/pages\/72887\/revisions"}],"predecessor-version":[{"id":76009,"href":"https:\/\/betting.com\/sv\/wp-json\/wp\/v2\/pages\/72887\/revisions\/76009"}],"up":[{"embeddable":true,"href":"https:\/\/betting.com\/sv\/wp-json\/wp\/v2\/pages\/909"}],"wp:attachment":[{"href":"https:\/\/betting.com\/sv\/wp-json\/wp\/v2\/media?parent=72887"}],"wp:term":[{"taxonomy":"post_tag","embeddable":true,"href":"https:\/\/betting.com\/sv\/wp-json\/wp\/v2\/tags?post=72887"}],"curies":[{"name":"wp","href":"https:\/\/api.w.org\/{rel}","templated":true}]}}