{"id":72811,"date":"2024-02-21T17:49:37","date_gmt":"2024-02-21T15:49:37","guid":{"rendered":"https:\/\/betting.com\/sv\/?page_id=72811"},"modified":"2024-05-02T11:54:43","modified_gmt":"2024-05-02T09:54:43","slug":"tips-resultat","status":"publish","type":"page","link":"https:\/\/betting.com\/sv\/svenska-spel\/stryktipset\/tips-resultat","title":{"rendered":"Tips &amp; Resultat"},"content":{"rendered":"\n<p>Stryktipset \u00e4r tillbaka med en ny kupong f\u00f6r den kommande l\u00f6rdagen, men det \u00e4r inte mycket som \u00e4r sig likt. Vi bjuds p\u00e5 Premier League, men ocks\u00e5 svensk, italiensk, fransk och tysk fotboll &#8211; en riktigt mixad kupong. P\u00e5 raden finns en del storfavoriter, men till stor del \u00e4r det riktigt j\u00e4mna bataljer att v\u00e4nta, och vi \u00e4r taggade f\u00f6r en fullsp\u00e4ckad fotbollsl\u00f6rdag. V\u00e5rt Stryktipset tips inf\u00f6r l\u00f6rdagen inneh\u00e5ller en hel del drag som b\u00f6r kunna sp\u00e4da p\u00e5 utdelningen rej\u00e4lt.<\/p>\n\n\n\n<p>Det kommer att kr\u00e4vas en grundlig analys, eller stor m\u00e4ngd tur, f\u00f6r att hitta alla 13 r\u00e4tt p\u00e5 Stryktipset denna l\u00f6rdag. F\u00f6r den som g\u00f6r det kan det dock bli storslam. Nu k\u00f6r vi!<\/p>\n\n\n<div class=\"wp-block-highlights-box @container\/hb\">\n\t<div class=\" mt-8 flex flex-col @3xl\/hb:flex-row relative\">\n\t<div\n\t\tclass=\"hb-content bg-green-100 text-white relative pt-8 pb-12 @3xl\/hb:pb-8 px-6 @3xl\/hb:pr-14 @3xl\/hb:w-1\/2 @4xl\/hb:w-3\/4\">\n\t\t<span>Omg\u00e5ngens Drag<\/span>\n\t\t<h2 class=\"text-3xl text-white leading-8 !mt-1 mb-0\">Stryktipset 20 april<\/h2>\n\t\t<p><!-- wp:list --><\/p>\n<ul>\n<li style=\"list-style-type: none\">\n<ul><!-- wp:list-item --><\/p>\n<li><strong>Veckans spik: <\/strong>Manchester City<\/li>\n<\/ul>\n<\/li>\n<\/ul>\n<p><!-- \/wp:list-item --> <!-- wp:list-item --><\/p>\n<ul>\n<li style=\"list-style-type: none\">\n<ul>\n<li><strong>Veckans skr\u00e4ll:<\/strong>Speltips presenteras torsdag 2\/5.<\/li>\n<\/ul>\n<\/li>\n<\/ul>\n<p><!-- \/wp:list-item --> <!-- wp:list-item --><\/p>\n<ul>\n<li style=\"list-style-type: none\">\n<ul>\n<li><strong>Veckans genidrag:<\/strong>Speltips presenteras torsdag 2\/5.<\/li>\n<\/ul>\n<\/li>\n<\/ul>\n<p><!-- \/wp:list-item --><\/p>\n<p><!-- \/wp:list --><\/p>\n\n\t\t<a class=\"btn btn-white-outline-white w-fit mt-4\" href=\"https:\/\/go.betting.com\/go\/svenska-spel-sport-casino_stryktipset\">Till Svenska Spel<\/a>\n\t<\/div>\n\t<div class=\"relative bg-yellow-100 @3xl\/hb:w-1\/2 @4xl\/hb:w-1\/3 min-h-[280px] @3xl\/hb:min-h-auto\">\n\t\t\t\t\t<img\n\t\t\t\t\tsrcset=\"https:\/\/betting.com\/sv\/wp-content\/uploads\/sites\/2\/soccer-1-180x84.webp 180w, https:\/\/betting.com\/sv\/wp-content\/uploads\/sites\/2\/soccer-1-180x84.png 180w, https:\/\/betting.com\/sv\/wp-content\/uploads\/sites\/2\/soccer-1-360x169.webp 360w, https:\/\/betting.com\/sv\/wp-content\/uploads\/sites\/2\/soccer-1-360x169.png 360w, https:\/\/betting.com\/sv\/wp-content\/uploads\/sites\/2\/soccer-1-720x338.webp 720w, https:\/\/betting.com\/sv\/wp-content\/uploads\/sites\/2\/soccer-1-720x338.png 720w, https:\/\/betting.com\/sv\/wp-content\/uploads\/sites\/2\/soccer-1.webp 1200w, https:\/\/betting.com\/sv\/wp-content\/uploads\/sites\/2\/soccer-1.png 1200w\"\n\t\t\t\tsizes=\"(max-width: 768px) 360px, 720px\"\n\t\tsrc=\"https:\/\/betting.com\/sv\/wp-content\/uploads\/sites\/2\/soccer-1.png\"\n\t\talt=\"Malm\u00f6 FF i serieledning\"\n\t\t\t\t\twidth=\"900\"\n\t\t\t\t\t\t\theight=\"467\"\n\t\t\t\tclass=\"object-cover object-center bg-cover bg-center absolute inset-0 w-full h-full object-cover object-center z-0\"\n\t\tstyle=\" \"\n\t\tloading=\"lazy\"\n\t\t\t>\n\t\t\t<\/div>\n\t<div\n\t\tclass=\"absolute left-0 @3xl\/hb:left-auto mx-auto right-0 bottom-0 max-w-full @3xl\/hb:w-[53%] @4xl\/hb:w-[36%] h-[320px] @3xl\/hb:h-[110%] z-10\">\n\t\t\t<\/div>\n<\/div>\n<\/div>\n\n\n\n<h2 class=\"wp-block-heading\" id=\"vart-tips-for-stryktipset-lordagen-den-4-5\">V\u00e5rt tips f\u00f6r Stryktipset l\u00f6rdagen den 4\/5:<\/h2>\n\n\n\n<h3 class=\"wp-block-heading\" id=\"1-manchester-city-wolverhampton-1\">1. Manchester City &#8211; Wolverhampton 1<\/h3>\n\n\n\n<p>Manchester City jagar \u00e4nnu ett guld i Premier League och h\u00e4r bjuder man in ett Wolverhampton som \u00e4r &#8221;klart f\u00f6r s\u00e4songen&#8221;. Nedflyttning \u00e4r inte m\u00f6jligt f\u00f6r Wolves, men upp\u00e5t i tabellen finns inte heller mycket att h\u00e4mta. City \u00e4r i kanonform och har inte f\u00f6rlorat p\u00e5 17 raka ligamatcher denna s\u00e4song hemma p\u00e5 Etihad. Spiken \u00e4r given h\u00e4r.<\/p>\n\n\n\n<h3 class=\"wp-block-heading\" id=\"2-brentford-fulham-1x\">2. Brentford &#8211; Fulham 1X<\/h3>\n\n\n\n<p>Brentford har v\u00e4nt en negativ trend till n\u00e5got v\u00e4ldigt positivt p\u00e5 senare tid. Nu v\u00e4ntar match mot Fulham, som vunnit 3 av 17 bortamatcher denna s\u00e4songen &#8211; en trend jag inte ser f\u00f6rb\u00e4ttras h\u00e4r. Att spika Brentford till allt under 50% k\u00e4nns bra, men jag v\u00e4ljer att l\u00e4gga till en gardering trots allt, och k\u00e4nner mig med 1X supertrygg.<\/p>\n\n\n\n<h3 class=\"wp-block-heading\" id=\"3-burnley-newcastle-x2\">3. Burnley &#8211; Newcastle X2<\/h3>\n\n\n\n<p>Intressant m\u00f6te, d\u00e4r hemmalaget sl\u00e5ss f\u00f6r sin \u00f6verlevnad i Premier League och \u00e4r i desperat behov av po\u00e4ng. Newcastle spelar f\u00f6r en plats i Europa League n\u00e4sta s\u00e4song, och \u00e4ven om man ville f\u00e5 ut mer \u00e4n s\u00e5 har forml\u00e4get pekat upp\u00e5t det senaste. Alexander Isak och company \u00e4r stekheta och jag tycker att runt 50% \u00e4r i minsta laget p\u00e5 tv\u00e5an. X2 r\u00e4cker l\u00e5ngt h\u00e4r.<\/p>\n\n\n\n<h3 class=\"wp-block-heading\" id=\"4-sheffield-u-nottingham-2\">4. Sheffield U &#8211; Nottingham 2<\/h3>\n\n\n\n<p>Sheffield U \u00e4r \u00f6verl\u00e4gset sist i ligan, och nedflyttning har varit klart en l\u00e4ngre tid. Nottingham \u00e5 andra spelar \u00e4nnu f\u00f6r nytt kontrakt, och detta \u00e4r en nyckelmatch i att l\u00f6sa den saken. Formen m\u00e5 inte vara den b\u00e4sta, men nu m\u00f6ter man ett Sheffield som sl\u00e4pps in 13 m\u00e5l p\u00e5 deras 3 senaste matcher. Jag v\u00e4ljer att spika tv\u00e5an till klart g\u00e5ngbara 45-50%. H\u00e4r r\u00e5der det stor motivationsskillnad, men \u00e4ven klass.<\/p>\n\n\n\n<h3 class=\"wp-block-heading\" id=\"5-oxford-peterborough-x2\">5. Oxford &#8211; Peterborough X2<\/h3>\n\n\n\n<p>I min mening \u00e4r Peterborough h\u00e4r det b\u00e4ttre laget. Inte med mycket, men n\u00e4stan 50% streckning p\u00e5 Oxford, som vunnit mindre \u00e4n h\u00e4lften av deras matcher hemma, \u00e4r minst sagt i h\u00f6gsta laget. V\u00e4rdet ligger till h\u00f6ger och d\u00e4rmed streckas det ocks\u00e5 fr\u00e5n det h\u00e5llet.<\/p>\n\n\n\n<h3 class=\"wp-block-heading\" id=\"6-sirius-hacken-1x2\">6. Sirius &#8211; H\u00e4cken 1X2<\/h3>\n\n\n\n<p>Det h\u00f6r inte till vanligheterna med Allsvenskan p\u00e5 Stryktips-kupongen, men nu \u00e4r det dags. Sirius och H\u00e4cken \u00e4r tv\u00e5 lag som \u00e4r sv\u00e5ra att s\u00e4ga varken bu eller b\u00e4 om hittills, d\u00e5 det blandas och ges friskt. H\u00e4cken \u00e4r m\u00f6jligtvis i grunden det b\u00e4ttre laget, men deras f\u00f6rsvar har hittills sett op\u00e5litligt ut, och jag tror de kan hamna i bekymmer mot Sirius borta. Jag fegar ur och m\u00e5lar in alla tecken.<\/p>\n\n\n\n<h3 class=\"wp-block-heading\" id=\"7-monza-lazio-2\">7. Monza &#8211; Lazio 2<\/h3>\n\n\n\n<p>Monza har inget kvar att spela om denna s\u00e4songen, och h\u00e4r m\u00f6ter de Lazio som fortsatt sl\u00e5ss om europaplatser. Dessutom \u00e4r formen urusel f\u00f6r Monza, medans Lazio tagit fyra raka vinster och imponerar stort. Runt 50% streckning p\u00e5 den raka tv\u00e5an \u00e4r v\u00e4rt att sl\u00e5 till p\u00e5 i min bok, och jag v\u00e4ljer att inte &#8221;sl\u00f6sa&#8221; ens en gardering.<\/p>\n\n\n\n<h3 class=\"wp-block-heading\" id=\"8-girona-barcelona-1x\">8. Girona &#8211; Barcelona 1X<\/h3>\n\n\n\n<p>Slaget om andraplatsen i La Liga. En ov\u00e4ntad s\u00e5dan efter Gironas magiska s\u00e4song. Laget \u00e4r otroligt starka hemma p\u00e5 Montivili, men det \u00e4r v\u00e4rt att t\u00e4nka till en g\u00e5ng extra h\u00e4r med Barcelonas stigande form. Otroligt sv\u00e5rt att sia om utg\u00e5ngen h\u00e4r d\u00e5 jag ser det som 50\/50, men d\u00e5 v\u00e4ljer jag att g\u00e5 p\u00e5 den l\u00e4gre streckningen till v\u00e4nster.<\/p>\n\n\n\n<h3 class=\"wp-block-heading\" id=\"9-mallorca-atletico-madrid-x2\">9. Mallorca &#8211; Atletico Madrid X2<\/h3>\n\n\n\n<p>Att Atletico Madrid \u00e4r det b\u00e4ttre laget h\u00e4r r\u00e5der det ingen tvekan om, men deras svaga bortafacit \u00e4r oroande. H\u00e4lften av matcherna p\u00e5 resande fot denna s\u00e4song har slutat i nederlag, och att \u00e5ka till Mallorca \u00e4r aldrig en enkel uppgift. Faktum \u00e4r \u00e4nd\u00e5 att Mallorca nu inte vunnit p\u00e5 fem raka matcher och h\u00e4r \u00e4r klasskillnaden tydlig &#8211; X2 ska r\u00e4cka till trots viss oro \u00f6ver denna match.<\/p>\n\n\n\n<h3 class=\"wp-block-heading\" id=\"10-metz-rennes-1x\">10. Metz &#8211; Rennes 1X<\/h3>\n\n\n\n<p>Metz sl\u00e5ss om nytt kontrakt i denna match, samtidigt som Rennes inte har mycket alls att spela f\u00f6r. Motivationsspel fr\u00e5n v\u00e4nster? Ja, det tillsammans med den svaga formen f\u00f6r Rennes g\u00f6r att jag landar i 1X. Att dessutom bortalaget streckas sn\u00e4ppet mer \u00e4n ettan g\u00f6r saken biff.<\/p>\n\n\n\n<h3 class=\"wp-block-heading\" id=\"11-brest-nantes-1x\">11. Brest &#8211; Nantes 1X<\/h3>\n\n\n\n<p>Brest \u00e4r trea i ligan och har st\u00e5tt f\u00f6r en fin s\u00e4song. P\u00e5 andra sidan sl\u00e5ss Nantes om sin \u00f6verlevnad i h\u00f6gstaligan. Viktigt att v\u00e4ga in att Brest \u00e4r ett mycket bra hemmalag som enbart f\u00f6rlorat 2 av 15 matcher denna s\u00e4song p\u00e5 Le Ble. Jag tycker \u00e4nd\u00e5 streckningen sprungit iv\u00e4g lite d\u00e5 hemmalaget st\u00e5r p\u00e5 64% och d\u00e4rmed m\u00e5ste krysset med.<\/p>\n\n\n\n<h3 class=\"wp-block-heading\" id=\"12-koln-freiburg\">12. K\u00f6ln &#8211; Freiburg<\/h3>\n\n\n\n<p>Speltips presenteras torsdag 2\/5.<\/p>\n\n\n\n<h3 class=\"wp-block-heading\" id=\"13-brann-rosenborg\">13. Brann &#8211; Rosenborg<\/h3>\n\n\n\n<p>Speltips presenteras torsdag 2\/5.<\/p>\n\n\n\n<p><strong><em>Spelstopp: L\u00f6rdag 15:59 <\/em><\/strong><\/p>\n\n\n<div class=\"mt-8 wp-block-top-list \" id=\"sports-book\">\n\n\t\n\t<section\n\t\tid=\"block_f5fe13aa4763973bd72d219c7053db36\"\n\t\t\t\t\tx-data=\"block_f5fe13aa4763973bd72d219c7053db36\"\n\t\t\t\tclass=\"@container\"\n\t>\n\t\t<div class=\"grid grid-cols-1  gap-8\" x-ref=\"container-block_f5fe13aa4763973bd72d219c7053db36\">\n\t\t\t\t\t\t\t<a\n\t\t\thref=\"https:\/\/go.betting.com\/go\/svenska-spel\"\n\t\t\ttarget=\"_blank\"\n\t\t\trel=\"nofollow noopener\"\n\t\t\ttitle=\"Svenska Spel Recension\"\n\t\t\tclass=\"flex flex-grow flex-row items-center bg-white p-2 shadow group hover:no-underline \"\n\t\t\tdata-bt=\"tiles-betting-site-sm\"\n\t\t>\n\t\t\t<img\n\t\t\t\t\tsrcset=\"https:\/\/betting.com\/sv\/wp-content\/uploads\/sites\/2\/svenska-spel-sport-postcard_400x210-180x95.webp 180w, https:\/\/betting.com\/sv\/wp-content\/uploads\/sites\/2\/svenska-spel-sport-postcard_400x210-180x95.jpg 180w, https:\/\/betting.com\/sv\/wp-content\/uploads\/sites\/2\/svenska-spel-sport-postcard_400x210-360x189.webp 360w, https:\/\/betting.com\/sv\/wp-content\/uploads\/sites\/2\/svenska-spel-sport-postcard_400x210-360x189.jpg 360w, https:\/\/betting.com\/sv\/wp-content\/uploads\/sites\/2\/svenska-spel-sport-postcard_400x210.webp 400w, https:\/\/betting.com\/sv\/wp-content\/uploads\/sites\/2\/svenska-spel-sport-postcard_400x210.jpg 400w\"\n\t\t\t\tsizes=\"120px\"\n\t\tsrc=\"https:\/\/betting.com\/sv\/wp-content\/uploads\/sites\/2\/svenska-spel-sport-postcard_400x210.jpg\"\n\t\talt=\"Svenska Spel\"\n\t\t\t\t\twidth=\"120\"\n\t\t\t\t\t\t\theight=\"62\"\n\t\t\t\tclass=\"object-cover object-center bg-cover bg-center flex-shrink-0 w-[120px] lg:w-[100px] aspect-casino\"\n\t\tstyle=\" \"\n\t\tloading=\"lazy\"\n\t\t\t>\n\t\t\t<div class=\"flex flex-col px-3\">\n\t\t\t\t<div\n\t\t\t\t\tclass=\"text-sm font-semibold !leading-4 text-black duration-300 group-hover:text-red-100 lg:text-base\"\n\t\t\t\t\tdata-bt=\"tiles-betting-site-sm-title\"\n\t\t\t\t>\n\t\t\t\t\tSvenska Spel\n\t\t\t\t<\/div>\n\t\t\t\t<div class=\"mt-1 flex flex-row items-center gap-1\">\n\t\t\t\t\t<div class=\"star-rating h-auto w-[60px]\"\n\t\t style=\"--bt-star-percentage: 79.3563%; \"><\/div>\n\t\t\t\t\t<div class=\"text-xxs text-gray-60\">(4\/5)<\/div>\n\t\t\t\t<\/div>\n\t\t\t<\/div>\n\t\t\t<div class=\"ml-auto\">\n\t\t\t\t<div\n\t\t\t\t\tclass=\"right-0 flex h-6 w-6 items-center justify-center border border-red-100 bg-white duration-300 group-hover:bg-red-100\">\n\t\t\t\t\t<svg class=\"w-3 h-3 text-red-100 rotate-180 duration-300\n\t\t\t\t\tgroup-hover:text-white\" xmlns=\"http:\/\/www.w3.org\/2000\/svg\" width=\"18\" height=\"16\" fill=\"currentColor\" viewBox=\"0 0 18 16\"><path d=\"M.29 7.315a.94.94 0 0 0 0 1.36l6.874 6.562a.937.937 0 0 0 1.293-1.356l-5.18-4.949h13.285c.52 0 .938-.418.938-.937a.935.935 0 0 0-.938-.938H3.277l5.184-4.945A.937.937 0 0 0 7.168.756L.293 7.32l-.004-.004Z\"\/><\/svg>\t\t\t\t<\/div>\n\t\t\t<\/div>\n\t\t<\/a>\n\t\t\t\t\t\t\t<\/div>\n\n\t\t\t<\/section>\n\t\n<\/div>\n\n\n\n<h3 class=\"wp-block-heading\" id=\"tips-stryktipset-lordag-4-5\">Tips &#8211; Stryktipset L\u00f6rdag 4\/5:<\/h3>\n\n\n\n<p>S\u00e5 ser v\u00e5rt Stryktipset tips ut f\u00f6r kommande omg\u00e5ng: <\/p>\n\n\n\n<ol>\n<li><strong>Aston Villa &#8211; Chelsea 1<\/strong><\/li>\n\n\n\n<li><strong>Man United &#8211; Burnley 1X<\/strong><\/li>\n\n\n\n<li><strong>Fulham &#8211; Crystal Palace X2<\/strong><\/li>\n\n\n\n<li><strong>Everton &#8211; Brentford 1X<\/strong><\/li>\n\n\n\n<li><strong>Newcastle &#8211; Sheffield U 1 <\/strong><\/li>\n\n\n\n<li><strong>Wolverhampton &#8211; Luton 1<\/strong><\/li>\n\n\n\n<li><strong>Hull &#8211; Ipswich 1X<\/strong><\/li>\n\n\n\n<li><strong>Blackburn &#8211; Coventry 12<\/strong><\/li>\n\n\n\n<li><strong>Cardiff &#8211; Middlesbrough X2<\/strong><\/li>\n\n\n\n<li><strong>Huddersfield &#8211; Birmingham 1X2<\/strong><\/li>\n\n\n\n<li><strong>Millwall &#8211; Plymouth 1 <\/strong><\/li>\n\n\n\n<li><strong>Sheffield W &#8211; West Bromwich 1X<\/strong><\/li>\n\n\n\n<li><strong>Watford &#8211; Sunderland 1X<\/strong><\/li>\n<\/ol>\n\n\n\n<p><strong>768 kronor totalt<\/strong><\/p>\n\n\n\n<h2 class=\"wp-block-heading\" id=\"resultat-stryktipset-27-4\">Resultat Stryktipset 27\/4:<\/h2>\n\n\n\n<p>Vill du r\u00e4tta ditt Stryktips? H\u00e4r kan du alltid hitta det senaste resultatet fr\u00e5n den f\u00f6rra omg\u00e5ngen, tillsammans med veckans utdelning.<\/p>\n\n\n\n<figure class=\"wp-block-table\"><table><tbody><tr><td>Match<\/td><td>Resultat<\/td><td>V\u00e5rt Tips<\/td><\/tr><tr><td><strong>Aston Villa &#8211; Chelsea 1<\/strong><\/td><td>X (2-2)<\/td><td>1 &#8211; fel<\/td><\/tr><tr><td><strong>Man United &#8211; Burnley 1X<\/strong><\/td><td>X (1-1)<\/td><td>1X &#8211; r\u00e4tt<\/td><\/tr><tr><td><strong>Fulham &#8211; Crystal Palace X2<\/strong><\/td><td>X (1-1)<\/td><td>X2 &#8211; r\u00e4tt<\/td><\/tr><tr><td><strong>Everton &#8211; Brentford 1X<\/strong><\/td><td>1 (1-0)<\/td><td>1X &#8211; r\u00e4tt<\/td><\/tr><tr><td><strong>Newcastle &#8211; Sheffield U 1 <\/strong><\/td><td>1 (5-1)<\/td><td>1 &#8211; r\u00e4tt<\/td><\/tr><tr><td><strong>Wolverhampton &#8211; Luton 1<\/strong><\/td><td>1 (2-1)<\/td><td>1 &#8211; r\u00e4tt<\/td><\/tr><tr><td><strong>Hull &#8211; Ipswich 1X<\/strong><\/td><td>X (3-3)<\/td><td>1X &#8211; r\u00e4tt<\/td><\/tr><tr><td><strong>Blackburn &#8211; Coventry 12<\/strong><\/td><td>X (0-0)<\/td><td>12 &#8211; fel<\/td><\/tr><tr><td><strong>Cardiff &#8211; Middlesbrough X2<\/strong><\/td><td>2 (1-4)<\/td><td>X2 &#8211; r\u00e4tt<\/td><\/tr><tr><td><strong>Huddersfield &#8211; Birmingham 1X2<\/strong><\/td><td>X (1-1)<\/td><td>1X2 &#8211; r\u00e4tt<\/td><\/tr><tr><td><strong>Millwall &#8211; Plymouth 1 <\/strong><\/td><td>1 (1-0)<\/td><td>1 &#8211; r\u00e4tt<\/td><\/tr><tr><td><strong>Sheffield W &#8211; West Bromwich 1X<\/strong><\/td><td>1 (3-0)<\/td><td>1X &#8211; r\u00e4tt<\/td><\/tr><tr><td><strong>Watford &#8211; Sunderland 1X<\/strong><\/td><td>1 (1-0)<\/td><td>1X &#8211; r\u00e4tt<\/td><\/tr><tr><td><\/td><td><\/td><td><strong>Totalt: <\/strong>11 r\u00e4tt, utdelning <\/td><\/tr><tr><td><\/td><td><\/td><td><strong>Utdelning: 1 374 kr<\/strong> (2*201 + 18*54)<\/td><\/tr><\/tbody><\/table><\/figure>\n\n\n\n<h3 class=\"wp-block-heading\" id=\"utdelning-stryktipset-27-4\">Utdelning Stryktipset 27\/4:<\/h3>\n\n\n\n<ul>\n<li>13 r\u00e4tt: 254 593 kr (27 st)<\/li>\n\n\n\n<li>12 r\u00e4tt: 3 254 kr (792 st)<\/li>\n\n\n\n<li>11 r\u00e4tt: 201 kr (10 232 st)<\/li>\n\n\n\n<li>10 r\u00e4tt: 54 kr (79 131 st)<\/li>\n<\/ul>\n\n\n<div class=\"wp-block-highlight-box-cta\">\n\t<div class=\"flex flex-col lg:flex-row lg:items-center lg:justify-between p-8 lg:py-8 lg:px-10 my-6 bg-yellow-100\">\n\t<div class=\"highlight-box-cta-content flex flex-col !text-black lg:pr-6\">\n\t\t\t\t\t<h2 class=\"!text-black h2 mb-4\">Mer om Stryktipset<\/h2>\n\t\t\t\t<p>Vill du l\u00e4ra dig mer om hur Stryktipset fungerar och hur du spelar? Kolla in v\u00e5r guide.<\/p>\n\n\t<\/div>\n\t<div class=\"flex flex-col\">\n\t\t<a href=\"https:\/\/betting.com\/sv\/svenska-spel\/stryktipset\" class=\"btn btn-black-outline-black w-fit whitespace-nowrap mt-4 lg:mt-0\" target=\"_blank\" rel=\"nofollow noopener noreferrer\">Information om Stryktipset<\/a>\n\t<\/div>\n<\/div>\n<\/div>\n\n","protected":false},"excerpt":{"rendered":"<p>Stryktipset \u00e4r tillbaka med en ny kupong f\u00f6r den kommande l\u00f6rdagen, men det \u00e4r inte mycket som \u00e4r sig likt. Vi bjuds p\u00e5 Premier League, men ocks\u00e5 svensk, italiensk, fransk och tysk fotboll &#8211; en riktigt mixad kupong. P\u00e5 raden finns en del storfavoriter, men till stor del \u00e4r det riktigt j\u00e4mna bataljer att v\u00e4nta,&#8230;<\/p>\n","protected":false},"author":7,"featured_media":0,"parent":913,"menu_order":0,"comment_status":"closed","ping_status":"closed","template":"","meta":{"footnotes":""},"tags":[],"acf":[],"_links":{"self":[{"href":"https:\/\/betting.com\/sv\/wp-json\/wp\/v2\/pages\/72811"}],"collection":[{"href":"https:\/\/betting.com\/sv\/wp-json\/wp\/v2\/pages"}],"about":[{"href":"https:\/\/betting.com\/sv\/wp-json\/wp\/v2\/types\/page"}],"author":[{"embeddable":true,"href":"https:\/\/betting.com\/sv\/wp-json\/wp\/v2\/users\/7"}],"replies":[{"embeddable":true,"href":"https:\/\/betting.com\/sv\/wp-json\/wp\/v2\/comments?post=72811"}],"version-history":[{"count":14,"href":"https:\/\/betting.com\/sv\/wp-json\/wp\/v2\/pages\/72811\/revisions"}],"predecessor-version":[{"id":76115,"href":"https:\/\/betting.com\/sv\/wp-json\/wp\/v2\/pages\/72811\/revisions\/76115"}],"up":[{"embeddable":true,"href":"https:\/\/betting.com\/sv\/wp-json\/wp\/v2\/pages\/913"}],"wp:attachment":[{"href":"https:\/\/betting.com\/sv\/wp-json\/wp\/v2\/media?parent=72811"}],"wp:term":[{"taxonomy":"post_tag","embeddable":true,"href":"https:\/\/betting.com\/sv\/wp-json\/wp\/v2\/tags?post=72811"}],"curies":[{"name":"wp","href":"https:\/\/api.w.org\/{rel}","templated":true}]}}