{"id":70584,"date":"2024-01-10T17:02:49","date_gmt":"2024-01-10T15:02:49","guid":{"rendered":"https:\/\/betting.com\/sv\/?page_id=70584"},"modified":"2024-04-08T14:16:00","modified_gmt":"2024-04-08T12:16:00","slug":"betting-bonus-utan-insattning","status":"publish","type":"page","link":"https:\/\/betting.com\/sv\/bonusar\/betting-bonus-utan-insattning","title":{"rendered":"Betting bonus utan ins\u00e4ttning"},"content":{"rendered":"\n<h2 class=\"wp-block-heading\" id=\"vad-ar-en-betting-bonus-utan-insattning\">Vad \u00e4r en betting bonus utan ins\u00e4ttning?<\/h2>\n\n\n\n<p>En betting bonus utan ins\u00e4ttning inneb\u00e4r att du f\u00e5r tillg\u00e5ng till en <a href=\"https:\/\/betting.com\/sv\/bonusar\">v\u00e4lkomstbonus<\/a> n\u00e4r du registrerar ett spelkonto hos en bettingsida. Denna typ av erbjudande \u00e4r ovanlig eftersom den ger dig en betydande f\u00f6rdel utan krav p\u00e5 en initial ins\u00e4ttning.<\/p>\n\n\n\n<p>I st\u00e4llet f\u00f6r att beh\u00f6va s\u00e4tta in pengar ger en betting bonus utan ins\u00e4ttning dig m\u00f6jligheten att utforska bettingsidan och placera spel utan att riskera dina egna pengar. Detta erbjudande \u00e4r s\u00e4rskilt attraktivt f\u00f6r de som \u00e4r nya p\u00e5 <a href=\"\/sv\/bettingsidor\">bettingsidor<\/a> och vill prova p\u00e5 olika spelalternativ innan de \u00e5tar sig att g\u00f6ra en ins\u00e4ttning. Denna form av bonus g\u00e5r \u00e4ven under namnet No deposit bonus, vilket p\u00e5 engelska betyder ingen ins\u00e4ttningsbonus. <\/p>\n\n\n\n<h2 class=\"wp-block-heading\" id=\"varfor-erbjuder-bettingsidor-bonus-utan-insattning\">Varf\u00f6r erbjuder bettingsidor bonus utan ins\u00e4ttning?<\/h2>\n\n\n\n<p>En betting bonus utan ins\u00e4ttning \u00e4r ett f\u00f6rdelaktigt erbjudande d\u00e5 det m\u00f6jligg\u00f6r f\u00f6r spelare att bekanta sig med en ny bettingsida utan att beh\u00f6va g\u00f6ra n\u00e5gon ekonomisk investering. Bonusen ger dig chansen att utforska bettingsidans utbud och l\u00e4ra k\u00e4nna dess spelalternativ, samtidigt som du har m\u00f6jligheten att vinna riktiga pengar.<\/p>\n\n\n\n<p>Den unika m\u00f6jligheten att f\u00e5 en bonus utan att g\u00f6ra en ins\u00e4ttning ger en f\u00f6rsmak av vad bettingsidan har att erbjuda. I det l\u00e5nga loppet hoppas bettingsidan att du stannar kvar som en aktiv spelare och v\u00e4ljer att g\u00f6ra egna ins\u00e4ttningar.<\/p>\n\n\n\n<h2 class=\"wp-block-heading\" id=\"vilka-bettingsidor-erbjuder-bonus-utan-insattning\">Vilka bettingsidor erbjuder bonus utan ins\u00e4ttning?<\/h2>\n\n\n\n<p>Tyv\u00e4rr \u00e4r det inte ofta som bettingsidor erbjuder bonus utan ins\u00e4ttning idag. Tidigare var det en handfull akt\u00f6rer p\u00e5 den svenska marknaden som erbj\u00f6d denna typ av bonus, men idag f\u00f6rekommer det bara d\u00e5 och d\u00e5. Mr Green \u00e4r den enda bettingsidan som har en st\u00e5ende betting bonus utan ins\u00e4ttning. Bonusen ligger p\u00e5 100 kronor och kan f\u00e5s genom registrering f\u00f6r alla nya spelare. <\/p>\n\n\n\n<p><a href=\"https:\/\/go.betting.com\/go\/mrgreen\">Bes\u00f6k MrGreen h\u00e4r!<\/a><\/p>\n\n\n\n<p><\/p>\n\n\n\n<p>Betinia kommer erbjuda en Betting bonus utan ins\u00e4ttning mellan den 22 januari och 29 februari. S\u00e5 h\u00e4r g\u00f6r du f\u00f6r att ta del av bonusen:<\/p>\n\n\n\n<ol>\n<li><a href=\"https:\/\/go.betting.com\/go\/betinia\">G\u00e5 till Betinia<\/a><\/li>\n\n\n\n<li>Klicka p\u00e5 S\u00e4tt in och spela <\/li>\n\n\n\n<li>Verifiera med BankID<\/li>\n\n\n\n<li>Fyll i dina uppgifter<\/li>\n\n\n\n<li>Ta del av bonusen p\u00e5 100 kronor att spela f\u00f6r<\/li>\n<\/ol>\n\n\n\n<p>Var uppm\u00e4rksam p\u00e5 oms\u00e4ttningskravet! F\u00f6r att ta ut pengarna ska bonusen oms\u00e4ttas 16 g\u00e5nger till odds 1.50 eller h\u00f6gre. + 18 \u00e5r g\u00e4ller. <\/p>\n\n\n\n<p><\/p>\n\n\n\n<figure class=\"wp-block-image size-full is-resized\"><img loading=\"lazy\" decoding=\"async\" src=\"https:\/\/betting.com\/sv\/wp-content\/uploads\/sites\/2\/bonus-utan-insattning.png\" alt=\"Bonus utan ins\u00e4ttning\" class=\"wp-image-70581\" style=\"width:1127px;height:300px\" width=\"1127\" height=\"300\" \/><\/figure>\n\n\n\n<h2 class=\"wp-block-heading\" id=\"kommer-det-fler-bonusar-utan-insattning-i-framtiden\">Kommer det fler bonusar utan ins\u00e4ttning i framtiden?<\/h2>\n\n\n\n<p>Den nuvarande svenska spellagen till\u00e5ter endast ett bonuserbjudande per spelf\u00f6retag med svensk licens. Denna restriktion har varit f\u00f6rem\u00e5l f\u00f6r diskussion och det finns m\u00f6jlighet att lagen kan genomg\u00e5 f\u00f6r\u00e4ndringar i framtiden.<\/p>\n\n\n\n<p>Om det sker en l\u00e4ttnad i regelverket kan det \u00f6ppna upp m\u00f6jligheten f\u00f6r bettingsidor att erbjuda fler \u00e4n en bonus per spelare. En eventuell f\u00f6r\u00e4ndring i lagen skulle sannolikt resultera i en bredare variation av bonuserbjudanden fr\u00e5n olika spelf\u00f6retag, s\u00e4rskilt n\u00e4r det g\u00e4ller erbjudanden som bonusar utan ins\u00e4ttning. <\/p>\n\n\n\n<p>Spelare kan d\u00e5 f\u00f6rv\u00e4nta sig att se en \u00f6kning av tillg\u00e4ngliga bonusar och f\u00f6rm\u00e5ner n\u00e4r de utforskar olika plattformar. Detta skulle inte bara vara f\u00f6rdelaktigt f\u00f6r spelarna som f\u00e5r mer m\u00e5ngsidiga erbjudanden, utan det skulle ocks\u00e5 kunna skapa en mer konkurrenskraftig marknad bland bettingsidor, vilket potentiellt leder till \u00f6kad innovation och f\u00f6rb\u00e4ttringar inom branschen. Det \u00e4r viktigt att h\u00e5lla sig uppdaterad med eventuella f\u00f6r\u00e4ndringar i lagstiftningen f\u00f6r att kunna dra nytta av de senaste bonusm\u00f6jligheterna p\u00e5 den svenska spelmarknaden.<\/p>\n","protected":false},"excerpt":{"rendered":"<p>Vad \u00e4r en betting bonus utan ins\u00e4ttning? En betting bonus utan ins\u00e4ttning inneb\u00e4r att du f\u00e5r tillg\u00e5ng till en v\u00e4lkomstbonus n\u00e4r du registrerar ett spelkonto hos en bettingsida. Denna typ av erbjudande \u00e4r ovanlig eftersom den ger dig en betydande f\u00f6rdel utan krav p\u00e5 en initial ins\u00e4ttning. I st\u00e4llet f\u00f6r att beh\u00f6va s\u00e4tta in pengar&#8230;<\/p>\n","protected":false},"author":6,"featured_media":0,"parent":2055,"menu_order":0,"comment_status":"closed","ping_status":"closed","template":"","meta":{"footnotes":""},"tags":[],"acf":[],"_links":{"self":[{"href":"https:\/\/betting.com\/sv\/wp-json\/wp\/v2\/pages\/70584"}],"collection":[{"href":"https:\/\/betting.com\/sv\/wp-json\/wp\/v2\/pages"}],"about":[{"href":"https:\/\/betting.com\/sv\/wp-json\/wp\/v2\/types\/page"}],"author":[{"embeddable":true,"href":"https:\/\/betting.com\/sv\/wp-json\/wp\/v2\/users\/6"}],"replies":[{"embeddable":true,"href":"https:\/\/betting.com\/sv\/wp-json\/wp\/v2\/comments?post=70584"}],"version-history":[{"count":10,"href":"https:\/\/betting.com\/sv\/wp-json\/wp\/v2\/pages\/70584\/revisions"}],"predecessor-version":[{"id":75155,"href":"https:\/\/betting.com\/sv\/wp-json\/wp\/v2\/pages\/70584\/revisions\/75155"}],"up":[{"embeddable":true,"href":"https:\/\/betting.com\/sv\/wp-json\/wp\/v2\/pages\/2055"}],"wp:attachment":[{"href":"https:\/\/betting.com\/sv\/wp-json\/wp\/v2\/media?parent=70584"}],"wp:term":[{"taxonomy":"post_tag","embeddable":true,"href":"https:\/\/betting.com\/sv\/wp-json\/wp\/v2\/tags?post=70584"}],"curies":[{"name":"wp","href":"https:\/\/api.w.org\/{rel}","templated":true}]}}