{"id":64209,"date":"2023-08-18T06:32:31","date_gmt":"2023-08-18T06:32:31","guid":{"rendered":"https:\/\/betting.com\/sv\/?page_id=64209"},"modified":"2024-07-31T17:29:04","modified_gmt":"2024-07-31T15:29:04","slug":"om-oss","status":"publish","type":"page","link":"https:\/\/betting.com\/sv\/om-oss","title":{"rendered":"Om Oss"},"content":{"rendered":"\n<p>P\u00e5 denna sida kan du hitta mer information om vilka vi hos Betting.com \u00e4r, hur vi tog oss hit, och vad v\u00e5r m\u00e5ls\u00e4ttning \u00e4r med detta projekt. <\/p>\n\n\n\n<h2 class=\"wp-block-heading\" id=\"betting-com-guide-till-betting-i-sverige\">Betting.com &#8211; Guide till betting i Sverige<\/h2>\n\n\n\n<p>Teamet bakom Betting.com best\u00e5r av passionerade bettingexperter som gick samman med en gemensam vision: att skapa en sportspelupplevelse p\u00e5 n\u00e4sta niv\u00e5. Genom att ut\u00f6ka teamet med olika f\u00e4rdigheter fr\u00e5n alla h\u00f6rn av sportspelv\u00e4rlden har vi byggt ett spelportal som skiljer sig fr\u00e5n din genomsnittliga affiliate-sajt. Visionen har blivit verklighet. Betting.com \u00e4r h\u00e4r och vi s\u00e4tter snabbt v\u00e5rt sp\u00e5r.<\/p>\n\n\n\n<p>Under hela resan har kundupplevelsen varit h\u00f6gsta prioritet \u2013 och det kommer aldrig att f\u00f6r\u00e4ndras. Vi \u00e4r en stor gemenskap och vi ser fram emot att v\u00e4lkomna dig ombord!<\/p>\n\n\n\n<h2 class=\"wp-block-heading\" id=\"var-malsattning-vad-vi-erbjuder\">V\u00e5r m\u00e5ls\u00e4ttning &amp; vad vi erbjuder<\/h2>\n\n\n\n<p>Nu kommer vi till det riktigt bra! I ett n\u00f6tskal, Betting.com \u00e4r din biljett till GRATIS verktyg och tj\u00e4nster f\u00f6r att hj\u00e4lpa till att bygga (och genomf\u00f6ra) en omfattande spelplan f\u00f6r sportbetting. Vi \u00e4lskar givetvis ocks\u00e5 att analysera turneringar och m\u00e4sterskap inf\u00f6r spelstart f\u00f6r att hj\u00e4lpa dig p\u00e5 traven att hitta spelv\u00e4rda odds hos bettingsidorna.<\/p>\n\n\n\n<p>Som din one-stop shop f\u00f6r sportvadslagning erbjuder Betting.com hj\u00e4lpen f\u00f6r att h\u00e5lla alla dina vadslagningsaktiviteter p\u00e5 ett st\u00e4lle. F\u00f6r att sammanfatta erbjuder vi:<\/p>\n\n\n\n<h3 class=\"wp-block-heading\" id=\"speltips\"><a href=\"https:\/\/betting.com\/sv\/speltips\" data-type=\"URL\" data-id=\"https:\/\/betting.com\/sv\/speltips\" target=\"_blank\" rel=\"noreferrer noopener\">Speltips<\/a><\/h3>\n\n\n\n<p>F\u00e5 de senaste speltipsen fr\u00e5n v\u00e5ra tipsexperter.<\/p>\n\n\n\n<h3 class=\"wp-block-heading\" id=\"recensioner-av-bettingsidor\"><a rel=\"noreferrer noopener\" href=\"https:\/\/betting.com\/sv\/bettingsidor\" data-type=\"URL\" data-id=\"https:\/\/betting.com\/sv\/bettingsidor\" target=\"_blank\">Recensioner av bettingsidor<\/a><\/h3>\n\n\n\n<p>J\u00e4mf\u00f6r olika bettingsidor och f\u00e5 de b\u00e4sta bonusarna. <\/p>\n\n\n\n<h3 class=\"wp-block-heading\" id=\"bettingguider\"><a rel=\"noreferrer noopener\" href=\"https:\/\/betting.com\/sv\/guider\" data-type=\"URL\" data-id=\"https:\/\/betting.com\/sv\/guider\" target=\"_blank\">Bettingguider<\/a><\/h3>\n\n\n\n<p>Vi vill alltid hj\u00e4lpa v\u00e5ra l\u00e4sare bli b\u00e4ttre spelare, men ocks\u00e5 utbilda dem inom vilka bettingsidor de b\u00f6r spela hos. I v\u00e5r kunskapsektion finns guider f\u00f6r allt om hur olika odds fungerar och djupg\u00e5ende guider om den psykologiska faktorn inom betting. Ut\u00f6ver det har vi ocks\u00e5 guider om oms\u00e4ttningskrav och hur regler, licenser och annat kan p\u00e5verka dig hos olika bettingsidor.<\/p>\n\n\n\n<h3 class=\"wp-block-heading\" id=\"betalningsmetoder\"><a rel=\"noreferrer noopener\" href=\"https:\/\/betting.com\/sv\/betalningsmetoder\" data-type=\"URL\" data-id=\"https:\/\/betting.com\/sv\/betalningsmetoder\" target=\"_blank\">Betalningsmetoder<\/a><\/h3>\n\n\n\n<p>Undrar du vilka bettingsidor som erbjuder just betalningsmetoden du f\u00f6redrar? Eller vill du veta hur en specifik betalningsmetod fungerar? D\u00e5 har vi det du letar efter. Hos Betting.com har vi grundligt analyserat alla betalningsmetoder som finns tillg\u00e4ngliga hos bettingsidor med svensk licens.<\/p>\n\n\n\n<h3 class=\"wp-block-heading\" id=\"bettingkalkylator\">Bettingkalkylator<\/h3>\n\n\n\n<p>Finn olika kalkylatorer f\u00f6r betting f\u00f6r att r\u00e4kna ut oddsen p\u00e5 dina spel. <\/p>\n\n\n\n<h3 class=\"wp-block-heading\" id=\"analyser-och-matchguider\">Analyser och matchguider<\/h3>\n\n\n\n<p>F\u00e5 aktuella analyser och matchguider p\u00e5 en m\u00e4ngd olika sporter. <\/p>\n\n\n\n<p>Eftersom vi aldrig st\u00e5r stilla, r\u00e4kna med att Betting.com kontinuerligt utvecklas och v\u00e4xer. Det inneb\u00e4r omfattande sportbevakning p\u00e5 alla v\u00e5ra k\u00e4rnmarknader och regelbundna till\u00e4gg till v\u00e5rt n\u00e4tverk av verifierade experter. Du kan vara s\u00e4ker p\u00e5 att vi ocks\u00e5 har gjort v\u00e5ra l\u00e4xor p\u00e5 alla bookmakers vi arbetar med. De har alla bepr\u00f6vade meriter och har en licens att verka i din jurisdiktion.<\/p>\n\n\n\n<h2 class=\"wp-block-heading\" id=\"vad-vi-gor\">Vad vi g\u00f6r<\/h2>\n\n\n\n<p>V\u00e5rt team hos Betting.com fokuserar p\u00e5 att hj\u00e4lpa alla spelare i Sverige att ha en b\u00e4ttre bettingupplevelse. Detta handlar b\u00e5de om hur man kommer ig\u00e5ng och kanske framf\u00f6rallt om hur man v\u00e4ljer r\u00e4tt bettingsida. V\u00e5r m\u00e5ls\u00e4ttning \u00e4r att alla spelare ska spela ansvarsfullt, men \u00e4ven med den b\u00e4sta informationen som finns tillg\u00e4nglig. Det \u00e4r ingen enkel sak att vara vinnande p\u00e5 l\u00e5ng sikt inom betting, men vi vill vara en del av den resan f\u00f6r alla spelare i Sverige.<\/p>\n\n\n\n<h3 class=\"wp-block-heading\" id=\"betting-com-historia\">Betting.com &#8211; Historia<\/h3>\n\n\n\n<p>Ber\u00e4ttelsen om Betting.com g\u00e5r tillbaka till 1994 d\u00e5 sidan f\u00f6rst registrerades p\u00e5 en server i Kanada. Under \u00e5ren har sidan v\u00e4xt stadigt genom flera \u00e4garbyten och f\u00f6rv\u00e4rvades 2020 av sin nuvarande \u00e4gare.<\/p>\n\n\n\n<p>Betting.com har \u00e4ndrat b\u00e5de utseende och dess funktioner under de senaste \u00e5ren, med m\u00e5let att alltid ge dess anv\u00e4ndare en b\u00e4ttre upplevelse. Inf\u00f6r 2023 anst\u00e4lldes flera nya personer med en vision om hur sidan ska ta n\u00e4sta steg i dess utveckling. Vi ser fram emot att visa alla v\u00e5ra l\u00e4sare nya funktioner och verktyg som kommer att ta betting i Sverige till n\u00e4sta niv\u00e5. Vi hoppas att du f\u00f6ljer med p\u00e5 v\u00e5r resa och blir en del av denna historia!<\/p>\n\n\n\n<h2 class=\"wp-block-heading\" id=\"vart-vi-ar-pa-vag\">Vart vi \u00e4r p\u00e5 v\u00e4g?<\/h2>\n\n\n\n<p>P\u00e5 m\u00e5nga s\u00e4tt \u00e4r detta fortfarande bara b\u00f6rjan f\u00f6r Betting.com, med obegr\u00e4nsade m\u00f6jligheter framf\u00f6r sig \u2013 och, som alla bra framv\u00e4xande utmanare (t\u00e4nk Steph Currys Golden State Warriors 2015 eller Patrick Mahomes och Kansas City Chiefs 2018) , vi \u00e4r h\u00e4r f\u00f6r att skaka om status quo.<\/p>\n\n\n\n<p>V\u00e5rt m\u00e5l \u00e4r att bli v\u00e4rldens fr\u00e4msta vadslagningsnav, d\u00e4r sportspelare och handikappare kan \u00f6msesidigt dra nytta av de tj\u00e4nster och verktyg som vi har skapat. Vi hoppas att du f\u00f6ljer med p\u00e5 \u00e5kturen!<\/p>\n\n\n\n<p>Ut\u00f6ver det \u00e4r h\u00f6gkvalitativa speltips och analyser inf\u00f6r matcher, turneringar eller m\u00e4sterskap alltid i fokus hos v\u00e5ra skribenter. Det tillsammans med att rekommendera de b\u00e4sta oddsen p\u00e5 marknaden kommer f\u00f6r alltid att vara en grundsten i v\u00e5rt arbete. <\/p>\n\n\n\n<h3 class=\"wp-block-heading\" id=\"vara-andra-sidor\">V\u00e5ra andra sidor<\/h3>\n\n\n\n<p>Betting.com t\u00e4cker sportsbetting p\u00e5 global basis. F\u00f6rutom den svenska marknaden t\u00e4cker vi USA och den Latinamerikanska befolkningen i USA samt Storbritannien. <\/p>\n\n\n\n<figure class=\"wp-block-table\"><table class=\"has-luminous-vivid-amber-background-color has-background\"><tbody><tr><td>Omr\u00e5den<\/td><td>Webbsida<\/td><\/tr><tr><td>Storbritannien <\/td><td><a href=\"https:\/\/betting.com\/gb\/\">https:\/\/betting.com\/gb\/<\/a><\/td><\/tr><tr><td>USA<\/td><td><a href=\"https:\/\/betting.com\/\">https:\/\/betting.com\/<\/a><\/td><\/tr><tr><td>USA (Spansktalande)<\/td><td><a href=\"https:\/\/betting.com\/es\/\">https:\/\/betting.com\/es\/<\/a><\/td><\/tr><\/tbody><\/table><\/figure>\n\n\n\n<h2 class=\"wp-block-heading\" id=\"kontakta-oss\">Kontakta oss<\/h2>\n\n\n\n<p>Har du fr\u00e5gor eller bara allm\u00e4nt intresserad av att veta mer om oss p\u00e5 Betting.com? Skicka g\u00e4rna ett meddelande till oss genom att fylla i formul\u00e4ret nedanf\u00f6r eller maila oss p\u00e5 <strong>info@betting.com<\/strong>: <\/p>\n\n\n\n<p><\/p>\n\n\n<div class=\"wp-block-contact-form\">\n\t\t<style>\n\tinput[type=\"checkbox\"]:checked{\n\t\tbackground-image: url(\"data:image\/svg+xml;charset=utf-8,%3Csvg viewBox='0 0 16 16' fill='%23fff' xmlns='http:\/\/www.w3.org\/2000\/svg'%3E%3Cpath d='M12.207 4.793a1 1 0 0 1 0 1.414l-5 5a1 1 0 0 1-1.414 0l-2-2a1 1 0 0 1 1.414-1.414L6.5 9.086l4.293-4.293a1 1 0 0 1 1.414 0z'\/%3E%3C\/svg%3E\");\n\t}\n\t.select-wrapper:after{\n\t\tcontent: '';\n\t\tposition: absolute;\n\t\ttop: 41px;\n\t\tright: 7px;\n\t\twidth: 20px;\n\t\theight: 20px;\n\t\tpointer-events: none;\n\t\tbackground-image: url('data:image\/svg+xml,<svg xmlns=\"http:\/\/www.w3.org\/2000\/svg\" width=\"20\" height=\"20\" viewBox=\"0 0 20 20\" fill=\"none\"><path d=\"M5 7.5L10 12.5L15 7.5\" stroke=\"%23FE594F\" stroke-width=\"1.67\" stroke-linecap=\"round\" stroke-linejoin=\"round\"\/><\/svg>');\n\t}\n\tbutton:disabled{\n\t\topacity: 0.5;\n\t\tpointer-events: none;\n\t}\n<\/style>\n\n<form  x-data=\"contactForm()\" x-init=\"init()\"  action=\"https:\/\/betting.com\/sv\/wp-admin\/admin-ajax.php\" method=\"POST\" novalidate>\n\t<div class=\"flex flex-col gap-y-4\">\n\t\t<div class=\"flex flex-col lg:flex-row max-lg:gap-y-4 gap-x-4\">\n\t\t\t<div class=\"w-full\">\n\t\t\t\t<label for=\"name\">Ditt namn<\/label>\n\t\t\t\t<input type=\"text\" id=\"name\" name=\"name\"  x-model=\"form.name\" :class=\"{ 'border border-red-100': errors.name }\"  class=\"mt-2 w-full px-3 py-2 bg-ball-white-40 border border-ball-white-40 text-sm placeholder-gray-40 focus:outline-none focus:border-yellow-100\" placeholder=\"John Doe\" required>\n\t\t\t\t\t\t\t\t\t<span x-show=\"errors.name\" x-text=\"errors.name\" class=\"block text-sm text-red-100 mt-1\"><\/span>\n\t\t\t\t\t\t\t<\/div>\n\t\t\t<div class=\"w-full\">\n\t\t\t\t<label for=\"email\">Din email<\/label>\n\t\t\t\t<input type=\"email\" id=\"email\" name=\"email\"  x-model=\"form.email\" :class=\"{ 'border border-red-100': errors.email }\"  class=\"mt-2 w-full px-3 py-2 bg-ball-white-40 border border-ball-white-40 text-sm placeholder-gray-40 focus:outline-none focus:border-yellow-100\" placeholder=\"johndoe@gmail.com\" required>\n\t\t\t\t\t\t\t\t\t<span x-show=\"errors.email\" x-text=\"errors.email\" class=\"block text-sm text-red-100 mt-1\"><\/span>\n\t\t\t\t\t\t\t<\/div>\n\t\t<\/div>\n\t\t<div class=\"block w-full select-wrapper relative\">\n\t\t\t<label for=\"department\">Avdelning<\/label>\n\t\t\t<select id=\"department\" name=\"department\"  x-model=\"form.department\" :class=\"{ 'border border-red-100': errors.department }\"  class=\"mt-2 w-full px-3 py-2 bg-ball-white-40 border border-ball-white-40 text-sm appearance-none focus:outline-none focus:border-yellow-100\" required>\n\t\t\t\t<option value=\"\" disabled selected>V\u00e4lj avdelning<\/option>\n\t\t\t\t<option value=\"info\">Allm\u00e4nt<\/option>\n\t\t\t\t<option value=\"sales\">S\u00e4lj<\/option>\n\t\t\t\t<option value=\"data_protection\">Dataskydd<\/option>\n\t\t\t<\/select>\n\t\t\t\t\t\t\t<span x-show=\"errors.department\" x-text=\"errors.department\" class=\"block text-sm text-red-100 mt-1\"><\/span>\n\t\t\t\t\t<\/div>\n\t\t<div class=\"block w-full\">\n\t\t\t<label for=\"message\">Meddelande<\/label>\n\t\t\t<textarea id=\"message\" rows=\"7\" name=\"message\"  x-model=\"form.message\" :class=\"{ 'border border-red-100': errors.message }\"  class=\"mt-2 w-full px-3 py-2 bg-ball-white-40 border border-ball-white-40 text-sm placeholder-gray-40 focus:outline-none focus:border-yellow-100\" placeholder=\"Ber\u00e4tta mer om ditt meddelande\" required><\/textarea>\n\t\t\t\t\t\t\t<span x-show=\"errors.message\" x-text=\"errors.message\" class=\"block text-sm text-red-100 mt-1\"><\/span>\n\t\t\t\t\t<\/div>\n\t\t<div class=\"flex flex-col lg:flex-row gap-x-6\">\n\t\t\t<label class=\"flex flex-row items-center\">\n\t\t\t\t<input type=\"checkbox\"  x-model=\"form.ageChecked\"  class=\"appearance-none w-4 h-4 text-white bg-transparent border border-gray-40 rounded checked:bg-yellow-100 checked:border-yellow-100 me-2\" required>\n\t\t\t\tDu m\u00e5ste vara \u00f6ver 18 \u00e5r\n\t\t\t<\/label>\n\t\t\t<label class=\"flex flex-row items-center\">\n\t\t\t\t<input type=\"checkbox\"  x-model=\"form.termsChecked\"  class=\"appearance-none w-4 h-4 text-white bg-transparent border border-gray-40 rounded checked:bg-yellow-100 checked:border-yellow-100 me-2\" required>\n\t\t\t\tGodk\u00e4nnande av v\u00e5ra regler och villkor\n\t\t\t<\/label>\n\t\t<\/div>\n\t\t\t\t<span x-show=\"errors.ageChecked\" x-text=\"errors.ageChecked\" class=\"block text-sm text-red-100\"><\/span>\n\t\t<span x-show=\"errors.termsChecked\" x-text=\"errors.termsChecked\" class=\"block text-sm text-red-100\"><\/span>\n\t\t\t\t<div>\n\t\t\t<input type=\"hidden\" name=\"mzc_ts\" value=\"0\">\n\t\t\t<input type=\"hidden\" name=\"action\" value=\"submit_contact_form\">\n\t\t\t<button type=\"submit\" name=\"submit\" @click=\"submitForm\" class=\"btn btn-red-outline-transparent-text-red\" id=\"mzc_contact_submit\" disabled>Skicka epost<\/button>\n\t\t<\/div>\n\t<\/div>\n<\/form>\n\n\n<script>!function(){document.querySelectorAll('input[name=\"mzc_ts\"]').forEach(function(e){e.value=Math.round((new Date).getTime()\/1e3)});var e=document.getElementById(\"mzc_contact_submit\"),t=e.innerText,n=5,a=setInterval(function(){n<=0?(e.innerText=t,e.disabled=!1,clearInterval(a)):(e.innerText=t+\" - \"+n,n--)},1e3)}();<\/script>\n\n<script>\n\tfunction contactForm() {\n\t\treturn {\n\t\t\tform: {\n\t\t\t\tname: '',\n\t\t\t\temail: '',\n\t\t\t\tdepartment: '',\n\t\t\t\tmessage: '',\n\t\t\t\tageChecked: false,\n\t\t\t\ttermsChecked: false,\n\t\t\t},\n\t\t\terrors: {},\n\t\t\tinit() {\n\t\t\t\tthis.errors = {};\n\t\t\t},\n\t\t\tsubmitForm( e ) {\n\t\t\t\te.preventDefault();\n\t\t\t\tconsole.log(this.form);\n\t\t\t\tthis.errors = {};\n\n\t\t\t\tif (!this.validateForm()) {\n\t\t\t\t\treturn;\n\t\t\t\t}\n\n\t\t\t\tconst formData = {\n\t\t\t\t\tname: this.form.name,\n\t\t\t\t\temail: this.form.email,\n\t\t\t\t\tdepartment: this.form.department,\n\t\t\t\t\tmessage: this.form.message,\n\t\t\t\t\taction: 'submit_contact_form',\n\t\t\t\t\tnonce: '8b98d8006c',\n\t\t\t\t}\n\n\t\t\t\t\/\/ Convert the form data object to a JSON string\n\t\t\t\tconst encodedFormData = JSON.stringify(formData);\n\n\t\t\t\t\/\/ Send the form data to the server\n\t\t\t\tthis.sendFormData(encodedFormData);\n\t\t\t},\n\t\t\tvalidateForm() {\n\t\t\t\tlet isValid = true;\n\n\t\t\t\tif (!this.form.name) {\n\t\t\t\t\tthis.errors.name = \"V\u00e4nligen skriv i ditt namn.\";\n\t\t\t\t\tisValid = false;\n\t\t\t\t} else if (!this.isValidName(this.form.name)) {\n\t\t\t\t\tthis.errors.name = \"V\u00e4nligen ange ett giltigt namn.\";\n\t\t\t\t\tisValid = false;\n\t\t\t\t}\n\n\t\t\t\tif (!this.form.email) {\n\t\t\t\t\tthis.errors.email = \"V\u00e4nligen fyll i din E-post.\";\n\t\t\t\t\tisValid = false;\n\t\t\t\t} else if (!this.isValidEmail(this.form.email)) {\n\t\t\t\t\tisValid = false;\n\t\t\t\t\tthis.errors.email = \"V\u00e4nligen ange en giltig E-post.\";\n\t\t\t\t}\n\n\t\t\t\tif (!this.form.department) {\n\t\t\t\t\tthis.errors.department = \"V\u00e4nligen v\u00e4lj en avdelning.\";\n\t\t\t\t\tisValid = false;\n\t\t\t\t}\n\n\t\t\t\tif (!this.form.message) {\n\t\t\t\t\tthis.errors.message = \"V\u00e4nligen skriv ett meddelande.\";\n\t\t\t\t\tisValid = false;\n\t\t\t\t}\n\n\t\t\t\tif (!this.form.ageChecked) {\n\t\t\t\t\tthis.errors.ageChecked = \"V\u00e4nligen bekr\u00e4fta att du har \u00e5ldern inne.\";\n\t\t\t\t\tisValid = false;\n\t\t\t\t}\n\n\t\t\t\tif (!this.form.termsChecked) {\n\t\t\t\t\tthis.errors.termsChecked = \"V\u00e4nligen acceptera villkor och regler.\";\n\t\t\t\t\tisValid = false;\n\t\t\t\t}\n\n\t\t\t\treturn isValid;\n\t\t\t},\n\t\t\tsendFormData(formData){\n\t\t\t\tthis.button = true;\n\t\t\t\tconst ajaxUrl = 'https:\/\/betting.com\/sv\/wp-admin\/admin-ajax.php';\n\t\t\t\tfetch( ajaxUrl + '\/wp-admin\/admin-ajax.php?action=submit_contact_form', {\n\t\t\t\t\tmethod: 'POST',\n\t\t\t\t\theaders: {\n\t\t\t\t\t\t'Content-Type': 'application\/json',\n\t\t\t\t\t},\n\t\t\t\t\tbody: formData,\n\t\t\t\t})\n\t\t\t\t.then(response => {\n\t\t\t\t\tif (!response.ok) {\n\t\t\t\t\t\tif (response.status === 403) {\n\t\t\t\t\t\t\talert('Din session har utg\u00e5tt. Var v\u00e4nlig och uppdatera sidan.');\n\t\t\t\t\t\t\tthrow new Error('Invalid nonce');\n\t\t\t\t\t\t} else {\n\t\t\t\t\t\t\talert( \"Ett fel intr\u00e4ffade n\u00e4r du skickade iv\u00e4g formul\u00e4ret. F\u00f6rs\u00f6k igen.\" );\n\t\t\t\t\t\t}\n\t\t\t\t\t} else {\n\t\t\t\t\t\talert( \"Meddelandet skickades iv\u00e4g utan problem!\" );\n\t\t\t\t\t}\n\t\t\t\t})\n\t\t\t\t.catch(error => {\n\t\t\t\t\tconsole.error(error)\n\t\t\t\t})\n\t\t\t\t.finally(() => {\n\t\t\t\t\t\tthis.resetForm();\n\t\t\t\t\t}\n\t\t\t\t);\n\t\t\t},\n\t\t\tisValidEmail(email) {\n\t\t\t\tconst emailRegex = \/^(([^<>()[\\]\\\\.,;:\\s@\\\"]+(\\.[^<>()[\\]\\\\.,;:\\s@\\\"]+)*)|(\\\".+\\\"))@((\\[[0-9]{1,3}\\.[0-9]{1,3}\\.[0-9]{1,3}\\.[0-9]{1,3}\\])|(([a-zA-Z\\-0-9]+\\.)+[a-zA-Z]{2,}))$\/;\n\t\t\t\treturn emailRegex.test(email);\n\t\t\t},\n\t\t\tisValidName(name){\n\t\t\t\tconst nameRegex = \/^[a-zA-Z]+(([',. -][a-zA-Z ])?[a-zA-Z]*)*$\/;\n\t\t\t\tif (name.length < 2 || name.length > 40) {\n\t\t\t\t\treturn false;\n\t\t\t\t} else {\n\t\t\t\t\treturn nameRegex.test(name);\n\t\t\t\t}\n\t\t\t},\n\t\t\tresetForm() {\n\t\t\t\tthis.form = {\n\t\t\t\t\tname: '',\n\t\t\t\t\temail: '',\n\t\t\t\t\tdepartment: '',\n\t\t\t\t\tmessage: '',\n\t\t\t\t\tageChecked: false,\n\t\t\t\t\ttermsChecked: false,\n\t\t\t\t};\n\t\t\t}\n\t\t};\n\t}\n<\/script>\n\n<\/div>\n","protected":false},"excerpt":{"rendered":"<p>P\u00e5 denna sida kan du hitta mer information om vilka vi hos Betting.com \u00e4r, hur vi tog oss hit, och vad v\u00e5r m\u00e5ls\u00e4ttning \u00e4r med detta projekt. Betting.com &#8211; Guide till betting i Sverige Teamet bakom Betting.com best\u00e5r av passionerade bettingexperter som gick samman med en gemensam vision: att skapa en sportspelupplevelse p\u00e5 n\u00e4sta niv\u00e5&#8230;.<\/p>\n","protected":false},"author":7,"featured_media":0,"parent":0,"menu_order":0,"comment_status":"closed","ping_status":"closed","template":"","meta":{"footnotes":""},"tags":[],"acf":[],"_links":{"self":[{"href":"https:\/\/betting.com\/sv\/wp-json\/wp\/v2\/pages\/64209"}],"collection":[{"href":"https:\/\/betting.com\/sv\/wp-json\/wp\/v2\/pages"}],"about":[{"href":"https:\/\/betting.com\/sv\/wp-json\/wp\/v2\/types\/page"}],"author":[{"embeddable":true,"href":"https:\/\/betting.com\/sv\/wp-json\/wp\/v2\/users\/7"}],"replies":[{"embeddable":true,"href":"https:\/\/betting.com\/sv\/wp-json\/wp\/v2\/comments?post=64209"}],"version-history":[{"count":16,"href":"https:\/\/betting.com\/sv\/wp-json\/wp\/v2\/pages\/64209\/revisions"}],"predecessor-version":[{"id":76122,"href":"https:\/\/betting.com\/sv\/wp-json\/wp\/v2\/pages\/64209\/revisions\/76122"}],"wp:attachment":[{"href":"https:\/\/betting.com\/sv\/wp-json\/wp\/v2\/media?parent=64209"}],"wp:term":[{"taxonomy":"post_tag","embeddable":true,"href":"https:\/\/betting.com\/sv\/wp-json\/wp\/v2\/tags?post=64209"}],"curies":[{"name":"wp","href":"https:\/\/api.w.org\/{rel}","templated":true}]}}