{"id":64174,"date":"2023-08-18T06:16:56","date_gmt":"2023-08-18T06:16:56","guid":{"rendered":"https:\/\/betting.com\/sv\/?page_id=64174"},"modified":"2023-08-18T06:40:23","modified_gmt":"2023-08-18T06:40:23","slug":"annonsupplysningar","status":"publish","type":"page","link":"https:\/\/betting.com\/sv\/om-oss\/annonsupplysningar","title":{"rendered":"Annonsupplysningar"},"content":{"rendered":"\n<p>Betting.com str\u00e4var efter att ge spelare den kunskap de beh\u00f6ver f\u00f6r att fatta v\u00e4linformerade beslut och f\u00f6rb\u00e4ttra sina spelupplevelser.<\/p>\n\n\n\n<p>F\u00f6r att uppn\u00e5 detta m\u00e5l genomf\u00f6r v\u00e5ra professionella sportskribenter noggrann forskning och rekommenderar olika bettingsidor, produkter och tj\u00e4nster som \u00e4r anpassade efter olika preferenser. V\u00e5rt engagerade team investerar otaliga timmar varje m\u00e5nad i att utv\u00e4rdera ett brett spektrum av alternativ.<\/p>\n\n\n\n<p>Vi f\u00f6rst\u00e5r vikten av att uppr\u00e4tth\u00e5lla v\u00e5r verksamhet. F\u00f6r att st\u00f6dja den v\u00e4rdefulla information vi tillhandah\u00e5ller har vi ekonomiska avtal med n\u00e5gra av de bettingsidor som presenteras p\u00e5 v\u00e5r plattform.<\/p>\n\n\n\n<p>Det inneb\u00e4r att vi i vissa fall kan f\u00e5 en provision n\u00e4r en l\u00e4sare klickar p\u00e5 en av l\u00e4nkarna p\u00e5 v\u00e5r webbplats.<\/p>\n\n\n\n<p>Det \u00e4r dock viktigt att notera att dessa partnerskap inte p\u00e5verkar r\u00e5dgivningen och rekommendationerna vi erbjuder p\u00e5 ett felaktigt s\u00e4tt och inte p\u00e5verkar v\u00e5r p\u00e5litlighet.<\/p>\n\n\n\n<p>Medan vi \u00f6verv\u00e4ger v\u00e5ra partners erbjudanden bland de m\u00e5nga produkter och tj\u00e4nster vi bed\u00f6mer, \u00e4r de slutgiltiga rekommendationerna du hittar p\u00e5 v\u00e5ra sidor f\u00f6r B\u00e4sta Sidor, Speltips och Recensioner oberoende resultat av v\u00e5rt redaktionella teams forskning och expertis.<\/p>\n\n\n\n<p>Var trygg i att vi \u00e4r engagerade i transparens och att ge v\u00e5ra l\u00e4sare opartiska, objektiva insikter f\u00f6r att fatta v\u00e4linformerade spelbeslut.<\/p>\n","protected":false},"excerpt":{"rendered":"<p>Betting.com str\u00e4var efter att ge spelare den kunskap de beh\u00f6ver f\u00f6r att fatta v\u00e4linformerade beslut och f\u00f6rb\u00e4ttra sina spelupplevelser. F\u00f6r att uppn\u00e5 detta m\u00e5l genomf\u00f6r v\u00e5ra professionella sportskribenter noggrann forskning och rekommenderar olika bettingsidor, produkter och tj\u00e4nster som \u00e4r anpassade efter olika preferenser. V\u00e5rt engagerade team investerar otaliga timmar varje m\u00e5nad i att utv\u00e4rdera ett&#8230;<\/p>\n","protected":false},"author":7,"featured_media":0,"parent":64209,"menu_order":0,"comment_status":"closed","ping_status":"closed","template":"","meta":{"footnotes":""},"tags":[],"acf":[],"_links":{"self":[{"href":"https:\/\/betting.com\/sv\/wp-json\/wp\/v2\/pages\/64174"}],"collection":[{"href":"https:\/\/betting.com\/sv\/wp-json\/wp\/v2\/pages"}],"about":[{"href":"https:\/\/betting.com\/sv\/wp-json\/wp\/v2\/types\/page"}],"author":[{"embeddable":true,"href":"https:\/\/betting.com\/sv\/wp-json\/wp\/v2\/users\/7"}],"replies":[{"embeddable":true,"href":"https:\/\/betting.com\/sv\/wp-json\/wp\/v2\/comments?post=64174"}],"version-history":[{"count":2,"href":"https:\/\/betting.com\/sv\/wp-json\/wp\/v2\/pages\/64174\/revisions"}],"predecessor-version":[{"id":64177,"href":"https:\/\/betting.com\/sv\/wp-json\/wp\/v2\/pages\/64174\/revisions\/64177"}],"up":[{"embeddable":true,"href":"https:\/\/betting.com\/sv\/wp-json\/wp\/v2\/pages\/64209"}],"wp:attachment":[{"href":"https:\/\/betting.com\/sv\/wp-json\/wp\/v2\/media?parent=64174"}],"wp:term":[{"taxonomy":"post_tag","embeddable":true,"href":"https:\/\/betting.com\/sv\/wp-json\/wp\/v2\/tags?post=64174"}],"curies":[{"name":"wp","href":"https:\/\/api.w.org\/{rel}","templated":true}]}}