{"id":64166,"date":"2023-08-18T06:17:21","date_gmt":"2023-08-18T06:17:21","guid":{"rendered":"https:\/\/betting.com\/sv\/?page_id=64166"},"modified":"2023-08-18T06:40:06","modified_gmt":"2023-08-18T06:40:06","slug":"redaktionell-policy","status":"publish","type":"page","link":"https:\/\/betting.com\/sv\/om-oss\/redaktionell-policy","title":{"rendered":"Redaktionell Policy"},"content":{"rendered":"\n<p><strong>\u00d6versikt<\/strong><\/p>\n\n\n\n<p>V\u00e4lkommen till Betting.com, din p\u00e5litliga k\u00e4lla f\u00f6r omfattande och p\u00e5litlig information om betting. V\u00e5rt m\u00e5l \u00e4r att v\u00e4gleda spelare som dig att hitta de b\u00e4sta och mest p\u00e5litliga bettingsidorna, alla testade och verifierade av v\u00e5rt team av professionella skribenter f\u00f6r sportsbetting.<\/p>\n\n\n\n<p>Vi f\u00f6ljer riktlinjerna nedan f\u00f6r att s\u00e4kerst\u00e4lla att all information vi f\u00f6rmedlar till dig kommer att g\u00f6ra dig till en mer kunnig sportbettare. Oavsett om det g\u00e4ller v\u00e5ra recensioner av bettingsidor, popul\u00e4ra t\u00e4vlingar, bettingstrategier, spelguider, bonusar eller n\u00e5got annat &#8211; allt inneh\u00e5ll vi skriver \u00e4r dedikerat till att hj\u00e4lpa dig.<\/p>\n\n\n\n<p>F\u00f6r att uppn\u00e5 detta m\u00e5l f\u00f6ljer vi en strikt redaktionell kod som betonar opartisk r\u00e5dgivning, noggrannhet, tydlig information, \u00f6ppen k\u00e4llh\u00e4nvisning samt en f\u00f6rpliktelse till revideringar och felkorrigeringar. N\u00e4r du ger dig ut p\u00e5 din bettingresa st\u00e5r vi vid din sida och erbjuder ett nyanserat och beskrivande journalistiskt tillv\u00e4gag\u00e5ngss\u00e4tt som ger dig f\u00f6rtroende f\u00f6r att fatta informerade beslut.<\/p>\n\n\n\n<p>Vi inser vikten av att uppr\u00e4tth\u00e5lla v\u00e5r operativa kontinuitet. Samtidigt f\u00f6rblir v\u00e5r f\u00f6rpliktelse till genomskinlig kommunikation och en \u00e4rlig redaktionell synvinkel orubblig i allt v\u00e5rt publicerade <a href=\"\/sv\/om-oss\/annonsupplysningar\" data-type=\"page\" data-id=\"64173\">reklaminneh\u00e5ll<\/a>. S\u00e5, medan vi bibeh\u00e5ller avtal med licensierade bettingsidor som verkar p\u00e5 olika marknader, har v\u00e5ra recensioner en grund i realism, f\u00f6rankrad i faktisk analys. V\u00e5ra rekommendationer kommer fr\u00e5n ett autentiskt perspektiv och s\u00e4kerst\u00e4ller alltid en \u00e4rlig synvinkel.<\/p>\n\n\n\n<p>H\u00e4r \u00e4r n\u00e5gra av v\u00e5ra v\u00e4gledande principer:<\/p>\n\n\n\n<ol>\n<li><strong>Opartisk R\u00e5dgivning: Ger Dig M\u00f6jligheten Att V\u00e4lja<\/strong><\/li>\n<\/ol>\n\n\n\n<p>Betting.coms redaktionella kod bygger p\u00e5 principen om opartiskhet. V\u00e5ra professionella sportskribenter ser till att v\u00e5ra rekommendationer kommer fr\u00e5n ett autentiskt perspektiv som alltid s\u00e4kerst\u00e4ller en \u00e4rlig synvinkel.<\/p>\n\n\n\n<p>V\u00e5r r\u00e5dgivning \u00e4r opartisk och fokuserad p\u00e5 att guida dig mot de mest p\u00e5litliga plattformarna som finns tillg\u00e4ngliga.<\/p>\n\n\n\n<p>V\u00e5rt m\u00e5l \u00e4r att ge dig de b\u00e4sta valen, s\u00e5 att du sj\u00e4lvs\u00e4kert kan v\u00e4lja de spelbolag som st\u00e4mmer \u00f6verens med dina preferenser och behov.<\/p>\n\n\n\n<ol start=\"2\">\n<li><strong>Noggrannhet: Basen f\u00f6r F\u00f6rtroende<\/strong><\/li>\n<\/ol>\n\n\n\n<p>P\u00e5 Betting.com ger v\u00e5rt dedikerade team av erfarna sportskribenter och bettingexperter geh\u00f6r \u00e5t noggrannhet. Vi genomf\u00f6r grundlig forskning, f\u00f6rlitar oss p\u00e5 datadrivna insikter och prioriterar verifierad statistik f\u00f6r att ge p\u00e5litlig och aktuell information. V\u00e5ra rekommenderade bettingsidor, som st\u00f6ds av objektiv och kritisk utv\u00e4rdering, s\u00e4kerst\u00e4ller den mest precisa och p\u00e5litliga r\u00e5dgivningen f\u00f6r v\u00e4linformerade beslut.<\/p>\n\n\n\n<ol start=\"3\">\n<li><strong>Tydlig Information: Navigera Komplexitet med Tydlighet<\/strong><\/li>\n<\/ol>\n\n\n\n<p>Betting kan vara en komplex v\u00e4rld. F\u00f6r att hj\u00e4lpa dig att navigera i detta landskap str\u00e4var vi efter att presentera information p\u00e5 ett klart, koncist och l\u00e4ttf\u00f6rst\u00e5eligt s\u00e4tt. V\u00e5ra sportskribenter skapar tillg\u00e4ngligt inneh\u00e5ll f\u00f6r alla typer av spelare. Vi f\u00f6rklarar jargong och presenterar f\u00f6rklaringar som avdramatiserar processen att spela p\u00e5 sport online.<\/p>\n\n\n\n<ol start=\"4\">\n<li><strong>\u00d6ppenhet: Tillitens Pelare<\/strong><\/li>\n<\/ol>\n\n\n\n<p>Tillit \u00e4r grunden f\u00f6r v\u00e5r relation med v\u00e5ra l\u00e4sare. F\u00f6r att uppr\u00e4tth\u00e5lla denna tillit \u00e4r vi engagerade i fullst\u00e4ndig \u00f6ppenhet. V\u00e5r redaktionella kod dikterar att vi \u00f6ppet avsl\u00f6jar v\u00e5ra informationsk\u00e4llor. Vi baserar v\u00e5ra rekommendationer p\u00e5 p\u00e5litlig och verifierad data fr\u00e5n bettingindustrin, idrottsorganisationer, officiella uttalanden och experter. Denna \u00f6ppenhet s\u00e4kerst\u00e4ller att du kan fatta fullt informerade beslut om de bettingsidor du vill utforska.<\/p>\n\n\n\n<ol start=\"5\">\n<li><strong>Revideringar och Felkorrigeringar: En Resa Mot Perfektion<\/strong><\/li>\n<\/ol>\n\n\n\n<p>Vi inser att fel ibland kan intr\u00e4ffa. V\u00e5ra skribenter och v\u00e5r redaktion uppmuntrar aktivt \u00e5terkoppling fr\u00e5n dig. Om du uppt\u00e4cker n\u00e5gra felaktigheter eller fel i v\u00e5ra artiklar uppmanar vi dig att <a href=\"\/sv\/om-oss\" data-type=\"page\" data-id=\"64171\">kontakta oss<\/a>. Dina bidrag \u00e4r v\u00e4rdefulla och vi \u00e4r engagerade i att snabbt ta itu med eventuella identifierade problem.<\/p>\n\n\n\n<h2 class=\"wp-block-heading\">V\u00e5rt Redaktionella Team<\/h2>\n\n\n\n<p>Vi anst\u00e4ller endast experter inom sportsbetting. V\u00e5rt team inkluderar journalister, beg\u00e5vade och kunniga individer inom sina respektive discipliner och sporter.<\/p>\n\n\n\n<p>De har erfarenhet av sportsbetting och spelbranschen och vill att spelare ska dra nytta av det inneh\u00e5ll de skriver.<\/p>\n\n\n\n<p>V\u00e5r chefredakt\u00f6r, s\u00e5v\u00e4l som v\u00e5ra avdelningschefer och experter kan kommentera offentligt om sin kompetens samt tj\u00e4nster som finns tillg\u00e4ngliga p\u00e5 Betting.com, om de blir ombedda.<\/p>\n\n\n\n<p>Du kan l\u00e4sa mer om Betting.com-teamet h\u00e4r.<\/p>\n","protected":false},"excerpt":{"rendered":"<p>\u00d6versikt V\u00e4lkommen till Betting.com, din p\u00e5litliga k\u00e4lla f\u00f6r omfattande och p\u00e5litlig information om betting. V\u00e5rt m\u00e5l \u00e4r att v\u00e4gleda spelare som dig att hitta de b\u00e4sta och mest p\u00e5litliga bettingsidorna, alla testade och verifierade av v\u00e5rt team av professionella skribenter f\u00f6r sportsbetting. Vi f\u00f6ljer riktlinjerna nedan f\u00f6r att s\u00e4kerst\u00e4lla att all information vi f\u00f6rmedlar till&#8230;<\/p>\n","protected":false},"author":7,"featured_media":0,"parent":64209,"menu_order":0,"comment_status":"closed","ping_status":"closed","template":"","meta":{"footnotes":""},"tags":[],"acf":[],"_links":{"self":[{"href":"https:\/\/betting.com\/sv\/wp-json\/wp\/v2\/pages\/64166"}],"collection":[{"href":"https:\/\/betting.com\/sv\/wp-json\/wp\/v2\/pages"}],"about":[{"href":"https:\/\/betting.com\/sv\/wp-json\/wp\/v2\/types\/page"}],"author":[{"embeddable":true,"href":"https:\/\/betting.com\/sv\/wp-json\/wp\/v2\/users\/7"}],"replies":[{"embeddable":true,"href":"https:\/\/betting.com\/sv\/wp-json\/wp\/v2\/comments?post=64166"}],"version-history":[{"count":7,"href":"https:\/\/betting.com\/sv\/wp-json\/wp\/v2\/pages\/64166\/revisions"}],"predecessor-version":[{"id":64184,"href":"https:\/\/betting.com\/sv\/wp-json\/wp\/v2\/pages\/64166\/revisions\/64184"}],"up":[{"embeddable":true,"href":"https:\/\/betting.com\/sv\/wp-json\/wp\/v2\/pages\/64209"}],"wp:attachment":[{"href":"https:\/\/betting.com\/sv\/wp-json\/wp\/v2\/media?parent=64166"}],"wp:term":[{"taxonomy":"post_tag","embeddable":true,"href":"https:\/\/betting.com\/sv\/wp-json\/wp\/v2\/tags?post=64166"}],"curies":[{"name":"wp","href":"https:\/\/api.w.org\/{rel}","templated":true}]}}