{"id":5802,"date":"2022-11-17T10:45:33","date_gmt":"2022-11-17T10:45:33","guid":{"rendered":"https:\/\/betting.com\/sv\/?page_id=5802"},"modified":"2023-12-20T11:56:36","modified_gmt":"2023-12-20T09:56:36","slug":"villkor","status":"publish","type":"page","link":"https:\/\/betting.com\/sv\/om-oss\/villkor","title":{"rendered":"Allm\u00e4nna villkor"},"content":{"rendered":"\n<p>L\u00e4s v\u00e5ra allm\u00e4nna villkor hos Betting.com Sverige:<\/p>\n\n\n\n<p><strong>\u00a71 Integritet och personuppgifter<\/strong><\/p>\n\n\n\n<p>Betting.com Sverige lagrar inga personuppgifter p\u00e5 hemsidan och fungerar enbart som j\u00e4mf\u00f6relsesida  f\u00f6r bettingsidor online. Betting.com \u00e4r en frist\u00e5ende sida fr\u00e5n de bettingsidor vi recenserar och rekommenderar.<\/p>\n\n\n\n<p><strong>\u00a72 Ansvar<\/strong><\/p>\n\n\n\n<p>Betting.com \u00e4r en frist\u00e5ende sida som j\u00e4mf\u00f6r bettingsidor och ansvarar ej f\u00f6r avtal eller eventuella konflikter mellan bettingsidor och spelare. Betting.com kan ej kr\u00e4vas p\u00e5 n\u00e5gon form av ers\u00e4ttning och reserverar sig f\u00f6r eventuella skrivfel p\u00e5 sidan.<\/p>\n\n\n\n<p>Betting.com ansvarar inte \u00f6ver avtal, skador eller andra konflikter som sker mellan spelaren och casinot\/bookmakern. Ers\u00e4ttning kan aldrig kr\u00e4vas av Betting.com och vi kan aldrig ses som delaktiga i eventuella tvister.<\/p>\n\n\n\n<p>Betting.com kan inte garantera eller ansvara \u00f6ver att den information som st\u00e5r p\u00e5 hemsidan \u00e4r 100 % korrekt. F\u00f6r att se de allm\u00e4nna villkoren som g\u00e4ller f\u00f6r respektive bettingsidor, v\u00e4nligen bes\u00f6k respektive hemsida.<\/p>\n\n\n\n<p>Vi p\u00e5 Betting.com rekommenderar aldrig privatpersoner med d\u00e5lig ekonomi att h\u00e5lla p\u00e5 med betting. Vid spel f\u00f6r riktiga pengar rekommenderar vi att s\u00e4tta en spelbudget innan start. I slut\u00e4ndan ligger ansvaret endast p\u00e5 dig som privatperson och vill vill d\u00e4rf\u00f6r po\u00e4ngtera vikten av en ordentlig spelbudget innan ditt bes\u00f6k p\u00e5 en bettingsida. <\/p>\n","protected":false},"excerpt":{"rendered":"<p>L\u00e4s v\u00e5ra allm\u00e4nna villkor hos Betting.com Sverige: \u00a71 Integritet och personuppgifter Betting.com Sverige lagrar inga personuppgifter p\u00e5 hemsidan och fungerar enbart som j\u00e4mf\u00f6relsesida f\u00f6r bettingsidor online. Betting.com \u00e4r en frist\u00e5ende sida fr\u00e5n de bettingsidor vi recenserar och rekommenderar. \u00a72 Ansvar Betting.com \u00e4r en frist\u00e5ende sida som j\u00e4mf\u00f6r bettingsidor och ansvarar ej f\u00f6r avtal eller eventuella&#8230;<\/p>\n","protected":false},"author":6,"featured_media":0,"parent":64209,"menu_order":0,"comment_status":"closed","ping_status":"closed","template":"","meta":{"footnotes":""},"tags":[],"acf":[],"_links":{"self":[{"href":"https:\/\/betting.com\/sv\/wp-json\/wp\/v2\/pages\/5802"}],"collection":[{"href":"https:\/\/betting.com\/sv\/wp-json\/wp\/v2\/pages"}],"about":[{"href":"https:\/\/betting.com\/sv\/wp-json\/wp\/v2\/types\/page"}],"author":[{"embeddable":true,"href":"https:\/\/betting.com\/sv\/wp-json\/wp\/v2\/users\/6"}],"replies":[{"embeddable":true,"href":"https:\/\/betting.com\/sv\/wp-json\/wp\/v2\/comments?post=5802"}],"version-history":[{"count":6,"href":"https:\/\/betting.com\/sv\/wp-json\/wp\/v2\/pages\/5802\/revisions"}],"predecessor-version":[{"id":69790,"href":"https:\/\/betting.com\/sv\/wp-json\/wp\/v2\/pages\/5802\/revisions\/69790"}],"up":[{"embeddable":true,"href":"https:\/\/betting.com\/sv\/wp-json\/wp\/v2\/pages\/64209"}],"wp:attachment":[{"href":"https:\/\/betting.com\/sv\/wp-json\/wp\/v2\/media?parent=5802"}],"wp:term":[{"taxonomy":"post_tag","embeddable":true,"href":"https:\/\/betting.com\/sv\/wp-json\/wp\/v2\/tags?post=5802"}],"curies":[{"name":"wp","href":"https:\/\/api.w.org\/{rel}","templated":true}]}}