{"id":2022,"date":"2022-07-07T14:34:01","date_gmt":"2022-07-07T14:34:01","guid":{"rendered":"https:\/\/betting.com\/sv\/?page_id=2022"},"modified":"2024-02-22T13:22:42","modified_gmt":"2024-02-22T11:22:42","slug":"maltipset","status":"publish","type":"page","link":"https:\/\/betting.com\/sv\/svenska-spel\/maltipset","title":{"rendered":"M\u00e5ltipset"},"content":{"rendered":"\n<h2 class=\"wp-block-heading\" id=\"maltipset-med-svenska-spel\">M\u00e5ltipset med Svenska Spel<\/h2>\n\n\n\n<p>P\u00e5 jakt efter en riktig h\u00f6gvinst? D\u00e5 kan Svenska Spels M\u00e5ltipset vara n\u00e5got f\u00f6r dig! P\u00e5 M\u00e5ltipset fr\u00e5n <a href=\"\/sv\/bettingsidor\/svenska-spel\" data-type=\"URL\" data-id=\"\/sv\/bettingsidor\/svenska-spel\">Svenska Spel<\/a> g\u00e4ller det att tippa de 8 m\u00e5lrikaste matcherna av totalt 30 stycken. Skulle du vara ensam med 8 r\u00e4tt vinner du alltid minst en miljon kronor! <\/p>\n\n\n\n<p>Om ingen lyckas pricka in 8 r\u00e4tt f\u00f6rs vinstsumman \u00f6ver i form av en Jackpot till n\u00e4sta veckas omg\u00e5ng av M\u00e5ltipset. Ja s\u00e5 ser M\u00e5ltipset ut i stora drag. Ett spel som tillh\u00f6r ett av de mest popul\u00e4ra poolspelen efter Stryktipset, Europatipset och Topptipset. <\/p>\n\n\n\n<h2 class=\"wp-block-heading\" id=\"hur-fungerar-spel-pa-maltipset\">Hur fungerar spel p\u00e5 M\u00e5ltipset?<\/h2>\n\n\n\n<p>Att spela p\u00e5 M\u00e5ltipset \u00e4r ganska enkelt och m\u00e5nga som v\u00e4ljer att l\u00e4gga en kupong d\u00e5 och d\u00e5 g\u00f6r det mest f\u00f6r n\u00f6jes skull. En hel del svenskar v\u00e4ljer att k\u00f6ra ett st\u00e5ende system med samma rader varje vecka.<\/p>\n\n\n\n<p>Om detta \u00e4r n\u00e5got som i det l\u00e5nga loppet kan ge klirr i kassan l\u00e5ter vi vara osagt men enligt v\u00e5r mening kan det vara ganska bra att analysera alla 30 matcher inf\u00f6r varje omg\u00e5ng, d\u00e4r man st\u00e4ller sig fr\u00e5gan: Hur ser m\u00e5lproduktionen ut f\u00f6r de b\u00e5da lagen och finns det n\u00e5got som talar om mycket m\u00e5l i matchen? <\/p>\n\n\n\n<p>Vill man ta hem storvinsten och bli ensam vinnare, g\u00e4ller det att f\u00f6rs\u00f6ka sticka ut och pricka in matcher som inte den stora majoriteten v\u00e4ljer. <\/p>\n\n\n\n<p>Som vi n\u00e4mnde ovan g\u00e4ller det att pricka in de 8 m\u00e5lrikaste matcherna p\u00e5 kupongen som best\u00e5r av totalt 30 matcher. Matcherna h\u00e4mtas oftast fr\u00e5n ligor i Sverige, England, Italien, Tyskland, Spanien och Frankrike, men d\u00e5 och d\u00e5 h\u00e4nder det att d\u00e4r \u00e4ven tas med matcher fr\u00e5n annat h\u00e5ll. <\/p>\n\n\n\n<p>N\u00e4r vi testade M\u00e5ltipset p\u00e5 Svenska Spels hemsida, inneh\u00f6ll kupongen matcher fr\u00e5n Fotbolls EM f\u00f6r damer, <a href=\"\/sv\/allsvenskan\" data-type=\"URL\" data-id=\"\/sv\/allsvenskan\">Allsvenskan<\/a>, <a href=\"\/sv\/superettan\" data-type=\"URL\" data-id=\"\/sv\/superettan\">Superettan<\/a>, Isl\u00e4ndska och norska h\u00f6gstaligan samt MLS. Med andra ord en ganska stor mix av matcher. <\/p>\n\n\n\n<p>N\u00e4r det \u00e4r full omg\u00e5ng i den engelska fotbollen, brukar Svenska Spel f\u00e5 med en hel del matcher d\u00e4rifr\u00e5n och d\u00e5 handlar det inte bara om <a href=\"\/sv\/premier-league\">Premier League<\/a> och The Championship, utan \u00e4ven fr\u00e5n l\u00e4gre divisioner som League One och League Two. <\/p>\n\n\n\n<p>Om flera matcher skulle sluta med lika m\u00e5nga m\u00e5l \u00e4r det flest bortam\u00e5l som rankas h\u00f6gre. Detta inneb\u00e4r att en match som slutar 2-2 har st\u00f6rre chans att bli en av \u00e5tta matcher p\u00e5 kupongen j\u00e4mf\u00f6rt med en som slutar 3-1. <\/p>\n\n\n\n<p>M\u00e5ltipset g\u00e5r att spela p\u00e5 online eller i en fysisk spelbutik (spelombud). Att online blir dock lite billigare d\u00e5 det inte tas ut n\u00e5gon inl\u00e4mningsavgift och det finns heller inget krav p\u00e5 att du m\u00e5ste spela ett visst antal rader (hos spelombuden \u00e4r l\u00e4gsta antal fyra stycken).<\/p>\n\n\n\n<h2 class=\"wp-block-heading\" id=\"vad-kostar-det-att-spela-pa-maltipset\">Vad kostar det att spela p\u00e5 M\u00e5ltipset?<\/h2>\n\n\n\n<p>En enkelrad p\u00e5 M\u00e5ltipset kostar 2,50 kronor och avg\u00f6rs oftast en l\u00f6rdag eller s\u00f6ndag. F\u00f6r att vinna pengar kr\u00e4vs det minst fem r\u00e4tt och som vi n\u00e4mnt tidigare kan \u00e5tta r\u00e4tt vilket \u00e4r max i M\u00e5ltipset ge r\u00e4tt stora vinster. Om det skulle f\u00f6rekomma flera matcher med samma resultat avg\u00f6r matchnummer. Om match 2 och 5 har samma resultat \u00e4r det match 2 som r\u00e4knas in. <\/p>\n\n\n\n<h3 class=\"wp-block-heading\" id=\"system-vid-spel-pa-maltipset\">System vid spel p\u00e5 M\u00e5ltipset<\/h3>\n\n\n\n<p>Om du t\u00e4nkt spela p\u00e5 M\u00e5ltipset s\u00e5 finns d\u00e4r olika alternativ att v\u00e4lja mellan. Det vanligaste \u00e4r att k\u00f6ra en m\u00e4ngd singelstreck men m\u00e5nga v\u00e4ljer \u00e4ven olika sorters system. L\u00e5t oss titta p\u00e5 vilka system man kan v\u00e4lja:<\/p>\n\n\n\n<p><strong>M-system<\/strong><\/p>\n\n\n\n<p>M-system i M\u00e5ltipset kan liknas vid att anv\u00e4nda sig av flera enkelrader i en kupong. H\u00e4r v\u00e4ljer du mellan 9 och 14 matcher d\u00e4r sedan enkelrader skapas baserat p\u00e5 de matcher du valt. <\/p>\n\n\n\n<p><strong>R-system<\/strong><\/p>\n\n\n\n<p>Liksom i de andra poolspelen fr\u00e5n Svenska Spel g\u00e5r det \u00e4ven att k\u00f6ra ett reducerat system p\u00e5 M\u00e5ltipset, detta system g\u00e5r under namnet R-system och inneb\u00e4r att spelet inneh\u00e5ller ett minskat antal rader. V\u00e4lj mellan 11 och 14 matcher. Om du v\u00e4ljer R-system blir vinstchansen l\u00e4gre \u00e4n vid exempelvis M-system. \u00c5 andra sidan minskar insatsen rej\u00e4lt. <\/p>\n\n\n\n<p><strong>PIX! (tidigare Xperten) med system<\/strong><\/p>\n\n\n\n<p>PIX! \u00e4r namnet p\u00e5 ett f\u00e4rdigt spelpaket som g\u00f6r det enkelt att spela det spel du vill hos Svenska Spel Sport &amp; Casino. V\u00e4lj \u00f6nskat system: M- eller R-system. D\u00e4refter kan du \u00e4ven v\u00e4lja om du vill ha Sportkryss. Mer om Sportkryss kan du l\u00e4sa nedanf\u00f6r. <\/p>\n\n\n\n<h2 class=\"wp-block-heading\" id=\"sportkryss\">Sportkryss<\/h2>\n\n\n\n<p>Tidigare kunde du spela p\u00e5 Joker som till\u00e4ggsspel till Stryktipset och M\u00e5ltipset. Denna spelform finns fortfarande kvar men har blivit ersatt av Sportkrysset. I Sportkrysset ska du v\u00e4lja ett sjusiffrigt nummer och en insats p\u00e5 mellan 10-30 kronor. Prickar du in alla siffror kan du vinna upp till 30 miljoner kronor. <\/p>\n\n\n\n<p>Vinstplanen \u00e4r till skillnad fr\u00e5n M\u00e5ltipset fast, d\u00e4r vinsten storlek beror p\u00e5 antal r\u00e4tt och vilken insats man valt (10, 20 eller 30 kronor). Totalt finns det sex vinstgrupper: 7, 6, 5, 4, 3 och 2 r\u00e4tt. Ju fler r\u00e4tt ju h\u00f6gre \u00e4r givetvis vinsten. Sportkryss-raden dras oftast l\u00f6rdagar n\u00e4r Stryktipset haft spelstopp. <\/p>\n\n\n\n<h2 class=\"wp-block-heading\" id=\"nar-ar-spelstopp-for-maltipset\">N\u00e4r \u00e4r spelstopp f\u00f6r M\u00e5ltipset?<\/h2>\n\n\n\n<p>Svenska Spels M\u00e5ltipset g\u00e5r lite hand i hand med Stryktipset som oftast har spelstopp klockan 15:59 varje l\u00f6rdag, vilket \u00e4r 1 minut f\u00f6re avspark p\u00e5 de f\u00f6rsta matcherna. Om du v\u00e4ljer att spela med ett andelslag och vill vara med p\u00e5 en andel, beh\u00f6ver du k\u00f6pa din andel minst 15 minuter innan f\u00f6rsta matchstart. I vissa fall l\u00e4mnas andelsspel f\u00f6r M\u00e5ltipset in tidigare \u00e4n s\u00e5. S\u00e5 v\u00e5rt r\u00e5d \u00e4r att du inte skall v\u00e4nta in i det sista utan vara ute i ganska god tid, f\u00f6r visst vore det f\u00f6rargligt om dina polare satt med r\u00e4tt rad och du inte hann k\u00f6pa en andel?<\/p>\n\n\n\n<h2 class=\"wp-block-heading\" id=\"hur-vinner-man-pa-maltipset\">Hur vinner man p\u00e5 M\u00e5ltipset?<\/h2>\n\n\n\n<p>P\u00e5 M\u00e5ltipset kan man vinna om man har 8, 7, 6 eller 5 r\u00e4tt. Ju fler r\u00e4tt ju h\u00f6gre vinstsumma v\u00e4ntar sannolikt. Men vinstsumman baseras p\u00e5 hur m\u00e5nga andra som lyckats pricka in r\u00e4tt rad. Skulle det vara exempelvis 10 som har 8 r\u00e4tt och 500 som har 7 r\u00e4tt \u00e4r chansen till st\u00f6rre utdelning p\u00e5 7 r\u00e4tt inte speciellt stor, skulle d\u00e4remot bara en person prickat in 8 r\u00e4tt och 25, 7 r\u00e4tt \u00e4r sannolikheten ganska stor att vinsten p\u00e5 7 r\u00e4tt \u00e4r klart st\u00f6rre. <\/p>\n\n\n\n<p><strong>Vinstplan f\u00f6r M\u00e5ltipset:<\/strong><\/p>\n\n\n\n<p>M\u00e5ltipset som \u00e4r ett poolspel, har en f\u00f6rdelning d\u00e4r 55 % av den totala oms\u00e4ttningen g\u00e5r till de spelare som prickat in 8 r\u00e4tt, 7 r\u00e4tt ligger p\u00e5 20 %, 6 p\u00e5 25 %. Skulle man pricka in 5 r\u00e4tt erh\u00e5lls 4 nya frirader till n\u00e4sta omg\u00e5ng. <\/p>\n\n\n\n<p><strong>I M\u00e5ltipset f\u00f6rdelas vinsterna enligt f\u00f6ljande:<\/strong><\/p>\n\n\n\n<p>8 r\u00e4tt \u2013 55% av prispotten (vinstchans 1:5 852 925)<br>7 r\u00e4tt \u2013 20% av prispotten (vinstchans 1:33 255)<br>6 r\u00e4tt \u2013 25% av prispotten (vinstchans1:905)<br>5 r\u00e4tt \u2013 4 frirader (vinstchans 1:68)<\/p>\n\n\n\n<h2 class=\"wp-block-heading\" id=\"kan-jag-folja-maltipset-live\">Kan jag f\u00f6lja M\u00e5ltipset live?<\/h2>\n\n\n\n<p>Det g\u00e5r dessv\u00e4rre inte att spela live p\u00e5 M\u00e5ltipset, men f\u00f6r dig som vill f\u00f6lja utvecklingen g\u00e5r detta utm\u00e4rkt p\u00e5 Svenska Spels hemsida. H\u00e4r kan du se vad 8 r\u00e4tt ger just nu och hur m\u00e5nga kuponger som har alla r\u00e4tt.<\/p>\n\n\n\n<h2 class=\"wp-block-heading\" id=\"hur-rattar-jag-maltipset\">Hur r\u00e4ttar jag M\u00e5ltipset?<\/h2>\n\n\n\n<p>Att r\u00e4tta en kupong p\u00e5 M\u00e5ltipset \u00e4r mycket enkelt. G\u00e5 bara in p\u00e5 Svenska Spels hemsida och logga in med ditt Bank-ID och v\u00e4lj M\u00e5ltipset och resultat. H\u00e4r kan du snabbt se om du vunnit eller inte. F\u00f6rr innan internet var du tvungen att sitta och r\u00e4tta kupongen sj\u00e4lv eller g\u00e5 ner till n\u00e4rmaste spelombud f\u00f6r att se om du lyckades pricka in n\u00e5gon vinst.<\/p>\n\n\n\n<h2 class=\"wp-block-heading\" id=\"jackpott-pa-maltipset\">Jackpott p\u00e5 M\u00e5ltipset<\/h2>\n\n\n\n<p>D\u00e5 och d\u00e5 h\u00e4nder det att Svenska Spel har jackpott p\u00e5 sina spel. En jackpott i M\u00e5ltipset uppkommer om n\u00e5gon inte prickat in 8 r\u00e4tt i en omg\u00e5ng. Ju fler g\u00e5nger detta sker p\u00e5 raken, ju st\u00f6rre blir s\u00e5ledes jackpotten. Pengarna l\u00e4ggs helt enkelt p\u00e5 h\u00f6g, en h\u00f6g som kan bli riktigt stor om det dr\u00f6jer flera veckor. <\/p>\n\n\n\n<h2 class=\"wp-block-heading\" id=\"vara-tips-nar-du-spelar-pa-maltipset\">V\u00e5ra tips n\u00e4r du spelar p\u00e5 M\u00e5ltipset<\/h2>\n\n\n\n<p>Sugen att prova p\u00e5 M\u00e5ltipset? Om du aldrig spelat p\u00e5 M\u00e5ltipset och vill prova lyckan, finns d\u00e4r ett par saker du b\u00f6r t\u00e4nka p\u00e5. H\u00e4r nedanf\u00f6r har vi tagit fram n\u00e5gra tips p\u00e5 vad du skall t\u00e4nka p\u00e5 innan spel: <\/p>\n\n\n\n<ul>\n<li>Lyssna inte alltid p\u00e5 media! &#8211; Media kan l\u00e4tt vagga in dig ett t\u00e4nk som s\u00e4llan ger framg\u00e5ng. Om du skall bli en framg\u00e5ngsrik spelare g\u00e4ller det att bilda egna uppfattningar och inte utifr\u00e5n av media tycker och t\u00e4nker. I regel \u00e4r det m\u00e5nga som blint f\u00f6ljer vad media skriver!<\/li>\n<\/ul>\n\n\n\n<ul>\n<li>Spela aldrig f\u00f6r mer pengar \u00e4n vad du har. &#8211; Detta \u00e4r kanske den viktigaste av alla punkter n\u00e4r det kommer till spel \u00f6verhuvudtaget. Att spela f\u00f6r mer pengar \u00e4n vad man egentligen har r\u00e5d med \u00e4r big no, no! Ta aldrig ett l\u00e5n f\u00f6r att spela!<\/li>\n<\/ul>\n\n\n\n<ul>\n<li>Satsa inte bara p\u00e5 s\u00e4kra kort. &#8211; Om du bara v\u00e4ljer att satsa p\u00e5 lagen som brukar g\u00f6ra mycket m\u00e5l, \u00e4r risken stor att du inte kommer vinna speciellt mycket pengar. F\u00f6r att satsa p\u00e5 lite h\u00f6gre vinster kr\u00e4vs det att du tar med matcher d\u00e4r m\u00e5lsn\u00e5la lag \u00e4r inblandade. <\/li>\n<\/ul>\n\n\n\n<ul>\n<li>G\u00e5 ihop och l\u00e4mna in ett st\u00f6rre system. &#8211; Inne p\u00e5 Svenska Spel, kan du starta upp ett lag d\u00e4r du bjuder in kompisar att g\u00e5 med i det system du s\u00e4tter upp. Om ni \u00e4r flera personer p\u00e5 ett system s\u00e5 beh\u00f6ver kostnaden inte bli s\u00e5 stor. Visserligen vinner du inte lika mycket om systemet ger 8 r\u00e4tt, men chansen \u00e4r betydligt st\u00f6rre. <\/li>\n<\/ul>\n\n\n\n<h2 class=\"wp-block-heading\" id=\"maltipsets-historia\">St\u00f6rsta vinsten p\u00e5 M\u00e5ltipset<\/h2>\n\n\n\n<p>Det \u00e4r inte ofta en ensam vinnare tar hem hela vinstpotten p\u00e5 8 r\u00e4tt p\u00e5 M\u00e5ltipset, men d\u00e5 och d\u00e5 h\u00e4nder det. Rekordet p\u00e5 M\u00e5ltipset ligger p\u00e5 svindlande 24 271 713 kronor n\u00e4r det kommer till st\u00f6rsta vinster. Vinsten kom 1994 i Uddevalla och \u00e4r den \u00f6verl\u00e4gset st\u00f6rsta i M\u00e5ltipsets historia. N\u00e4st h\u00f6gsta vinsten p\u00e5 M\u00e5ltipset \u00e4r fr\u00e5n 2006 d\u00e5 en ensam vinnare i Eskilstuna kammade hem 12 182 864 kronor. <\/p>\n\n\n\n<h2 class=\"wp-block-heading\" id=\"spela-pa-maltipset\">Spela p\u00e5 M\u00e5ltipset<\/h2>\n\n\n\n<p>Att komma ig\u00e5ng med spel p\u00e5 M\u00e5ltipset \u00e4r enkelt och g\u00e5r p\u00e5 nolltid. Om du inte har ett konto hos Svenska Spel beh\u00f6ver du enbart ett Bank-ID f\u00f6r att verifiera dig och komma ig\u00e5ng direkt. Ins\u00e4ttningar g\u00f6rs genom Swish, kort eller bank\u00f6verf\u00f6ring.<\/p>\n\n\n\n<p>Dags att testa p\u00e5 M\u00e5ltipset? D\u00e5 kan du enkelt trycka p\u00e5 knappen h\u00e4r nedan:<\/p>\n\n\n\n<div class=\"wp-block-buttons is-content-justification-center is-layout-flex wp-container-core-buttons-is-layout-1 wp-block-buttons-is-layout-flex\">\n<div class=\"wp-block-button has-custom-width wp-block-button__width-50 is-style-coach-green\"><a class=\"wp-block-button__link wp-element-button\" href=\"https:\/\/go.betting.com\/go\/svenska-spel-sport-casino_maltipset\" target=\"_blank\" rel=\"noreferrer noopener\">M\u00e5ltipset hos Svenska Spel<\/a><\/div>\n<\/div>\n\n\n\n<h2 class=\"wp-block-heading\" id=\"andra-poolspel-hos-svenska-spel\">Andra poolspel hos Svenska Spel<\/h2>\n\n\n\n<p>Svenska Spel bjuder p\u00e5 en stor m\u00e4ngd alternativ n\u00e4r det kommer till poolspel. F\u00f6rutom Topptipset kan du kolla in f\u00f6ljande spel:<\/p>\n\n\n\n<ul>\n<li><a href=\"https:\/\/betting.com\/sv\/svenska-spel\/stryktipset\" target=\"_blank\" rel=\"noreferrer noopener\">Stryktipset<\/a><\/li>\n\n\n\n<li><a rel=\"noreferrer noopener\" href=\"https:\/\/betting.com\/sv\/svenska-spel\/europatipset\" target=\"_blank\">Europatipset<\/a><\/li>\n\n\n\n<li><a href=\"https:\/\/betting.com\/sv\/svenska-spel\/bomben\" target=\"_blank\" rel=\"noreferrer noopener\">Bomben<\/a><\/li>\n\n\n\n<li><a href=\"https:\/\/betting.com\/sv\/svenska-spel\/fulltraff\" target=\"_blank\" rel=\"noreferrer noopener\">Fulltr\u00e4ff<\/a><\/li>\n<\/ul>\n\n\n\n<p>Om du \u00e4r ute efter spelf\u00f6rslag kan du alltid kolla in v\u00e5ra tips inf\u00f6r helgen f\u00f6r <a rel=\"noreferrer noopener\" href=\"https:\/\/betting.com\/sv\/svenska-spel\/stryktipset\/tips-resultat\" target=\"_blank\">Stryktipset<\/a> och <a rel=\"noreferrer noopener\" href=\"https:\/\/betting.com\/sv\/svenska-spel\/europatipset\/tips-resultat\" data-type=\"link\" data-id=\"https:\/\/betting.com\/sv\/svenska-spel\/europatipset\/tips-resultat\" target=\"_blank\">Europatipset<\/a>. H\u00e4r kan du \u00e4ven l\u00e4sa om v\u00e5ra historiska resultat och r\u00e4tta din kupong.<\/p>\n","protected":false},"excerpt":{"rendered":"<p>M\u00e5ltipset med Svenska Spel P\u00e5 jakt efter en riktig h\u00f6gvinst? D\u00e5 kan Svenska Spels M\u00e5ltipset vara n\u00e5got f\u00f6r dig! P\u00e5 M\u00e5ltipset fr\u00e5n Svenska Spel g\u00e4ller det att tippa de 8 m\u00e5lrikaste matcherna av totalt 30 stycken. Skulle du vara ensam med 8 r\u00e4tt vinner du alltid minst en miljon kronor! Om ingen lyckas pricka in&#8230;<\/p>\n","protected":false},"author":6,"featured_media":2029,"parent":10259,"menu_order":0,"comment_status":"closed","ping_status":"closed","template":"","meta":{"footnotes":""},"tags":[412],"acf":[],"_links":{"self":[{"href":"https:\/\/betting.com\/sv\/wp-json\/wp\/v2\/pages\/2022"}],"collection":[{"href":"https:\/\/betting.com\/sv\/wp-json\/wp\/v2\/pages"}],"about":[{"href":"https:\/\/betting.com\/sv\/wp-json\/wp\/v2\/types\/page"}],"author":[{"embeddable":true,"href":"https:\/\/betting.com\/sv\/wp-json\/wp\/v2\/users\/6"}],"replies":[{"embeddable":true,"href":"https:\/\/betting.com\/sv\/wp-json\/wp\/v2\/comments?post=2022"}],"version-history":[{"count":15,"href":"https:\/\/betting.com\/sv\/wp-json\/wp\/v2\/pages\/2022\/revisions"}],"predecessor-version":[{"id":72916,"href":"https:\/\/betting.com\/sv\/wp-json\/wp\/v2\/pages\/2022\/revisions\/72916"}],"up":[{"embeddable":true,"href":"https:\/\/betting.com\/sv\/wp-json\/wp\/v2\/pages\/10259"}],"wp:featuredmedia":[{"embeddable":true,"href":"https:\/\/betting.com\/sv\/wp-json\/wp\/v2\/media\/2029"}],"wp:attachment":[{"href":"https:\/\/betting.com\/sv\/wp-json\/wp\/v2\/media?parent=2022"}],"wp:term":[{"taxonomy":"post_tag","embeddable":true,"href":"https:\/\/betting.com\/sv\/wp-json\/wp\/v2\/tags?post=2022"}],"curies":[{"name":"wp","href":"https:\/\/api.w.org\/{rel}","templated":true}]}}