{"id":1955,"date":"2022-07-05T09:21:50","date_gmt":"2022-07-05T09:21:50","guid":{"rendered":"https:\/\/betting.com\/sv\/?page_id=1955"},"modified":"2024-01-19T14:29:32","modified_gmt":"2024-01-19T12:29:32","slug":"nya","status":"publish","type":"page","link":"https:\/\/betting.com\/sv\/bettingsidor\/nya","title":{"rendered":"B\u00e4st Nya Bettingsidor"},"content":{"rendered":"\n<p>Uppt\u00e4ck sp\u00e4nningen med nya bettingsidor i Sverige! Utforska v\u00e5r guide f\u00f6r en inblick i de senaste spelsidorna och de mest lockande oddsen. Fr\u00e5n innovativa funktioner till exklusiva bonusar &#8211; l\u00e5t oss guida dig genom den dynamiska v\u00e4rlden av sp\u00e4nnande satsningar online. V\u00e4lkommen till din biljett till framtidens spelupplevelse!<\/p>\n\n\n\n<h2 class=\"wp-block-heading\">B\u00e4sta nya Bettingsidor f\u00f6r svenska spelare<\/h2>\n\n\n\n<p>Uppt\u00e4ck nya bettingsidor skr\u00e4ddarsydda f\u00f6r svenska spelare, d\u00e4r sp\u00e4nningen m\u00f6ter trygg spelunderh\u00e5llning. Utforska en m\u00e5ngfald av spelm\u00f6jligheter, fr\u00e5n live-betting till exklusiva bonusar, och njut av en modern spelupplevelse i harmoni med svensk spellagstiftning. Ta steget in i en v\u00e4rld av innovation och chans \u2013 v\u00e4lkommen till den nya eran av sp\u00e4nnande satsningar online!<\/p>\n\n\n\n<figure class=\"wp-block-table\"><table><tbody><tr><td><strong>Ranking<\/strong><\/td><td><strong>Bettingsida<\/strong><\/td><td>Lanserings\u00e5r i Sverige<\/td><td><strong>Bonus<\/strong><\/td><\/tr><tr><td><strong>1<\/strong><\/td><td><a href=\"\/sv\/bettingsidor\/x3000\">X3000<\/a> <\/td><td>2023<\/td><td>100 % upp till 1 000 kr&nbsp;<\/td><\/tr><tr><td><strong>2<\/strong><\/td><td><a href=\"\/sv\/bettingsidor\/betinia\">Betinia<\/a><\/td><td>2021<\/td><td>100 kr no deposit <\/td><\/tr><tr><td><strong>3<\/strong><\/td><td><a href=\"\/sv\/bettingsidor\/smarkets\">Smarkets<\/a><\/td><td>2020<\/td><td>0% provision i 60 dagar<\/td><\/tr><tr><td><strong>4<\/strong><\/td><td><a href=\"\/sv\/bettingsidor\/quickcasino\">Quickcasino<\/a><\/td><td>2023<\/td><td>120 kr i gratisspel<\/td><\/tr><tr><td><strong>5<\/strong><\/td><td><a href=\"\/sv\/bettingsidor\/campobet\">CampoBet<\/a><\/td><td>2018<\/td><td>120 kr i gratisspel<\/td><\/tr><\/tbody><\/table><\/figure>\n\n\n\n<h3 class=\"wp-block-heading\">X3000 &#8211; Lanserings\u00e5r 2023<\/h3>\n\n\n\n<p>S\u00f6ker du efter en spelplattform med r\u00e4ttvisa odds och en gener\u00f6s bettingbonus? D\u00e5 \u00e4r X3000 n\u00e5got f\u00f6r dig. Denna sprillans nya bettingsida gjorde sin entr\u00e9 p\u00e5 den svenska scenen v\u00e5ren 2023 och bjuder in till en f\u00f6rstklassig upplevelse av betting och casinon\u00f6jen. X3000, en snabb bettingsajt utan krav p\u00e5 konto, \u00e4r stolt medlem av Speedy-familjen tillsammans med Speedy Casino och Speedy Bet. <\/p>\n\n\n\n<p><a href=\"\/sv\/bettingdsidor\/x3000\">Kolla in v\u00e5r X3000 recension&gt;&gt; <\/a><\/p>\n\n\n\n<h3 class=\"wp-block-heading\">Betinia &#8211; Lanserings\u00e5r 2021<\/h3>\n\n\n\n<p>Betinia Sport, den nya sheriffen p\u00e5 den svenska spelmarknaden sedan 2021, levererar succ\u00e9 med en trevlig v\u00e4lkomstbonus. Med snabbare uttag \u00e4n en espresso och ett spelutbud av h\u00f6gsta klass har Betinia tagit den svenska marknaden med storm. B\u00f6rja ditt Betinia-\u00e4ventyr och f\u00e5 120 kr Gratisspel \u2013 f\u00f6r n\u00e4r livet ger dig odds, s\u00e4tt pengar p\u00e5 det!<\/p>\n\n\n\n<p><a href=\"\/sv\/bettingsidor\/betinia\">Kolla in v\u00e5r Betinia recension&gt;&gt;<\/a><\/p>\n\n\n\n<h3 class=\"wp-block-heading\">Smarkets &#8211; Lanserings\u00e5r 2020<\/h3>\n\n\n\n<p>Smarkets, din personliga spelarena, l\u00e5ter dig inte bara spela p\u00e5 odds utan ger dig friheten att sj\u00e4lv skapa dem. Sedan 2020 erbjuder man svenska spelare en spelb\u00f6rs d\u00e4r man kan s\u00e4tta egna odds eller v\u00e4lja fr\u00e5n andra anv\u00e4ndares insatser och f\u00e5 tillg\u00e5ng till riktigt f\u00f6rdelaktiga odds. Med Smarkets blir varje spel inte bara en chans att vinna, utan ocks\u00e5 en m\u00f6jlighet att f\u00e5 din bankrulle att v\u00e4xa.<\/p>\n\n\n\n<p><a href=\"\/sv\/bettingsidor\/smarkets\">Kolla in v\u00e5r Smarkets recension&gt;&gt;<\/a><\/p>\n\n\n\n<h3 class=\"wp-block-heading\">Quickcasino &#8211; Lanserings\u00e5r 2023<\/h3>\n\n\n\n<p>QuickCasino, det nyaste tillskottet i bettingv\u00e4rlden f\u00f6r oss svenskar, \u00e4r snabbare \u00e4n en katt som f\u00e5tt syn p\u00e5 en laserpekare. Sidan lanserades i november 2023 av Swedix Limited, d\u00e4r fokus ligger p\u00e5 snabb navigering och snabba uttag. Om du letar efter en bettingbonus s\u00e5 snabb att den n\u00e4stan \u00e4r i framtidens tidslinje, s\u00e5 \u00e4r QuickCasino din biljett till bonus\u00e4ventyret!<\/p>\n\n\n\n<p><a href=\"\/sv\/bettingsidor\/quickcasino\">Kolla in v\u00e5r Quickcasino recension&gt;&gt;<\/a><\/p>\n\n\n\n<h3 class=\"wp-block-heading\">CampoBet &#8211; Lanserings\u00e5r 2018<\/h3>\n\n\n\n<p>H\u00e4r \u00e4r ett spelbolag som har f\u00f6rtj\u00e4nat respekt med sina vassa bettingalternativ. N\u00e4r satsningen p\u00e5 odds visade sig vara en fulltr\u00e4ff, valde de att kasta in n\u00e5got extra i grytan \u2013 ett f\u00f6rstklassigt n\u00e4tcasino. Sedan 2018 kan svenska spelare botanisera sig i CampoBets stora utbud av odds som m\u00e5nga g\u00e5nger ligger h\u00f6gre \u00e4n genomsnittet. Speciellt p\u00e5 mindre marknader. <\/p>\n\n\n\n<p><a href=\"\/sv\/bettingsidor\/campobet\">Kolla in v\u00e5r CampoBet recension&gt;&gt;<\/a><\/p>\n\n\n\n<figure class=\"wp-block-table\"><table><tbody><tr><td>Visste du att&#8230;<\/td><\/tr><tr><td>&#8211; det \u00e4r f\u00f6rdelaktigt att ha konton p\u00e5 m\u00e5nga bettingsidor. Speciellt om du s\u00f6ker h\u00f6ga odds och vi f\u00e5 ut s\u00e5 mycket som m\u00f6jligt av din betting. Ju fler bettingsidor du har att v\u00e4lja mellan ju st\u00f6rre \u00e4r chansen att du kommer kunna spela till det h\u00f6gsta oddset. F\u00e5 tips hur du blir en framg\u00e5ngsrik spelare med hj\u00e4lp av v\u00e5ra <a href=\"\/sv\/guider\">guider<\/a>. <br><br>&#8211; bettingsidor i Sverige endast f\u00e5r erbjuda en bonus per licens. Detta inneb\u00e4r att utbudet av bonusar minskat rej\u00e4lt sedan den nya svenska spellagen tr\u00e4dde i kraft januari 2019. <a href=\"https:\/\/betting.com\/sv\/bettingsidor\/utan-licens\">H\u00e4r<\/a> kan du l\u00e4sa varf\u00f6r du inte b\u00f6r spela p\u00e5 bettingsidor utan svensk licens. <\/td><\/tr><\/tbody><\/table><\/figure>\n\n\n\n<h2 class=\"wp-block-heading\">Vilka kriterier har vi anv\u00e4nt f\u00f6r att utv\u00e4rdera de b\u00e4sta nya bettingsidorna?<\/h2>\n\n\n\n<p>De b\u00e4sta nya bettingsidorna i Sverige har valts ut baserat p\u00e5 noggrann bed\u00f6mning av anv\u00e4ndarupplevelse, m\u00e5ngsidighet i spelutbudet och konkurrenskraftiga odds. S\u00e4kra transaktioner, attraktiva v\u00e4lkomsterbjudanden och snabb kundsupport har ocks\u00e5 varit centrala faktorer i urvalet.<\/p>\n\n\n\n<ul>\n<li><strong>Licenser<\/strong> &#8211; En av de prim\u00e4ra kriterierna vi har \u00e4r att bettingsidan har svensk spellicens. Samtliga bettingsidor som vi rekommenderar p\u00e5 Betting.com har licens utf\u00e4rdad av <a href=\"https:\/\/www.spelinspektionen.se\/\">den svenska Spelinspektionen<\/a>. <\/li>\n\n\n\n<li><strong>Konkurrenskraftiga Odds<\/strong> &#8211; Erbjuder bettingsidan bra odds? En viktig faktor vid valet av en bra bettingsida \u00e4r f\u00f6rdelaktiga odds som ligger h\u00f6gre eller i linje med genomsnittet. <a href=\"\/sv\/odds\">L\u00e4s hur du j\u00e4mf\u00f6r odds h\u00e4r!<\/a><\/li>\n\n\n\n<li><strong>Bonusar &amp; V\u00e4lkomsterbjudanden<\/strong> &#8211; Har bettingsidan en bonus och hur \u00e4r den i s\u00e5 fall utformad. En gener\u00f6s <a href=\"\/sv\/bonusar\">v\u00e4lkomstbonus<\/a> \u00e4r givetvis ett extra plus, speciellt om den omfattas av rimliga oms\u00e4ttningskrav. En del bettingsidor erbjuder \u00e4ven <a href=\"https:\/\/betting.com\/sv\/bonusar\/betting-bonus-utan-insattning\">bonus utan ins\u00e4ttning<\/a>. <\/li>\n\n\n\n<li><strong>Utbud av odds<\/strong> &#8211; Vilken sport eller typ av evenemang ska du spela p\u00e5? Utbudet p\u00e5 odds och marknader kan variera rej\u00e4lt fr\u00e5n sida till sida. <\/li>\n\n\n\n<li><strong>App<\/strong> &#8211; Idag n\u00e4r allt fler v\u00e4ljer att spela fr\u00e5n mobilen har m\u00e5nga bettingsidor valt att ta fram en app som g\u00f6r det m\u00f6jligt att navigera och spela l\u00e4ttare. <\/li>\n\n\n\n<li><strong>Utbud av betalningsmetoder<\/strong> &#8211; Hur ser utbudet av <a href=\"\/sv\/betalningsmetoder\">betalningsmetoder<\/a> ut p\u00e5 sidan? Erbjuder man den betalningsform som du brukar anv\u00e4nda dig av? Idag \u00e4r <a href=\"\/sv\/betalningsmetoder\/swish\">Swish<\/a> en mycket popul\u00e4r metod, framf\u00f6r allt d\u00e5 den \u00e4r mycket enkel att anv\u00e4nda. <\/li>\n\n\n\n<li><strong>Uttagstid<\/strong> &#8211; F\u00f6r ett par \u00e5r sedan var det ot\u00e4nkbart att f\u00e5 pengar p\u00e5 kontot direkt efter uttag. Nu \u00e4r detta m\u00f6jligt med bland annat Swish. Snabba uttag \u00e4r n\u00e5got vi v\u00e4rdes\u00e4tter mycket h\u00f6gt vid val av b\u00e4sta nya bettingsidor. <\/li>\n\n\n\n<li><strong>Kundsupport <\/strong>&#8211; \u00c4r supporten tillg\u00e4nglig dygnet runt och erbjuds hj\u00e4lp p\u00e5 svenska? \u00c4r du en ny spelare som inte \u00e4r speciellt van vid betting, rekommenderas en sida med bra kundsupport. <\/li>\n<\/ul>\n\n\n\n<figure class=\"wp-block-table\"><table><tbody><tr><td>Visste du att&#8230;<\/td><\/tr><tr><td>&#8211; <a href=\"\/sv\/fotboll\">Fotboll<\/a> \u00e4r den mest popul\u00e4ra sporten att satsa p\u00e5, men \u00e4ven <a href=\"\/sv\/ishockey\">ishockey<\/a> och <a href=\"\/sv\/trav\">trav<\/a> har en betydande plats i svenska spelares intresse.<br><br>&#8211; samtliga vinster hos bettingsidor med svensk spellicens \u00e4r skattefria? V\u00e4ljer du en bettingsida som inte har licens, riskerar du att betala vinstskatt. <br><\/td><\/tr><\/tbody><\/table><\/figure>\n\n\n\n<h2 class=\"wp-block-heading\">De vanligaste typerna av v\u00e4lkomstbonusar du kan f\u00f6rv\u00e4nta dig fr\u00e5n en ny bettingsida<\/h2>\n\n\n\n<p><br>En v\u00e4lkomstbonus inom sportsbetting \u00e4r ett incitament eller en f\u00f6rm\u00e5n som nya spelare f\u00e5r n\u00e4r de registrerar sig p\u00e5 en bettingsida. Det \u00e4r oftast i form av extra pengar att satsa eller gratisspel och har som syfte att locka till sig och bel\u00f6na nya kunder. V\u00e4lkomstbonusen kan variera mellan olika bettingsidor och kan inkludera ins\u00e4ttningsbonusar, riskfria spel eller andra specialerbjudanden. <\/p>\n\n\n\n<h3 class=\"wp-block-heading\">Ins\u00e4ttningsbonus<\/h3>\n\n\n\n<p>En ins\u00e4ttningsbonus \u00e4r en typ av v\u00e4lkomstbonus d\u00e4r spelare f\u00e5r extra pengar fr\u00e5n bettingsidan i f\u00f6rh\u00e5llande till den summa de s\u00e4tter in. Det \u00e4r vanligt att bettingsidan matchar en viss procent av spelarens ins\u00e4ttning, vilket \u00f6kar det totala beloppet de har att satsa p\u00e5 plattformen. Vanligtvis brukar det handla om 100 % men i vissa fall kan det r\u00f6ra sig om 200 % eller h\u00f6gre. <\/p>\n\n\n\n<h3 class=\"wp-block-heading\">F\u00f6rh\u00f6jda odds<\/h3>\n\n\n\n<p>Innan den nya svenska spellagen tr\u00e4dde i kraft var det en och annan bettinsida som erbj\u00f6d f\u00f6rh\u00f6jda odds i samband med registrering och f\u00f6rsta ins\u00e4ttning. Hos Betfair erbj\u00f6d man ofta boostade odds med maxinsats 100 kronor. Idag \u00e4r denna form av v\u00e4lkomstbonus ganska ovanlig. Det som d\u00e4remot f\u00f6rekommer ganska frekvent \u00e4r att bettingsidor erbjuder f\u00f6rh\u00f6jda odds inne p\u00e5 sj\u00e4lva sidan. Ofta finns d\u00e4r en maxgr\u00e4ns f\u00f6r hur mycket man f\u00e5r spela f\u00f6r p\u00e5 spelet. <\/p>\n\n\n\n<h3 class=\"wp-block-heading\">No deposit bonus<\/h3>\n\n\n\n<p>No deposit bonus &#8211; bonus utan ins\u00e4ttning \u00e4r en mycket popul\u00e4r v\u00e4lkomstbonus som bettingsidor och casinon ofta anv\u00e4nder f\u00f6r att locka till sig nya spelare. Idag \u00e4r det bara ett f\u00e5tal som erbjuder denna form av bonus och vanligtvis ligger bonusen p\u00e5 100 kronor eller ett visst antal free spins om det r\u00f6r sig om ett onlinecasino. <\/p>\n\n\n\n<h3 class=\"wp-block-heading\">Riskfria spel<\/h3>\n\n\n\n<p>F\u00f6r spelare som inte gillar att ta n\u00e5gra st\u00f6rre risker, finns d\u00e4r en och annan bettingsida som erbjuder ett riskfritt spel. Det riskfria spelet kan variera i storlek. Hos Expekt som idag erbjuder den mest gener\u00f6sa bonusen. Kan man f\u00e5 upp till 1 500 kronor tillbaka. Detta \u00e4r en bonus som \u00e4r mycket uppskattad och som efterfr\u00e5gas allt mer. <\/p>\n\n\n\n<figure class=\"wp-block-table\"><table><tbody><tr><td>Visste du att&#8230;<\/td><\/tr><tr><td>&#8211; M\u00e5nga <a href=\"\/sv\/bonusar\">bonusar<\/a> har tidsbegr\u00e4nsningar, d\u00e4r spelaren m\u00e5ste utnyttja eller uppfylla kraven inom en viss period. Var uppm\u00e4rksam p\u00e5 vad som g\u00e4ller innan du tar emot en bonus! <br><br>&#8211; Vid \u00f6vertr\u00e4delse av regler kan <a href=\"https:\/\/www.spelinspektionen.se\/\">Spelinspektionen<\/a> utf\u00e4rda sanktioner mot operat\u00f6ren, inklusive b\u00f6ter och till och med \u00e5terkallande av licensen. <\/td><\/tr><\/tbody><\/table><\/figure>\n\n\n\n<h2 class=\"wp-block-heading\">\u00c4r det lagligt och s\u00e4kert att satsa p\u00e5 nya bettingsidor i Sverige?<\/h2>\n\n\n\n<p>Nya bettingsidor i Sverige m\u00e5ste erh\u00e5lla licens fr\u00e5n Spelinspektionen f\u00f6r att bedriva verksamhet lagligt. Denna licens s\u00e4kerst\u00e4ller att sidan f\u00f6ljer strikta regler och f\u00f6reskrifter som syftar till att skydda spelarnas intressen och fr\u00e4mja ansvarsfullt spelande. Spelinspektionen \u00e4r den officiella tillsynsmyndigheten och reglerar b\u00e5de landbaserad och online-spelverksamhet i Sverige. Detta skapar en trygg och reglerad milj\u00f6 f\u00f6r spelare, d\u00e4r lagliga bettingsidor m\u00e5ste uppfylla h\u00f6ga standarder f\u00f6r s\u00e4kerhet och r\u00e4ttvisa spel. F\u00f6r att vara s\u00e4ker p\u00e5 att spela p\u00e5 en trygg plattform \u00e4r det viktigt att v\u00e4lja bettingsidor som \u00e4r licensierade och reglerade av Spelinspektionen.<\/p>\n\n\n\n<h3 class=\"wp-block-heading\"><br>Indikatorer f\u00f6r att hj\u00e4lpa till att identifiera misst\u00e4nkta bettingsidor<\/h3>\n\n\n\n<p>Om du \u00e4r os\u00e4ker p\u00e5 en bettingsida kontrollera f\u00f6ljande:<\/p>\n\n\n\n<ol>\n<li><strong>Avsaknad av Spelinspektionens Logotyp:<\/strong> Licensierade bettingsidor i Sverige m\u00e5ste tydligt visa Spelinspektionens logotyp p\u00e5 sin webbplats. Om du inte hittar denna logotyp, kan det vara en indikation p\u00e5 att sidan inte har den n\u00f6dv\u00e4ndiga licensen.<\/li>\n\n\n\n<li><strong>Osannolikt gener\u00f6sa erbjudanden:<\/strong> En del bettingsidor utan svensk licens lockar ibland spelare med extremt gener\u00f6sa bonusar och erbjudanden. Om en sida erbjuder n\u00e5got som verkar f\u00f6r bra f\u00f6r att vara sant, b\u00f6r du vara f\u00f6rsiktig och dubbelkolla dess legitimitet.<\/li>\n\n\n\n<li><strong>Bristande transparens och kontaktinformation:<\/strong> Seri\u00f6sa bettingsidor \u00e4r transparenta n\u00e4r det g\u00e4ller sina regler, villkor och kontaktinformation. Om en sida inte tillhandah\u00e5ller tydlig information om sin verksamhet, kontaktuppgifter eller regler b\u00f6r du vara misst\u00e4nksam och undvika att anv\u00e4nda den.<\/li>\n\n\n\n<li><strong>G\u00f6r egen research:<\/strong> L\u00e4s recensioner fr\u00e5n andra spelare och bes\u00f6k spelrelaterade forum f\u00f6r att f\u00e5 insikt om andra anv\u00e4ndares erfarenheter med bettingsidan. Misst\u00e4nkliga sidor kan ofta avsl\u00f6jas genom negativa recensioner och varningar fr\u00e5n andra spelare.<\/li>\n<\/ol>\n\n\n\n<figure class=\"wp-block-table\"><table><tbody><tr><td>Visste du att&#8230;<\/td><\/tr><tr><td>&#8211; bettingsidor som f\u00e5tt svensk spellicens m\u00e5ste n\u00e5 upp till vissa krav som Spelmyndigheten satt upp? Uppfylls inte dessa riskerar bettingsidan b\u00f6ter eller i v\u00e4rsta fall f\u00e5 indragen licens. <br><br>&#8211; om du skulle r\u00e5ka i klorna p\u00e5 en bettingsida utan svensk licens \u00e4r chansen att f\u00e5 hj\u00e4lp mycket liten. Var d\u00e4rf\u00f6r uppm\u00e4rksam p\u00e5 att bettingsidan har svensk licens! <\/td><\/tr><\/tbody><\/table><\/figure>\n\n\n\n<h2 class=\"wp-block-heading\">Ny eller etablerad bettingsida: Vad f\u00f6redrar du?<\/h2>\n\n\n\n<p>Vilka \u00e4r f\u00f6r- och nackdelarna med nya vs mer etablerade Bettingsidor? Finns det n\u00e5got man b\u00f6r t\u00e4nka p\u00e5 och ska man vara orolig f\u00f6r att skapa ett konto hos en helt ny akt\u00f6r? L\u00e5t oss ta en titt!<\/p>\n\n\n\n<figure class=\"wp-block-table\"><table><tbody><tr><td><strong>+\/-<\/strong><\/td><td><strong>Nya Bettingsidor<\/strong><\/td><td><strong>Etablerade Bettingsidor<\/strong><\/td><\/tr><tr><td><strong>+<\/strong><\/td><td>St\u00f6rre chans till bonus<br><br>Ny snyggare design som tilltalar spelaren mer<br><br>Snabbare och enklare navigering<br><br>Bra mobilversion<\/td><td>Bra kundsupport ofta p\u00e5 svenska<br><br>Stort spelutbud<br><br>Flera olika betalningsmetoder<br><br><br><\/td><\/tr><tr><td><\/td><td><\/td><td><\/td><\/tr><tr><td><strong>&#8211;<\/strong><\/td><td>Begr\u00e4nsat utbud p\u00e5 olika marknader<br><br>Ingen live stream<br><br>Begr\u00e4nsat med betalningsmetoder<br><br>D\u00e5lig eller bristf\u00e4llig kundsupport<br><\/td><td>Sv\u00e5rnavigerad mobilversion<br><br>Kr\u00e5nglig registreringsprocess p\u00e5 en del sidor<br><br>Ofta begr\u00e4nsade bonusar<br><br><br><br><\/td><\/tr><\/tbody><\/table><\/figure>\n\n\n\n<h2 class=\"wp-block-heading\" id=\"slutsats-om-nya-bettingsidor\">Slutsats om nya bettingsidor<\/h2>\n\n\n\n<p>V\u00e5r \u00f6vertygelse h\u00e4r p\u00e5 Betting.com \u00e4r att du s\u00e4kerligen kommer uppskatta alla nya bettingsidor h\u00e4r p\u00e5 v\u00e5r sida. Om du \u00e4r p\u00e5 jakt efter en gener\u00f6s v\u00e4lkomstbonus och n\u00e5got nytt som du inte provat innan, kan det vara all id\u00e9 att testa! Vi vill dock g\u00f6ra dig uppm\u00e4rksam p\u00e5 att det i slut\u00e4ndan \u00e4r du som v\u00e4ljer vilken bettingsida du skall ta. Bollen ligger i slut\u00e4ndan hos dig sj\u00e4lv och vi p\u00e5 Betting.com f\u00f6rs\u00f6ker bara hj\u00e4lpa dig lite p\u00e5 traven!<\/p>\n","protected":false},"excerpt":{"rendered":"<p>Uppt\u00e4ck sp\u00e4nningen med nya bettingsidor i Sverige! Utforska v\u00e5r guide f\u00f6r en inblick i de senaste spelsidorna och de mest lockande oddsen. Fr\u00e5n innovativa funktioner till exklusiva bonusar &#8211; l\u00e5t oss guida dig genom den dynamiska v\u00e4rlden av sp\u00e4nnande satsningar online. V\u00e4lkommen till din biljett till framtidens spelupplevelse! B\u00e4sta nya Bettingsidor f\u00f6r svenska spelare Uppt\u00e4ck&#8230;<\/p>\n","protected":false},"author":6,"featured_media":0,"parent":1703,"menu_order":0,"comment_status":"closed","ping_status":"closed","template":"","meta":{"footnotes":""},"tags":[],"acf":[],"_links":{"self":[{"href":"https:\/\/betting.com\/sv\/wp-json\/wp\/v2\/pages\/1955"}],"collection":[{"href":"https:\/\/betting.com\/sv\/wp-json\/wp\/v2\/pages"}],"about":[{"href":"https:\/\/betting.com\/sv\/wp-json\/wp\/v2\/types\/page"}],"author":[{"embeddable":true,"href":"https:\/\/betting.com\/sv\/wp-json\/wp\/v2\/users\/6"}],"replies":[{"embeddable":true,"href":"https:\/\/betting.com\/sv\/wp-json\/wp\/v2\/comments?post=1955"}],"version-history":[{"count":15,"href":"https:\/\/betting.com\/sv\/wp-json\/wp\/v2\/pages\/1955\/revisions"}],"predecessor-version":[{"id":71395,"href":"https:\/\/betting.com\/sv\/wp-json\/wp\/v2\/pages\/1955\/revisions\/71395"}],"up":[{"embeddable":true,"href":"https:\/\/betting.com\/sv\/wp-json\/wp\/v2\/pages\/1703"}],"wp:attachment":[{"href":"https:\/\/betting.com\/sv\/wp-json\/wp\/v2\/media?parent=1955"}],"wp:term":[{"taxonomy":"post_tag","embeddable":true,"href":"https:\/\/betting.com\/sv\/wp-json\/wp\/v2\/tags?post=1955"}],"curies":[{"name":"wp","href":"https:\/\/api.w.org\/{rel}","templated":true}]}}