{"id":1681,"date":"2022-06-10T09:08:10","date_gmt":"2022-06-10T09:08:10","guid":{"rendered":"https:\/\/betting.com\/sv\/?page_id=1681"},"modified":"2023-08-18T06:26:39","modified_gmt":"2023-08-18T06:26:39","slug":"speltips","status":"publish","type":"page","link":"https:\/\/betting.com\/sv\/speltips","title":{"rendered":"Speltips &#8211; Aktuella tips p\u00e5 n\u00e4tet"},"content":{"rendered":"\n<h2 class=\"wp-block-heading\" id=\"dagens-speltips-och-analyser\">Dagens speltips och analyser<\/h2>\n\n\n\n<p>V\u00e5ra bettingexperter \u00e4r specialister som fokuserar h\u00e5rt p\u00e5 statistiska grunder f\u00f6r sina spel, s\u00e5v\u00e4l som full kunskap om lags och spelares formkurvor. varje dag levereras en stor m\u00e4ngd tips och under dagens speltips kan du hitta precis allt du s\u00f6ker.<\/p>\n\n\n\n<p>Samtliga speltips \u00e4r verifierade av v\u00e5r algoritm och samtliga tippare har passerat v\u00e5r granskning, allt f\u00f6r att du ska f\u00e5 tillg\u00e5ng till de b\u00e4sta speltipsen p\u00e5 n\u00e4tet.<\/p>\n\n\n\n<h2 class=\"wp-block-heading\" id=\"speltips-pa-sport-allt-du-behover-veta-for-att-lyckas-med-betting\">Speltips p\u00e5 sport &#8211; Allt du beh\u00f6ver veta f\u00f6r att lyckas med betting!<\/h2>\n\n\n\n<p>Betting p\u00e5 sport \u00e4r otroligt popul\u00e4rt och v\u00e4xer konstant &#8211; det g\u00f6r \u00e4ven speltips, d\u00e5 spelare konstant letar efter p\u00e5litliga tips som de kan f\u00f6lja p\u00e5 sin favoritsport och vinna mera.<\/p>\n\n\n\n<p>Som med allt i v\u00e4rlden finns det utbud om det finns efterfr\u00e5gan. Det finns flera bettingsidor och \u00e4ven platser d\u00e4r privatpersoner kan dela med sig om detaljerad information om sportevents f\u00f6r att tillfredsst\u00e4lla sina kunder.<\/p>\n\n\n\n<p>F\u00f6r oss p\u00e5 betting.com \u00e4r v\u00e5r m\u00e5ls\u00e4ttning att leverera de b\u00e4sta speltipsen till dig genom att se till att de \u00e4r fr\u00e5n verifierade bettare och skydda dig fr\u00e5n bedragare, samtidigt som vi vill hj\u00e4lpa dig p\u00e5 v\u00e4gen till att bli en vinnande spelare. S\u00e5, \u00e4r du en spelare som \u00e4r intresserad av speltips som alltid \u00e4r 100% s\u00e4kra och verifierade, har du kommit till r\u00e4tt plats!<\/p>\n\n\n\n<p>Detta inneb\u00e4r att oddsen som erbjuds dubbelkollas d\u00e5 de laddas upp, men ocks\u00e5 att spelen automatiskt st\u00e4ngs n\u00e4r matchen\/spelet \u00e4r f\u00e4rdigst\u00e4llt, vilket inneb\u00e4r att ingen kan ha falska spel. Bettingtips kan inte heller n\u00e5gonsin raderas d\u00e5 de publicerats. Detta inneb\u00e4r att det \u00e4r om\u00f6jligt f\u00f6r speltips att raderas fr\u00e5n en spelare, som p\u00e5 s\u00e5 vis skulle kunna beh\u00e5lla endast vinnande spel, vilket tyv\u00e4rr sker p\u00e5 andra platser.<\/p>\n\n\n\n<p>Om du redan har erfarenhet av betting och speltips har du s\u00e4kert st\u00f6tt p\u00e5 dessa \u201cvinnande\u201d spelare redan. Hos Betting.com kan du hitta de senaste speltipsen fr\u00e5n v\u00e5ra experter och dessa kan filtreras f\u00f6r att enbart se sporten du \u00e4r intresserad av. Genom att f\u00f6lja oss och denna guide kan du l\u00e4ra dig mer \u00e4n bara grunderna n\u00e4r det kommer till betting generellt, men specifikt hur bettingtips fungerar, n\u00e4r det \u00e4r v\u00e4rt att lita p\u00e5 dem och hur vi kan maximera v\u00e5r f\u00f6rtj\u00e4nst genom att nyttja dessa.<\/p>\n\n\n\n<h2 class=\"wp-block-heading\" id=\"speltips-hos-betting-com\">Speltips hos betting.com<\/h2>\n\n\n\n<p>H\u00e4r kan du hitta de senaste speltipsen som delats av v\u00e5ra experter. F\u00f6r varje sport har vi duktiga tippare som \u00e4r redo att dela med sig av sin kunskap och f\u00f6rm\u00e5ga att f\u00f6rutsp\u00e5 matcher med riklig information i deras analys om spelet. Allt f\u00f6r att dela med sig av detta till dig!<\/p>\n\n\n\n<p>Speltipsen uppdateras med j\u00e4mna mellanrum f\u00f6r att du aldrig ska missa att ta del av de b\u00e4sta v\u00e4rdespelen p\u00e5 marknaden. Du kan ocks\u00e5 v\u00e4lja att f\u00e5 notifikationer genom mail varje g\u00e5ng ett nytt speltips l\u00e4ggs upp p\u00e5 v\u00e5r sida.<\/p>\n\n\n\n<p>Som sagt finns speltips p\u00e5 odds f\u00f6r varje t\u00e4nkbar sport hos betting.com och i vissa fall har vi kommit upp i hela 800 tips uppe p\u00e5 en och samma g\u00e5ng. Det finns med andra ord massvis av vassa bettingtips att ta del av. H\u00e4r \u00e4r ett exempel p\u00e5 n\u00e5gra av sporterna som \u00e4r tillg\u00e4ngliga:<\/p>\n\n\n\n<ul>\n<li>Speltips p\u00e5 Fotboll<\/li>\n<\/ul>\n\n\n\n<ul>\n<li>Speltips p\u00e5 Innebandy<\/li>\n<\/ul>\n\n\n\n<ul>\n<li>Speltips p\u00e5 Handboll<\/li>\n<\/ul>\n\n\n\n<ul>\n<li>Speltips p\u00e5 Eurovision och annan underh\u00e5llning<\/li>\n<\/ul>\n\n\n\n<ul>\n<li>Speltips p\u00e5 Politik<\/li>\n<\/ul>\n\n\n\n<ul>\n<li>Speltips p\u00e5 Amerikansk Fotboll<\/li>\n<\/ul>\n\n\n\n<ul>\n<li>Speltips p\u00e5 Motorsport<\/li>\n<\/ul>\n\n\n\n<ul>\n<li>Speltips p\u00e5 Vintersport (L\u00e4ngd, Skidskytte, Alpint m m.)<\/li>\n<\/ul>\n\n\n\n<ul>\n<li>Speltips p\u00e5 Tennis<\/li>\n<\/ul>\n\n\n\n<ul>\n<li>Speltips p\u00e5 Trav<\/li>\n<\/ul>\n\n\n\n<ul>\n<li>Speltips p\u00e5 Basket<\/li>\n<\/ul>\n\n\n\n<ul>\n<li>Speltips p\u00e5 Ishockey<\/li>\n<\/ul>\n\n\n\n<ul>\n<li>Speltips p\u00e5 E-sport<\/li>\n<\/ul>\n\n\n\n<ul>\n<li>Speltips p\u00e5 Volleyboll<\/li>\n<\/ul>\n\n\n\n<h2 class=\"wp-block-heading\" id=\"5-anledningar-att-folja-speltips\">5 Anledningar att f\u00f6lja Speltips<\/h2>\n\n\n\n<p>1. Genom att f\u00f6lja speltips fr\u00e5n experter kan vi anv\u00e4nda v\u00e5r tid mycket effektivt, d\u00e5 det tar en otrolig m\u00e4ngd tid att bygga ett f\u00f6rr\u00e5d av statistik och information om olika lag och spelare.<\/p>\n\n\n\n<p>Att bygga detta system p\u00e5 ett framg\u00e5ngsrikt \u00e4r i \u00e4rlighetens namn n\u00e5got v\u00e4ldigt f\u00e5 personer lyckas med. Att f\u00f6lja bettingtips fr\u00e5n erk\u00e4nt kunniga personer sparar oss tid och vi slipper helt enkelt att g\u00f6ra det st\u00f6rsta jobbet sj\u00e4lva.<\/p>\n\n\n\n<p>Givetvis g\u00e5r de tv\u00e5 sakerna att kombinera, men att dela med sig eller ta de av andras kunskap sparar oss b\u00e5de tid och arbete, samtidigt som vi \u00f6kar v\u00e5ra chanser att hitta v\u00e4rde och d\u00e4rmed v\u00e5ra chanser att vinna i det l\u00e5nga loppet. Det \u00e4r d\u00e4rf\u00f6r just denna punkt hamnar som nummer ett av de positiva aspekterna av att f\u00f6lja speltips.<\/p>\n\n\n\n<p>2. Det leder oss till nummer tv\u00e5. \u00c4r du personen som kan t\u00e4nka dig att arbeta v\u00e4ldigt h\u00e5rt f\u00f6r att kunna en sport utan och innan, s\u00e5 kommer du kanske inte vilja ha speltips f\u00f6r just den grenen, men du kan \u00e4nd\u00e5 gynnas av speltips p\u00e5 andra sporter. Om du ser betting som en investering (vilket du b\u00f6r) \u00e4r det viktigt att bredda v\u00e5rt spelande till mer \u00e4n en sport.<\/p>\n\n\n\n<p>D\u00e4rf\u00f6r kan vi \u00e5terigen dra stor nytta av andra tippares kunskap genom v\u00e4l analyserade spel. Deras expertinformation kan garanterat hj\u00e4lpa dig bredda din spelportf\u00f6lj och g\u00f6ra ditt spelande h\u00e5llbart.<\/p>\n\n\n\n<p>3. Den tredje punkten vi vill ta upp \u00e4r att betting handlar om kalkylerade risker och inte gambling. Att spela med god information och r\u00e4tt variabler leder till f\u00f6rtj\u00e4nst i l\u00e4ngden och med bettingtips kan du ta del av spel som minimerar riskfaktorn till en h\u00f6g grad.<\/p>\n\n\n\n<p>Betting kommer alltid att ha sina upp- och nedg\u00e5ngar, men med oddsen \u00e5r v\u00e5r fav\u00f6r kan vi plana ut v\u00e5r graf till en v\u00e4xande s\u00e5dan. Speltips fr\u00e5n experter hj\u00e4lper oss med detta.<\/p>\n\n\n\n<p>4. Den fj\u00e4rde anledningen till att det \u00e4r v\u00e4rt att f\u00f6lja speltips \u00e4r f\u00f6r din egen enkelhets skull. Det \u00e4r mycket smidigt och g\u00f6r val och \u00f6verv\u00e4ganden mycket snabba. Betting handlar till stor del om en kalkylering av v\u00e4rde och risk, men vi ska inte underskatta de psykologiska delarna.<\/p>\n\n\n\n<p>Att se andra experter ha samma \u00e5sikter och tankar om matcher och olika odds kommer h\u00f6ja ditt sj\u00e4lvf\u00f6rtroende och till\u00e5ta dig g\u00f6ra de b\u00e4sta valen f\u00f6r oddsen du v\u00e4ljer.<\/p>\n\n\n\n<p>5. Den femte och sista anledningen f\u00f6r att f\u00f6lja bettingtips \u00e4r simpel &#8211; det ger dig nya kunskaper och g\u00f6r dig till en b\u00e4ttre bettare generellt. Att skaffa nya l\u00e4rdomar och mer information varje dag \u00e4r en sj\u00e4lvklarhet om du ska lyckas inom betting.<\/p>\n\n\n\n<p>Att d\u00e5 f\u00f6lja tips med unik och detaljerad information fr\u00e5n bettingobjekt du annars skulle missat \u00e4r ett perfekt s\u00e4tt att vidga vyerna. Tipsen ger dig ocks\u00e5 en v\u00e4g att h\u00e4nga med i de senaste trenderna inom betting och m\u00f6jlighet att snappa upp nyheter om lag och spelare. Allt detta tillsammans kommer leda till b\u00e4ttre beslut och s\u00e5ledes b\u00e4ttre resultat med ditt spelande.<\/p>\n\n\n\n<p>Allt detta g\u00e4ller s\u00e5v\u00e4l nya spelare, som erfarna hajar. Speltips \u00e4r ett verktyg som kommer hj\u00e4lpa dig placera de b\u00e4sta spelen och l\u00e4ra dig massor under v\u00e4gen.<\/p>\n\n\n\n<h2 class=\"wp-block-heading\" id=\"5-misstag-du-bor-undvika-nar-du-anvander-speltips\">5 Misstag du b\u00f6r undvika n\u00e4r du anv\u00e4nder Speltips<\/h2>\n\n\n\n<p>\u00c4ven om det \u00e4r relativt simpelt att f\u00f6lja bettingtips, s\u00e5 finns det en del misstag du b\u00f6r se upp f\u00f6r, som flera spelare tyv\u00e4rr beg\u00e5r.<\/p>\n\n\n\n<p>1. Vi b\u00f6rjar med n\u00e5got som borde vara sj\u00e4lvklart, men n\u00e5got som l\u00e5ngt ifr\u00e5n alla f\u00f6ljer. Det \u00e4r extremt viktigt att f\u00f6rst\u00e5 att speltips p\u00e5 samtliga sporter baseras p\u00e5 knivskarpa kalkylationer. Detta inneb\u00e4r att bettingtipset i fr\u00e5ga har ett odds som rekommenderas av goda anledningar.<\/p>\n\n\n\n<p>Du ska d\u00e4rf\u00f6r aldrig spela p\u00e5 odds under det som rekommenderas och i b\u00e4sta fall kan du \u00e4ven hitta h\u00f6gre odds. Odds r\u00f6r p\u00e5 sig konstant och det \u00e4r viktigt att f\u00f6rst\u00e5, d\u00e5 speltips sker av en bra anledning och ofta kommer detta p\u00e5verka oddsen som erbjuds.<\/p>\n\n\n\n<p>Om flera spelare h\u00e4nger med p\u00e5 tipset kommer oddsen fr\u00e5n spelbolagen att s\u00e4nkas. D\u00e4rmed g\u00e5r v\u00e4rdet snabbt f\u00f6rlorat. Vi beh\u00f6ver alltid spela p\u00e5 odds som \u00e4r till v\u00e5r f\u00f6rdel och ibland m\u00e5ste vi acceptera att vi \u00e4r f\u00f6r sent ute.<\/p>\n\n\n\n<p>2. V\u00e5r andra punkt \u00e4r att aldrig jaga f\u00f6rluster. Att vi f\u00f6rlorar v\u00e5ra vad \u00e4r n\u00e5got vi m\u00e5ste leva med och det kommer att h\u00e4nda ofta, \u00e4ven med de b\u00e4sta bettingtipsen i ryggen.<\/p>\n\n\n\n<p>Att jaga dessa f\u00f6rluster under en sv\u00e5r period \u00e4r n\u00e5got av det mest f\u00f6r\u00f6dande vi kan g\u00f6ra och f\u00f6r att vara klar och tydlig &#8211; vi f\u00e5r aldrig till\u00e5ta v\u00e5ra k\u00e4nslor ta \u00f6ver. Att b\u00f6rja f\u00f6lja speltips bevisar att vi \u00e4r p\u00e5 r\u00e4tt v\u00e4g, men vi m\u00e5ste trots allt vara redo av att kunna hantera flera f\u00f6rluster i rad.<\/p>\n\n\n\n<p>Det \u00e4r vanligt att spelare dubblar sina insatser n\u00e4r de missar ett vinnande bettingtips. \u00c5terigen \u00e4r detta n\u00e5got vi inte kan till\u00e5ta oss sj\u00e4lva att g\u00f6ra f\u00f6r att vi \u201cmissade\u201d en vinst. Det finns tusentals bettingtips p\u00e5 n\u00e4tet och vi kommer helt enkelt att missa flera chanser till vinster p\u00e5 grund av saker utanf\u00f6r v\u00e5r kontroll.<\/p>\n\n\n\n<p>Du kan f\u00e5 ett speltips n\u00e4r du reser n\u00e5gonstans och inte har tillg\u00e5ng till att l\u00e4gga spelet, eller ligger du kanske och sover n\u00e4r det perfekta spelet presenteras. L\u00e5t inte detta p\u00e5verka dig, utan b\u00f6rja ist\u00e4llet s\u00f6ka efter spel som du faktiskt kan spela p\u00e5.<\/p>\n\n\n\n<p>3. N\u00e4sta misstag p\u00e5 listan \u00e4r att inte l\u00e4gga v\u00e5ra spel till det h\u00f6gsta m\u00f6jliga oddset. Detta \u00e4r n\u00e4ra p\u00e5 lika illa som att spela p\u00e5 under det f\u00f6reslagna oddset. Det finns massvis med sidor f\u00f6r att j\u00e4mf\u00f6ra odds fr\u00e5n spelbolagen och detta m\u00e5ste vi utnyttja till v\u00e5r f\u00f6rdel.<\/p>\n\n\n\n<p>Vi rekommenderar s\u00e5 klart att du anv\u00e4nder v\u00e5ra verktyg f\u00f6r att hitta de b\u00e4sta oddsen, d\u00e5 vi vet hur smidigt och enkelt vi har gjort det. Detta leder oss till n\u00e4sta punkt som g\u00e5r hand i hand med den f\u00f6reg\u00e5ende &#8211; anv\u00e4nd dig av flera spelbolag f\u00f6r att spela p\u00e5 de b\u00e4sta bettingtipsen. Det \u00f6ppnas mer eller mindre flera sportsbooks varje m\u00e5nad och det vore en katastrof rent ut sagt om vi inte anv\u00e4nde denna m\u00f6jlighet till \u00f6ka v\u00e5r f\u00f6rtj\u00e4nst.<\/p>\n\n\n\n<p>4. Den st\u00f6rsta och mest tydliga f\u00f6rdelen \u00e4r s\u00e5 klart att vi kan hitta olika odds f\u00f6r spelet vi vill l\u00e4gga och s\u00e5ledes kan vi maximera v\u00e5ra vinster. F\u00f6r det andra s\u00e5 har de flesta spelbolagen en v\u00e4lkomstbonus f\u00f6r nya spelare, som vi b\u00f6r anv\u00e4nda p\u00e5 b\u00e4sta m\u00f6jliga s\u00e4tt.<\/p>\n\n\n\n<p>M\u00e5nga spelbolag erbjuder ocks\u00e5 konstanta bonusar och gratisspel, som vi \u00e5terigen b\u00f6r anv\u00e4nda till v\u00e5r f\u00f6rdel. Om vi ser till att det normalt tar max fem minuter att \u00f6ppna ett konto, s\u00e5 kan vi se det som en god investering f\u00f6r att bygga v\u00e5r bankroll p\u00e5 ett stabilt och smart s\u00e4tt.<\/p>\n\n\n\n<p>5. Sista saken att t\u00e4nka p\u00e5, men inte den mest obetydliga, \u00e4r att flera konton inneb\u00e4r en mindre risk att v\u00e5ra konton blir begr\u00e4nsade. Detta kan l\u00e4tt h\u00e4nda d\u00e5 du b\u00f6rjar f\u00f6lja duktiga tippare och anv\u00e4nder du dig av enbart ett eller ett f\u00e5tal spelbolag kan det fort h\u00e4nda.<\/p>\n\n\n\n<h2 class=\"wp-block-heading\" id=\"dagens-speltips-fran-svenska-spel\">Dagens Speltips fr\u00e5n Svenska Spel<\/h2>\n\n\n\n<p>Dagens Speltips p\u00e5 Betting.com best\u00e5r oftast av tre matcher, vilket inneb\u00e4r en trippel. F\u00f6rdelen med kombinationsspel \u00e4r att vinsten blir betydligt h\u00f6gre \u00e4n vid spel p\u00e5 en enstaka match. Oddsen fr\u00e5n varje spel multipliceras och kan ibland ge ganska h\u00f6ga vinster. H\u00e4r p\u00e5 Betting.com brukar v\u00e5ra trippelsystem ge mellan 5 och 10 g\u00e5nger pengarna. D\u00e5 och d\u00e5 h\u00e4nder det att oddset kan bli n\u00e5got h\u00f6gre, speciellt om vi hittar en match d\u00e4r n\u00e5gon marknad sticker ut lite extra. <\/p>\n\n\n\n<p>Speltipsen kan variera ganska mycket i form av 1X2, \u00f6ver\/under, asian handicap eller b\u00e5da lagen att g\u00f6ra m\u00e5l eller inte. Det kan \u00e4ven h\u00e4nda att d\u00e4r kommer speltips p\u00e5 vinna och h\u00e5lla nollan eller spel p\u00e5 en enskild m\u00e5lskytt. <\/p>\n\n\n\n<h2 class=\"wp-block-heading\" id=\"hur-ofta-presenteras-dagens-speltips-pa-betting-com\">Hur ofta presenteras Dagens Speltips p\u00e5 Betting.com?<\/h2>\n\n\n\n<p>V\u00e5rt m\u00e5l h\u00e4r p\u00e5 Betting.com \u00e4r att leverera Dagens Speltips varje dag under st\u00f6rre delen av \u00e5ret. Det kan dock h\u00e4nda att d\u00e4r kommer vara en och annan dag d\u00e5 vi inte kan leverera speltips d\u00e5 det helt enkelt inte finns n\u00e5got att spela p\u00e5, exempelvis vid stora h\u00f6gtider som julafton, juldagen, ny\u00e5rsafton och ny\u00e5rsdag. <\/p>\n\n\n\n<p>Om du \u00e4r os\u00e4ker p\u00e5 om vi kommer erbjuda Dagens Speltips \u00e4r det bara att g\u00f6ra ett bes\u00f6k p\u00e5 v\u00e5r sida f\u00f6r att se vad som finns att tillg\u00e5. Det \u00e4r i regel ett speltips om dagen som g\u00e4ller under v\u00e5r kategori Dagens Speltips, d\u00e4rav namnet. Vid enstaka tillf\u00e4llen kan det h\u00e4nda att d\u00e4r kommer tv\u00e5 Dagens Speltips. Detta g\u00e4ller framf\u00f6r allt vid st\u00f6rre m\u00e4sterskap som EM och VM. <\/p>\n\n\n\n<h2 class=\"wp-block-heading\" id=\"hur-tas-dagens-speltips-fram\">Hur tas Dagens Speltips fram?<\/h2>\n\n\n\n<p>Tipsen p\u00e5 Dagens Speltips \u00e4r noga utvalda av v\u00e5ra tipsexperter h\u00e4r p\u00e5 Betting.com. Att ta fram ett speltips kr\u00e4ver noggrann research och en hel del analys. N\u00e4r man g\u00f6r en analys innan ett speltips kollar man in allt fr\u00e5n f\u00f6ruts\u00e4ttningar inf\u00f6r matchen till tidigare m\u00f6ten och lagens form. Ibland kan det \u00e4ven vara av intresse att kolla upp vilka som tr\u00e4nar lagen. En del tr\u00e4nare tenderar att ha enklare att utman\u00f6vrera vissa lag mer \u00e4n andra. <\/p>\n\n\n\n<p>N\u00e4r det kommer till spelarfr\u00e5nvaro p\u00e5 grund av skador och avst\u00e4ngningar, kan detta ha viss betydelse. Speciellt om det handlar om tongivande spelare. Kanske \u00e4r lagets stora skyttekung borta fr\u00e5n spel? M\u00e5nga g\u00e5nger \u00f6verdriver dock spelbolagen spelarbortfall, vilket inneb\u00e4r att det kan finnas spelv\u00e4rde p\u00e5 det lag som \u00e4r drabbat. <\/p>\n\n\n\n<p>En annan intressant sak att ta i beaktning \u00e4r head to head statistiken. Lag 1 har kanske klart b\u00e4ttre tabellplacering \u00e4n Lag 2, men om man tittar p\u00e5 inb\u00f6rdes m\u00f6ten \u00e4r Lag 2 klart mer framg\u00e5ngsrika. H\u00e4r g\u00e4ller det verkligen att vara p\u00e5 sin vakt! <\/p>\n\n\n\n<h2 class=\"wp-block-heading\" id=\"tips-pa-ansvarsfullt-spelande-hos-betting-com\">Tips p\u00e5 ansvarsfullt spelande hos Betting.com<\/h2>\n\n\n\n<p>Det \u00e4r viktigt att p\u00e5peka att spel skall vara underh\u00e5llande och skoj. Dessv\u00e4rre h\u00e4nder det d\u00e5 och d\u00e5 att m\u00e4nniskor drabbas av &#8221;speldj\u00e4vulen&#8221; d\u00e4r saker g\u00e5r lite \u00f6ver styr. Spel f\u00e5r inte bli en belastning varken ekonomiskt eller socialt. <\/p>\n\n\n\n<p>H\u00e4r p\u00e5 Betting.com st\u00e5r vi bakom den svenska spellagstiftningen vilket inneb\u00e4r att vi ocks\u00e5 tar st\u00e4llning till ansvarsfullt spelande. Det \u00e4r ocks\u00e5 viktigt att p\u00e5peka att samtliga spel h\u00e4r p\u00e5 n\u00e4tet ska ske av personer som fyllt minst 18 \u00e5r. <\/p>\n\n\n\n<p>Svarar du ja p\u00e5 flera av dessa fr\u00e5gor b\u00f6r du \u00f6verv\u00e4ga att s\u00f6ka hj\u00e4lp omg\u00e5ende f\u00f6r spelmissbruk: <\/p>\n\n\n\n<ul>\n<li>T\u00e4nker du p\u00e5 spel hela tiden?<\/li>\n\n\n\n<li>Ljuger du om hur mycket tid och pengar du l\u00e4gger p\u00e5 ditt spelande?<\/li>\n\n\n\n<li>K\u00e4nner du f\u00f6r att fira en h\u00e4ndelse i livet med att spela?<\/li>\n\n\n\n<li>Har du n\u00e5gon g\u00e5ng g\u00e5tt hem fr\u00e5n jobb\/skola f\u00f6r att spela?<\/li>\n\n\n\n<li>Har du n\u00e5gon g\u00e5ng k\u00e4nt dig skyldig n\u00e4r du spelat?<\/li>\n\n\n\n<li>Har du k\u00e4nt ett starkt behov av att vinna tillbaka pengar som du f\u00f6rlorat?<\/li>\n\n\n\n<li>Har du n\u00e5gon g\u00e5ng l\u00e5nat pengar f\u00f6r att spela?<\/li>\n\n\n\n<li>Har du n\u00e5gon g\u00e5ng s\u00e5lt en \u00e4godel f\u00f6r att finansiera ditt spelande?<\/li>\n\n\n\n<li>K\u00e4nner du att du \u00e4r i starkt behov av att spela mer och mer?<\/li>\n\n\n\n<li>\u00d6vertalar du dig sj\u00e4lv om att vinsten snart kommer? Att du inte kan l\u00e5ta chansen f\u00f6rsvinna fr\u00e5n dig och att det bara \u00e4r en tidsfr\u00e5ga?<\/li>\n<\/ul>\n\n\n\n<p>Skulle du k\u00e4nna att du eller n\u00e5gon annan person i din omgivning har problem med spelande rekommenderar vi dig att g\u00e5 in p\u00e5 spelpaus.se. H\u00e4r kan man st\u00e4nga av sig fr\u00e5n spel upp till ett \u00e5r. Samtliga spelbolag med svensk spellicens \u00e4r kopplade till spelpaus, vilket inneb\u00e4r att en avst\u00e4ngning g\u00e4ller hos alla dessa bolag. <\/p>\n\n\n\n<h2 class=\"wp-block-heading\" id=\"dagens-speltips-i-samarbete-med-svenska-spel\">Dagens Speltips i samarbete med Svenska Spel<\/h2>\n\n\n\n<p>Speltips p\u00e5 n\u00e4tet kan komma i alla dess former. Kombinationsspel, poolspel eller enkla singelspel d\u00e4r folk bara l\u00e4gger ett tips p\u00e5 en enskild match. Inom sports betting \u00e4r odds det element\u00e4ra och h\u00e4r kan det skilja sig en hel del fr\u00e5n spelbolag till spelbolag. Att j\u00e4mf\u00f6ra odds \u00e4r o och a n\u00e4r det kommer till betting och d\u00e4rf\u00f6r rekommenderar vi dig att vara extra uppm\u00e4rksam innan du spelar. <\/p>\n\n\n\n<p>V\u00e5ra speltips h\u00e4r p\u00e5 Dagens Speltips kommer i samarbete med Svenska Spel. F\u00f6rdel med att anv\u00e4nda sig av Svenska Spel \u00e4r m\u00e5nga. Svenska Spel \u00e4r ett f\u00f6retag som vandrar hand i hand med idrotten. Samarbetet med Fotbollf\u00f6rbundet startades redan 1934. Idag \u00e4r man stolt huvudsponsor \u00e5t fotbollen, ishockeyn, skidorna, e-sporten samt Sveriges Olympiska Kommitt\u00e9. <\/p>\n\n\n\n<p>Svenska Spel \u00e4r ocks\u00e5 huvudsponsor \u00e5t n\u00e5gra av landets mest folkk\u00e4ra ligor, SHL, Hockeyallsvenskan, Svenska Spel Damhockeyligan, OBOS Damallsvenskan och Elitettan, liksom att spelbolaget \u00e4r djupt engagerade i Riksidrottsf\u00f6rbundets verksamhet. F\u00f6r Svenska Spel \u00e4r det en sj\u00e4lvklarhet att \u00e4ven st\u00f6tta ungdomsidrotten i Sverige och detta g\u00f6rs med en rad olika projekt. Ett av dessa \u00e4r sponsringsprojektet Gr\u00e4sroten kan Svenska Spel \u00e5rligen delar ut 40 miljoner kronor till f\u00f6reningar och st\u00f6tta ungdomsidrott runt om i landet. <\/p>\n","protected":false},"excerpt":{"rendered":"<p>Dagens speltips och analyser V\u00e5ra bettingexperter \u00e4r specialister som fokuserar h\u00e5rt p\u00e5 statistiska grunder f\u00f6r sina spel, s\u00e5v\u00e4l som full kunskap om lags och spelares formkurvor. varje dag levereras en stor m\u00e4ngd tips och under dagens speltips kan du hitta precis allt du s\u00f6ker. Samtliga speltips \u00e4r verifierade av v\u00e5r algoritm och samtliga tippare har&#8230;<\/p>\n","protected":false},"author":6,"featured_media":1502,"parent":0,"menu_order":0,"comment_status":"closed","ping_status":"closed","template":"","meta":{"footnotes":""},"tags":[416],"acf":[],"_links":{"self":[{"href":"https:\/\/betting.com\/sv\/wp-json\/wp\/v2\/pages\/1681"}],"collection":[{"href":"https:\/\/betting.com\/sv\/wp-json\/wp\/v2\/pages"}],"about":[{"href":"https:\/\/betting.com\/sv\/wp-json\/wp\/v2\/types\/page"}],"author":[{"embeddable":true,"href":"https:\/\/betting.com\/sv\/wp-json\/wp\/v2\/users\/6"}],"replies":[{"embeddable":true,"href":"https:\/\/betting.com\/sv\/wp-json\/wp\/v2\/comments?post=1681"}],"version-history":[{"count":10,"href":"https:\/\/betting.com\/sv\/wp-json\/wp\/v2\/pages\/1681\/revisions"}],"predecessor-version":[{"id":64189,"href":"https:\/\/betting.com\/sv\/wp-json\/wp\/v2\/pages\/1681\/revisions\/64189"}],"wp:featuredmedia":[{"embeddable":true,"href":"https:\/\/betting.com\/sv\/wp-json\/wp\/v2\/media\/1502"}],"wp:attachment":[{"href":"https:\/\/betting.com\/sv\/wp-json\/wp\/v2\/media?parent=1681"}],"wp:term":[{"taxonomy":"post_tag","embeddable":true,"href":"https:\/\/betting.com\/sv\/wp-json\/wp\/v2\/tags?post=1681"}],"curies":[{"name":"wp","href":"https:\/\/api.w.org\/{rel}","templated":true}]}}