{"id":1499,"date":"2022-05-31T13:05:49","date_gmt":"2022-05-31T13:05:49","guid":{"rendered":"https:\/\/betting.com\/sv\/?page_id=1499"},"modified":"2023-11-15T10:08:31","modified_gmt":"2023-11-15T08:08:31","slug":"v75","status":"publish","type":"page","link":"https:\/\/betting.com\/sv\/v75","title":{"rendered":"V75"},"content":{"rendered":"\n<h2 class=\"wp-block-heading\" id=\"v75-ett-populart-poolspel-fran-atg\">V75 ett popul\u00e4rt poolspel fr\u00e5n ATG<\/h2>\n\n\n\n<p>Att spela p\u00e5 trav i Sverige \u00e4r tradition sen flera \u00e5rtionden tillbaka. Spelet kom hit redan i slutet av 1800-talet och har sedan totalisatorf\u00f6rbudet h\u00e4vdes 1923 vuxit sig allt st\u00f6rre. Genom \u00e5ren har ATG k\u00f6rt ett flertal olika poolspel och det mest popul\u00e4ra idag: V75 drog ig\u00e5ng 1993 med f\u00f6rsta t\u00e4vlingen p\u00e5 J\u00e4gersro i Malm\u00f6. Premi\u00e4rloppet i V75 vanns av ingen mindre \u00e4n den legendariska travh\u00e4sten Copiad och redan efter f\u00f6rsta V75-rundan kunde ATG konstatera att denna spelform var en succ\u00e9. <\/p>\n\n\n\n<p>Idag spelas det p\u00e5 V75 varje l\u00f6rdag d\u00e4r svenskarna l\u00e4mnar in hundratusentals spelsystem med en oms\u00e4ttning som uppg\u00e5r till tiotals miljoner. Variationen p\u00e5 spel \u00e4r stor n\u00e4r det kommer till V75. En del v\u00e4ljer att spela p\u00e5 Harryboy d\u00e4r h\u00e4starna v\u00e4ljs ut slumpvis medan andra l\u00e4gger timmar p\u00e5 att analysera startlistor och h\u00e4star f\u00f6r att f\u00e5 ut det b\u00e4sta m\u00f6jliga systemet. <\/p>\n\n\n\n<h2 class=\"wp-block-heading\" id=\"v75-utdelning-och-jackpott\">V75 utdelning och jackpott<\/h2>\n\n\n\n<p>I V75 kan man oftast vinna p\u00e5 7,6 och 5 r\u00e4tt d\u00e4r vinsten \u00e4r st\u00f6rre ju fler r\u00e4tt man har. Av den totala prispoolen g\u00e5r 40% till 7 r\u00e4tt, 20% till 6 r\u00e4tt och resterande 40% till 5 r\u00e4tt. Om ingen person skulle lyckas pricka in 7 r\u00e4tt blir det jackpott inf\u00f6r kommande V75 omg\u00e5ng. Samma sak g\u00e4ller om utdelningen f\u00f6r 5 eller 6 r\u00e4tt understiger 15 kronor, d\u00e5 v\u00e4ntar jackpott i n\u00e4stkommande omg\u00e5ng. <\/p>\n\n\n\n<p>Hur stor utdelningen i V75 blir varierar fr\u00e5n omg\u00e5ng till omg\u00e5ng beroende p\u00e5 vilka ekipage som vinner och hur m\u00e5nga spelare som f\u00e5r 7,6 respektive 5 r\u00e4tt. Skulle det visa sig vara en favoritbetonad omg\u00e5ng med idel l\u00e5goddsare som vinner, kommer utdelningen bli v\u00e4ldigt l\u00e5g. Om det d\u00e4remot blir en hel del skr\u00e4llar \u00e4r chansen stor att utdelningen blir ganska rej\u00e4l, alternativt 0 kronor om ingen lyckas pricka in alla sju r\u00e4tt. <\/p>\n\n\n\n<p>Genom \u00e5ren har det blivit en hel del storvinster i V75.  Den st\u00f6rsta fram till dagens datum intr\u00e4ffade den 27 februari 2010 p\u00e5 Axevalla d\u00e5 en kupong gav svindlande 67 312 633 kronor. N\u00e4st h\u00f6gsta V75 vinsten ligger p\u00e5 56 347 408 kronor som vanns den 14 januari 2012 p\u00e5 \u00c5by. <\/p>\n\n\n\n<p>N\u00e4r det kommer till st\u00f6rsta V75 potterna vid en enskild omg\u00e5ng \u00e4r toppnoteringen 128 727 190 kronor fr\u00e5n den 10 november 1998 i Eskilstuna. Denna omg\u00e5ng \u00e4r fortfarande i dag i s\u00e4rklass vad g\u00e4ller st\u00f6rst jackpott i V75. <\/p>\n\n\n\n<h2 class=\"wp-block-heading\" id=\"v75-speltips\">V75 Speltips <\/h2>\n\n\n\n<p>H\u00e4r p\u00e5 Betting.com har vi ett stort intresse f\u00f6r trav och V75. M\u00e5let \u00e4r att inf\u00f6r varje l\u00f6rdag erbjuda V75 speltips d\u00e4r v\u00e5ra experter b\u00f6rjar granska startlistorna redan p\u00e5 onsdag kv\u00e4ll f\u00f6r att sedan analysera h\u00e4st f\u00f6r h\u00e4st fram till torsdag och fredag d\u00e5 speltipsen l\u00e4ggs. V\u00e5ra V75 speltips kan variera fr\u00e5n vecka till vecka, men oftast har vi med minst tv\u00e5 spikar i v\u00e5rt system. <\/p>\n\n\n\n<h2 class=\"wp-block-heading\" id=\"sa-spelar-du-pa-v75\">S\u00e5 spelar du p\u00e5 V75<\/h2>\n\n\n\n<p>ATGs poolspel V75 kan spelas varje vecka \u00e5ret om. Oftast \u00e4r det l\u00f6rdagar som g\u00e4ller men vid storhelger kan det ibland intr\u00e4ffa tv\u00e5 V75 omg\u00e5ngar p\u00e5 en vecka. Normalt drar spelet ig\u00e5ng l\u00f6rdagar klockan 16:20, vilket inneb\u00e4r att detta \u00e4r tiden f\u00f6r spelstopp i V75. Som det l\u00e5ter p\u00e5 namnet g\u00e4ller det att i V75 tippa r\u00e4tt i sju lopp d\u00e4r det kan bli utdelning ner till fem r\u00e4tt. Spela p\u00e5 V75 kan du g\u00f6ra p\u00e5 n\u00e4tet hos ATG.se eller p\u00e5 den aktuella travbanan d\u00e4r t\u00e4vlingarna skall g\u00e5 alternativt hos ett ATG-ombud som idag oftast finns utanf\u00f6r en st\u00f6rre matbutik. Varje rad i V75 kostar 0.50 kr och f\u00f6r varje lopp och ju fler h\u00e4star du har med i systemet ju h\u00f6gre blir insatsen. En del spelare v\u00e4ljer att l\u00e4mna in massvis med enkelsystem d\u00e4r en h\u00e4st i varje lopp tas ut men till st\u00f6rsta delen \u00e4r det systemspel som g\u00e4ller d\u00e4r fler \u00e4n sju h\u00e4star p\u00e5 en kupong v\u00e4ljs ut, detta \u00f6kar vinstchanserna rej\u00e4lt och har man tungan r\u00e4tt i mun kan det ge sju r\u00e4tt. <\/p>\n\n\n\n<p>N\u00e4r du fyller i din V75 kupong skall du strecka de h\u00e4star som du tror kan ha en chans p\u00e5 seger i loppet. H\u00e4r kan du v\u00e4lja att bara ta med en h\u00e4st till att ta med samtliga om du har sv\u00e5rt att utse en vinnare. N\u00e4r du fyllt i alla h\u00e4star i de sju loppen multipliceras alla antal streck med 0.50 kr vilket \u00e4r priset f\u00f6r varje streck. S\u00e5 h\u00e4r kan det se ut:<\/p>\n\n\n\n<p>8x1x2x2x1x1x3x2=192 kronor<\/p>\n\n\n\n<p>I detta systemet har spelaren valt att inleda med \u00e5tta h\u00e4star i V75-1 och d\u00e4refter spikat i V75-2 f\u00f6r att sedan ta med tv\u00e5 h\u00e4star i de efterf\u00f6ljande tv\u00e5 loppen. I V75-4 och V75-5 har det spikats f\u00f6r att sedan k\u00f6ra tre respektive tv\u00e5 h\u00e4star i de sista tv\u00e5 avdelningarna. <\/p>\n\n\n\n<h3 class=\"wp-block-heading\" id=\"strukna-hastar-i-v75\">Strukna h\u00e4star i V75<\/h3>\n\n\n\n<p>D\u00e5 och d\u00e5 h\u00e4nder det att h\u00e4star blir strukna i V75. Beroende p\u00e5 vilken spelform du har spelat g\u00e4ller olika regler n\u00e4r en h\u00e4st blir struken. Vid oddsspel som vinnare, plats, trio etc, \u00e5terbetalas ditt spel. I V75 f\u00e5r du in din f\u00f6rsta reserv som du finner till h\u00f6ger p\u00e5 ditt spelkvitto. F\u00f6rsta reserv \u00e4r den till v\u00e4nster och andra reserv den till h\u00f6ger. Om du inte vill att &#8221;turordningen&#8221; g\u00e5r in kan du sj\u00e4lv v\u00e4lja vilken h\u00e4st eller h\u00e4star som skall bli reserver i loppet. <\/p>\n\n\n\n<h2 class=\"wp-block-heading\" id=\"v75-harry-boy\">V75 Harry Boy<\/h2>\n\n\n\n<p>En del travfantaster minns h\u00e4sten Harry Boy som hann springa in drygt en halv miljon kronor under sina 32 starter fr\u00e5n i mitten av 90-talet fram till b\u00f6rjan av 2000-talet. Men de allra flesta f\u00f6rknippar Harry Boy med ATGs maskot och spelsystem. <\/p>\n\n\n\n<p>Efter att det g\u00e5tt ganska tr\u00f6gt med travspelandet i Sverige i b\u00f6rjan av 90-talet valde ATG att introducera en ny spelform p\u00e5 trav. Spelformen Harry Boy blev en ing\u00e5ng till travsporten f\u00f6r alla som inte var s\u00e4rskilt insatta vilket p\u00e5 sikt gav \u00f6kad oms\u00e4ttning p\u00e5 travsporten i Sverige. I V75 drog Harry Boy ig\u00e5ng redan i samband med premi\u00e4ren den 30 oktober 1993. <\/p>\n\n\n\n<p>Att spela p\u00e5 Harry Boy p\u00e5 V75 \u00e4r mycket enkelt och kr\u00e4ver faktiskt inget st\u00f6rre travkunnande. Om du \u00f6nskar att spela p\u00e5 V75 som turspel ist\u00e4llet f\u00f6r att anv\u00e4nda dig av dina egna kunskaper kan du v\u00e4lja mellan Harry Boy och Harry Spik, som slumpm\u00e4ssigt v\u00e4ljer ut vinnare. <\/p>\n\n\n\n<p>I Harry Boy v\u00e4ljer du bara vilket belopp du vill spela f\u00f6r, sen sk\u00f6ter ATGs system resten. Ett annat alternativ \u00e4r att spela p\u00e5 Harry Spik, d\u00e4r du sj\u00e4lv v\u00e4ljer spikarna och d\u00e4r &#8221;Harry&#8221; kompletterar resten av kupongen \u00e5t dig. <\/p>\n\n\n\n<p>Sedan en tid tillbaka erbjuder ATG en s\u00e5 kallad Harry Boy p\u00e5se d\u00e4r du har vinstchans p\u00e5 tre separata spelformer. Till exempel kan du k\u00f6pa en V75-p\u00e5se d\u00e4r spelformerna V75, Dagens Dubbel och Vinnare ing\u00e5r. Det enda du beh\u00f6ver g\u00f6ra \u00e4r att betala kostnaden f\u00f6r p\u00e5sen s\u00e5 sk\u00f6ter ATG resten \u00e5t dig. <\/p>\n\n\n\n<h2 class=\"wp-block-heading\" id=\"v75-boost\">V75 Boost<\/h2>\n\n\n\n<p>I b\u00f6rjan av 2016 lanserades till\u00e4ggspelet V75 Boost. Med Boost har du m\u00f6jlighet att vinna upp till 100 g\u00e5nger den ursprungliga vinsten vilket ger spelformen extra sp\u00e4nning. <\/p>\n\n\n\n<p>Vid spel med Boost v\u00e4ljs ett slumpm\u00e4ssigt tresiffrigt nummer, som g\u00f6r att du \u00e4ven deltar i en dragning f\u00f6r att \u00f6ka dina eventuella vinster. Kostnaden f\u00f6r Boost \u00e4r 30-300 kronor<\/p>\n\n\n\n<p>V\u00e4ljer du till Boost f\u00e5r du ett slumpm\u00e4ssigt tresiffrigt nummer, som g\u00f6r att du \u00e4ven deltar i en dragning f\u00f6r att \u00f6ka dina eventuella vinster. Spelet kostar 30 kronor f\u00f6r spel upp till 300 kronor. F\u00f6r system \u00f6ver 300 kronor \u00e4r kostnaden 10 % av systemets kostnad. <\/p>\n\n\n\n<p>N\u00e4r V75 omg\u00e5ngen \u00e4r avslutad dras ett tresiffrigt Boost nummer. Om samtliga siffror \u00e4r r\u00e4tt p\u00e5 ditt system ger det f\u00f6ljande vinst: <\/p>\n\n\n\n<p>Du f\u00e5r 10 x vinsten p\u00e5 7 r\u00e4tt. (Om 7 r\u00e4tt ger 50 000kr vinner du 500 000 kr)<br>Du f\u00e5r 100 x vinsten p\u00e5 6 r\u00e4tt. (Om 6 r\u00e4tt ger 1 000 kr vinner du 100 000 kr)<br>Du f\u00e5r 100 x vinsten p\u00e5 5 r\u00e4tt. (Om 5 r\u00e4tt ger 100 kr vinner du 10 000 kr)<\/p>\n\n\n\n<p>F\u00f6rdelen med att spela med Boost \u00e4r att du kan vinna \u00e4ven om du inte skulle lyckas pricka in 5-7 r\u00e4tt. <\/p>\n\n\n\n<ul>\n<li>Har du r\u00e4tt Boostnummer (samtliga tre siffror) f\u00e5r du 500 kr<\/li>\n\n\n\n<li>Har du de tv\u00e5 sista siffrorna r\u00e4tt f\u00e5r du 150 kr<\/li>\n\n\n\n<li>Har du den sista siffran r\u00e4tt f\u00e5r du 50 kr<\/li>\n<\/ul>\n\n\n\n<p>Totalt delas det ut maximalt 150 miljoner kronor p\u00e5 Boost under en V75 omg\u00e5ng. Maxtaket f\u00f6r en vinst ligger p\u00e5 100 miljoner kronor. <\/p>\n\n\n\n<h2 class=\"wp-block-heading\" id=\"v75-tillsammans\">V75 Tillsammans<\/h2>\n\n\n\n<p>Tycker du det blir f\u00f6r dyrt att kn\u00e5pa ihop ett dugligt system eller vill \u00f6ka dina vinstchanser genom att anv\u00e4nda dig av andras kunskap? D\u00e5 kan vi rekommendera V75 Tillsammans. V75 Tillsammans \u00e4r ett andelsspel d\u00e4r du kan skapa egna lag och bjuda in dina v\u00e4nner, eller g\u00e5 med i andras lag. I V75 Tillsammans kan du \u00e4ven spela i kampanjlag som leds av inbjudna spelv\u00e4rdar under en begr\u00e4nsad tidsperiod. <\/p>\n\n\n\n<p>Lagkassan i V75 Tillsammans kan st\u00e4llas in beroende p\u00e5 hur stort system &#8221;laget&#8221; vill ha. Va uppm\u00e4rksam p\u00e5 att systemet inte kan kosta mer \u00e4n det belopp som finns tillg\u00e4ngligt. \u00c4r systemet billigare kan laget v\u00e4lja att spela ytterligare kuponger i omg\u00e5ngen. Om de inte g\u00f6r det \u00e5terbetalas resterande belopp till lagets medlemmar, f\u00f6rdelat p\u00e5 det antal andelar var och en lagmedlem k\u00f6pt. <\/p>\n\n\n\n<h2 class=\"wp-block-heading\" id=\"v75-odds\">V75 Odds<\/h2>\n\n\n\n<p>I poolspel som V75 \u00e4r det r\u00f6rliga odds som g\u00e4ller. Detta inneb\u00e4r att slutoddset best\u00e4ms beroende p\u00e5 hur m\u00e5nga som spelar p\u00e5 en specifik h\u00e4st. Hos spelbolag som Bet365 och Unibet \u00e4r oddsen fasta men h\u00e4r g\u00e5r det inte att spela p\u00e5 V75 utan endast p\u00e5 vinnare eller plats. <\/p>\n\n\n\n<h3 class=\"wp-block-heading\" id=\"kan-jag-folja-v75-live\">Kan jag f\u00f6lja v75 live?<\/h3>\n\n\n\n<p>Dessv\u00e4rre g\u00e5r det inte att spela live p\u00e5 V75 hos ATG, men f\u00f6r dig som vill f\u00f6lja resultaten lopp f\u00f6r lopp g\u00e5r det utm\u00e4rkt att g\u00f6ra det p\u00e5 ATGs hemsida. H\u00e4r kan du se vad aktuell utdelning \u00e4r just nu och hur m\u00e5nga kuponger som har alla r\u00e4tt. <\/p>\n\n\n\n<h3 class=\"wp-block-heading\" id=\"hur-rattar-jag-v75\">Hur r\u00e4ttar jag V75?<\/h3>\n\n\n\n<p><br>Att r\u00e4tta en kupong p\u00e5 V75 \u00e4r mycket enkelt. Det enda du beh\u00f6ver g\u00f6ra \u00e4r att g\u00e5 in p\u00e5 ATGs hemsida och logga in med ditt Bank-ID och v\u00e4lj V75 och resultat. Om du k\u00f6pt din rad via ombud, kan du anv\u00e4nda dig av r\u00e4ttningskoden som finns l\u00e4ngst ner p\u00e5 ditt konto som du fyller i genom att g\u00e5 in p\u00e5 ATGs hemsida.<\/p>\n\n\n\n<p><\/p>\n","protected":false},"excerpt":{"rendered":"<p>V75 ett popul\u00e4rt poolspel fr\u00e5n ATG Att spela p\u00e5 trav i Sverige \u00e4r tradition sen flera \u00e5rtionden tillbaka. Spelet kom hit redan i slutet av 1800-talet och har sedan totalisatorf\u00f6rbudet h\u00e4vdes 1923 vuxit sig allt st\u00f6rre. Genom \u00e5ren har ATG k\u00f6rt ett flertal olika poolspel och det mest popul\u00e4ra idag: V75 drog ig\u00e5ng 1993 med&#8230;<\/p>\n","protected":false},"author":7,"featured_media":1551,"parent":0,"menu_order":1000,"comment_status":"closed","ping_status":"closed","template":"","meta":{"footnotes":""},"tags":[412],"acf":[],"_links":{"self":[{"href":"https:\/\/betting.com\/sv\/wp-json\/wp\/v2\/pages\/1499"}],"collection":[{"href":"https:\/\/betting.com\/sv\/wp-json\/wp\/v2\/pages"}],"about":[{"href":"https:\/\/betting.com\/sv\/wp-json\/wp\/v2\/types\/page"}],"author":[{"embeddable":true,"href":"https:\/\/betting.com\/sv\/wp-json\/wp\/v2\/users\/7"}],"replies":[{"embeddable":true,"href":"https:\/\/betting.com\/sv\/wp-json\/wp\/v2\/comments?post=1499"}],"version-history":[{"count":13,"href":"https:\/\/betting.com\/sv\/wp-json\/wp\/v2\/pages\/1499\/revisions"}],"predecessor-version":[{"id":64186,"href":"https:\/\/betting.com\/sv\/wp-json\/wp\/v2\/pages\/1499\/revisions\/64186"}],"wp:featuredmedia":[{"embeddable":true,"href":"https:\/\/betting.com\/sv\/wp-json\/wp\/v2\/media\/1551"}],"wp:attachment":[{"href":"https:\/\/betting.com\/sv\/wp-json\/wp\/v2\/media?parent=1499"}],"wp:term":[{"taxonomy":"post_tag","embeddable":true,"href":"https:\/\/betting.com\/sv\/wp-json\/wp\/v2\/tags?post=1499"}],"curies":[{"name":"wp","href":"https:\/\/api.w.org\/{rel}","templated":true}]}}