{"id":1154,"date":"2022-05-25T13:08:14","date_gmt":"2022-05-25T13:08:14","guid":{"rendered":"https:\/\/betting.com\/sv\/?page_id=1154"},"modified":"2023-08-18T06:31:06","modified_gmt":"2023-08-18T06:31:06","slug":"utan-licens","status":"publish","type":"page","link":"https:\/\/betting.com\/sv\/bettingsidor\/utan-licens","title":{"rendered":"Betting utan licens i Sverige"},"content":{"rendered":"\n<h2 class=\"wp-block-heading\" id=\"kan-man-spela-utan-licens\">Kan man spela utan licens?&nbsp;<\/h2>\n\n\n\n<p>I Sverige \u00e4r spelmonopolet officiellt avskaffat och tiden d\u00e5 det ena oseri\u00f6sa spelbolaget efter det andra kunde h\u00e4rja fritt \u00e4r numera ett minne blott. Sedan \u00e5rsskiftet 2018\/19 m\u00e5ste alla spelbolag som verkar p\u00e5 den svenska spelmarknaden erh\u00e5lla en godk\u00e4nd spellicens utf\u00e4rdad av Spelinspektionen.<\/p>\n\n\n\n<p>Spelinspektionen, tidigare Lotteriinspektionen, \u00e4r en svensk statlig f\u00f6rvaltningsmyndighet f\u00f6r fr\u00e5gor om spel och lotterier.<\/p>\n\n\n\n<p>I media har lag\u00e4ndringen som inneburit stora f\u00f6r\u00e4ndringar, st\u00e4ndigt varit omdebatterad, inte minst eftersom kraven p\u00e5 att st\u00e4vja spelmissbruk \u00f6kat rej\u00e4lt de senaste \u00e5ren. Med det nya svenska licenssystemet hoppas regeringen f\u00e5 mer kontroll p\u00e5 spelandet och samtidigt ta del av alla skatteint\u00e4kter som tidigare f\u00f6rsvann till utomlands. F\u00f6r att ett spelbolag skall f\u00e5 en svensk spellicens kr\u00e4vs det ett flertal saker.<\/p>\n\n\n\n<p>F\u00f6rst och fr\u00e4mst m\u00e5ste spelbolaget som vill ha en svensk spellicens ans\u00f6ka om det. F\u00f6r att Spelinspektionen skall godk\u00e4nna en akt\u00f6r och ge ut en spellicens beh\u00f6ver det bolag som ans\u00f6ker, ha den kunskap, erfarenhet och organisation som kr\u00e4vs f\u00f6r att driva verksamheten. Om spelbolaget inte bed\u00f6ms ha det, erh\u00e5lls ingen spellicens.<\/p>\n\n\n\n<p>En annan viktig faktor f\u00f6r att Spelinspektionen inte skall dra in en beviljad spellicens \u00e4r att spelbolaget m\u00e5ste skydda spelaren fr\u00e5n \u00f6verdrivet spelande. Bland annat genom att f\u00f6lja spelbeteenden och, vid behov, hj\u00e4lpa spelaren att begr\u00e4nsa sitt spelande.<\/p>\n\n\n\n<p>F\u00f6rutom en avgift p\u00e5 400 000 kronor per \u00e5r skall spelbolagen \u00e4ven betala en skatt p\u00e5 18 % p\u00e5 den vinst de g\u00f6r i Sverige varje \u00e5r.<\/p>\n\n\n\n<p>S\u00e5 vad inneb\u00e4r d\u00e5 den svenska spellicensen i grund och botten? Varf\u00f6r \u00e4r det s\u00e5 viktigt att spelbolagen idag m\u00e5ste ha en svensk spellicens f\u00f6r att kunna operera lagligt i v\u00e5rt avl\u00e5nga land?<\/p>\n\n\n\n<p>F\u00f6rutom att det inbringar pengar till den svenska staten, har den svenska Spelinspektionen \u00e4ven b\u00e4ttre kontroll, vad g\u00e4ller olika former av spelmissbruk. En viss del av de pengarna som kommer in via spellicenser och skatter, anv\u00e4nds f\u00f6r att motverka spelmissbruk.<\/p>\n\n\n\n<p>Bland annat har Spelinspektionen skapat ett nationellt sj\u00e4lvavst\u00e4ngningsregister via Spelpaus.se. H\u00e4r kan spelare som k\u00e4nner att de har problem st\u00e4nga av sig fr\u00e5n allt spelande. Perioden f\u00f6r avst\u00e4ngningen varierar beroende p\u00e5 vad man v\u00e4ljer. Idag finns det fyra olika alternativ: 1 m\u00e5nad, 3 m\u00e5nader, 6 m\u00e5nader eller tillsvidare.<\/p>\n\n\n\n<h2 class=\"wp-block-heading\" id=\"vilka-spelbolag-idag-har-svensk-licens\">Vilka spelbolag idag har svensk licens?<\/h2>\n\n\n\n<p>Inne p\u00e5 Spelinpektionens hemsida finner du all information g\u00e4llande vilka spelbolag som har svensk spellicens. Denna lista uppdateras kontinuerligt. I skrivande stund har 94 bolag f\u00e5tt beviljad spellicens. Av dessa \u00e4r det ungef\u00e4r h\u00e4lften som erbjuder sportsbetting.<\/p>\n\n\n\n<p>Ett flertal av de spelbolag som innehar svensk spellicens har vi listat h\u00e4r p\u00e5 Betting.com. I v\u00e5ra recensioner kan du l\u00e4sa allt fr\u00e5n hur du registrerar ett konto och s\u00e4tter in pengar till hur spelutbud, kundsupport och navigering fungerar.<\/p>\n\n\n\n<ul>\n<li>Unibet<\/li>\n\n\n\n<li>Bet365<\/li>\n\n\n\n<li>LeoVegas<\/li>\n\n\n\n<li>ComeOn!<\/li>\n\n\n\n<li>Svenska Spel<\/li>\n<\/ul>\n\n\n\n<h2 class=\"wp-block-heading\" id=\"varfor-skall-man-undvika-spelbolag-utan-svensk-licens\">Varf\u00f6r skall man undvika spelbolag utan svensk licens?<\/h2>\n\n\n\n<p>Att spela p\u00e5 ett spelbolag utan svensk licens \u00e4r helt lagligt, men det finns en hel del saker som man b\u00f6r se upp med. Den nya svenska spellagen har inneburit nya, tuffare kvar p\u00e5 s\u00e5v\u00e4l akt\u00f6r som spelare.<\/p>\n\n\n\n<p>Nackdelarna med att v\u00e4lja ett spelbolag utan svensk licens v\u00e4ger \u00f6ver mot f\u00f6rdelarna. En av de st\u00f6rsta nackdelarna med m\u00e5nga utl\u00e4ndska spelbolag \u00e4r vinstskatten. V\u00e4ljer du att spela p\u00e5 ett spelbolag som inte har n\u00e5gon spellicens i ett EU-land, ligger vinstskatten hela 30 %. Detta inneb\u00e4r att du skall betala 300 kronor vid varje vunnen 1 000-lapp.<\/p>\n\n\n\n<p>En annan nackdel med att betting utan svensk licens \u00e4r smidigheten. Om du har valt att spela hos ett spelbolag som inte har n\u00e5gon spellicens utf\u00e4rdad av den svenska spelinspektionen, kan du inte logga in med ditt Bank-ID.&nbsp;<\/p>\n\n\n\n<p>N\u00e5got som \u00e4r oerh\u00f6rt smidigt och dessutom inneb\u00e4r att du inte beh\u00f6ver ange en massa personliga uppgifter som namn, adress, telefonnummer m m.<\/p>\n\n\n\n<p>F\u00f6r dig som v\u00e4ljer att spela utanf\u00f6r den reglerade svenska spelmarknaden g\u00e4ller det att ha koll p\u00e5 det du g\u00f6r. En negativ aspekt med betting utan licens \u00e4r spelarens s\u00e4kerhet. Svenska spelbolag med licens \u00e4r tvungna att vara anslutna till tj\u00e4nsten Spelpaus, d\u00e4r du via ett par knapptryck kan st\u00e4nga av dig sj\u00e4lv fr\u00e5n allt spel i Sverige.<\/p>\n\n\n\n<p>Men tyv\u00e4rr finns d\u00e4r ett kryph\u00e5l. F\u00f6r de spelare som st\u00e4ngt av sig sj\u00e4lva finns d\u00e4r andra alternativ och detta \u00e4r spelbolag utan svensk licens. Dessa \u00e4r n\u00e4mligen inte ansluta till Spelpaus och d\u00e4rf\u00f6r \u00e4r det fritt fram att spela d\u00e4r.&nbsp;<\/p>\n\n\n\n<p>M\u00e5nga av spelbolagen som inte har nog svensk spellicens, tummar ganska mycket p\u00e5 spelarnas s\u00e4kerhet och skulle du pl\u00f6tsligt k\u00e4nna att du drabbats av speldj\u00e4vulen, \u00e4r chansen att f\u00e5 hj\u00e4lp via dom ganska liten.<\/p>\n\n\n\n<h2 class=\"wp-block-heading\" id=\"betting-utan-licens-utbetalningar\">Betting utan licens: Utbetalningar<\/h2>\n\n\n\n<p>En vanlig fr\u00e5ga som dyker upp titt som t\u00e4tt g\u00e4llande betting utan licens r\u00f6r utbetalningar. Vad \u00e4r det egentligen som g\u00e4ller ang\u00e5ende vinstskatten? Ja detta skiljer sig \u00e5t fr\u00e5n spelbolag till spelbolag. Om spelbolagen har en licens inom EU beh\u00f6ver du inte betala n\u00e5gon vinstskatt.&nbsp;<\/p>\n\n\n\n<p>Har spelbolaget ist\u00e4llet en spellicens som \u00e4r utf\u00e4rdad utanf\u00f6r EUs gr\u00e4nser m\u00e5ste vinsterna redovisas i deklarationen och betalas skatt f\u00f6r. Detta \u00e4r n\u00e5got du slipper t\u00e4nka p\u00e5 om du v\u00e4ljer att spela hos ett spelbolag som lyder under den svenska spellagstiftningen.<\/p>\n\n\n\n<p>F\u00f6rdelarna med spelbolag med spellicens \u00e4r m\u00e5nga n\u00e4r det handlar om ins\u00e4ttningar och uttag. N\u00e4stan alla spelbolag med svensk spellicens erbjuder idag snabba och smidiga betall\u00f6sningar. En majoritet av de vi listar h\u00e4r p\u00e5 Betting.com erbjuder exempelvis Swish. En smidig och enkel betalmetod d\u00e4r du s\u00e4tter in och tar ut pengar p\u00e5 ett par sekunder.<\/p>\n\n\n\n<h2 class=\"wp-block-heading\" id=\"hogre-bonusar-och-fler-kampanjer-hos-spelbolag-utan-licens\">H\u00f6gre bonusar och fler kampanjer hos spelbolag utan licens<\/h2>\n\n\n\n<p>Sedan Covid-19 pandemin svepte in \u00f6ver Sverige har det skett en hel del f\u00f6r\u00e4ndringar g\u00e4llande onlinespel. En stor f\u00f6r\u00e4ndring \u00e4r att utbudet av bonusar minskat i omfattning och storlek.<\/p>\n\n\n\n<p>Idag f\u00e5r svenska spelbolag endast erbjuda en bonus per spelare p\u00e5 maximalt 100 kronor. Detta g\u00e4ller spelbolag som \u00e4ven har casino. Ett f\u00e5tal spelbolag har kunnat kringg\u00e5 dessa regler genom att bara erbjuda sportsbetting. Bet365 och TipWin \u00e4r tv\u00e5 exempel.<\/p>\n\n\n\n<p>D\u00e5 bonusar varit en av de mest uppskattade sakerna hos spelare online, har detta medf\u00f6rt att allt fler s\u00f6kt sig till spelbolag utan licens, som inte har samma begr\u00e4nsningar. M\u00e5nga av spelbolagen som inte \u00e4r licensierade, har stora och gener\u00f6sa bonusar. En del har \u00e4ven \u00e5terkommande kampanjer med olika ins\u00e4ttningsbonusar.<\/p>\n\n\n\n<p>Hur v\u00e4lkomstbonusarna kommer se ut hos de svenska spelbolagen efter att att de tillf\u00e4lliga spelansvars\u00e5tg\u00e4rder slopas den 14 november, \u00e5terst\u00e5r att se. Men mycket talar f\u00f6r att m\u00e5nga spelbolag kommer g\u00e5 tillbaka till 100 % upp till 1 000 kronor, vilket mer eller mindre var standard.&nbsp;<\/p>\n\n\n\n<p>Om s\u00e5 blir fallet finns det \u00e4n mindre anledning att v\u00e4lja ett spelbolag utan licens f\u00f6re ett med.<\/p>\n\n\n\n<h3 class=\"wp-block-heading\" id=\"vilka-spelbolag-saknar-svensk-spellicens\"><strong>Vilka spelbolag saknar svensk spellicens?<\/strong><\/h3>\n\n\n\n<p>Sedan starten med svensk spellicens har den svenska spelinspektionen identifierat ett flertal olika spelbolag som opererar olagligt i Sverige. Dessa bolag riktar sig mot svenska kunder trots att de saknar en svensk spellicens.&nbsp;<\/p>\n\n\n\n<p>Ett flertal av bolagen har sitt ursprung i Curacao d\u00e4r det \u00e4r l\u00e4tt att f\u00e5 licens d\u00e5 lagarna inte \u00e4r speciellt tydliga. F\u00f6ljande bolag har f\u00f6rbjudits av spelinspektionen:<\/p>\n\n\n\n<ul>\n<li>1X Corp N.V<\/li>\n\n\n\n<li>Abudantia B.V<\/li>\n\n\n\n<li>Alamaro Enterprises N.V<\/li>\n\n\n\n<li>Alpamaro N.V<\/li>\n\n\n\n<li>Alpha Interactive Solutions N.V<\/li>\n\n\n\n<li>Atlantic Management B.V<\/li>\n\n\n\n<li>Cerberlot N.V<\/li>\n\n\n\n<li>Digi Markets N.V<\/li>\n\n\n\n<li>Equinox Dynamic N.V<\/li>\n\n\n\n<li>Game Tech Group N.V<\/li>\n\n\n\n<li>Indigo Soft N.V<\/li>\n\n\n\n<li>JocSystems N.V<\/li>\n\n\n\n<li>Mirage Corporation N.V<\/li>\n\n\n\n<li>Nordic Tech Services N.V<\/li>\n\n\n\n<li>Orakum N.V<\/li>\n\n\n\n<li>Play Logia N.V<\/li>\n\n\n\n<li>Prism Marketing Limited<\/li>\n\n\n\n<li>TGI Entertainment N.V<\/li>\n\n\n\n<li>Topia Solutions N.V<\/li>\n\n\n\n<li>Tutkia Limited<\/li>\n\n\n\n<li>Viking Technology N.V<\/li>\n\n\n\n<li>Winners Entertainment Limited<\/li>\n<\/ul>\n\n\n\n<p>Anledningen till att spelinspektionen f\u00f6rbjudit dessa sidor och blockerat deras IP-adresser \u00e4r f\u00f6ljande:<\/p>\n\n\n\n<ul>\n<li>Du kan s\u00e4tta in och ta ut pengar med svensk valuta p\u00e5 sidan.<\/li>\n\n\n\n<li>Du kan registrera dig \u00e4ven om du har svensk IP-adress<\/li>\n\n\n\n<li>Det f\u00f6rekommer marknadsf\u00f6ring mot svenska spelare<\/li>\n\n\n\n<li>Regler och villkor finns p\u00e5 svenska<\/li>\n\n\n\n<li>Information om kontakt och kundtj\u00e4nst finns p\u00e5 svenska<\/li>\n\n\n\n<li>Sidan finns p\u00e5 svenska<\/li>\n<\/ul>\n\n\n\n<h3 class=\"wp-block-heading\" id=\"vilka-spellicenser-finns-utover-de-svenska\"><strong>Vilka spellicenser finns ut\u00f6ver de svenska?<\/strong><\/h3>\n\n\n\n<p>I takt med att spelandet online \u00f6kar, \u00f6kar \u00e4ven antalet utf\u00e4rdade spellicenser. Spelicenserna skiljer sig \u00e5t n\u00e4r det g\u00e4ller vilka krav de har p\u00e5 spelbolagen som ans\u00f6ker om dem. En annan sak som skiljer sig \u00e4r avgifterna och hur de kontrolleras.&nbsp;<\/p>\n\n\n\n<p>I vissa l\u00e4nder \u00e4r man klart \u201cslappare\u201d \u00e4n i andra l\u00e4nder. H\u00e4r kommer de vanligaste licenserna f\u00f6r spelbolag utanf\u00f6r Sverige:<\/p>\n\n\n\n<p><strong>Malta Gaming Authority, MGA<\/strong> &#8211; Den vanligaste spellicensen i Europa f\u00f6r spelbolag. Denna licens m\u00f6jligg\u00f6r skattefria vinster f\u00f6r de flesta spelare inom EU. Till skillnad fr\u00e5n m\u00e5nga andra licenser st\u00e4ller de ganska h\u00e5rda krav p\u00e5 spelbolagen vad g\u00e4ller s\u00e4kerhet och ansvarsfullt spelande.<\/p>\n\n\n\n<p><strong>Cura\u00e7ao eGaming<\/strong> &#8211; Tidigare hade m\u00e5nga spelsidor i Sverige licens utf\u00e4rdad fr\u00e5n Cuaracos spelmyndighet. M\u00e5nga av dessa sidor var mindre seri\u00f6sa och ans\u00e5gs inte ha n\u00e5got vidare rykte. Licenserna som delas ut fr\u00e5n Curacao \u00e4r inte lika strikt utformade som de fr\u00e5n Gibraltar, Malta och Storbritannien. Men efter p\u00e5tryckningar utifr\u00e5n ser spelmyndigheten i landet nu se \u00f6ver licenserna och \u00f6ka kraven fr\u00e5n spelbolagen.<\/p>\n\n\n\n<p><strong>UK Gambling Commission<\/strong> &#8211; En spellicens som i m\u00e5ngt och mycket \u00e4r lika strikt som den svenska. F\u00f6r att f\u00e5 spelbolagen skall f\u00e5 beh\u00e5lla licensen fr\u00e5n UK Gambling Commission kr\u00e4vs det att man t ex erbjuder spelgr\u00e4nser och sj\u00e4lvavst\u00e4ngning.<\/p>\n\n\n\n<h3 class=\"wp-block-heading\" id=\"vad-betyder-ordet-licens\"><strong>Vad betyder ordet licens?<\/strong><\/h3>\n\n\n\n<p>Ordet licens kommer ursprungligen fr\u00e5n latinets lice&#8217;ntia som betyder till\u00e5telse. Att inneha en licens betyder allts\u00e5 att man har till\u00e5telse till n\u00e5got som i det h\u00e4r fallet betting. En licens kan till exempel inneb\u00e4ra man har tillst\u00e5nd att utnyttja n\u00e5gon annans immateriella tillg\u00e5ngar av n\u00e5got slag. En licens \u00e4r ofta en l\u00e5ngsiktig, men tidsbunden. Inom betting i Sverige \u00e4r det h\u00f6gst fem \u00e5r som g\u00e4ller, innan den kan f\u00f6rnyas.<\/p>\n\n\n\n<h3 class=\"wp-block-heading\" id=\"sammanfattning-betting-med-eller-utan-licens\">Sammanfattning: Betting med eller utan licens?<\/h3>\n\n\n\n<p>F\u00f6r att f\u00e5 ordning och reda p\u00e5 spelmarknaden och f\u00f6r att st\u00e4rka skyddet f\u00f6r konsumenterna inf\u00f6rdes en ny spellag den 1 januari 2019. Denna spellag har gjort det lite mer komplicerat f\u00f6r spelarna att f\u00e5 tag p\u00e5 stora bonusar och kampanjer.&nbsp;<\/p>\n\n\n\n<p>Men efter den 14 november \u00e5tg\u00e4rderna f\u00f6r spelansvar tas bort, ser det ut att vara fritt fram f\u00f6r h\u00f6gre bonusar igen. Det samma g\u00e4ller den ins\u00e4ttningsgr\u00e4ns p\u00e5 5 000 kronor per vecka, som m\u00e5nga haft tidigare.<\/p>\n\n\n\n<p>Om reglerna f\u00f6r bonusar, kampanjer och ins\u00e4ttningsgr\u00e4ns, finns det egentligen ingenting som skulle f\u00e5 en att v\u00e4lja ett spelbolag utan licens. Nackdelarna \u00e4r klart fler \u00e4n f\u00f6rdelarna och skulle du mot f\u00f6rmodan \u00e4nd\u00e5 prova betting utan svensk licens, g\u00f6r du det helt p\u00e5 egen risk.<\/p>\n\n\n\n<p>Vi h\u00e4r p\u00e5 Betting.com rekommenderar enbart spel hos svenska spelbolag. Samtliga av de spelbolag vi listar h\u00e4r p\u00e5 v\u00e5r sida f\u00f6r svenska bes\u00f6kare har idag en svensk spellicens.<\/p>\n","protected":false},"excerpt":{"rendered":"<p>Kan man spela utan licens?&nbsp; I Sverige \u00e4r spelmonopolet officiellt avskaffat och tiden d\u00e5 det ena oseri\u00f6sa spelbolaget efter det andra kunde h\u00e4rja fritt \u00e4r numera ett minne blott. Sedan \u00e5rsskiftet 2018\/19 m\u00e5ste alla spelbolag som verkar p\u00e5 den svenska spelmarknaden erh\u00e5lla en godk\u00e4nd spellicens utf\u00e4rdad av Spelinspektionen. Spelinspektionen, tidigare Lotteriinspektionen, \u00e4r en svensk statlig&#8230;<\/p>\n","protected":false},"author":6,"featured_media":1314,"parent":1703,"menu_order":0,"comment_status":"closed","ping_status":"closed","template":"","meta":{"footnotes":""},"tags":[],"acf":[],"_links":{"self":[{"href":"https:\/\/betting.com\/sv\/wp-json\/wp\/v2\/pages\/1154"}],"collection":[{"href":"https:\/\/betting.com\/sv\/wp-json\/wp\/v2\/pages"}],"about":[{"href":"https:\/\/betting.com\/sv\/wp-json\/wp\/v2\/types\/page"}],"author":[{"embeddable":true,"href":"https:\/\/betting.com\/sv\/wp-json\/wp\/v2\/users\/6"}],"replies":[{"embeddable":true,"href":"https:\/\/betting.com\/sv\/wp-json\/wp\/v2\/comments?post=1154"}],"version-history":[{"count":9,"href":"https:\/\/betting.com\/sv\/wp-json\/wp\/v2\/pages\/1154\/revisions"}],"predecessor-version":[{"id":64207,"href":"https:\/\/betting.com\/sv\/wp-json\/wp\/v2\/pages\/1154\/revisions\/64207"}],"up":[{"embeddable":true,"href":"https:\/\/betting.com\/sv\/wp-json\/wp\/v2\/pages\/1703"}],"wp:featuredmedia":[{"embeddable":true,"href":"https:\/\/betting.com\/sv\/wp-json\/wp\/v2\/media\/1314"}],"wp:attachment":[{"href":"https:\/\/betting.com\/sv\/wp-json\/wp\/v2\/media?parent=1154"}],"wp:term":[{"taxonomy":"post_tag","embeddable":true,"href":"https:\/\/betting.com\/sv\/wp-json\/wp\/v2\/tags?post=1154"}],"curies":[{"name":"wp","href":"https:\/\/api.w.org\/{rel}","templated":true}]}}