{"id":10273,"date":"2023-03-28T22:14:26","date_gmt":"2023-03-28T22:14:26","guid":{"rendered":"https:\/\/betting.com\/sv\/?page_id=10273"},"modified":"2023-09-07T12:44:40","modified_gmt":"2023-09-07T10:44:40","slug":"info","status":"publish","type":"page","link":"https:\/\/betting.com\/sv\/info","title":{"rendered":"Info"},"content":{"rendered":"\n<h2 class=\"wp-block-heading\" id=\"vad-behover-du-veta-om-den-svenska-spelmarknaden-for-onlinebetting\">Vad beh\u00f6ver du veta om den svenska spelmarknaden f\u00f6r onlinebetting?<\/h2>\n\n\n\n<p>Den svenska spelmarknaden p\u00e5 n\u00e4tet \u00e4r enorm. Bara genom att studera v\u00e5r topplista \u00f6ver bettingsidor med svensk spellicens kan du ganska snabbt konstatera att det finns r\u00e4tt m\u00e5nga att v\u00e4lja mellan. De som finns med h\u00e4r p\u00e5 Betting.com \u00e4r \u00e4nd\u00e5 bara en br\u00e5kdel av vad som erbjuds i Sverige. Sedan den nya svenska spellagen tr\u00e4dde i kraft 2019 har det skett en hel del f\u00f6r\u00e4ndringar. B\u00e5de f\u00f6r bettingsidorna sj\u00e4lva, men ocks\u00e5 f\u00f6r dig som spelare. <\/p>\n\n\n\n<p>F\u00f6r att du ska f\u00e5 den b\u00e4sta m\u00f6jliga spelupplevelsen h\u00e4r p\u00e5 n\u00e4tet har v\u00e5ra spelexperter h\u00e4r p\u00e5 Betting.com tagit fram lite nyttig information som r\u00f6r \u00e4mnet onlinebetting i Sverige. <\/p>\n\n\n\n<h2 class=\"wp-block-heading\" id=\"all-info-du-behover-kanna-till-om-lagar-och-regler-inom-betting\">All info du beh\u00f6ver k\u00e4nna till om lagar och regler inom betting<\/h2>\n\n\n\n<p>Hos Betting.com \u00e4r tryggt och s\u00e4kert spelande f\u00f6r v\u00e5ra svenska kunder den h\u00f6gsta prioriteringen. Vi testar alltid alla bettingsidor vi samarbetar med, och att de ska ha en svensk spellicens ser vi som en sj\u00e4lvklarhet.<\/p>\n\n\n\n<p>F\u00f6r alla v\u00e5ra l\u00e4sares skull \u00e4r v\u00e5rt m\u00e5l att l\u00e4ra ut hur spelbranschen fungerar och vad de b\u00f6r t\u00e4nka p\u00e5 f\u00f6re de registrerar sig hos ett spelbolag. H\u00e4r nedan kan du ta del av b\u00e5de artiklar som innefattar ansvarsfullt spelande, men \u00e4ven vilka olika typer av bettingsidor det finns att v\u00e4lja mellan, och vad som skiljer dem \u00e5t.<\/p>\n\n\n\n<h3 class=\"wp-block-heading\" id=\"betting-com-haller-dig-uppdaterad-med-det-senaste-inom-betting\">Betting.com h\u00e5ller dig uppdaterad med det senaste inom betting<\/h3>\n\n\n\n<p>D\u00e5 syftar vi inte fr\u00e4mst p\u00e5 vilka bettingsidor som erbjuder exempelvis st\u00f6rst bonusar eller b\u00e4st odds, utan ist\u00e4llet en mer f\u00f6rdjupad, branschrelaterad information som vi ocks\u00e5 anser vara n\u00f6dv\u00e4ndig att k\u00e4nna till. <\/p>\n\n\n\n<p>Detta eftersom det helt enkelt ger dig som spelare en betydligt b\u00e4ttre f\u00f6rst\u00e5else kring hur marknaden f\u00f6r betting i Sverige som helhet fungerar och regelverket bakom det. <\/p>\n\n\n\n<p>Alla artiklar g\u00e4llande online betting h\u00e4r p\u00e5 Betting.com uppdateras regelbundet, p\u00e5 s\u00e5 vis kan du alltid k\u00e4nna dig trygg med att den fakta som finns \u00e4r aktuell och relevant f\u00f6r dig. <\/p>\n\n\n\n<h3 class=\"wp-block-heading\" id=\"svenska-spelmarknaden-idag\">Svenska Spelmarknaden idag<\/h3>\n\n\n\n<p>Den nya svenska spellagen inf\u00f6rdes den 1 januari 2019 och inneb\u00e4r bland annat att licenssystemet inf\u00f6rdes, konsumentskyddet st\u00e4rktes och att Lotteriinspektionen bytte namn till Spelinspektionen. <\/p>\n\n\n\n<p>M\u00e5ls\u00e4ttningen med den nya svenska spelregleringen \u00e4r att alla betting och casinosidor som verkar i Sverige ska inneha svensk spellicens. P\u00e5 detta s\u00e4tt har myndigheter kontroll \u00f6ver de spel som erbjuds i landet. Spelregleringen \u00e4r t\u00e4nkt att fr\u00e4mja sunt och s\u00e4kert spel, erbjuda ett h\u00f6gt konsumentskydd, samt begr\u00e4nsa negativa effekter av spelandet. <\/p>\n\n\n\n<p>H\u00e4r kommer ett litet axplock av det regelverk som sats upp f\u00f6r licenserade spelbolag i Sverige: <\/p>\n\n\n\n<ul>\n<li>Ha l\u00e5ngtg\u00e5ende skyldigheter att skydda spelare fr\u00e5n \u00f6verdrivet spelande, en s\u00e5 kallad omsorgsplikt. <\/li>\n\n\n\n<li>Inte erbjuda mer \u00e4n en bonus per spellicens. <\/li>\n\n\n\n<li>Betala skatt p\u00e5 18 % p\u00e5 allt spel. <\/li>\n\n\n\n<li>M\u00e5ste s\u00e4kerst\u00e4lla att kunder inte \u00e4r sj\u00e4lvavst\u00e4ngda p\u00e5 Spelpaus.se vid inloggning och registrering.<\/li>\n\n\n\n<li>Inte erbjuda kredit p\u00e5 spel. <\/li>\n\n\n\n<li>Accepterar inte kunder under 18 \u00e5r.<\/li>\n\n\n\n<li>F\u00e5r ej erbjuda vadh\u00e5llning p\u00e5 regelbrott som exempelvis r\u00f6tt kort, utvisning eller varningar i de fyra h\u00f6gsta serierna i Svensk fotboll.  <\/li>\n\n\n\n<li>Tillhandah\u00e5ller en v\u00e4l synlig panikknapp p\u00e5 mobil eller datorsk\u00e4rm som snabbt g\u00f6r det m\u00f6jligt f\u00f6r spelare att st\u00e4nga av sig fr\u00e5n spel i 24h samt erbjuda sj\u00e4lvtester.<\/li>\n<\/ul>\n\n\n\n<h2 class=\"wp-block-heading\" id=\"betting-com-besvarar-alla-dina-fragor-om-betting-i-sverige\">Betting.com besvarar alla dina fr\u00e5gor om betting i Sverige<\/h2>\n\n\n\n<p>Vare sig du \u00e4r nyb\u00f6rjare eller mer erfaren spelare s\u00e5 finns det en hel del \u201dspelnyttig\u201d information som vi samlar och delar med oss av p\u00e5 Betting.com. <\/p>\n\n\n\n<p>V\u00e5ra skickliga skribenter b\u00e5de informerar,&nbsp;<a href=\"https:\/\/betting.com\/sv\/bettingsidor\">recenserar<\/a>, listar,&nbsp;guidar&nbsp;och tipsar om s\u00e5v\u00e4l bettingsidor som olika spelformer inom sportsbetting i Sverige. <\/p>\n\n\n\n<h3 class=\"wp-block-heading\" id=\"spela-med-swish-pa-bettingsidor\">Spela med Swish p\u00e5 Bettingsidor<\/h3>\n\n\n\n<p>Allt fler spelare har uppt\u00e4ckt f\u00f6rdelen med att Swish. Swish \u00e4r en popul\u00e4r betalningsmetod som till en b\u00f6rjan mest anv\u00e4ndes mellan privatpersoner vid k\u00f6p p\u00e5 exempelvis loppmarknader. <\/p>\n\n\n\n<p>Bara ett \u00e5r efter lanseringen av Swish utg\u00e5s f\u00f6retaget till \u00e5rets mobila betaltj\u00e4nst och s\u00e5 sent som 2018 prisades man till exempel \u00e4ven som det mest meningsfulla digitala varum\u00e4rket enligt en studie gjord av ansedda Lynxeye. Idag erbjuder en handfull svenska bettingsidor Swish, och du kan l\u00e4sa om de <a href=\"https:\/\/betting.com\/sv\/betalningsmetoder\/swish\" data-type=\"link\" data-id=\"https:\/\/betting.com\/sv\/betalningsmetoder\/swish\">b\u00e4sta bettingsidorna med Swish<\/a> h\u00e4r p\u00e5 Betting.com.<\/p>\n\n\n\n<h3 class=\"wp-block-heading\" id=\"spela-utan-konto\">Spela utan konto <\/h3>\n\n\n\n<p>De s\u00e5 kallade Pay n Play bettingsidorna har under senare tid blivit allt mer popul\u00e4ra i Sverige. Pay n Play betting \u00e4r den nya standarden f\u00f6r onlinespel. Med Trustly och Swish ger ditt mobila BankID dig tillg\u00e5ng till en m\u00e4ngd bettingsidor utan konto d\u00e4r du kan s\u00e4tta in och ta ut pengar p\u00e5 nolltid. Betta utan konto snabbt, smidigt och enkelt. <\/p>\n\n\n\n<p>Med Pay n Play bettingsidor beh\u00f6ver du inte ange anv\u00e4ndarnamn och l\u00f6senord. Dessutom slipper du l\u00e5nga registreringsprocesser som ibland \u00e4ven kr\u00e4ver att man skickar in dokument f\u00f6r att kunna ta ut pengar f\u00f6rsta g\u00e5ngen. <\/p>\n\n\n\n<h3 class=\"wp-block-heading\" id=\"bast-bettingsidor-i-sverige\">B\u00e4st bettingsidor i Sverige<\/h3>\n\n\n\n<p>I samband med den nya svenska spellagen har konkurrensen h\u00e5rdnat bet\u00e4nkligt bland bettingsidor i Sverige. V\u00e5rt team h\u00e4r p\u00e5 Betting.com anstr\u00e4nger sig h\u00e5rt f\u00f6r att s\u00f6ka igenom n\u00e4tet f\u00f6r att hitta de <a href=\"\/sv\/bettingsidor\">b\u00e4sta bettingsidorna i Sverige<\/a>. Utifr\u00e5n en h\u00e5rd och tuff granskning har vi listat v\u00e5ra favoriter. <\/p>\n\n\n\n<h3 class=\"wp-block-heading\" id=\"omsattningskrav-pa-bonusar\">Oms\u00e4ttningskrav p\u00e5 bonusar<\/h3>\n\n\n\n<p>Innan du skrider till verket och registrerar dig p\u00e5 en bettingsida kan det vara all id\u00e9 att spana in oms\u00e4ttningskravet f\u00f6r v\u00e4lkomstbonusen om en s\u00e5dan existerar. M\u00e5nga g\u00e5nger kan man lockas av frestelsen att s\u00e4tta in pengar och b\u00f6rja spela p\u00e5 en bettingsida bara f\u00f6r bonusen. <\/p>\n\n\n\n<p>Vi p\u00e5 Betting.com rekommenderar alltid att l\u00e4sa regler och villkor f\u00f6r bonusen. Hur st\u00e5r det till med oms\u00e4ttningskravet? Ska bonusen oms\u00e4ttas m\u00e5nga g\u00e5nger innan den kan tas ut? L\u00e4s mer om oms\u00e4ttningskrav p\u00e5 bonusar <a href=\"https:\/\/betting.com\/sv\/bonusar\">h\u00e4r<\/a>. <\/p>\n\n\n\n<h3 class=\"wp-block-heading\" id=\"hur-spelar-man-ansvarsfullt\">Hur spelar man ansvarsfullt?<\/h3>\n\n\n\n<p>Samtliga <a href=\"https:\/\/betting.com\/sv\/bettingsidor\">bettingsidor med svensk spellicens<\/a> \u00e4r enligt lag skyldiga att verka f\u00f6r ett ansvarsfullt spelande och erbjuda en rad olika verktyg i syfte att minimera riskerna f\u00f6r spelare att drabbas av spelberoende. Det kan vara allt fr\u00e5n Spelpaus.se till att ha gr\u00e4nss\u00e4ttning av hur mycket man ska spela f\u00f6r under en viss period. <\/p>\n\n\n\n<p>Under sektionen <a href=\"https:\/\/betting.com\/sv\/info\/ansvarsfullt-spelande\">Ansvarsfullt spelande<\/a> finner du en hel del nyttiga tips p\u00e5 vad man kan g\u00f6ra f\u00f6r att undvika att hamna i spelmissbruk. Dessutom listar vi organisationer som erbjuder hj\u00e4lp om du misst\u00e4nker att du eller n\u00e5gon i din omgivning har problem med spelandet. <\/p>\n\n\n\n<h2 class=\"wp-block-heading\" id=\"svenska-spelmarknaden-idag\">Varf\u00f6r lita p\u00e5 Betting.com?<\/h2>\n\n\n\n<p>Hos Betting.com \u00e4r v\u00e5r m\u00e5ls\u00e4ttning simpel &#8211; vi vill att alla svenska spelare tryggt ska kunna spela p\u00e5 sport n\u00e4r och var de vill. I och med detta rekommenderar vi enbart spel hos bettingsidor med r\u00e4tt licenser och vi testar alltid manuellt att lagar och regler efterf\u00f6ljs av dem.<\/p>\n\n\n\n<p>Ut\u00f6ver det vill vi utbilda v\u00e5ra l\u00e4sare till att bli smartare spelare, och i l\u00e4ngden \u00e4ven bli vinnande s\u00e5dana. V\u00e5ra skribenter har stor erfarenhet av betting online i Sverige och med deras kunskap kan din resa inom denna underh\u00e5llande hobby bli s\u00e4krare, tryggare och mer l\u00f6nsam. L\u00e4s g\u00e4rna mer <a href=\"https:\/\/betting.com\/sv\/om-oss\" data-type=\"URL\" data-id=\"https:\/\/betting.com\/sv\/om-oss\" target=\"_blank\" rel=\"noreferrer noopener\">om oss h\u00e4r<\/a>.<\/p>\n","protected":false},"excerpt":{"rendered":"<p>Vad beh\u00f6ver du veta om den svenska spelmarknaden f\u00f6r onlinebetting? Den svenska spelmarknaden p\u00e5 n\u00e4tet \u00e4r enorm. Bara genom att studera v\u00e5r topplista \u00f6ver bettingsidor med svensk spellicens kan du ganska snabbt konstatera att det finns r\u00e4tt m\u00e5nga att v\u00e4lja mellan. De som finns med h\u00e4r p\u00e5 Betting.com \u00e4r \u00e4nd\u00e5 bara en br\u00e5kdel av vad&#8230;<\/p>\n","protected":false},"author":6,"featured_media":0,"parent":0,"menu_order":0,"comment_status":"closed","ping_status":"closed","template":"","meta":{"footnotes":""},"tags":[],"acf":[],"_links":{"self":[{"href":"https:\/\/betting.com\/sv\/wp-json\/wp\/v2\/pages\/10273"}],"collection":[{"href":"https:\/\/betting.com\/sv\/wp-json\/wp\/v2\/pages"}],"about":[{"href":"https:\/\/betting.com\/sv\/wp-json\/wp\/v2\/types\/page"}],"author":[{"embeddable":true,"href":"https:\/\/betting.com\/sv\/wp-json\/wp\/v2\/users\/6"}],"replies":[{"embeddable":true,"href":"https:\/\/betting.com\/sv\/wp-json\/wp\/v2\/comments?post=10273"}],"version-history":[{"count":15,"href":"https:\/\/betting.com\/sv\/wp-json\/wp\/v2\/pages\/10273\/revisions"}],"predecessor-version":[{"id":65390,"href":"https:\/\/betting.com\/sv\/wp-json\/wp\/v2\/pages\/10273\/revisions\/65390"}],"wp:attachment":[{"href":"https:\/\/betting.com\/sv\/wp-json\/wp\/v2\/media?parent=10273"}],"wp:term":[{"taxonomy":"post_tag","embeddable":true,"href":"https:\/\/betting.com\/sv\/wp-json\/wp\/v2\/tags?post=10273"}],"curies":[{"name":"wp","href":"https:\/\/api.w.org\/{rel}","templated":true}]}}