{"id":10259,"date":"2023-03-28T12:42:12","date_gmt":"2023-03-28T12:42:12","guid":{"rendered":"https:\/\/betting.com\/sv\/?page_id=10259"},"modified":"2024-02-22T13:16:12","modified_gmt":"2024-02-22T11:16:12","slug":"svenska-spel","status":"publish","type":"page","link":"https:\/\/betting.com\/sv\/svenska-spel","title":{"rendered":"Svenska Spel"},"content":{"rendered":"\n<h2 class=\"wp-block-heading\" id=\"svenska-spel-utbud-av-spel\">Svenska Spel &#8211; Utbud av spel<\/h2>\n\n\n\n<p>Svenska Spel Sport &amp; Casino AB har ett stort och varierat utbud av spel. P\u00e5 denna omtyckta bettingsida bjuds du p\u00e5 allt fr\u00e5n spel p\u00e5 sport, h\u00e4star, casino, bingo och poker. I facket f\u00f6r sportsbetting ing\u00e5r s\u00e5 mycket som 11 olika spel om man r\u00e4knar in spel p\u00e5 h\u00e4star. Oddset \u00e4r den stora sportsbooken d\u00e4r du kan spela p\u00e5 enskilda matcher eller bygga olika kombinationer. Ett av de mest popul\u00e4ra spelen p\u00e5 Svenska Spel \u00e4r Stryktipset som har en historia som str\u00e4cker sig l\u00e5ngt bak i tiden. Faktum \u00e4r att Stryktipset funnits  \u00e4nda sedan 1934 d\u00e5 det kosta 25 \u00f6re per rad. <\/p>\n\n\n\n<h2 class=\"wp-block-heading\" id=\"hur-spelar-man-hos-svenska-spel\">Hur spelar man hos Svenska Spel?<\/h2>\n\n\n\n<p>Inget konto hos Svenska Spel? F\u00f6r att f\u00e5 ha ett konto hos Svenska Spel m\u00e5ste du ha fyllt 18 \u00e5r. Om du \u00e4r 18 \u00e5r eller \u00e4ldre kan du skapa ett konto p\u00e5 f\u00f6ljande s\u00e4tt:<\/p>\n\n\n\n<ol>\n<li>G\u00e5 till <a rel=\"noreferrer noopener\" href=\"https:\/\/go.betting.com\/go\/svenska_spel\" data-type=\"URL\" data-id=\"https:\/\/go.betting.com\/go\/svenska_spel\" target=\"_blank\">Svenska Spel<\/a>.<\/li>\n\n\n\n<li>Klicka p\u00e5 logga in eller bli kund.<\/li>\n\n\n\n<li>Fyll i personnummer och starta ditt mobila BankID.<\/li>\n\n\n\n<li>Logga in via BankID.<\/li>\n\n\n\n<li>Klart! Du kan nu b\u00f6rja spela. <\/li>\n<\/ol>\n\n\n\n<h2 class=\"wp-block-heading\" id=\"vilka-ar-de-mest-populara-spelen-hos-svenska-spel\">Vilka \u00e4r de mest popul\u00e4ra spelen hos Svenska Spel?<\/h2>\n\n\n\n<p>Stryktipset \u00e4r utan tvekan det mest popul\u00e4ra spelet hos Svenska Spel. Varje omg\u00e5ng oms\u00e4tter detta poolspel fr\u00e5n Svenska Spel mellan 30-50 miljoner kronor. Tv\u00e5 andra popul\u00e4ra poolspel \u00e4r Topptipset och Europatipset. Topptipset g\u00e5r ut p\u00e5 att pricka \u00e5tta r\u00e4tt p\u00e5 \u00e5tta olika fotbollsmatcher medan Europatipset \u00e4r uppbyggt p\u00e5 samma s\u00e4tt som Stryktipset d\u00e4r man kan vinna p\u00e5 13 till 10 r\u00e4tt. <\/p>\n\n\n\n<p>L\u00e4s mer om samtliga spel genom l\u00e4nkarna h\u00e4r nedan:<\/p>\n\n\n\n<ul>\n<li><a href=\"https:\/\/betting.com\/sv\/svenska-spel\/stryktipset\" data-type=\"link\" data-id=\"https:\/\/betting.com\/sv\/svenska-spel\/stryktipset\">Stryktipset<\/a><\/li>\n\n\n\n<li><a href=\"https:\/\/betting.com\/sv\/svenska-spel\/europatipset\" data-type=\"link\" data-id=\"https:\/\/betting.com\/sv\/svenska-spel\/europatipset\">Europatipset<\/a><\/li>\n\n\n\n<li><a href=\"https:\/\/betting.com\/sv\/svenska-spel\/topptipset\">Topptipset<\/a><\/li>\n\n\n\n<li><a href=\"https:\/\/betting.com\/sv\/svenska-spel\/maltipset\" data-type=\"link\" data-id=\"https:\/\/betting.com\/sv\/svenska-spel\/maltipset\">M\u00e5ltipset<\/a><\/li>\n\n\n\n<li><a href=\"https:\/\/betting.com\/sv\/svenska-spel\/bomben\" data-type=\"link\" data-id=\"https:\/\/betting.com\/sv\/svenska-spel\/bomben\">Bomben<\/a><\/li>\n\n\n\n<li><a href=\"https:\/\/betting.com\/sv\/svenska-spel\/fulltraff\" data-type=\"link\" data-id=\"https:\/\/betting.com\/sv\/svenska-spel\/fulltraff\">Fulltr\u00e4ff<\/a><\/li>\n\n\n\n<li><a href=\"https:\/\/betting.com\/sv\/svenska-spel\/oddset\" data-type=\"link\" data-id=\"https:\/\/betting.com\/sv\/svenska-spel\/oddset\">Oddset<\/a><\/li>\n<\/ul>\n\n\n\n<h2 class=\"wp-block-heading\" id=\"tips-for-stryktipset-europatipset\">Tips f\u00f6r Stryktipset &amp; Europatipset<\/h2>\n\n\n\n<p>Inf\u00f6r varje omg\u00e5ng av Stryktipset och Europatipset bjuder v\u00e5ra experter p\u00e5 ett spelf\u00f6rslag. Du kan kolla in de kommande omg\u00e5ngarna h\u00e4r nedan:<\/p>\n\n\n\n<ul>\n<li><a href=\"https:\/\/betting.com\/sv\/svenska-spel\/stryktipset\/tips-resultat\" target=\"_blank\" rel=\"noreferrer noopener\">Stryktipset Tips<\/a><\/li>\n\n\n\n<li><a href=\"https:\/\/betting.com\/sv\/svenska-spel\/europatipset\/tips-resultat\" target=\"_blank\" rel=\"noreferrer noopener\">Europatipset Tips<\/a><\/li>\n<\/ul>\n\n\n\n<p>P\u00e5 dessa sidor kan du \u00e4ven hitta f\u00f6reg\u00e5ende resultat f\u00f6r Stryktipset och Europatipset, tillsammans med utdelning. F\u00f6r full transparens kan du ocks\u00e5 hitta v\u00e5ra experters historiska resultat av deras spel.<\/p>\n\n\n\n<h2 class=\"wp-block-heading\" id=\"grasroten-ger-pengar-till-ungdomsidrotten\">Gr\u00e4sroten &#8211; Ger pengar till ungdomsidrotten<\/h2>\n\n\n\n<p>2022 firade Svenska Spels Gr\u00e4sroten 10 \u00e5r. Med Gr\u00e4sroten delar Svenska Spel varje \u00e5r ut miljoner till ungdomsidrotten och f\u00f6reningslivet i Sverige. Totalt har Gr\u00e4sroten inbringat \u00f6ver en halv miljard kronor under de 10 \u00e5r som kampanjen p\u00e5g\u00e5tt. <\/p>\n\n\n\n<h2 class=\"wp-block-heading\" id=\"andelsspel-med-svenska-spel\">Andelsspel med Svenska Spel <\/h2>\n\n\n\n<p>Sv\u00e5rt att f\u00e5 ihop en bra rad p\u00e5 Stryktipset, Europatipset eller p\u00e5 n\u00e5got annat poolspel hos Svenska Spel? D\u00e5 kan du v\u00e4lja andelsspel. V\u00e4lj Spela Tillsammans i menyn. Under Spela Tillsammans kan du antingen v\u00e4lja att skapa ett eget lag med andelar eller s\u00f6ka efter ett andelsspel hos ett ombud. Hur m\u00e5nga andelar ett spel best\u00e5r av avg\u00f6rs av hur m\u00e5nga andelar de deltagande medlemmarna k\u00f6per. Medlemmarna kan k\u00f6pa en eller flera andelar. F\u00f6r att spela andelsspel m\u00e5ste minst tv\u00e5 personer m\u00e5ste ha k\u00f6pt varsin andel. <\/p>\n","protected":false},"excerpt":{"rendered":"<p>Svenska Spel &#8211; Utbud av spel Svenska Spel Sport &amp; Casino AB har ett stort och varierat utbud av spel. P\u00e5 denna omtyckta bettingsida bjuds du p\u00e5 allt fr\u00e5n spel p\u00e5 sport, h\u00e4star, casino, bingo och poker. I facket f\u00f6r sportsbetting ing\u00e5r s\u00e5 mycket som 11 olika spel om man r\u00e4knar in spel p\u00e5 h\u00e4star&#8230;.<\/p>\n","protected":false},"author":7,"featured_media":1724,"parent":0,"menu_order":0,"comment_status":"closed","ping_status":"closed","template":"","meta":{"footnotes":""},"tags":[412],"acf":[],"_links":{"self":[{"href":"https:\/\/betting.com\/sv\/wp-json\/wp\/v2\/pages\/10259"}],"collection":[{"href":"https:\/\/betting.com\/sv\/wp-json\/wp\/v2\/pages"}],"about":[{"href":"https:\/\/betting.com\/sv\/wp-json\/wp\/v2\/types\/page"}],"author":[{"embeddable":true,"href":"https:\/\/betting.com\/sv\/wp-json\/wp\/v2\/users\/7"}],"replies":[{"embeddable":true,"href":"https:\/\/betting.com\/sv\/wp-json\/wp\/v2\/comments?post=10259"}],"version-history":[{"count":9,"href":"https:\/\/betting.com\/sv\/wp-json\/wp\/v2\/pages\/10259\/revisions"}],"predecessor-version":[{"id":72910,"href":"https:\/\/betting.com\/sv\/wp-json\/wp\/v2\/pages\/10259\/revisions\/72910"}],"wp:featuredmedia":[{"embeddable":true,"href":"https:\/\/betting.com\/sv\/wp-json\/wp\/v2\/media\/1724"}],"wp:attachment":[{"href":"https:\/\/betting.com\/sv\/wp-json\/wp\/v2\/media?parent=10259"}],"wp:term":[{"taxonomy":"post_tag","embeddable":true,"href":"https:\/\/betting.com\/sv\/wp-json\/wp\/v2\/tags?post=10259"}],"curies":[{"name":"wp","href":"https:\/\/api.w.org\/{rel}","templated":true}]}}