{"id":466,"date":"2022-07-13T14:36:02","date_gmt":"2022-07-13T14:36:02","guid":{"rendered":"https:\/\/betting.com\/es\/?p=466"},"modified":"2023-09-12T02:56:00","modified_gmt":"2023-09-12T08:56:00","slug":"live-streaming","status":"publish","type":"page","link":"https:\/\/betting.com\/es\/casas-de-apuestas\/live-streaming","title":{"rendered":"Mejores casas de apuestas en Espa\u00f1a para las transmisiones en vivo"},"content":{"rendered":"\n<h2 class=\"wp-block-heading\" id=\"las-mejores-casas-de-apuestas-en-directo-en-espana\">Las mejores casas de apuestas en directo en Espa\u00f1a<\/h2>\n\n\n\n<p><strong>1.&nbsp;Bet365 streaming en vivo<\/strong><\/p>\n\n\n\n<p>Bet365 se considera la p\u00e1gina web a la que acudir para todo lo relacionado con la transmisi\u00f3n en directo, mientras que muchos afirman que es la casa de apuestas n\u00famero uno en el mercado actual. Considerada por muchos como la mejor casa de apuestas para la retransmisi\u00f3n en directo de f\u00fatbol, su funci\u00f3n de solicitar una apuesta es una caracter\u00edstica que los mantiene por delante de los dem\u00e1s. Con m\u00e1s de 200.000 eventos transmitidos en directo a su cuenta cada a\u00f1o, tendr\u00e1 mucho donde elegir a la hora de ver el deporte en directo con Bet365.&nbsp;Bet365&nbsp;es nuestra elecci\u00f3n n\u00famero uno cuando se trata de buscar la mejor casa de apuestas de transmisi\u00f3n en directo.<\/p>\n\n\n\n<p><strong>2.&nbsp;Luckia live streaming<\/strong><\/p>\n\n\n\n<p>En esta casa de apuestas encontrar\u00e1s una gran variedad de transmisiones en vivo de diferentes deportes. Sin embargo, los deportes m\u00e1s populares en las apuestas en directo de&nbsp;Luckia&nbsp;son el f\u00fatbol y el tenis, los cuales son muy f\u00e1ciles de identificar porque tienen una secci\u00f3n que es exclusiva para ellos. Si deseas tener acceso a el beneficio de transmisi\u00f3n en vivo para hacer tus apuestas mientras el partido se est\u00e1 jugando, ser\u00e1 necesario que tengas saldo positivo en tu cuenta de Luckia.<\/p>\n\n\n\n<p><strong>3.&nbsp;Transmisi\u00f3n en vivo de 888sport<\/strong><\/p>\n\n\n\n<p>888Sport proporciona una funci\u00f3n de transmisi\u00f3n en vivo bien elaborada que funciona correctamente y que constituye un sitio web muy impresionante. Sin embargo, debes tener en cuenta que 888Sport s\u00f3lo ofrece cobertura de carreras de caballos y galgos. Tu experiencia de transmisi\u00f3n en vivo se basa en que apuestes un m\u00ednimo de un Euro en esa carrera. Debido al hecho de que&nbsp;888Sport&nbsp;s\u00f3lo cubre las carreras de caballos y galgos, puedes esperar ver una impresionante calidad de transmisi\u00f3n en vivo y una abundancia de carreras en el sitio. Se muestran muchas de las principales carreras internacionales, mientras que las grandes carreras del Reino Unido en Aintree, Cheltenham y otras reciben una excelente cobertura.<\/p>\n\n\n\n<p><strong>4.&nbsp;Transmisi\u00f3n en vivo de William Hill<\/strong><\/p>\n\n\n\n<p>Con un impresionante n\u00famero de 60.000 eventos transmitidos en directo a su cuenta,&nbsp;William Hill&nbsp;proporciona una experiencia muy completa cuando se trata de ver y apostar en el deporte, todo en un solo lugar. La funci\u00f3n de transmisi\u00f3n en directo de William Hill ofrece f\u00fatbol, tenis, dardos, baloncesto, hockey sobre hielo, cricket y muchos m\u00e1s. La mayor\u00eda de los eventos son completamente gratuitos, aunque tendr\u00e1s que desembolsar al menos 1 Euro por carrera cuando se trata de carreras de caballos, lo que parece un peque\u00f1o precio a pagar por este nivel de servicio de streaming.<\/p>\n\n\n\n<p><strong>5.&nbsp;Unibet Live Streaming<\/strong><\/p>\n\n\n\n<p>Unibet sigue demostrando que es uno de los mejores sitios europeos de apuestas de la actualidad. Un impresionante n\u00famero de m\u00e1s de 40.000 eventos retransmitidos al a\u00f1o demuestra que la empresa est\u00e1 dispuesta a ofrecer deportes para ver. Su relevancia en Europa supone que ofrecen una impresionante oferta de deportes y competiciones del continente, con el f\u00fatbol de los pa\u00edses europeos m\u00e1s peque\u00f1os en abundancia. Esto viene junto con una fant\u00e1stica oferta de otros deportes, mientras que se puede disfrutar del snooker o de la FA Cup, as\u00ed como de los dardos. Curiosamente, el calendario de streaming de Unibet es muy detallado y f\u00e1cil de usar, lo que significa que no tienes que perderte ning\u00fan evento en directo debido a un calendario confuso y dif\u00edcil.<\/p>\n\n\n\n<p><strong>6.&nbsp;Transmisi\u00f3n en vivo de Betway<\/strong><\/p>\n\n\n\n<p>Como una de las mejores casas de apuestas del mundo, Betway proporciona un servicio de transmisi\u00f3n en vivo muy impresionante que le permitir\u00e1 mejorar la experiencia de las apuestas tradicionales. Con un sitio que es f\u00e1cil de usar y que ofrece una gran variedad de opciones de apuestas, su transmisi\u00f3n en vivo no decepciona al sitio ni al apostador. Al dirigirse a la secci\u00f3n de transmisi\u00f3n en vivo, ver\u00e1 sus excepcionales opciones de carreras de caballos junto con ofertas de f\u00fatbol, tenis, hockey sobre hielo, baloncesto y deportes electr\u00f3nicos. Impresionantemente, creemos que Betway ofrece una muy buena calidad de transmisi\u00f3n en vivo, con una cobertura excelente, mientras que su fant\u00e1stico an\u00e1lisis basado en estad\u00edsticas realmente ayuda a llevar su experiencia de apuestas al siguiente nivel.<\/p>\n\n\n\n<h2 class=\"wp-block-heading\" id=\"por-que-ver-con-un-sitio-de-apuestas-en-directo\">\u00bfPor qu\u00e9 ver con un sitio de apuestas en directo?<\/h2>\n\n\n\n<p>Las apuestas cl\u00e1sicas en l\u00ednea pueden ser un \u00e1rea en la que los apostadores creen que la posibilidad de ver una carrera o un partido es totalmente in\u00fatil, ya que gran parte de las apuestas se realizan en una casa de apuestas deportivas en l\u00ednea intuitiva. Esta casa de apuestas deportivas en l\u00ednea proporciona mucho en la forma de estad\u00edsticas en profundidad al apostar que complementa el uso de los comentarios en vivo despu\u00e9s de sus apuestas. Si bien esta es una forma completamente adecuada de apostar, definitivamente no es la \u00fanica forma de hacerlo.<\/p>\n\n\n\n<p>De hecho, ver y apostar en eventos deportivos con las mejores casas de apuestas de transmisi\u00f3n&nbsp;en vivo&nbsp;es visto por muchos como la mejor manera de apostar en los deportes. Al inscribirse en una casa de apuestas de transmisi\u00f3n en vivo que le proporciona la opci\u00f3n de ver sus eventos favoritos, se le dar\u00e1 mucho m\u00e1s de un beneficio a sus apuestas de lo que podr\u00eda imaginar.<\/p>\n\n\n\n<p>Para empezar, el mero disfrute de poder ver un partido suele ser recompensa suficiente por s\u00ed mismo. Por desgracia, no todo el mundo puede permitirse pagar por Sky Sports y\/o BT Sport, lo que significa que ciertas competiciones, como la&nbsp;Premier League&nbsp;y la&nbsp;Champions League, est\u00e1n fuera de los l\u00edmites cuando se trata de ver realmente el desarrollo de la acci\u00f3n.<\/p>\n\n\n\n<p>En muchas casas de apuestas que ofrecen la posibilidad de retransmitir en directo, s\u00f3lo tienes que tener un saldo positivo en tu cuenta o haber apostado por el encuentro que quieres ver, as\u00ed de sencillo.<\/p>\n\n\n\n<p>En segundo lugar, podr\u00e1 conocer realmente a un equipo, a los jugadores, un lugar y la forma de jugar. Leer sobre un acontecimiento deportivo es una cosa, pero ver realmente c\u00f3mo juegan los equipos, c\u00f3mo reaccionaron los jugadores a los acontecimientos y el impacto que tienen los aficionados en el juego a menudo proporcionar\u00e1 muchos m\u00e1s beneficios a la forma de apostar que un simple comentario de texto. Esta capacidad de ver los peque\u00f1os cambios en el partido a trav\u00e9s de una gran entrada, una volea de derecha fallada o la pelota que se desplaza hacia el bateador de forma brusca puede hacer que hagas una apuesta que no habr\u00edas hecho si estuvieras siguiendo un comentario de texto. Del mismo modo, tambi\u00e9n podr\u00eda decidir no hacer una apuesta despu\u00e9s de ver c\u00f3mo se desarrollan estos acontecimientos con sus propios ojos, lo que a menudo puede ser incluso m\u00e1s importante.<\/p>\n\n\n\n<p>Ver cualquier deporte, ya sea en directo o en diferido, le ayudar\u00e1 enormemente a la hora de apostar. Hay algunos apostantes que asumen que pueden apostar a un deporte, una competici\u00f3n o un partido en particular con un conocimiento previo m\u00ednimo y, siempre que se mantengan en apuestas con cuotas m\u00e1s cortas, estar\u00e1n bien. Aunque las apuestas con cuotas m\u00e1s cortas tienen m\u00e1s probabilidades de entrar que sus hom\u00f3logas con cuotas m\u00e1s altas, hay que tener en cuenta que esto no ofrecer\u00e1 una ganancia especialmente alta, lo que podr\u00eda volverse en contra del apostador si no est\u00e1 pensando realmente en la apuesta antes de hacerla. Mientras tanto, si usted ve el deporte(s) al que va a apostar con regularidad, entonces es m\u00e1s probable que sepa que Rafael Nadal sobresale en la tierra firme en el&nbsp;tenis, que Inglaterra tiene dificultades para jugar en el subcontinente en campos rotativos en el cricket, y que la ventaja de jugar en casa juega un papel muy importante en muchos partidos en el f\u00fatbol. Los peque\u00f1os detalles y las peque\u00f1as ideas que se pueden obtener simplemente observando el deporte al que se est\u00e1 apostando no tienen precio.<\/p>\n\n\n\n<h2 class=\"wp-block-heading\" id=\"que-debe-saber-sobre-las-casas-de-apuestas-en-directo-en-espana\">Qu\u00e9 debe saber sobre las casas de apuestas en directo en Espa\u00f1a<\/h2>\n\n\n\n<p>En primer lugar, las apuestas en vivo son el \u00e1mbito de mayor crecimiento en las apuestas, ya que ofrecen tanto a los nuevos apostadores como a los m\u00e1s experimentados la posibilidad de maximizar su experiencia en un partido, y van de la mano de las mejores casas de apuestas de transmisi\u00f3n en vivo y lo que pueden ofrecerle. Por ejemplo, mientras que la India puede ser la gran favorita en su enfrentamiento de&nbsp;cricket&nbsp;T20 con Nueva Zelanda, los neozelandeses podr\u00edan llevarse cinco victorias tempranas y vencer a la India con 60-5. Mientras que muchos apostar\u00edan por Nueva Zelanda, usted podr\u00eda ver que Virat Kohli est\u00e1 en 30 y se ve bien, por lo que puede decidir apostar por la India para ganar el partido a lo que ahora probablemente ser\u00e1 una cuota mucho mejor con Nueva Zelanda en la cima. Del mismo modo, tambi\u00e9n podr\u00eda apostar por Kohli para que sea el m\u00e1ximo anotador de la India en el partido, ya que los otros bateadores de primer orden no han logrado anotar bien, mientras que tambi\u00e9n puede haber visto que los lanzadores de ritmo de Nueva Zelanda han sacado mucho provecho de la superficie, por lo que apostar por Jaspreet Umrah para que se lleve la mayor cantidad de wickets a favor de la India puede ser una apuesta astuta que las apuestas en vivo han hecho posible.<\/p>\n\n\n\n<p>La posibilidad de ver y apostar en directo lleva las apuestas a un nivel completamente nuevo, y pone a prueba su capacidad de reacci\u00f3n ante los r\u00e1pidos cambios del panorama del juego. Por supuesto, las apuestas en directo tambi\u00e9n implican una precauci\u00f3n, ya que se puede caer en la tentaci\u00f3n de hacer una gran cantidad de apuestas que no se han pensado y que est\u00e1n fuera de lugar, s\u00f3lo porque el partido se est\u00e1 jugando a una velocidad tan emocionante. Mientras que el partido en s\u00ed mismo se juega a un ritmo acelerado, sus apuestas no deben estar a este ritmo. Le rogamos que se tome su tiempo y que s\u00f3lo haga apuestas que haya pensado bien y que pueda permitirse hacer.<\/p>\n\n\n\n<p>Como se ha mencionado anteriormente, la mayor\u00eda de las casas de apuestas en l\u00ednea le ofrecer\u00e1n la oportunidad de disfrutar de una transmisi\u00f3n en directo gratuita. Por supuesto, el t\u00e9rmino &#8220;gratis&#8221; puede usarse de forma imprecisa, ya que aunque muchas no te pedir\u00e1n que pagues para ver un partido espec\u00edfico, necesitas tener un saldo positivo en tu cuenta o haber hecho una apuesta en las \u00faltimas 24 horas. Por otro lado, en el caso de las carreras de caballos y de galgos, siempre ser\u00e1 necesario haber apostado 1 euro o m\u00e1s en esa carrera concreta para poder ver el desarrollo de los eventos en directo. Te recomendamos que tengas todo esto en cuenta cuando te registres en una casa de apuestas de transmisi\u00f3n en directo, ya que si te piden algo m\u00e1s que un saldo de cuenta positivo, haber hecho una apuesta en las \u00faltimas 24 horas o haber hecho una apuesta de 1 euro o m\u00e1s, entonces probablemente deber\u00edas alejarte de ellos.<\/p>\n\n\n\n<p>Es importante que tengas en cuenta que, aunque la transmisi\u00f3n es en vivo, la mayor\u00eda de las transmisiones estar\u00e1n sujetas a un retraso de entre 1 y 10 segundos. La duraci\u00f3n del retraso depender\u00e1 a menudo de tu velocidad de Internet. Es importante saber esto porque si no est\u00e1s apostando en eventos en vivo hasta el segundo y decides que el ataque que el Real Madrid est\u00e1 realizando va a terminar en gol y apuestas por ello, para cuando hayas hecho tu apuesta el ataque podr\u00eda haber terminado con el bal\u00f3n en la otra red. Saber cu\u00e1nto tiempo durar\u00e1 la demora es muy importante cuando se trata de apuestas en vivo.<\/p>\n\n\n\n<p>Es importante destacar que limitarse a una sola casa de apuestas cuando se transmite en directo y se apuesta es una decisi\u00f3n equivocada. Como puedes ver en la lista anterior, hay muchas casas de apuestas de transmisi\u00f3n en vivo muy impresionantes y confiables que te dan la oportunidad de ver y apostar en su sitio. Mientras que usted puede tener una casa de apuestas favorita para apostar por el f\u00fatbol, puede haber una mejor casa de apuestas para apostar en las carreras de caballos, el tenis y muchos otros deportes. Del mismo modo, puede haber una casa de apuestas con la que ve y apuesta en las carreras de caballos, pero que no ofrece la transmisi\u00f3n en directo del tenis. Esto significa que tiene todo el sentido del mundo tener una casa de apuestas que sobresalga en su oferta para cada uno de sus deportes favoritos.<\/p>\n\n\n\n<p>Por supuesto, si quieres apostar con una casa de apuestas porque tiene las mejores cuotas para el tenis, puedes inscribirte y ver la transmisi\u00f3n en vivo de otra casa de apuestas, pero esto puede convertirse en una molestia con el paso del tiempo. Sin embargo, siempre recomendamos intentar maximizar el uso de la gama de las mejores casas de apuestas de transmisi\u00f3n en vivo y sus propias especialidades junto con las ofertas de bienvenida y existentes y el hecho de que las diferentes casas de apuestas sobresaldr\u00e1n en lo que ofrecen para deportes, ligas y partidos espec\u00edficos.<\/p>\n\n\n\n<h2 class=\"wp-block-heading\" id=\"apuestas-en-vivo-durante-una-transmision-en-directo\">Apuestas en vivo durante una transmisi\u00f3n en directo<\/h2>\n\n\n\n<p>Como se ha mencionado anteriormente, ver y apostar en un evento deportivo puede ser una forma incre\u00edblemente emocionante de apostar y le proporciona una nueva forma de apostar. A diferencia de las cl\u00e1sicas apuestas en un local, puede sentarse y relajarse mientras ve el partido con la casa de apuestas de su elecci\u00f3n desde la comodidad de su casa. Por supuesto, sus apuestas previas al partido no cambiar\u00e1n a medida que \u00e9ste transcurra, pero el hecho de poder ver realmente cada gol, wicket, ace o touchdown puede aumentar enormemente la emoci\u00f3n y funciona perfectamente con las apuestas en juego.<\/p>\n\n\n\n<p>Las ventajas de la retransmisi\u00f3n en directo se pueden aprovechar al m\u00e1ximo en las apuestas en directo. Las apuestas en directo le ofrecen la posibilidad de ver y apostar por el juego o el partido mientras se est\u00e1 disputando. Esto significa que puede utilizar su propio conocimiento e instinto para tratar de predecir los acontecimientos del partido, con el propio encuentro ayud\u00e1ndole a tomar sus decisiones. Esto significa que puede encontrar opciones de apuestas que pueden no haber merecido la pena al principio del juego y que han cambiado por completo debido a los goles tempranos, a la ca\u00edda de los \u00faltimos lanzamientos o a un set ganado a pulso.<\/p>\n\n\n\n<p>Por supuesto, debe asegurarse de no dejarse llevar por el momento, ya que puede ser muy tentador hacer una gran apuesta sobre una situaci\u00f3n que cree que va a suceder mientras ve el partido. Sin embargo, si se tratara de una apuesta que realizara antes del partido, tal vez ni siquiera se lo plantear\u00eda, y mucho menos apostar\u00eda por ella.<\/p>\n\n\n\n<p>En \u00faltima instancia, las apuestas en vivo sobre eventos transmitidos en directo son el siguiente paso l\u00f3gico para las apuestas en l\u00ednea, y las casas de apuestas y los apostadores han estado sacando el m\u00e1ximo provecho de ello durante a\u00f1os. Ahora, con la aparici\u00f3n de excelentes sitios web para m\u00f3viles y la posibilidad de ver y apostar en movimiento, nunca ha sido tan f\u00e1cil apostar por tu deporte favorito mientras disfrutas vi\u00e9ndolo.<\/p>\n\n\n\n<h2 class=\"wp-block-heading\" id=\"conclusion\">Conclusi\u00f3n<\/h2>\n\n\n\n<p>Muchas casas de apuestas han dado prioridad a sus mercados de apuestas en vivo sobre la mayor\u00eda de las otras funciones porque saben que, tanto si sus usuarios est\u00e1n en el pub, en el autob\u00fas o sentados en casa, es una funci\u00f3n que les encanta. Participar en las apuestas en vivo y en la retransmisi\u00f3n en directo nunca ha sido tan f\u00e1cil, y la posibilidad de registrarse simplemente en cualquiera de las principales casas de apuestas de retransmisi\u00f3n en directo significa que es muy sencillo participar en ellas. Adem\u00e1s, el hecho de que la mayor\u00eda de las casas de apuestas s\u00f3lo te pidan una cuenta con fondos o que hayas hecho una apuesta en las \u00faltimas 24 horas, significa que casi todo el mundo puede participar en la transmisi\u00f3n en vivo y en las apuestas en juego con las mejores casas de apuestas de transmisi\u00f3n en vivo.<\/p>\n","protected":false},"excerpt":{"rendered":"<p>Las mejores casas de apuestas en directo en Espa\u00f1a 1.&nbsp;Bet365 streaming en vivo Bet365 se considera la p\u00e1gina web a la que acudir para todo lo relacionado con la transmisi\u00f3n en directo, mientras que muchos afirman que es la casa de apuestas n\u00famero uno en el mercado actual. Considerada por muchos como la mejor casa&#8230;<\/p>\n","protected":false},"author":9,"featured_media":296,"parent":10713,"menu_order":0,"comment_status":"closed","ping_status":"closed","template":"","meta":{"footnotes":""},"tags":[210],"acf":[],"_links":{"self":[{"href":"https:\/\/betting.com\/es\/wp-json\/wp\/v2\/pages\/466"}],"collection":[{"href":"https:\/\/betting.com\/es\/wp-json\/wp\/v2\/pages"}],"about":[{"href":"https:\/\/betting.com\/es\/wp-json\/wp\/v2\/types\/page"}],"author":[{"embeddable":true,"href":"https:\/\/betting.com\/es\/wp-json\/wp\/v2\/users\/9"}],"replies":[{"embeddable":true,"href":"https:\/\/betting.com\/es\/wp-json\/wp\/v2\/comments?post=466"}],"version-history":[{"count":8,"href":"https:\/\/betting.com\/es\/wp-json\/wp\/v2\/pages\/466\/revisions"}],"predecessor-version":[{"id":10854,"href":"https:\/\/betting.com\/es\/wp-json\/wp\/v2\/pages\/466\/revisions\/10854"}],"up":[{"embeddable":true,"href":"https:\/\/betting.com\/es\/wp-json\/wp\/v2\/pages\/10713"}],"wp:featuredmedia":[{"embeddable":true,"href":"https:\/\/betting.com\/es\/wp-json\/wp\/v2\/media\/296"}],"wp:attachment":[{"href":"https:\/\/betting.com\/es\/wp-json\/wp\/v2\/media?parent=466"}],"wp:term":[{"taxonomy":"post_tag","embeddable":true,"href":"https:\/\/betting.com\/es\/wp-json\/wp\/v2\/tags?post=466"}],"curies":[{"name":"wp","href":"https:\/\/api.w.org\/{rel}","templated":true}]}}