{"id":432,"date":"2022-07-13T08:25:59","date_gmt":"2022-07-13T08:25:59","guid":{"rendered":"https:\/\/betting.com\/es\/?page_id=432"},"modified":"2025-08-04T22:41:57","modified_gmt":"2025-08-05T04:41:57","slug":"guias","status":"publish","type":"page","link":"https:\/\/betting.com\/es\/guias","title":{"rendered":"Gu\u00edas"},"content":{"rendered":"<div class=\" container-white py-8\">\n\t<div class=\"wp-block-container-toc  \">\n\t\t\t<div class=\"bg-white\">\n\t<div class=\"flex flex-col-reverse lg:flex-row lg:gap-8 py-10\">\n\t\t<article class=\"max-w-[960px] flex-grow\" data-bt-content>\n\t\t\t\n\n<h2 class=\"wp-block-heading\" id=\"En-Betting.com,-estamos-comprometidos-con-elevar-tu-experiencia-en-las-apuestas.-Piensa-que-somos-como-tu-entrenador-personal-de-apuestas,-gui\u00e1ndote-a-trav\u00e9s-del-laberinto-de-cuotas,-mercados-y-estrategias-de-apuestas-deportivas.--Hemos-preparado-un-tesoro-de-gu\u00edas-que-te-ense\u00f1ar\u00e1n-todo-desde-la-A-hasta-la-Z-sobre-las-apuestas,-ya-sea-en-f\u00fatbol,-baloncesto-o-incluso-esos-mercados-de-cuotas-curiosos-que-siempre-te-han-intrigado.-\u00bfQuieres-pasar-de-ser-un-novato-en-apuestas-a-un-apostador-sagaz?-Sum\u00e9rgete-en-nuestras-gu\u00edas-y-ent\u00e9rate-de-todo-lo-relacionado-con-las-apuestas\"><strong>Diccionario de terminolog\u00eda de apuestas<\/strong><\/h2>\n\n\n\n<p>Sabemos que el mundo de las apuestas deportivas a veces puede parecer un idioma completamente diferente, \u00bfcierto? Pero no te preocupes, estamos aqu\u00ed para ser tu diccionario personal en el tema. Con nuestra lista, te convertir\u00e1s en un verdadero experto en la jerga de las apuestas deportivas.<\/p>\n\n\n\n<p>Vamos a simplificar esos t\u00e9rminos complicados y hacerlos tan claros como el agua. As\u00ed que, \u00a1prep\u00e1rate para hablar el lenguaje de las apuestas como un profesional y sorprende a tus amigos con tu nuevo vocabulario de experto!<\/p>\n\n\n\n<figure class=\"wp-block-table\"><table><tbody><tr><td><strong>Palabras<\/strong><\/td><td><strong>Significado<\/strong><\/td><\/tr><tr><td>Parlay \/ Acumulador \/ Apuesta m\u00faltiple<\/td><td>Se trata de una apuesta combinada. Una apuesta que contiene varias cuotas que juntas crean una combinada. En la mayor\u00eda de los casos, todas las apuestas deben ganar para que la apuesta combinada sea ganadora.<\/td><\/tr><tr><td>BTTS<\/td><td>Significa que ambos equipos marcan, o que ambos equipos anotan. Un mercado de cuotas habitual sobre todo en el f\u00fatbol.<\/td><\/tr><tr><td>Moneyline<\/td><td>Implica una apuesta a que el equipo\/jugador ganar\u00e1 el partido. Se utiliza principalmente en deportes donde existe tiempo extra; en esos casos, la l\u00ednea de dinero no se ve afectada por un empate en el tiempo completo.<\/td><\/tr><tr><td>Empate, apuesta no v\u00e1lida (Draw, no bet)<\/td><td>Un mercado de cuotas donde la apuesta se realiza a uno de los equipos, pero donde un empate devuelve la apuesta al jugador.<\/td><\/tr><tr><td>Cash-Out<\/td><td>Actualmente, varios sitios de apuestas ofrecen este servicio. Durante el partido, los jugadores pueden cancelar el juego y retirar dinero por el valor de las cuotas en vivo del partido.<\/td><\/tr><tr><td>First bet offer<\/td><td>Un bono com\u00fan en varios sitios de apuestas. Despu\u00e9s del dep\u00f3sito, el jugador recibe una apuesta como bono, sin arriesgar dinero real. Cualquier ganancia puede estar sujeta a requisitos de apuesta en algunos sitios de apuestas, mientras que otros no tienen dichos requisitos.<\/td><\/tr><tr><td>Spread<\/td><td>Imagina que est\u00e1s en la casa de apuestas y hay un partido de f\u00fatbol donde un equipo es el claro favorito. Obvio, la mayor\u00eda va a apostar por ese equipo, \u00bfno? Pero aqu\u00ed es donde entra en juego el &#8216;spread&#8217;. Es como darle al equipo menos favorito una ayudita, por ejemplo, una ventaja de dos goles. As\u00ed, el juego de apuestas se pone m\u00e1s interesante.<\/td><\/tr><\/tbody><\/table><\/figure>\n\n\n\n<h2 class=\"wp-block-heading\" id=\"Gu\u00edas-de-apuestas-para-todos-los-deportes\"><strong>Gu\u00edas de apuestas para todos los deportes<\/strong><\/h2>\n\n\n\n<p>Siempre hay algo nuevo y emocionante en el horizonte. Pero, \u00bfsabes? La clave para la mayor\u00eda es zambullirse en los deportes que les apasionan. En Betting.com, te tenemos cubierto con informaci\u00f3n de todos esos deportes que hacen latir m\u00e1s r\u00e1pido el coraz\u00f3n de los jugadores.<\/p>\n\n\n\n<p>Y s\u00ed, tenemos gu\u00edas para cada uno de ellos, \u00a1porque en el mundo de las apuestas, el conocimiento es poder! Cada deporte y liga tiene su propia magia, sus tendencias y diferencias \u00fanicas. Y ah\u00ed es donde nos sumergimos de cabeza, para traerte la mejor informaci\u00f3n y consejos. Queremos que tengas todas las herramientas para brillar en las apuestas deportivas online. \u00a1As\u00ed que, vamos, \u00fanete a nosotros y convi\u00e9rtete en un experto de las apuestas deportivas!<\/p>\n\n\n\n<h3 class=\"wp-block-heading\" id=\"guias-de-apuestas-para-futbol\"><strong>Gu\u00edas de apuestas para F\u00fatbol<\/strong><\/h3>\n\n\n\n<p>\u00bfSab\u00edas que el f\u00fatbol es una superestrella de las apuestas online aqu\u00ed en los Estados Unidos? Es como la combinaci\u00f3n perfecta en el mundo de las apuestas deportivas. En nuestra gu\u00eda de los mejores sitios para apostar en f\u00fatbol, te vamos a mostrar c\u00f3mo navegar en este emocionante universo.<\/p>\n\n\n\n<p>Prep\u00e1rate para descubrir <a href=\"https:\/\/betting.com\/es\/futbol\" data-type=\"competition\" data-id=\"9\" target=\"_blank\" rel=\"noreferrer noopener\">c\u00f3mo hacer tus apuestas en f\u00fatbol<\/a>, los consejos clave que debes considerar y la variedad de cuotas que las casas de apuestas tienen para ofrecerte. \u00bfListo para convertirte en un experto en apuestas de f\u00fatbol?<\/p>\n\n\n\n<h3 class=\"wp-block-heading\" id=\"guias-de-apuestas-para-futbol-americano\"><strong>Gu\u00edas de apuestas para F\u00fatbol Americano<\/strong><\/h3>\n\n\n\n<p>Las apuestas en f\u00fatbol americano vienen con su propio conjunto de t\u00e9rminos y estrategias, como &#8216;spread&#8217;, &#8216;moneyline&#8217;, &#8216;over\/under&#8217; y &#8216;parlays&#8217;. Entender estos conceptos es crucial para cualquier apostador que busque \u00e9xito y disfrute en este deporte. Nuestra gu\u00eda te sumerge en estos t\u00e9rminos, explicando c\u00f3mo cada uno afecta tus estrategias de apuestas. Ya sea que est\u00e9s interesado en la <a href=\"https:\/\/betting.com\/es\/nfl\">NFL<\/a>, la <a href=\"https:\/\/betting.com\/es\/futbol-universitario\">NCAAF<\/a> o cualquier otra liga de f\u00fatbol americano, te proporcionaremos conocimientos valiosos para comprender mejor las din\u00e1micas de apuestas en cada uno de estos niveles.<\/p>\n\n\n\n<h3 class=\"wp-block-heading\" id=\"guias-de-apuestas-para-beisbol\"><strong>Gu\u00edas de apuestas para B\u00e9isbol<\/strong><\/h3>\n\n\n\n<p>Con su ritmo \u00fanico, que combina momentos de tensi\u00f3n explosiva y estrategia meticulosa, el b\u00e9isbol se ha convertido en un campo f\u00e9rtil para las apuestas, especialmente en juegos en vivo. En el <a href=\"https:\/\/betting.com\/es\/beisbol\">b\u00e9isbol<\/a>, conceptos como &#8216;money line&#8217;, &#8216;run line&#8217; y &#8216;totals&#8217; (over\/under) son t\u00e9rminos comunes en las apuestas. El conocimiento de estos conceptos es crucial para cualquier apostador que desee tener \u00e9xito. En nuestra gu\u00eda, te sumergir\u00e1s en la din\u00e1mica de estos t\u00e9rminos y c\u00f3mo influencian el proceso de apuestas.<\/p>\n\n\n\n<h3 class=\"wp-block-heading\" id=\"guias-de-apuestas-para-baloncesto\"><strong>Gu\u00edas de apuestas para Baloncesto<\/strong><\/h3>\n\n\n\n<p>El baloncesto tambi\u00e9n es uno de los deportes de los que se habla a menudo a la hora de apostar. Aqu\u00ed es incre\u00edblemente com\u00fan que se mencionen palabras como spread y handicap, ya que los equipos suelen ser grandes favoritos o no favoritos. Con la ayuda de nuestra <a href=\"https:\/\/betting.com\/es\/baloncesto\" data-type=\"competition\" data-id=\"15\" target=\"_blank\" rel=\"noreferrer noopener\">p\u00e1gina de baloncesto<\/a> , podr\u00e1s profundizar en lo que significan estos t\u00e9rminos y c\u00f3mo pueden afectar al juego, independientemente de si quieres apostar en la NBA o cualquier otro torneo importante.<\/p>\n\n\n\n<h3 class=\"wp-block-heading\" id=\"guias-de-apuestas-para-boxeo\"><strong>Gu\u00edas de apuestas para Boxeo<\/strong><\/h3>\n\n\n\n<p>El boxeo es un deporte donde la forma f\u00edsica, la historia de los luchadores y las t\u00e1cticas de combate juegan un papel crucial. <a rel=\"noreferrer noopener\" href=\"https:\/\/betting.com\/es\/boxeo\" data-type=\"competition\" data-id=\"18\" target=\"_blank\">Apostar en el boxeo<\/a> requiere comprender una variedad de mercados y estrategias. Esto incluye apuestas en el ganador, &#8216;over\/under&#8217; en rondas, apuestas en m\u00e9todo de victoria y &#8216;round betting&#8217;. Conocer estos t\u00e9rminos es esencial para cualquier apostador que quiera tener \u00e9xito en este emocionante deporte. Nuestra gu\u00eda te ayudar\u00e1 a sumergirte en estos conceptos, explicando c\u00f3mo cada uno influye en tus decisiones de apuestas para juegos de <a href=\"https:\/\/betting.com\/es\/ufc\">UFC<\/a>.<\/p>\n\n\n\t\t<\/article>\n\t\t<div class=\"lg:w-[300px] lg:flex-shrink-0 relative\" x-data=\"{show_toc: false}\">\n\t\t\t<div class=\"lg:sticky lg:top-4 z-30\">\n\t\t\t\t<div class=\"fixed -top-64 left-0 w-full z-50 lg:static transition-all hidden lg:block\" id=\"fixed-toc\">\n\t\t\t\t\t<div>\n\t\t\t\t<div class=\"border-b border-solid border-gray-30 text-lg font-bold lg:pt-7 max-lg:px-4 py-3 flex items-center justify-between bg-white lg:bg-transparent\">\n\t\t\tQu\u00e9 hay en esta p\u00e1gina\n\t\t\t<button @click=\"show_toc = true\" class=\"btn btn-red-outline-white block lg:hidden\">Jump to<\/button>\n\t\t<\/div>\n\t\t\t\t<div\n\t\t\tclass=\"max-lg:fixed max-lg:top-0 max-lg:left-0 max-lg:w-screen max-lg:h-screen max-lg:bg-gray-70 max-lg:bg-opacity-75 max-lg:hidden\"\n\t\t\t:class=\"{'max-lg:hidden': !show_toc}\"\n\t\t\t@click=\"show_toc = false\"\n\t\t>\n\t\t\t<div class=\"max-lg:absolute max-lg:bottom-0 max-lg:left-0 max-lg:w-screen bg-white lg:bg-transparent\">\n\t\t\t\t\t\t\t\t<div class=\"flex lg:hidden items-center justify-between mx-4 border-b border-solid border-gray-30 pt-6 pb-2 font-bold\">\n\n\t\t\t\t\tEn esta p\u00e1gina\n\t\t\t\t\t<button @click=\"show_toc = false\">\n\t\t\t\t\t\t<svg class=\"w-5 h-5 text-gray-100\" xmlns=\"http:\/\/www.w3.org\/2000\/svg\" fill=\"none\" stroke=\"currentColor\" stroke-width=\"1.5\" class=\"w-6 h-6\" viewBox=\"0 0 24 24\"><path stroke-linecap=\"round\" stroke-linejoin=\"round\" d=\"M6 18 18 6M6 6l12 12\"\/><\/svg>\t\t\t\t\t<\/button>\n\t\t\t\t<\/div>\n\t\t\t\t<ul id=\"toc\" class=\"mt-5 max-h-[85vh] overflow-y-auto list-none bt-scrollbars\">\n\n\t\t\t\t\t\t\t\t\t\t\t<li>\n\t\t\t\t\t\t\t<a href=\"#En-Betting.com,-estamos-comprometidos-con-elevar-tu-experiencia-en-las-apuestas.-Piensa-que-somos-como-tu-entrenador-personal-de-apuestas,-gui\u00c3\u00a1ndote-a-trav\u00c3\u00a9s-del-laberinto-de-cuotas,-mercados-y-estrategias-de-apuestas-deportivas.--Hemos-preparado-un-tesoro-de-gu\u00c3\u00adas-que-te-ense\u00c3\u00b1ar\u00c3\u00a1n-todo-desde-la-A-hasta-la-Z-sobre-las-apuestas,-ya-sea-en-f\u00c3\u00batbol,-baloncesto-o-incluso-esos-mercados-de-cuotas-curiosos-que-siempre-te-han-intrigado.-\u00c2\u00bfQuieres-pasar-de-ser-un-novato-en-apuestas-a-un-apostador-sagaz?-Sum\u00c3\u00a9rgete-en-nuestras-gu\u00c3\u00adas-y-ent\u00c3\u00a9rate-de-todo-lo-relacionado-con-las-apuestas\" data-bt-toc-item=\"En-Betting.com,-estamos-comprometidos-con-elevar-tu-experiencia-en-las-apuestas.-Piensa-que-somos-como-tu-entrenador-personal-de-apuestas,-gui\u00c3\u00a1ndote-a-trav\u00c3\u00a9s-del-laberinto-de-cuotas,-mercados-y-estrategias-de-apuestas-deportivas.--Hemos-preparado-un-tesoro-de-gu\u00c3\u00adas-que-te-ense\u00c3\u00b1ar\u00c3\u00a1n-todo-desde-la-A-hasta-la-Z-sobre-las-apuestas,-ya-sea-en-f\u00c3\u00batbol,-baloncesto-o-incluso-esos-mercados-de-cuotas-curiosos-que-siempre-te-han-intrigado.-\u00c2\u00bfQuieres-pasar-de-ser-un-novato-en-apuestas-a-un-apostador-sagaz?-Sum\u00c3\u00a9rgete-en-nuestras-gu\u00c3\u00adas-y-ent\u00c3\u00a9rate-de-todo-lo-relacionado-con-las-apuestas\"\n\t\t\t\t\t\t\t\t @click=\"show_toc = false\"\n\t\t\t\t\t\t\t\t class=\"block px-4 py-2 text-black border-l-4 border-solid border-transparent hover:border-red-100 transition-all hover:!border-b-0 hover:font-bold\">\nDiccionario de terminolog\u00eda de apuestas\n<\/a>\n\t\t\t\t\t\t<\/li>\n\t\t\t\t\t\t\t\t\t\t\t<li>\n\t\t\t\t\t\t\t<a href=\"#Gu\u00c3\u00adas-de-apuestas-para-todos-los-deportes\" data-bt-toc-item=\"Gu\u00c3\u00adas-de-apuestas-para-todos-los-deportes\"\n\t\t\t\t\t\t\t\t @click=\"show_toc = false\"\n\t\t\t\t\t\t\t\t class=\"block px-4 py-2 text-black border-l-4 border-solid border-transparent hover:border-red-100 transition-all hover:!border-b-0 hover:font-bold\">\nGu\u00edas de apuestas para todos los deportes\n<\/a>\n\t\t\t\t\t\t<\/li>\n\t\t\t\t\t\t\t\t\t<\/ul>\n\t\t\t\t\t\t\t\t\t\t\t<\/div>\n\t\t<\/div>\n\t<\/div>\n\t\t\t\t\t<\/div>\n\t\t\t<\/div>\n\t\t<\/div>\n\t<\/div>\n<\/div>\n\t<\/div>\n<\/div>\n\n","protected":false},"excerpt":{"rendered":"","protected":false},"author":9,"featured_media":0,"parent":0,"menu_order":0,"comment_status":"closed","ping_status":"closed","template":"","meta":{"footnotes":""},"tags":[],"acf":[],"_links":{"self":[{"href":"https:\/\/betting.com\/es\/wp-json\/wp\/v2\/pages\/432"}],"collection":[{"href":"https:\/\/betting.com\/es\/wp-json\/wp\/v2\/pages"}],"about":[{"href":"https:\/\/betting.com\/es\/wp-json\/wp\/v2\/types\/page"}],"author":[{"embeddable":true,"href":"https:\/\/betting.com\/es\/wp-json\/wp\/v2\/users\/9"}],"replies":[{"embeddable":true,"href":"https:\/\/betting.com\/es\/wp-json\/wp\/v2\/comments?post=432"}],"version-history":[{"count":16,"href":"https:\/\/betting.com\/es\/wp-json\/wp\/v2\/pages\/432\/revisions"}],"predecessor-version":[{"id":13219,"href":"https:\/\/betting.com\/es\/wp-json\/wp\/v2\/pages\/432\/revisions\/13219"}],"wp:attachment":[{"href":"https:\/\/betting.com\/es\/wp-json\/wp\/v2\/media?parent=432"}],"wp:term":[{"taxonomy":"post_tag","embeddable":true,"href":"https:\/\/betting.com\/es\/wp-json\/wp\/v2\/tags?post=432"}],"curies":[{"name":"wp","href":"https:\/\/api.w.org\/{rel}","templated":true}]}}