{"id":407,"date":"2022-07-11T08:24:27","date_gmt":"2022-07-11T08:24:27","guid":{"rendered":"https:\/\/betting.com\/es\/?page_id=407"},"modified":"2023-08-02T12:31:20","modified_gmt":"2023-08-02T12:31:20","slug":"pronosticos","status":"publish","type":"page","link":"https:\/\/betting.com\/es\/pronosticos","title":{"rendered":"Pron\u00f3sticos"},"content":{"rendered":"<div class=\" container-white py-8\">\n\t<div class=\"wp-block-container-toc  \">\n\t\t\t<div class=\"bg-white\">\n\t<div class=\"flex flex-col-reverse lg:flex-row lg:gap-8 py-10\">\n\t\t<article class=\"max-w-[960px] flex-grow\" data-bt-content>\n\t\t\t\n<p>El mundo de las apuestas deportivas se ha vuelto tan popular que hoy en d\u00eda no solo incluye a una gran cantidad de deportes y de eventos, tambi\u00e9n re\u00fane a miles de usuarios en busca de la mejor apuesta de su vida, esa que les permite ganar mucho dinero. Lamentablemente no todo es bonito ya que un desconocimiento sobre c\u00f3mo funciona el mundo de las apuestas podr\u00eda derivar en imprecisiones en las mismas y mucho mayor riesgo de p\u00e9rdidas. Es por eso que aqu\u00ed te daremos cuotas y pron\u00f3sticos apuestas deportivas que te ayudar\u00e1n a apostar mejor.<\/p>\n\n\n\n<h2 class=\"wp-block-heading\" id=\"los-principales-tipos-de-apuestas-deportivas\">Los principales tipos de apuestas deportivas<\/h2>\n\n\n\n<p>El mundo de las apuestas deportivas no solo es amplio en cuanto a deportes se refiere, tambi\u00e9n es amplio en tipos de apuestas. Es por eso que podemos encontrar una gran cantidad de opciones disponibles, aqu\u00ed te hablaremos sobre los 5 principales.<\/p>\n\n\n\n<p><strong>\u2022 Apuestas simples<\/strong>: Como su nombre lo indica, estas apuestas son muy simples y se centran solamente en resultados concretos, sin muchas variables. Un ejemplo perfecto son las apuestas al triunfo pues aqu\u00ed el resultado solo tiene tres caminos: Ganar, perder o empatar, no hay m\u00e1s variables ni opciones. Ganar\u00e1s la apuesta si el equipo o jugador gana el partido.<\/p>\n\n\n\n<p><strong>\u2022 Apuestas pre partido<\/strong>: Las apuestas pre partido, como podemos leer en su nombre, se realizan previo a la justa deportiva de modo que una vez que esta comienza, se cierra la plataforma y ya no podemos apostar. Este tipo de apuestas requieren de planeaci\u00f3n y an\u00e1lisis para ser exitosas.<\/p>\n\n\n\n<p>\u2022<strong>Apuestas Live o en vivo:<\/strong> Tambi\u00e9n conocidas como apuestas en directo, la principal caracter\u00edstica de este tipo de apuestas es el hecho de que podemos realizarla mientras se desarrolla el evento. Adem\u00e1s, las casas de apuestas nos ofrecen opciones para seguir de cerca los eventos como Streaming o minuto a minuto.<\/p>\n\n\n\n<p><strong>\u2022 Apuestas a acciones:<\/strong> Un ejemplo perfecto de una apuesta a una acci\u00f3n es apostar a que habr\u00e1 un faul o una tarjeta amarilla en un partido, lo mismo aplica para tarjetas rojas, para tiros de esquina, entre otros tipos de sucesos m\u00e1s.<\/p>\n\n\n\n<p>\u2022<strong> Otros tipos de apuestas<\/strong>: Adem\u00e1s de las apuestas anteriormente mencionadas podemos encontrar muchos tipos de apuestas m\u00e1s. Por ejemplo, tenemos los acumuladores de apuestas, las apuestas combinadas, apuestas de sistema, h\u00e1ndicap y muchas m\u00e1s. Esto nos da una gran ventana de posibilidades para comenzar a apostar. Uno de los tips apuestas deportivas es diversificar tus apuestas para reducir riesgos de p\u00e9rdidas.<\/p>\n\n\n\n<h2 class=\"wp-block-heading\" id=\"10-consejos-para-apuestas-deportivas\">10 consejos para apuestas deportivas<\/h2>\n\n\n\n<ol><li><strong>Hazte fan\u00e1tico de los deportes<\/strong>: No puedes apostar en deportes si no sabes nada de ellos pues esto no solo es un poco hip\u00f3crita, tambi\u00e9n puede hacer que caigas en un alto riesgo de errar debido al desconocimiento del mundo de los deportes. Para comenzar a apostar, primero debes comenzar a ver deportes, a investigar todo sobre ellos y a seguirlos de cerca. Hoy en d\u00eda esto es muy sencillo ya que bastar\u00e1 con entrar a internet o encender la TV para ver m\u00e1s sobre deportes.<\/li><li><strong>Elige un deporte y hazte especialista<\/strong>: Hay un viejo dicho que reza que el que mucho abarca, poco aprieta. Y es que esto es muy v\u00e1lido no solo en el mundo de los negocios, donde tener operaciones muy extensas te hace ineficiente, tambi\u00e9n aplica en las apuestas, sobre todo en las deportivas. Es por eso que uno de los tips apuestas deportivas de expertos es el centrarte en un solo deporte ya que esto te ayuda a ahorrar tanto tiempo como dinero y esfuerzo. As\u00ed tienes m\u00e1s probabilidades de hacer apuestas que sean ganadoras.<\/li><li><strong>Aprende todo lo que puedas:<\/strong> Dicen que el conocimiento es poder y no hay nada que sea m\u00e1s cierto en las apuestas deportivas que dicha informaci\u00f3n. Y es que saber todo lo que puedas sobre apuestas y sobre deportes te ayudar\u00e1 a entender mejor c\u00f3mo funciona este sistema y c\u00f3mo sacarle provecho. Hoy en d\u00eda aprender es m\u00e1s f\u00e1cil de lo que piensas gracias a que existen una gran cantidad de opciones para hacerlo. Internet es el ejemplo perfecto de ello ya que basta con abrir Google para poder encontrar toda la informaci\u00f3n que necesitas en cuesti\u00f3n de segundos.<\/li><li><strong>Usa los datos<\/strong>: Los datos se volver\u00e1n tu mejor amigo ya que estos te ayudar\u00e1n a saber o estimar los posibles resultados de tus apuestas. Es por eso que las&nbsp;estad\u00edsticas&nbsp;son muy utilizadas por los mejores apostadores a tal grado que usar datos es uno de los pron\u00f3sticos de apuestas deportivas m\u00e1s comunes. Por ejemplo, tienes al equipo A y al equipo B en un duelo de eliminaci\u00f3n directa y despu\u00e9s de analizar los datos descubres que el equipo A tiene mejor estad\u00edstica de goles y ofensiva, mientras que el equipo B tiene una defensa no muy buena \u00bfA cu\u00e1l le apostar\u00edas? As\u00ed es, al A.<\/li><li><strong>Conoce bien las casas de apuestas<\/strong>: La casa de apuestas&nbsp;es el lugar donde se realizan las apuestas deportivas, es por eso que conocerlas es casi tan importante que conocer al rival de tu equipo preferido o el tipo de apuesta a realizar. Debes de investigar todo sobre las casas de apuestas antes de decidirte por una ya que de no hacerlo podr\u00edamos cometer un error. Lee rese\u00f1as, investiga opiniones, sum\u00e9rgete en sus t\u00e9rminos y condiciones, conoce qu\u00e9 es lo que ofrece, cu\u00e1les son sus ofertas, dep\u00f3sitos, retiros y m\u00e1s, para que as\u00ed sepas d\u00f3nde estar\u00e1s apostando.<\/li><li><strong>Compara casas de apuestas<\/strong>: Aunque no lo creas, la oferta entre casas de apuestas suele variar de forma significativa, incluso si estas comparten el mismo evento como un partido de f\u00fatbol. Es por eso que debes de tomar en cuenta este paso, justo despu\u00e9s del anterior. No solo compares datos como las comisiones cobradas o los montos m\u00e1ximos de retiro, tambi\u00e9n enf\u00f3cate en comparar datos como las cuotas de apuestas. Uno de los tips apuestas deportivas m\u00e1s comunes es el abrir cuentas en varias casas de apuestas y comparar las cuotas, aunque tambi\u00e9n hay herramientas que pueden simplificar este proceso.<\/li><li><strong>Crea un presupuesto<\/strong>: Es com\u00fan que muchas personas se vayan a la bancarrota por apostar, apostar y apostar de forma continua y sin ning\u00fan control. Si no quieres que te pase eso, entonces debes de crear un presupuesto de juego. Delimita cu\u00e1nto es la cantidad m\u00e1xima que puedes apostar, cu\u00e1nto tienes disponible para jugar y cu\u00e1nto te puedes dar el lujo de perder. Todo esto te ayudar\u00e1 a mantener tus finanzas de forma m\u00e1s controlada evitando un default. Depositar cantidades exactas es uno de los tips apuestas deportivas que m\u00e1s podr\u00edan ayudarte a controlar tus finanzas.<\/li><li><strong>Apuestas de no m\u00e1s del 20%:<\/strong> Otro tip apuestas deportivas popular entre los expertos es el apostar solo el equivalente al 20% de tu presupuesto, como m\u00e1ximo, en cada apuesta. Esto debido a que, si apuestas m\u00e1s, el riesgo de p\u00e9rdida podr\u00eda ser mayor. n pocas palabras, tienes un buen equilibrio entre riesgo y beneficio lo que se traduce en poder generar ganancias suficientes o en perder solo lo m\u00ednimo. Algunos expertos son a\u00fan m\u00e1s estrictos con este punto recomendando tan solo el apostar 10% de tu presupuesto total y no m\u00e1s.<\/li><li><strong>Diversificar las apuestas<\/strong>: Imagina que tienes 20 huevos en una canasta tras regresar del supermercado y que, en una esquina, se te atraviesa un escal\u00f3n y te caes \u00bfqu\u00e9 va a pasar con los huevos? \u00a1Se van a romper! Ahora imagina que traes 5 huevos en 4 bolsas y que, en la ca\u00edda, solo una bolsa sale volando mientras que las dem\u00e1s, que las trae tu amigo se mantienen intactas \u00bfCu\u00e1ntos huevos habr\u00e1s perdido? l concepto de la diversificaci\u00f3n es evitar p\u00e9rdidas masivas al poner huevos en diferentes canastas, de este modo si una se cae y se rompe, las dem\u00e1s se mantendr\u00e1n intactas.<\/li><li><strong>La pr\u00e1ctica hace al maestro<\/strong>: No te preocupes, Roma no se fund\u00f3 en un d\u00eda ni t\u00fa te har\u00e1s experto de apuestas deportivas en una semana. Y es que, si bien esta gu\u00eda hace que todo parezca m\u00e1s simple, en realidad el camino est\u00e1 plagado de muchos desaf\u00edos a superar. s por eso que el mejor tip apuestas deportivas que podemos darte es el practicar pues los mejores apostadores se hicieron unos maestros mediante estudio y pr\u00e1ctica, la dualidad de la teor\u00eda y la ejecuci\u00f3n. Si no practicas no entender\u00e1s los conceptos b\u00e1sicos de las apuestas ni los sabr\u00e1s aplicar.<\/li><\/ol>\n\n\n\n<h2 class=\"wp-block-heading\" id=\"bonus-track-falla-pero-hazlo-rapido\">Bonus track: Falla, pero hazlo r\u00e1pido<\/h2>\n\n\n\n<p>Fallar es de humanos, y en las apuestas deportivas esto es com\u00fan ya que est\u00e1s sujeto a la suerte y el desempe\u00f1o del equipo o el atleta. Es por eso que, si perdiste una apuesta, no debes de quedarte en el pasado y lamentarte. Lev\u00e1ntate, sacude el polvo de tu cara,&nbsp;analiza qu\u00e9 fue lo que sali\u00f3&nbsp;mal y sigue adelante. Aprende de tu error y haz mejores apuestas a la pr\u00f3xima. Para que esta metodolog\u00eda de fallar, r\u00e1pido y sin impacto, funcione debes usar apuestas bajas (como en el punto del porcentaje) y un sistema que te permita retroalimentarte.<\/p>\n\n\t\t<\/article>\n\t\t<div class=\"lg:w-[300px] lg:flex-shrink-0 relative\" x-data=\"{show_toc: false}\">\n\t\t\t<div class=\"lg:sticky lg:top-4 z-30\">\n\t\t\t\t<div class=\"fixed -top-64 left-0 w-full z-50 lg:static transition-all hidden lg:block\" id=\"fixed-toc\">\n\t\t\t\t\t<div>\n\t\t\t\t<div class=\"border-b border-solid border-gray-30 text-lg font-bold lg:pt-7 max-lg:px-4 py-3 flex items-center justify-between bg-white lg:bg-transparent\">\n\t\t\tQu\u00e9 hay en esta p\u00e1gina\n\t\t\t<button @click=\"show_toc = true\" class=\"btn btn-red-outline-white block lg:hidden\">Jump to<\/button>\n\t\t<\/div>\n\t\t\t\t<div\n\t\t\tclass=\"max-lg:fixed max-lg:top-0 max-lg:left-0 max-lg:w-screen max-lg:h-screen max-lg:bg-gray-70 max-lg:bg-opacity-75 max-lg:hidden\"\n\t\t\t:class=\"{'max-lg:hidden': !show_toc}\"\n\t\t\t@click=\"show_toc = false\"\n\t\t>\n\t\t\t<div class=\"max-lg:absolute max-lg:bottom-0 max-lg:left-0 max-lg:w-screen bg-white lg:bg-transparent\">\n\t\t\t\t\t\t\t\t<div class=\"flex lg:hidden items-center justify-between mx-4 border-b border-solid border-gray-30 pt-6 pb-2 font-bold\">\n\n\t\t\t\t\tEn esta p\u00e1gina\n\t\t\t\t\t<button @click=\"show_toc = false\">\n\t\t\t\t\t\t<svg class=\"w-5 h-5 text-gray-100\" xmlns=\"http:\/\/www.w3.org\/2000\/svg\" fill=\"none\" stroke=\"currentColor\" stroke-width=\"1.5\" class=\"w-6 h-6\" viewBox=\"0 0 24 24\"><path stroke-linecap=\"round\" stroke-linejoin=\"round\" d=\"M6 18 18 6M6 6l12 12\"\/><\/svg>\t\t\t\t\t<\/button>\n\t\t\t\t<\/div>\n\t\t\t\t<ul id=\"toc\" class=\"mt-5 max-h-[85vh] overflow-y-auto list-none bt-scrollbars\">\n\n\t\t\t\t\t\t\t\t\t\t\t<li>\n\t\t\t\t\t\t\t<a href=\"#los-principales-tipos-de-apuestas-deportivas\" data-bt-toc-item=\"los-principales-tipos-de-apuestas-deportivas\"\n\t\t\t\t\t\t\t\t @click=\"show_toc = false\"\n\t\t\t\t\t\t\t\t class=\"block px-4 py-2 text-black border-l-4 border-solid border-transparent hover:border-red-100 transition-all hover:!border-b-0 hover:font-bold\">\nLos principales tipos de apuestas deportivas\n<\/a>\n\t\t\t\t\t\t<\/li>\n\t\t\t\t\t\t\t\t\t\t\t<li>\n\t\t\t\t\t\t\t<a href=\"#10-consejos-para-apuestas-deportivas\" data-bt-toc-item=\"10-consejos-para-apuestas-deportivas\"\n\t\t\t\t\t\t\t\t @click=\"show_toc = false\"\n\t\t\t\t\t\t\t\t class=\"block px-4 py-2 text-black border-l-4 border-solid border-transparent hover:border-red-100 transition-all hover:!border-b-0 hover:font-bold\">\n10 consejos para apuestas deportivas\n<\/a>\n\t\t\t\t\t\t<\/li>\n\t\t\t\t\t\t\t\t\t\t\t<li>\n\t\t\t\t\t\t\t<a href=\"#bonus-track-falla-pero-hazlo-rapido\" data-bt-toc-item=\"bonus-track-falla-pero-hazlo-rapido\"\n\t\t\t\t\t\t\t\t @click=\"show_toc = false\"\n\t\t\t\t\t\t\t\t class=\"block px-4 py-2 text-black border-l-4 border-solid border-transparent hover:border-red-100 transition-all hover:!border-b-0 hover:font-bold\">\nBonus track: Falla, pero hazlo r\u00e1pido\n<\/a>\n\t\t\t\t\t\t<\/li>\n\t\t\t\t\t\t\t\t\t<\/ul>\n\t\t\t\t\t\t\t\t\t\t\t<\/div>\n\t\t<\/div>\n\t<\/div>\n\t\t\t\t\t<\/div>\n\t\t\t<\/div>\n\t\t<\/div>\n\t<\/div>\n<\/div>\n\t<\/div>\n<\/div>\n\n","protected":false},"excerpt":{"rendered":"","protected":false},"author":9,"featured_media":0,"parent":0,"menu_order":0,"comment_status":"closed","ping_status":"closed","template":"","meta":{"footnotes":""},"tags":[215],"acf":[],"_links":{"self":[{"href":"https:\/\/betting.com\/es\/wp-json\/wp\/v2\/pages\/407"}],"collection":[{"href":"https:\/\/betting.com\/es\/wp-json\/wp\/v2\/pages"}],"about":[{"href":"https:\/\/betting.com\/es\/wp-json\/wp\/v2\/types\/page"}],"author":[{"embeddable":true,"href":"https:\/\/betting.com\/es\/wp-json\/wp\/v2\/users\/9"}],"replies":[{"embeddable":true,"href":"https:\/\/betting.com\/es\/wp-json\/wp\/v2\/comments?post=407"}],"version-history":[{"count":6,"href":"https:\/\/betting.com\/es\/wp-json\/wp\/v2\/pages\/407\/revisions"}],"predecessor-version":[{"id":9442,"href":"https:\/\/betting.com\/es\/wp-json\/wp\/v2\/pages\/407\/revisions\/9442"}],"wp:attachment":[{"href":"https:\/\/betting.com\/es\/wp-json\/wp\/v2\/media?parent=407"}],"wp:term":[{"taxonomy":"post_tag","embeddable":true,"href":"https:\/\/betting.com\/es\/wp-json\/wp\/v2\/tags?post=407"}],"curies":[{"name":"wp","href":"https:\/\/api.w.org\/{rel}","templated":true}]}}