{"id":366,"date":"2022-07-08T08:39:27","date_gmt":"2022-07-08T08:39:27","guid":{"rendered":"https:\/\/betting.com\/es\/?page_id=366"},"modified":"2023-11-28T02:48:47","modified_gmt":"2023-11-28T08:48:47","slug":"bonos","status":"publish","type":"page","link":"https:\/\/betting.com\/es\/bonos","title":{"rendered":"Bonos"},"content":{"rendered":"\n<p>\u00bfBuscas los mejores sitios de apuestas con bonos en 2023 en Estados Unidos?&nbsp;En Betting.com, encontrar\u00e1s una lista de las casas de apuestas que clasificamos mejor en cuanto a bonos y promociones.&nbsp;Compara los mejores bonos aqu\u00ed y comienza bien tus juegos de azar.<\/p>\n\n\n\n<h2 class=\"wp-block-heading\" id=\"top-5-bettingsidor-med-bonus-i-sverige\">Los 5 mejores sitios de apuestas con bonos en Estados Unidos<\/h2>\n\n\n\n<p><strong>\u00a1Los bonos de bienvenida pueden venir en todas las formas!&nbsp;En esta p\u00e1gina, hemos enumerado nuestros cinco favoritos en lo que respecta a sitios de apuestas con bonos en Estados Unidos en 2023.&nbsp;<\/strong><\/p>\n\n\n\n<figure class=\"wp-block-table\"><table><tbody><tr><td><strong>Clasificaci\u00f3n<\/strong><\/td><td><strong>Casa de apuestas<\/strong><\/td><td><strong>Bono de bienvenida<\/strong><\/td><\/tr><tr><td><strong>1<\/strong><\/td><td><a href=\"https:\/\/go.betting.com\/go\/betfred-sportsbook\">Betfred<\/a><\/td><td>Obt\u00e9n $1,111 en apuestas Fred<\/td><\/tr><tr><td><strong>2<\/strong><\/td><td><a href=\"https:\/\/go.betting.com\/go\/caesars\">Caesars<\/a><\/td><td>Primera apuesta de $1000<\/td><\/tr><tr><td><strong>3<\/strong><\/td><td><a href=\"https:\/\/go.betting.com\/go\/pointsbet\">PointsBet<\/a><\/td><td>10 apuestas de segunda oportunidad de $100<\/td><\/tr><tr><td><strong>4<\/strong><\/td><td><a href=\"https:\/\/go.betting.com\/go\/betrivers\">BetRivers<\/a><\/td><td>Apuesta de segunda oportunidad hasta $100\/$250\/$500<\/td><\/tr><tr><td><strong>5<\/strong><\/td><td><a href=\"https:\/\/go.betting.com\/go\/betsafe\">Betsafe<\/a><\/td><td>Bono de apuesta de hasta $500<\/td><\/tr><\/tbody><\/table><\/figure>\n\n\n\n<h3 class=\"wp-block-heading\" id=\"1-expekt-1-500-kr-i-gratisspel\">1. Betfred: \u200b\u200bObt\u00e9n $1,111 en apuestas Fred<\/h3>\n\n\n\n<p>Los nuevos jugadores que hagan un dep\u00f3sito inicial de al menos $50 pueden reclamar hasta $1,111 en apuestas (bono).&nbsp;Despu\u00e9s de realizar apuestas en cualquier mercado, los apostantes de EE. UU. pueden reclamar esta oferta.&nbsp;Una vez que se liquide tu apuesta, el monto de la apuesta de bonificaci\u00f3n se acreditar\u00e1 autom\u00e1ticamente en el saldo de tu cuenta.&nbsp;<\/p>\n\n\n\n<p><em>Ten en cuenta que este paquete de bienvenida no est\u00e1 disponible para nuevos jugadores de Pensilvania.<\/em><\/p>\n\n\n\n<p><a href=\"https:\/\/betting.com\/es\/casas-de-apuestas\/betfred\" data-type=\"betting-site\" data-id=\"1379\">\u00a1Lee m\u00e1s sobre Betfred aqu\u00ed!<\/a><\/p>\n\n\n\n<h3 class=\"wp-block-heading\" id=\"2-bet365-upp-till-1-250-kr-i-spelkrediter\">2. Caesars: Primera apuesta de $1000<\/h3>\n\n\n\n<p>Caesars, una casa de apuestas muy reputada en Estados Unidos, no solo ofrece una amplia y variada gama de cuotas, este gigante tambi\u00e9n tiene un generoso bono de bienvenida. Los nuevos jugadores pueden aprovechar esta oferta de primera apuesta de $ 1000 utilizando el c\u00f3digo de promoci\u00f3n &#8220;BDCGET1000&#8221;.<\/p>\n\n\n\n<p><a href=\"https:\/\/betting.com\/es\/casas-de-apuestas\/caesars\" data-type=\"betting-site\" data-id=\"1440\">\u00a1Lee m\u00e1s sobre Caesars aqu\u00ed!<\/a><\/p>\n\n\n\n<h3 class=\"wp-block-heading\" id=\"3-bethard-100-upp-till-1-000-kr\">3. PointsBet: 10 apuestas de segunda oportunidad de $100<\/h3>\n\n\n\n<p>PointsBet da la bienvenida a los nuevos jugadores con un atractivo bono de registro de $1000 en apuestas de segunda oportunidad que se distribuye en 10 cuotas de $100.&nbsp;Es importante tener en cuenta que, si bien esta variaci\u00f3n del bono no se puede retirar, cualquier ganancia se convierte en fondos retirables.<\/p>\n\n\n\n<p><a href=\"https:\/\/betting.com\/es\/casas-de-apuestas\/pointsbet\" data-type=\"betting-site\" data-id=\"1486\">\u00a1Lee m\u00e1s sobre PointsBet aqu\u00ed!<\/a><\/p>\n\n\n\n<h3 class=\"wp-block-heading\" id=\"4-snabbare-100-upp-till-500-kr\">4. BetRivers: Apuesta de segunda oportunidad hasta $100\/$250\/$500<\/h3>\n\n\n\n<p>BetRivers New York Sportsbook tiene una promoci\u00f3n \u00fanica para usuarios reci\u00e9n registrados que, a pesar de ser la m\u00e1s peque\u00f1a, ofrece el mejor valor.&nbsp;Es decir, todos los nuevos clientes que depositen al menos $10 usando el c\u00f3digo de promoci\u00f3n BetRivers SPORTS y realicen una apuesta con dinero real en cualquier oferta recibir\u00e1n su apuesta en apuestas gratuitas hasta un total de $100.&nbsp;La clave aqu\u00ed es que s\u00f3lo los jugadores de BetRivers NY reciben apuestas gratis.&nbsp;<\/p>\n\n\n\n<p>La apuesta gratuita se paga como cr\u00e9ditos del sitio, por lo que puedes dividirla en apuestas m\u00faltiples en eventos con probabilidades de -200 o m\u00e1s.&nbsp;Adem\u00e1s, tendr\u00e1s 30 d\u00edas para utilizar la apuesta gratuita y cualquier ganancia que se derive de ella se podr\u00e1 retirar instant\u00e1neamente, lo que la convierte en el mejor bono de registro que BetRivers Sportsbook ofrece.&nbsp;<\/p>\n\n\n\n<p>Los apostadores de Colorado y Nueva Jersey reciben un bono \u00fanico para nuevos jugadores de BetRivers, al igual que sus vecinos de Nueva York.&nbsp;La \u00fanica diferencia es que los apostadores de CO y NJ que depositen al menos $10 y realicen una apuesta con dinero real recibir\u00e1n su apuesta de vuelta en una apuesta de bonificaci\u00f3n por valor de hasta $250.&nbsp;La apuesta de bonificaci\u00f3n tiene el mismo requisito de cuotas m\u00ednimas que la oferta de apuesta gratuita disponible en Nueva York, pero la diferencia es que la apuesta de bonificaci\u00f3n deber\u00e1 apostarse toda a la vez, por lo que no hay forma de dividirla en varios boletos de apuesta.&nbsp;<\/p>\n\n\n\n<p>BetRivers es el m\u00e1s generoso, con jugadores de Illinois, Indiana, Luisiana, Michigan, Maryland, Pensilvania y Virginia.&nbsp;Los nuevos jugadores de estos estados pueden recibir hasta $500 en una apuesta de bonificaci\u00f3n, el doble que sus compa\u00f1eros apostadores en Nueva Jersey y Colorado.&nbsp;<\/p>\n\n\n\n<p>La promoci\u00f3n funciona de la misma manera: realizas tu primera apuesta con dinero real en cualquier mercado de apuestas y, si pierdes, recuperar\u00e1s la apuesta como una apuesta de bonificaci\u00f3n, hasta $500.&nbsp;Todas las ganancias generadas por la apuesta de bonificaci\u00f3n son elegibles para un retiro, menos la apuesta.&nbsp;<\/p>\n\n\n\n<p><a href=\"https:\/\/betting.com\/es\/casas-de-apuestas\/betrivers\" data-type=\"betting-site\" data-id=\"1619\">\u00a1Lee m\u00e1s sobre BetRivers aqu\u00ed!<\/a><\/p>\n\n\n\n<h3 class=\"wp-block-heading\" id=\"5-betsson-100-upp-till-500-kr-100-freespins\">5. Betsafe: Bono de apuesta de hasta $500<\/h3>\n\n\n\n<p>Betsafe actualmente ofrece a los nuevos jugadores una segunda oportunidad en su primera p\u00e9rdida con una&nbsp;<a href=\"https:\/\/go.betting.com\/go\/betsafe\">apuesta gratis de hasta&nbsp;&nbsp;<strong>$500<\/strong><\/a>&nbsp;.&nbsp;Esto significa que Betsafe ofrecer\u00e1 la opci\u00f3n de apuesta gratis para nuevas apuestas.&nbsp;Ten en cuenta que Betsafe&nbsp;<strong>actualmente&nbsp;solo est\u00e1 disponible en Colorado<\/strong>, por lo que esta oferta est\u00e1 abierta \u00fanicamente a los apostadores de Colorado.<\/p>\n\n\n\n<p><a href=\"https:\/\/betting.com\/es\/casas-de-apuestas\/betsafe\" data-type=\"betting-site\" data-id=\"1386\">\u00a1Lee m\u00e1s sobre Betsafe aqu\u00ed!<\/a><\/p>\n\n\n\n<h2 class=\"wp-block-heading\" id=\"vad-ar-en-bettingbonus\">\u00bfQu\u00e9 es un bono de apuestas?&nbsp;<\/h2>\n\n\n\n<p>Muchos sitios que ofrecen apuestas deportivas tienen un bono de apuesta para atraer jugadores.&nbsp;Un bono de apuesta es exactamente lo que parece, es decir, un bono que se utiliza al apostar.&nbsp;Los bonos de apuestas pueden presentarse en diferentes formas, como juegos sin riesgo o dinero extra para jugar.<\/p>\n\n\n\n<h3 class=\"wp-block-heading\" id=\"ar-det-vart-att-ta-emot-en-bettingbonus\">\u00bfVale la pena recibir un bono de apuestas?<\/h3>\n\n\n\n<p>Antes de optar por recibir un bono de apuestas, te recomendamos que consultes los t\u00e9rminos y condiciones.&nbsp;Preg\u00fantate si realmente vale la pena recibir el bono.&nbsp;Los requisitos de apuesta del bono pueden variar mucho.<\/p>\n\n\n\n<h3 class=\"wp-block-heading\" id=\"vi-valjer-endast-ut-sakra-bonusar-fran-bettingsidor-med-svensk-licens\">Solo seleccionamos bonos seguros de sitios de apuestas con licencia en Estados Unidos<\/h3>\n\n\n\n<p>Aqu\u00ed en Betting.com, solo cooperamos con sitios de apuestas que poseen una licencia estadounidense.&nbsp;La raz\u00f3n de esto es simplemente que la Autoridad del Juego exige mucho a los sitios que han recibido una licencia y, por lo tanto, pueden garantizar un lugar seguro para jugar.&nbsp;<\/p>\n\n\n\n<h2 class=\"wp-block-heading\" id=\"de-mest-populara-bettingbonusar-i-sverige\">Los bonos de apuestas m\u00e1s populares en Estados Unidos<\/h2>\n\n\n\n<p>En Estados Unidos hay bastantes sitios de apuestas que todav\u00eda ofrecen diversas formas de bonos de bienvenida relacionados con el registro y el primer dep\u00f3sito.&nbsp;Algunos son claramente m\u00e1s populares que otros.&nbsp;<\/p>\n\n\n\n<h3 class=\"wp-block-heading\" id=\"valkomstbonus-i-samband-med-forsta-insattning\">Bono de bienvenida en relaci\u00f3n con el primer dep\u00f3sito<\/h3>\n\n\n\n<p>Uno de los bonos de apuestas m\u00e1s com\u00fan en Estados Unidos es el llamado bono de dep\u00f3sito.&nbsp;Este bono se recibe en relaci\u00f3n con tu primer dep\u00f3sito.<\/p>\n\n\n\n<h3 class=\"wp-block-heading\" id=\"riskfritt-spel\">Juego sin riesgos<\/h3>\n\n\n\n<p>Una de las formas de bonificaci\u00f3n m\u00e1s populares en las apuestas es el juego sin riesgo.&nbsp;Algunos sitios de apuestas optan por llamar juegos gratuitos de bonificaci\u00f3n.&nbsp;Con esta forma de bono, recuperas tu dinero si la apuesta no est\u00e1 acertada, mientras que puedes quedarte con las ganancias si lo est\u00e1.&nbsp;<\/p>\n\n\n\n<h3 class=\"wp-block-heading\" id=\"kombinerad-sport-och-casinobonus\">Bono combinado de deportes y casino<\/h3>\n\n\n\n<p>Varios sitios de apuestas con los que cooperamos aqu\u00ed en Betting.com ofrecen dinero extra para jugar y giros gratis.<\/p>\n\n\n\n<h2 class=\"wp-block-heading\" id=\"vad-ska-man-leta-efter-i-jakten-pa-en-bettingbonus\">\u00bfQu\u00e9 buscar al buscar un bono de apuestas?<\/h2>\n\n\n\n<p>Es importante se\u00f1alar que no todos los bonos son buenos y que algunos tienen requisitos de apuesta excesivamente altos.&nbsp;Otra cosa que podr\u00eda valer la pena comprobar es si hay un bono disponible si eliges un m\u00e9todo de pago espec\u00edfico.&nbsp;<\/p>\n\n\n\n<h3 class=\"wp-block-heading\" id=\"las-alltid-villkor-och-regler\">Lee siempre los t\u00e9rminos y condiciones<\/h3>\n\n\n\n<p>No olvides leer los t\u00e9rminos y condiciones del bono.&nbsp;\u00bfCu\u00e1ntas veces se debe convertir el bono y con qu\u00e9 cuotas?&nbsp;<\/p>\n\n\n\n<h3 class=\"wp-block-heading\" id=\"vad-ar-omsattningskrav\">\u00bfCu\u00e1les son los requisitos de facturaci\u00f3n?<\/h3>\n\n\n\n<p>La mayor\u00eda de los bonos de apuestas est\u00e1n sujetos a un requisito de apuesta.&nbsp;Un requisito de apuesta es una condici\u00f3n que viene con varios bonos que se encuentran en l\u00ednea.&nbsp;Describe cu\u00e1nto dinero necesitas apostar en el sitio de apuestas antes de poder retirar las ganancias de tu bono de apuestas o de tus giros gratis.<\/p>\n\n\n\n<h3 class=\"wp-block-heading\" id=\"vad-ar-spelbegransningar\">\u00bfQu\u00e9 son las restricciones del juego?<\/h3>\n\n\n\n<p>Los jugadores deben identificarse en los sitios con licencia estadounidense para mayor seguridad.&nbsp;Las restricciones del juego siempre deben establecerse cuando comienzas a jugar.&nbsp;Se trata principalmente de establecer un l\u00edmite de cu\u00e1nto pretendes jugar al m\u00e1ximo.<\/p>\n\n\n\n<h3 class=\"wp-block-heading\" id=\"minimum-och-maxbet\">Apuesta m\u00ednima y m\u00e1xima<\/h3>\n\n\n\n<p>\u00bfCu\u00e1l es la cantidad m\u00e1xima y m\u00ednima que debes apostar o depositar para recibir el bono?&nbsp;A menudo se especifica una cantidad m\u00ednima o m\u00e1xima para el bono.&nbsp;<\/p>\n\n\n\n<h3 class=\"wp-block-heading\" id=\"vad-ar-bonusens-giltighetstid\">\u00bfCu\u00e1l es el per\u00edodo de validez del bono?<\/h3>\n\n\n\n<p>B\u00e1sicamente, todos los bonos de apuestas tienen un per\u00edodo de validez.&nbsp;La mayor\u00eda son por 60 d\u00edas, pero tambi\u00e9n hay alg\u00fan sitio de apuestas que tiene 30 o 90 d\u00edas.&nbsp;Si no tienes tiempo para usar o convertir el bono dentro del tiempo especificado, lo perder\u00e1s.&nbsp;<\/p>\n\n\n\n<h3 class=\"wp-block-heading\" id=\"restriktioner-for-insattningsmetod\">Restricciones del m\u00e9todo de dep\u00f3sito<\/h3>\n\n\n\n<p>Algunos m\u00e9todos de pago no est\u00e1n cubiertos por los bonos.&nbsp;Skrill es una opci\u00f3n que rara vez ofrece un bono de apuesta.&nbsp;<\/p>\n\n\n\n<h3 class=\"wp-block-heading\" id=\"marknadsrestriktioner\">Restricciones de comercializaci\u00f3n<\/h3>\n\n\n\n<p>Los bonos solo se pueden otorgar una vez por direcci\u00f3n IP y, si las empresas de juego atraen con m\u00e1s de un bono, se arriesgan a recibir fuertes multas y, en el peor de los casos, a que se les revoque la licencia.&nbsp;<\/p>\n\n\n\n<h2 class=\"wp-block-heading\" id=\"bettingbonusar-viktiga-saker-att-tanka-pa\">Bonos de apuestas: aspectos importantes a considerar<\/h2>\n\n\n\n<p>Aqu\u00ed hay algunas cosas que debes considerar antes de aceptar un bono de apuestas:<\/p>\n\n\n\n<ul>\n<li>Consulta t\u00e9rminos y condiciones del bono<\/li>\n\n\n\n<li>Compara diferentes bonos<\/li>\n\n\n\n<li>Considera si vale la pena recibir un bono<\/li>\n\n\n\n<li>Juega siempre en un sitio de apuestas con licencia estadounidense<\/li>\n<\/ul>\n\n\n\n<p>\u00a1Reflexiona!\u00a0Nunca juegues por m\u00e1s dinero del que tienes.\u00a0Establece un presupuesto semanal\/mensual para realizar un seguimiento de tus juegos de azar.\u00a0<\/p>\n","protected":false},"excerpt":{"rendered":"<p>\u00bfBuscas los mejores sitios de apuestas con bonos en 2023 en Estados Unidos?&nbsp;En Betting.com, encontrar\u00e1s una lista de las casas de apuestas que clasificamos mejor en cuanto a bonos y promociones.&nbsp;Compara los mejores bonos aqu\u00ed y comienza bien tus juegos de azar. Los 5 mejores sitios de apuestas con bonos en Estados Unidos \u00a1Los bonos&#8230;<\/p>\n","protected":false},"author":9,"featured_media":0,"parent":0,"menu_order":0,"comment_status":"closed","ping_status":"closed","template":"","meta":{"footnotes":""},"tags":[],"acf":[],"_links":{"self":[{"href":"https:\/\/betting.com\/es\/wp-json\/wp\/v2\/pages\/366"}],"collection":[{"href":"https:\/\/betting.com\/es\/wp-json\/wp\/v2\/pages"}],"about":[{"href":"https:\/\/betting.com\/es\/wp-json\/wp\/v2\/types\/page"}],"author":[{"embeddable":true,"href":"https:\/\/betting.com\/es\/wp-json\/wp\/v2\/users\/9"}],"replies":[{"embeddable":true,"href":"https:\/\/betting.com\/es\/wp-json\/wp\/v2\/comments?post=366"}],"version-history":[{"count":15,"href":"https:\/\/betting.com\/es\/wp-json\/wp\/v2\/pages\/366\/revisions"}],"predecessor-version":[{"id":11787,"href":"https:\/\/betting.com\/es\/wp-json\/wp\/v2\/pages\/366\/revisions\/11787"}],"wp:attachment":[{"href":"https:\/\/betting.com\/es\/wp-json\/wp\/v2\/media?parent=366"}],"wp:term":[{"taxonomy":"post_tag","embeddable":true,"href":"https:\/\/betting.com\/es\/wp-json\/wp\/v2\/tags?post=366"}],"curies":[{"name":"wp","href":"https:\/\/api.w.org\/{rel}","templated":true}]}}