{"id":1728,"date":"2023-06-23T09:23:51","date_gmt":"2023-06-23T09:23:51","guid":{"rendered":"https:\/\/betting.com\/es\/?page_id=1728"},"modified":"2023-09-12T03:07:13","modified_gmt":"2023-09-12T09:07:13","slug":"juego-responsable","status":"publish","type":"page","link":"https:\/\/betting.com\/es\/info\/juego-responsable","title":{"rendered":"Juego responsable"},"content":{"rendered":"<div class=\" container-white py-8\">\n\t<div class=\"wp-block-container-toc  \">\n\t\t\t<div class=\"bg-white\">\n\t<div class=\"flex flex-col-reverse lg:flex-row lg:gap-8 py-10\">\n\t\t<article class=\"max-w-[960px] flex-grow\" data-bt-content>\n\t\t\t\n\n<h2 class=\"wp-block-heading\" id=\"que-es-juego-responsable\"><strong>\u00bfQu\u00e9 es juego responsable?<\/strong><\/h2>\n\n\n\n<p>El juego responsable tiene lugar cuando una persona es capaz de entretenerse con todo tipo de juegos como las apuestas deportivas, pero sin que le afecte a su vida personal o tenga consecuencias negativas.<\/p>\n\n\n\n<h2 class=\"wp-block-heading\" id=\"tienes-una-potencial-adiccion-al-juego\"><strong>\u00bfTienes una potencial adicci\u00f3n al juego?<\/strong><\/h2>\n\n\n\n<p>Para que te puedas dar cuenta de un posible problema con la adicci\u00f3n al juego, hemos preparado una serie de preguntas que te animamos a responder de forma honesta y, si m\u00e1s de la mitad son afirmativas, te recomendamos que busques ayuda.<\/p>\n\n\n\n<ol>\n<li>\u00bfTe sientes culpable cada vez que apuestas una cierta cantidad de dinero?<\/li>\n\n\n\n<li>\u00bfSientes que apostar grandes cantidades de dinero ayuda a satisfacer tus necesidades?<\/li>\n\n\n\n<li>\u00bfTe es dif\u00edcil parar de jugar despu\u00e9s de una p\u00e9rdida?<\/li>\n\n\n\n<li>\u00bfLas apuestas en el juego te han causado problemas financieros, familiares o en tu trabajo?<\/li>\n\n\n\n<li>\u00bfSientes que el juego ha afectado negativamente tus relaciones personales, tu comportamiento o tus estudios?<\/li>\n\n\n\n<li>\u00bfSientes estr\u00e9s o ansiedad por no jugar durante un cierto periodo?<\/li>\n\n\n\n<li>\u00bfHas presentado alg\u00fan problema de salud, por m\u00ednimo que sea, derivado del juego?<\/li>\n\n\n\n<li>\u00bfPiensas que podr\u00edas tener un descontrol en el juego pero te lo niegas a ti mismo y de paso a los que te rodean?<\/li>\n<\/ol>\n\n\n\n<h3 class=\"wp-block-heading\" id=\"ayudando-a-alguien-con-adiccion-al-juego\"><strong>Ayudando a alguien con adicci\u00f3n al juego<\/strong><\/h3>\n\n\n\n<p>No s\u00f3lo es importante evitar la adicci\u00f3n en uno mismo. Tambi\u00e9n puedes ayudar a tu entorno con esas preguntas donde tus m\u00e1s allegados pueden descubrir este tipo de problemas.<\/p>\n\n\n\n<p>A continuaci\u00f3n te damos una lista de s\u00edntomas que te pueden ayudar a identificar las posibles adicciones.<\/p>\n\n\n\n<p>Signos financieros:<\/p>\n\n\n\n<ul>\n<li>Falta dinero del banco o billetera<\/li>\n\n\n\n<li>Faltan art\u00edculos del hogar y objetos de valor<\/li>\n\n\n\n<li>Escasez de dinero, a pesar de tener un salario estable<\/li>\n\n\n\n<li>Tener varios pr\u00e9stamos a la vez<\/li>\n\n\n\n<li>Facturas sin pagar<\/li>\n\n\n\n<li>Pedir dinero prestado regularmente<\/li>\n\n\n\n<li>Secreto sobre los registros financieros<\/li>\n\n\n\n<li>Falta de comida en casa<\/li>\n<\/ul>\n\n\n\n<p>Estado de \u00e1nimo y signos de comportamiento:<\/p>\n\n\n\n<ul>\n<li>El rendimiento en el trabajo se ve afectado<\/li>\n\n\n\n<li>Cambios en la personalidad<\/li>\n\n\n\n<li>Retirarse de los seres queridos<\/li>\n\n\n\n<li>Comportamiento manipulador<\/li>\n\n\n\n<li>Estar agitado, molesto y preocupado sin ninguna raz\u00f3n en particular<\/li>\n\n\n\n<li>Usar amenazas y mentiras para manipular a otros<\/li>\n\n\n\n<li>Sentimientos de desesperanza, frustraci\u00f3n y depresi\u00f3n<\/li>\n<\/ul>\n\n\n\n<p>Indicaciones de tiempo:<\/p>\n\n\n\n<ul>\n<li>Pasar m\u00e1s horas apostando<\/li>\n\n\n\n<li>Tomar mucho tiempo para completar tareas simples<\/li>\n\n\n\n<li>Secreto y ausencia inexplicable<\/li>\n\n\n\n<li>Llegar siempre tarde a las citas<\/li>\n\n\n\n<li>Tomar muchos d\u00edas libres del trabajo para apostar<\/li>\n<\/ul>\n\n\n\n<h3 class=\"wp-block-heading\" id=\"proteccion-de-menores-y-la-edad-legal\"><strong>Protecci\u00f3n de menores y la edad legal&nbsp;<\/strong><\/h3>\n\n\n\n<p>En Estados Unidos, hay que tener en cuenta que&nbsp; la edad legal para apostar online es 21 a\u00f1os.<\/p>\n\n\n\n<p>\u00bfY c\u00f3mo hacen las casas de apuestas para regular la entrada de menores?<\/p>\n\n\n\n<p>Es ah\u00ed donde entra la informaci\u00f3n que se otorga en el momento del registro: direcci\u00f3n, cuentas bancarias o identificaci\u00f3n. Por desgracia, sigue habiendo sitios donde no se fomenta el juego responsable y los menores pueden apostar, por lo que te recomendamos una serie de aplicaciones que pueden ayudar a los padres con este problema:<\/p>\n\n\n\n<ul>\n<li>Family Link (Google)&nbsp;<\/li>\n\n\n\n<li>Qustodio Parental Control<\/li>\n\n\n\n<li>Karspersky Safekids<\/li>\n\n\n\n<li>Locategy (localizador de personas)<\/li>\n\n\n\n<li>Circle<\/li>\n\n\n\n<li>Koala Safe<\/li>\n\n\n\n<li>Kids Place<\/li>\n<\/ul>\n\n\n\n<p>Otras opciones tambi\u00e9n son Cybersitter y Cyberpatrol, que ofrecen incluso una protecci\u00f3n extra.<\/p>\n\n\n\n<h2 class=\"wp-block-heading\" id=\"herramientas-de-juego-responsable\"><strong>Herramientas de juego responsable<\/strong><\/h2>\n\n\n\n<p>Para ayudar a todos los usuarios, las casas de apuestas cuentan con ciertas herramientas que impulsan el juego responsable. Destacan:<\/p>\n\n\n\n<p><strong>L\u00edmites de dep\u00f3sito<\/strong><\/p>\n\n\n\n<p>Las casas de apuestas te dan la opci\u00f3n de establecer un l\u00edmite de dep\u00f3sitos en tu cuenta, que puede ser diario o mensual.<\/p>\n\n\n\n<h3 class=\"wp-block-heading\" id=\"limites-de-perdida\"><strong>L\u00edmites de p\u00e9rdida<\/strong><\/h3>\n\n\n\n<p>Al igual que con los l\u00edmites de dep\u00f3sito, los l\u00edmites de p\u00e9rdida te dan la opci\u00f3n de establecer p\u00e9rdidas m\u00e1ximas para evitar excederte en las cantidades.<\/p>\n\n\n\n<h3 class=\"wp-block-heading\" id=\"tiempo-limite-de-juego\"><strong>Tiempo l\u00edmite de juego<\/strong><\/h3>\n\n\n\n<p>Este tipo de l\u00edmites te permiten determinar la cantidad de tiempo que pasas en una casa de apuestas. Cuando se cumpla ese tiempo, la sesi\u00f3n terminar\u00e1 y ya no podr\u00e1s volver a apostar hasta que pase un d\u00eda.<\/p>\n\n\n\n<h3 class=\"wp-block-heading\" id=\"tiempo-fuera\"><strong>Tiempo fuera<\/strong><\/h3>\n\n\n\n<p>En este caso, el usuario que desee puede tomar un descanso con un tiempo establecido, de forma que la casa de apuestas no le permita entrar hasta que pase ese tiempo.<\/p>\n\n\n\n<h3 class=\"wp-block-heading\" id=\"limite-de-apuesta\"><strong>L\u00edmite de apuesta<\/strong><\/h3>\n\n\n\n<p>Existen tambi\u00e9n l\u00edmites de apuestas que van referidos a las cantidades, que pueden ser programadas por d\u00eda, por semana o hasta por meses.<\/p>\n\n\n\n<h3 class=\"wp-block-heading\" id=\"analisis-de-tus-transacciones-historicas\"><strong>An\u00e1lisis de tus transacciones hist\u00f3ricas<\/strong><\/h3>\n\n\n\n<p>Tambi\u00e9n tienes la posibilidad de verificar todos tus movimientos (retiros y dep\u00f3sitos) y saber si has ganado o perdido y cu\u00e1nto.<\/p>\n\n\n\n<h3 class=\"wp-block-heading\" id=\"autoexclusion\"><strong>Autoexclusi\u00f3n<\/strong><\/h3>\n\n\n\n<p>En el momento en el que el usuario no es capaz de controlar el juego y decide autoexcluirse, la casa de apuestas no le permitir\u00e1 apostar de forma temporal o definitivamente.<\/p>\n\n\n\n<h3 class=\"wp-block-heading\" id=\"autoevaluacion\"><strong>Autoevaluaci\u00f3n<\/strong><\/h3>\n\n\n\n<p>Esta autoevaluaci\u00f3n consiste en responder honestamente a unas preguntas como las formuladas anteriormente para saber si eres una persona apta para seguir apostando.<\/p>\n\n\n\n<h2 class=\"wp-block-heading\" id=\"organizaciones-de-ayuda-y-asesoria-en-ludopatia-en-estados-unidos\"><strong>Organizaciones de ayuda y asesor\u00eda en ludopat\u00eda en Estados Unidos<\/strong><\/h2>\n\n\n\n<p>Estados Unidos tiene en su seno organizaciones que trabajan por el juego responsable y que funcionan de manera an\u00f3nima, por lo que los usuarios pueden recibir asistencia m\u00e1s c\u00f3modamente.<\/p>\n\n\n\n<p><strong>Cascadia Problem Gambling<\/strong><\/p>\n\n\n\n<ul>\n<li>Direcci\u00f3n: 17070 SE McLoughlin Blvd, Milwaukie, OR<\/li>\n\n\n\n<li>Tel\u00e9fono: 503-674-7777<\/li>\n\n\n\n<li>Sitio Web: <a href=\"http:\/\/www.cascadiahealth.org\">www.cascadiahealth.org<\/a><\/li>\n<\/ul>\n\n\n\n<p><strong>International Center for Responsible Gaming<\/strong><\/p>\n\n\n\n<ul>\n<li>Direcci\u00f3n: 900 Cummings Center, Suite 219-UBeverly, MA 01915<\/li>\n\n\n\n<li>Tel\u00e9fono: 978-338-6610<\/li>\n\n\n\n<li>Contacto: info@icrg.org<\/li>\n\n\n\n<li>Sitio Web: <a href=\"http:\/\/www.icrg.org\">www.icrg.org<\/a><\/li>\n<\/ul>\n\n\n\n<p><strong>NATIONAL COUNCIL ON PROBLEM GAMBLING<\/strong><\/p>\n\n\n\n<ul>\n<li>Direcci\u00f3n: 730 11th St, NW, Ste 601 Washington, DC 20001<\/li>\n\n\n\n<li>Tel\u00e9fono: 202.547.9204<\/li>\n\n\n\n<li>Contacto: ncpg@ncpgambling.org<\/li>\n\n\n\n<li>Sitio Web: <a href=\"http:\/\/www.ncpgambling.org\">www.ncpgambling.org<\/a><\/li>\n<\/ul>\n\n\n\n<h2 class=\"wp-block-heading\" id=\"linea-de-ayuda-a-nivel-mundial-para-jugadores\"><strong>L\u00ednea de ayuda a nivel mundial para jugadores&nbsp;<\/strong><\/h2>\n\n\n\n<p>USA: The National Council on Problem Gambling<\/p>\n\n\n\n<p>USA: Substance Abuse and Mental Health Services Administration (SAMHSA)<\/p>\n\n\n\n<p>Argentina: Juego Responsable \u2013 0800-333-0333, WhatsApp 011-1524416058<\/p>\n\n\n\n<p>Colombia: Jugadores An\u00f3nimos \u2013 +34-670-691-513 (oficina@jugadoresanonimos.org).<\/p>\n\n\n\n<p>Per\u00fa: CNEM (adicciones lima) + 51-990-829-437&nbsp;<\/p>\n\n\n\n<p>Chile: CIAD +56 2222 544 44&nbsp;<\/p>\n\n\n\n<p>B\u00e9lgica: VAD \u2013 02 423 03 33<\/p>\n\n\n\n<p>Brasil: Jogadores An\u00f4nimos \u2013 (11) 3229-1023<\/p>\n\n\n\n<p>Canada: ProblemGambling \u2013 1-866-531-2600<\/p>\n\n\n\n<p>Chile: Psic\u00f3logos Ludopat\u00eda Chile \u2013 9 222 3860<\/p>\n\n\n\t\t<\/article>\n\t\t<div class=\"lg:w-[300px] lg:flex-shrink-0 relative\" x-data=\"{show_toc: false}\">\n\t\t\t<div class=\"lg:sticky lg:top-4 z-30\">\n\t\t\t\t<div class=\"fixed -top-64 left-0 w-full z-50 lg:static transition-all hidden lg:block\" id=\"fixed-toc\">\n\t\t\t\t\t<div>\n\t\t\t\t<div class=\"border-b border-solid border-gray-30 text-lg font-bold lg:pt-7 max-lg:px-4 py-3 flex items-center justify-between bg-white lg:bg-transparent\">\n\t\t\tQu\u00e9 hay en esta p\u00e1gina\n\t\t\t<button @click=\"show_toc = true\" class=\"btn btn-red-outline-white block lg:hidden\">Jump to<\/button>\n\t\t<\/div>\n\t\t\t\t<div\n\t\t\tclass=\"max-lg:fixed max-lg:top-0 max-lg:left-0 max-lg:w-screen max-lg:h-screen max-lg:bg-gray-70 max-lg:bg-opacity-75 max-lg:hidden\"\n\t\t\t:class=\"{'max-lg:hidden': !show_toc}\"\n\t\t\t@click=\"show_toc = false\"\n\t\t>\n\t\t\t<div class=\"max-lg:absolute max-lg:bottom-0 max-lg:left-0 max-lg:w-screen bg-white lg:bg-transparent\">\n\t\t\t\t\t\t\t\t<div class=\"flex lg:hidden items-center justify-between mx-4 border-b border-solid border-gray-30 pt-6 pb-2 font-bold\">\n\n\t\t\t\t\tEn esta p\u00e1gina\n\t\t\t\t\t<button @click=\"show_toc = false\">\n\t\t\t\t\t\t<svg class=\"w-5 h-5 text-gray-100\" xmlns=\"http:\/\/www.w3.org\/2000\/svg\" fill=\"none\" stroke=\"currentColor\" stroke-width=\"1.5\" class=\"w-6 h-6\" viewBox=\"0 0 24 24\"><path stroke-linecap=\"round\" stroke-linejoin=\"round\" d=\"M6 18 18 6M6 6l12 12\"\/><\/svg>\t\t\t\t\t<\/button>\n\t\t\t\t<\/div>\n\t\t\t\t<ul id=\"toc\" class=\"mt-5 max-h-[85vh] overflow-y-auto list-none bt-scrollbars\">\n\n\t\t\t\t\t\t\t\t\t\t\t<li>\n\t\t\t\t\t\t\t<a href=\"#que-es-juego-responsable\" data-bt-toc-item=\"que-es-juego-responsable\"\n\t\t\t\t\t\t\t\t @click=\"show_toc = false\"\n\t\t\t\t\t\t\t\t class=\"block px-4 py-2 text-black border-l-4 border-solid border-transparent hover:border-red-100 transition-all hover:!border-b-0 hover:font-bold\">\n\u00bfQu\u00e9 es juego responsable?\n<\/a>\n\t\t\t\t\t\t<\/li>\n\t\t\t\t\t\t\t\t\t\t\t<li>\n\t\t\t\t\t\t\t<a href=\"#tienes-una-potencial-adiccion-al-juego\" data-bt-toc-item=\"tienes-una-potencial-adiccion-al-juego\"\n\t\t\t\t\t\t\t\t @click=\"show_toc = false\"\n\t\t\t\t\t\t\t\t class=\"block px-4 py-2 text-black border-l-4 border-solid border-transparent hover:border-red-100 transition-all hover:!border-b-0 hover:font-bold\">\n\u00bfTienes una potencial adicci\u00f3n al juego?\n<\/a>\n\t\t\t\t\t\t<\/li>\n\t\t\t\t\t\t\t\t\t\t\t<li>\n\t\t\t\t\t\t\t<a href=\"#herramientas-de-juego-responsable\" data-bt-toc-item=\"herramientas-de-juego-responsable\"\n\t\t\t\t\t\t\t\t @click=\"show_toc = false\"\n\t\t\t\t\t\t\t\t class=\"block px-4 py-2 text-black border-l-4 border-solid border-transparent hover:border-red-100 transition-all hover:!border-b-0 hover:font-bold\">\nHerramientas de juego responsable\n<\/a>\n\t\t\t\t\t\t<\/li>\n\t\t\t\t\t\t\t\t\t\t\t<li>\n\t\t\t\t\t\t\t<a href=\"#organizaciones-de-ayuda-y-asesoria-en-ludopatia-en-estados-unidos\" data-bt-toc-item=\"organizaciones-de-ayuda-y-asesoria-en-ludopatia-en-estados-unidos\"\n\t\t\t\t\t\t\t\t @click=\"show_toc = false\"\n\t\t\t\t\t\t\t\t class=\"block px-4 py-2 text-black border-l-4 border-solid border-transparent hover:border-red-100 transition-all hover:!border-b-0 hover:font-bold\">\nOrganizaciones de ayuda y asesor\u00eda en ludopat\u00eda en Estados Unidos\n<\/a>\n\t\t\t\t\t\t<\/li>\n\t\t\t\t\t\t\t\t\t\t\t<li>\n\t\t\t\t\t\t\t<a href=\"#linea-de-ayuda-a-nivel-mundial-para-jugadores\" data-bt-toc-item=\"linea-de-ayuda-a-nivel-mundial-para-jugadores\"\n\t\t\t\t\t\t\t\t @click=\"show_toc = false\"\n\t\t\t\t\t\t\t\t class=\"block px-4 py-2 text-black border-l-4 border-solid border-transparent hover:border-red-100 transition-all hover:!border-b-0 hover:font-bold\">\nL\u00ednea de ayuda a nivel mundial para jugadores&nbsp;\n<\/a>\n\t\t\t\t\t\t<\/li>\n\t\t\t\t\t\t\t\t\t<\/ul>\n\t\t\t\t\t\t\t\t\t\t\t<\/div>\n\t\t<\/div>\n\t<\/div>\n\t\t\t\t\t<\/div>\n\t\t\t<\/div>\n\t\t<\/div>\n\t<\/div>\n<\/div>\n\t<\/div>\n<\/div>\n\n","protected":false},"excerpt":{"rendered":"","protected":false},"author":38,"featured_media":0,"parent":1365,"menu_order":0,"comment_status":"closed","ping_status":"closed","template":"","meta":{"footnotes":""},"tags":[],"acf":[],"_links":{"self":[{"href":"https:\/\/betting.com\/es\/wp-json\/wp\/v2\/pages\/1728"}],"collection":[{"href":"https:\/\/betting.com\/es\/wp-json\/wp\/v2\/pages"}],"about":[{"href":"https:\/\/betting.com\/es\/wp-json\/wp\/v2\/types\/page"}],"author":[{"embeddable":true,"href":"https:\/\/betting.com\/es\/wp-json\/wp\/v2\/users\/38"}],"replies":[{"embeddable":true,"href":"https:\/\/betting.com\/es\/wp-json\/wp\/v2\/comments?post=1728"}],"version-history":[{"count":9,"href":"https:\/\/betting.com\/es\/wp-json\/wp\/v2\/pages\/1728\/revisions"}],"predecessor-version":[{"id":10860,"href":"https:\/\/betting.com\/es\/wp-json\/wp\/v2\/pages\/1728\/revisions\/10860"}],"up":[{"embeddable":true,"href":"https:\/\/betting.com\/es\/wp-json\/wp\/v2\/pages\/1365"}],"wp:attachment":[{"href":"https:\/\/betting.com\/es\/wp-json\/wp\/v2\/media?parent=1728"}],"wp:term":[{"taxonomy":"post_tag","embeddable":true,"href":"https:\/\/betting.com\/es\/wp-json\/wp\/v2\/tags?post=1728"}],"curies":[{"name":"wp","href":"https:\/\/api.w.org\/{rel}","templated":true}]}}