{"id":1365,"date":"2023-05-02T09:34:18","date_gmt":"2023-05-02T09:34:18","guid":{"rendered":"https:\/\/betting.com\/es\/?page_id=1365"},"modified":"2023-10-16T13:29:55","modified_gmt":"2023-10-16T19:29:55","slug":"info","status":"publish","type":"page","link":"https:\/\/betting.com\/es\/info","title":{"rendered":"Informaci\u00f3n"},"content":{"rendered":"<div class=\" container-white py-8\">\n\t<div class=\"wp-block-container-toc  \">\n\t\t\t<div class=\"bg-white\">\n\t<div class=\"flex flex-col-reverse lg:flex-row lg:gap-8 py-10\">\n\t\t<article class=\"max-w-[960px] flex-grow\" data-bt-content>\n\t\t\t\n\n<p><em>\u00a1Toda la informaci\u00f3n necesaria para jugar con confianza!<\/em><\/p>\n\n\n\n<p>El mercado de Estados Unidos de apuestas en l\u00ednea es enorme.&nbsp;Con solo ver nuestra lista principal de sitios de apuestas con una licencia, puedes ver r\u00e1pidamente que hay bastantes para elegir.&nbsp;Los que se incluyen aqu\u00ed en Betting.com siguen siendo solo una parte de lo que se ofrece en Estados Unidos.&nbsp;<\/p>\n\n\n\n<p>Para que obtengas la mejor experiencia de juego posible aqu\u00ed en la red, nuestros expertos en juegos aqu\u00ed en Betting.com han producido informaci\u00f3n \u00fatil relacionada con el tema de las apuestas en l\u00ednea en Estados Unidos.<\/p>\n\n\n\n<h2 class=\"wp-block-heading\" id=\"all-info-du-behover-kanna-till-om-lagar-och-regler-inom-betting\">Toda la informaci\u00f3n que necesitas saber sobre leyes y reglamentos en apuestas<\/h2>\n\n\n\n<p>En Betting.com, el juego seguro para nuestros clientes suecos es la m\u00e1xima prioridad.&nbsp;Siempre probamos todos los sitios de apuestas con los que cooperamos, y consideramos que deber\u00edan tener una licencia de juego en Estados Unidos.<\/p>\n\n\n\n<p>Por el bien de todos nuestros lectores, nuestro objetivo es ense\u00f1ar c\u00f3mo funciona la industria del juego y qu\u00e9 deben considerar antes de registrarse en una empresa de juego.&nbsp;A continuaci\u00f3n, puede leer tanto los art\u00edculos que incluyen el juego responsable como los diferentes tipos de sitios de apuestas que hay para elegir y qu\u00e9 los diferencia.<\/p>\n\n\n\n<h3 class=\"wp-block-heading\" id=\"betting-com-haller-dig-uppdaterad-med-det-senaste-inom-betting\">Betting.com te mantiene actualizado con lo \u00faltimo en apuestas<\/h3>\n\n\n\n<p>En ese caso, no nos referimos principalmente a qu\u00e9 sitios de apuestas ofrecen, por ejemplo, los mayores bonos o las mejores cuotas, sino informaci\u00f3n m\u00e1s detallada relacionada con la industria que tambi\u00e9n consideramos necesaria conocer.<\/p>\n\n\n\n<p>Esto se debe a que simplemente te brinda, como jugador, una comprensi\u00f3n significativamente mejor de c\u00f3mo funciona el mercado de apuestas en Estados Unidos en su conjunto y las regulaciones detr\u00e1s de \u00e9l.<\/p>\n\n\n\n<p>Todos los art\u00edculos relacionados con las apuestas en l\u00ednea aqu\u00ed en Betting.com se actualizan regularmente, por lo que siempre puedes sentirte seguro de que los datos disponibles son actuales y relevantes para ti.<\/p>\n\n\n\n<h2 class=\"wp-block-heading\" id=\"betting-com-besvarar-alla-dina-fragor-om-betting-i-sverige\">Betting.com responde a todas tus preguntas sobre las apuestas en Estados Unidos<\/h2>\n\n\n\n<p>No importa si eres un jugador principiante o m\u00e1s experimentado, hay mucha informaci\u00f3n \u00fatil sobre juegos que recopilamos y compartimos en Betting.com.<\/p>\n\n\n\n<p>Nuestros h\u00e1biles escritores informan,&nbsp;&nbsp;revisan&nbsp;, enumeran, gu\u00edan y aconsejan sobre sitios de apuestas, as\u00ed como sobre diferentes formas de apuestas deportivas en Estados Unidos.<\/p>\n\n\n\n<h3 class=\"wp-block-heading\" id=\"spela-med-swish-pa-bettingsidor\">Licencias estadounidenses para las casas de apuestas de Estados Unidos<\/h3>\n\n\n\n<p>El mercado de apuestas en Estados Unidos es algo especial en cuanto a licencias, puesto que no dependen de una \u00fanica autoridad. Cada estado es independiente para autorizar o no a una casa de apuestas. Por ello, si una casa de apuestas quiere operar en ciertos estados, tendr\u00e1 que solicitar los permisos uno por uno. <\/p>\n\n\n\n<p>En Betting.com nos aseguramos de ofrecer an\u00e1lisis y consejos sobre casas de apuestas que tengan licencia, ya que aportan mayor seguridad.<\/p>\n\n\n\n<h3 class=\"wp-block-heading\" id=\"spela-utan-konto\">Juego responsable<\/h3>\n\n\n\n<p>Todos&nbsp;los sitios de apuestas con una licencia de juego estadounidense&nbsp;est\u00e1n obligados por ley a trabajar por el juego responsable y ofrecer una variedad de herramientas diferentes para minimizar los riesgos de adicci\u00f3n al juego para los jugadores.&nbsp;<\/p>\n\n\n\n<p>Adem\u00e1s, en las propias casas de apuestas encontrar\u00e1s apartados con m\u00e1s informaci\u00f3n e incluso tel\u00e9fonos de contacto y enlaces a las principales organizaciones:<\/p>\n\n\n\n<ul>\n<li><strong>The National Council on Problem Gambling:<\/strong>&nbsp;1-800-522-4700 o&nbsp;<a rel=\"noreferrer noopener\" href=\"https:\/\/www.ncpgambling.org\/\" target=\"_blank\">www.ncpgambling.org<\/a><\/li>\n\n\n\n<li><strong>Council on Compulsive Gambling of New Jersey:<\/strong>&nbsp;1-800-GAMBLER o&nbsp;<a rel=\"noreferrer noopener\" href=\"https:\/\/800gambler.org\/\" target=\"_blank\">www.800gambler.org<\/a><\/li>\n\n\n\n<li><strong>Gamblers Anonymous:\u00a0<\/strong><a href=\"https:\/\/www.gamblersanonymous.org\/ga\" data-type=\"link\" data-id=\"https:\/\/www.gamblersanonymous.org\/ga\" target=\"_blank\" rel=\"noreferrer noopener\">www.gamblersanonymous.org<\/a><\/li>\n<\/ul>\n\n\n\n<h3 class=\"wp-block-heading\" id=\"bast-bettingsidor-i-sverige\">Impuestos de Estados Unidos sobre las ganancias<\/h3>\n\n\n\n<p>En Estados Unidos, todas tus ganancias que tengas apostando se gravan como el resto de ingresos ordinarios, lo que quiere decir que est\u00e1n incluidos en la declaraci\u00f3n de la renta de esa manera.<\/p>\n\n\n\n<p>El tipo impositivo que se paga por los beneficios en las apuestas deportivas puede variar entre el 0% y el 37%, dependiendo de la cantidad de otros ingresos que tengas, de tu estado civil y de otros factores de tu declaraci\u00f3n de la renta. <\/p>\n\n\n\n<h3 class=\"wp-block-heading\" id=\"por-que-las-casas-de-apuestas-requieren-informacion-personal\">\u00bfPor qu\u00e9 las casas de apuestas requieren informaci\u00f3n personal?<\/h3>\n\n\n\n<p>La informaci\u00f3n personal que se comparte con las casas de apuestas ayuda a hacer m\u00e1s efectivos los procesos de retirada, ingresos y cualquier validaci\u00f3n de cuenta que pueda servir siempre para garantizar tu seguridad.<\/p>\n\n\n\n<p>Uno de los elementos fundamentales para asegurar tus datos personales es que la casa de apuestas cuente con licencia. La licencia aporta, entre otras cosas, un compromiso por parte del operador a proteger a sus usuarios.<\/p>\n\n\n\n<h2 class=\"wp-block-heading\" id=\"svenska-spelmarknaden-idag\">\u00bfPor qu\u00e9 confiar en Betting.com?<\/h2>\n\n\n\n<p>En Betting.com, nuestro objetivo es simple: queremos que todos los jugadores de Estados Unidos puedan apostar de forma segura en deportes cuando y donde quieran.&nbsp;Con esto, solo recomendamos apostar en sitios de apuestas con las licencias correctas y siempre comprobamos manualmente que se cumplan las leyes y regulaciones.<\/p>\n\n\n\n<p>Adem\u00e1s de eso, queremos educar a nuestros lectores para que se conviertan en jugadores m\u00e1s inteligentes y, a la larga, tambi\u00e9n en ganadores.&nbsp;Nuestros escritores tienen una amplia experiencia con las apuestas en l\u00ednea en Estados Unidos y, con su conocimiento, tu viaje en este entretenido pasatiempo puede ser m\u00e1s seguro y m\u00e1s rentable.<\/p>\n\n\n\t\t<\/article>\n\t\t<div class=\"lg:w-[300px] lg:flex-shrink-0 relative\" x-data=\"{show_toc: false}\">\n\t\t\t<div class=\"lg:sticky lg:top-4 z-30\">\n\t\t\t\t<div class=\"fixed -top-64 left-0 w-full z-50 lg:static transition-all hidden lg:block\" id=\"fixed-toc\">\n\t\t\t\t\t<div>\n\t\t\t\t<div class=\"border-b border-solid border-gray-30 text-lg font-bold lg:pt-7 max-lg:px-4 py-3 flex items-center justify-between bg-white lg:bg-transparent\">\n\t\t\tQu\u00e9 hay en esta p\u00e1gina\n\t\t\t<button @click=\"show_toc = true\" class=\"btn btn-red-outline-white block lg:hidden\">Jump to<\/button>\n\t\t<\/div>\n\t\t\t\t<div\n\t\t\tclass=\"max-lg:fixed max-lg:top-0 max-lg:left-0 max-lg:w-screen max-lg:h-screen max-lg:bg-gray-70 max-lg:bg-opacity-75 max-lg:hidden\"\n\t\t\t:class=\"{'max-lg:hidden': !show_toc}\"\n\t\t\t@click=\"show_toc = false\"\n\t\t>\n\t\t\t<div class=\"max-lg:absolute max-lg:bottom-0 max-lg:left-0 max-lg:w-screen bg-white lg:bg-transparent\">\n\t\t\t\t\t\t\t\t<div class=\"flex lg:hidden items-center justify-between mx-4 border-b border-solid border-gray-30 pt-6 pb-2 font-bold\">\n\n\t\t\t\t\tEn esta p\u00e1gina\n\t\t\t\t\t<button @click=\"show_toc = false\">\n\t\t\t\t\t\t<svg class=\"w-5 h-5 text-gray-100\" xmlns=\"http:\/\/www.w3.org\/2000\/svg\" fill=\"none\" stroke=\"currentColor\" stroke-width=\"1.5\" class=\"w-6 h-6\" viewBox=\"0 0 24 24\"><path stroke-linecap=\"round\" stroke-linejoin=\"round\" d=\"M6 18 18 6M6 6l12 12\"\/><\/svg>\t\t\t\t\t<\/button>\n\t\t\t\t<\/div>\n\t\t\t\t<ul id=\"toc\" class=\"mt-5 max-h-[85vh] overflow-y-auto list-none bt-scrollbars\">\n\n\t\t\t\t\t\t\t\t\t\t\t<li>\n\t\t\t\t\t\t\t<a href=\"#all-info-du-behover-kanna-till-om-lagar-och-regler-inom-betting\" data-bt-toc-item=\"all-info-du-behover-kanna-till-om-lagar-och-regler-inom-betting\"\n\t\t\t\t\t\t\t\t @click=\"show_toc = false\"\n\t\t\t\t\t\t\t\t class=\"block px-4 py-2 text-black border-l-4 border-solid border-transparent hover:border-red-100 transition-all hover:!border-b-0 hover:font-bold\">\nToda la informaci\u00f3n que necesitas saber sobre leyes y reglamentos en apuestas\n<\/a>\n\t\t\t\t\t\t<\/li>\n\t\t\t\t\t\t\t\t\t\t\t<li>\n\t\t\t\t\t\t\t<a href=\"#betting-com-besvarar-alla-dina-fragor-om-betting-i-sverige\" data-bt-toc-item=\"betting-com-besvarar-alla-dina-fragor-om-betting-i-sverige\"\n\t\t\t\t\t\t\t\t @click=\"show_toc = false\"\n\t\t\t\t\t\t\t\t class=\"block px-4 py-2 text-black border-l-4 border-solid border-transparent hover:border-red-100 transition-all hover:!border-b-0 hover:font-bold\">\nBetting.com responde a todas tus preguntas sobre las apuestas en Estados Unidos\n<\/a>\n\t\t\t\t\t\t<\/li>\n\t\t\t\t\t\t\t\t\t\t\t<li>\n\t\t\t\t\t\t\t<a href=\"#svenska-spelmarknaden-idag\" data-bt-toc-item=\"svenska-spelmarknaden-idag\"\n\t\t\t\t\t\t\t\t @click=\"show_toc = false\"\n\t\t\t\t\t\t\t\t class=\"block px-4 py-2 text-black border-l-4 border-solid border-transparent hover:border-red-100 transition-all hover:!border-b-0 hover:font-bold\">\n\u00bfPor qu\u00e9 confiar en Betting.com?\n<\/a>\n\t\t\t\t\t\t<\/li>\n\t\t\t\t\t\t\t\t\t<\/ul>\n\t\t\t\t\t\t\t\t\t\t\t<\/div>\n\t\t<\/div>\n\t<\/div>\n\t\t\t\t\t<\/div>\n\t\t\t<\/div>\n\t\t<\/div>\n\t<\/div>\n<\/div>\n\t<\/div>\n<\/div>\n\n","protected":false},"excerpt":{"rendered":"","protected":false},"author":9,"featured_media":0,"parent":0,"menu_order":0,"comment_status":"closed","ping_status":"closed","template":"","meta":{"footnotes":""},"tags":[],"acf":[],"_links":{"self":[{"href":"https:\/\/betting.com\/es\/wp-json\/wp\/v2\/pages\/1365"}],"collection":[{"href":"https:\/\/betting.com\/es\/wp-json\/wp\/v2\/pages"}],"about":[{"href":"https:\/\/betting.com\/es\/wp-json\/wp\/v2\/types\/page"}],"author":[{"embeddable":true,"href":"https:\/\/betting.com\/es\/wp-json\/wp\/v2\/users\/9"}],"replies":[{"embeddable":true,"href":"https:\/\/betting.com\/es\/wp-json\/wp\/v2\/comments?post=1365"}],"version-history":[{"count":4,"href":"https:\/\/betting.com\/es\/wp-json\/wp\/v2\/pages\/1365\/revisions"}],"predecessor-version":[{"id":11427,"href":"https:\/\/betting.com\/es\/wp-json\/wp\/v2\/pages\/1365\/revisions\/11427"}],"wp:attachment":[{"href":"https:\/\/betting.com\/es\/wp-json\/wp\/v2\/media?parent=1365"}],"wp:term":[{"taxonomy":"post_tag","embeddable":true,"href":"https:\/\/betting.com\/es\/wp-json\/wp\/v2\/tags?post=1365"}],"curies":[{"name":"wp","href":"https:\/\/api.w.org\/{rel}","templated":true}]}}