{"id":1187,"date":"2023-04-03T08:12:56","date_gmt":"2023-04-03T08:12:56","guid":{"rendered":"https:\/\/betting.com\/es\/?page_id=1187"},"modified":"2023-08-18T08:14:43","modified_gmt":"2023-08-18T08:14:43","slug":"sobre-nosotros","status":"publish","type":"page","link":"https:\/\/betting.com\/es\/sobre-nosotros","title":{"rendered":"Sobre nosotros"},"content":{"rendered":"<div class=\" container-white py-8\">\n\t<div class=\"wp-block-container-toc  \">\n\t\t\t<div class=\"bg-white\">\n\t<div class=\"flex flex-col-reverse lg:flex-row lg:gap-8 py-10\">\n\t\t<article class=\"max-w-[960px] flex-grow\" data-bt-content>\n\t\t\t\n\n<h2 class=\"wp-block-heading\" id=\"vilka-ar-vi\">Gu\u00eda de apuestas en Estados Unidos -Betting.com<\/h2>\n\n\n\n<p>El equipo detr\u00e1s de Betting.com est\u00e1 formado por apasionados expertos en apuestas que se unieron con una visi\u00f3n com\u00fan: crear una experiencia de apuestas deportivas del siguiente nivel.&nbsp;Al aumentar el equipo con diversas habilidades de todos los rincones del mundo de las apuestas deportivas, hemos creado un portal de juegos que es diferente de su sitio afiliado promedio.&nbsp;La visi\u00f3n se ha convertido en realidad.&nbsp;Betting.com est\u00e1 aqu\u00ed y r\u00e1pidamente estamos dejando nuestra huella.<\/p>\n\n\n\n<p>A lo largo del viaje, la experiencia del cliente ha sido la principal prioridad, y eso nunca cambiar\u00e1.&nbsp;\u00a1Somos una gran comunidad y esperamos darte la bienvenida a bordo!<\/p>\n\n\n\n<h2 class=\"wp-block-heading\" id=\"vad-gor-vi\">Nuestros objetivos <\/h2>\n\n\n\n<p>\u00a1Ahora llegamos a las cosas realmente buenas!&nbsp;En pocas palabras, Betting.com es tu entrada a herramientas y servicios GRATUITOS para ayudar a construir (y ejecutar) un plan integral de apuestas deportivas.&nbsp;Tenemos pronosticadores verificados y predicciones de expertos disponibles.<\/p>\n\n\n\n<h3 class=\"wp-block-heading\" id=\"speltips\">Consejos de juego<\/h3>\n\n\n\n<p>Obt\u00e9n los \u00faltimos consejos de apuestas de nuestros expertos.<\/p>\n\n\n\n<h3 class=\"wp-block-heading\" id=\"oddsjamforelse\">Comparaci\u00f3n de cuotas<\/h3>\n\n\n\n<p>Encuentra las mejores y m\u00e1s recientes cuotas para tu juego.<\/p>\n\n\n\n<h3 class=\"wp-block-heading\" id=\"statistik\">Estad\u00edsticas<\/h3>\n\n\n\n<p>Encuentra toneladas de estad\u00edsticas en nuestras p\u00e1ginas para ayudarte a realizar mejores apuestas.<\/p>\n\n\n\n<h3 class=\"wp-block-heading\" id=\"recensioner-av-bettingsidor\">Rese\u00f1as de sitios de apuestas<\/h3>\n\n\n\n<p>Compara diferentes sitios de apuestas y obt\u00e9n los mejores bonos.<\/p>\n\n\n\n<h3 class=\"wp-block-heading\" id=\"analyser-och-matchguider\">An\u00e1lisis y gu\u00edas de partidos<\/h3>\n\n\n\n<p>Obt\u00e9n an\u00e1lisis actualizados y gu\u00edas de partidos en una variedad de deportes.<\/p>\n\n\n\n<p>Porque nunca nos quedamos quietos, esperamos que Betting.com se desarrolle y crezca continuamente.&nbsp;Esto significa una amplia cobertura deportiva en todos nuestros mercados principales y adiciones regulares a nuestra red de expertos verificados.&nbsp;Puedes estar seguro de que tambi\u00e9n hemos hecho nuestra tarea en todas las casas de apuestas con las que trabajamos.&nbsp;Todos tienen credenciales comprobadas y tienen licencia para operar en su jurisdicci\u00f3n.<\/p>\n\n\n\n<h2 class=\"wp-block-heading\" id=\"que-hacemos\">\u00bfQu\u00e9 hacemos?<\/h2>\n\n\n\n<p>Nuestro equipo en Betting.com se enfoca en ayudar a todos los jugadores en Estados Unidos a tener una mejor experiencia de apuestas.&nbsp;Se trata tanto de c\u00f3mo empezar como, sobre todo, de c\u00f3mo elegir el sitio de apuestas adecuado.&nbsp;Nuestro objetivo es que todos los jugadores jueguen de forma responsable, pero tambi\u00e9n con la mejor informaci\u00f3n disponible.&nbsp;No es f\u00e1cil ganar a largo plazo en las apuestas, pero queremos ser parte de ese viaje para todos los jugadores en Estados Unidos.<\/p>\n\n\n\n<h3 class=\"wp-block-heading\" id=\"betting-com-historia\">Betting.com &#8211; Historia<\/h3>\n\n\n\n<p>La historia de Betting.com se remonta a 1994, cuando el sitio se registr\u00f3 por primera vez en un servidor de Canad\u00e1.&nbsp;A lo largo de los a\u00f1os, el sitio ha crecido constantemente a trav\u00e9s de varios cambios de propiedad y fue adquirido en 2020 por su propietario actual, Game Lounge Group.<\/p>\n\n\n\n<p>Betting.com ha cambiado tanto su apariencia como sus funciones en los \u00faltimos a\u00f1os, con el objetivo de brindar siempre una mejor experiencia a sus usuarios.&nbsp;Antes de 2023, se contrataron varias personas nuevas con una visi\u00f3n de c\u00f3mo el sitio deber\u00eda dar el siguiente paso en su desarrollo.&nbsp;Esperamos mostrar a todos nuestros lectores nuevas funciones y herramientas que llevar\u00e1n las apuestas en Estados Unidos al siguiente nivel.&nbsp;\u00a1Esperamos que te unas a nosotros en nuestro viaje y te conviertas en parte de esta historia!<\/p>\n\n\n\n<h2 class=\"wp-block-heading\" id=\"el-trabajo-en-betting-com\">El trabajo en Betting.com<\/h2>\n\n\n\n<p>Nuestro objetivo es convertirnos en el principal centro de apuestas del mundo, donde los apostadores deportivos y los pronosticadores puedan beneficiarse mutuamente de los servicios y herramientas que hemos creado.&nbsp;\u00a1Esperamos que nos acompa\u00f1es en el viaje!<\/p>\n\n\n\n<p>Adem\u00e1s de eso, nuestros escritores siempre se enfocan en pron\u00f3sticos y an\u00e1lisis de apuestas de alta calidad antes de los partidos, torneos o campeonatos.&nbsp;Eso, junto con recomendar las mejores cuotas del mercado, ser\u00e1 para siempre la piedra angular de nuestro trabajo.<\/p>\n\n\n\n<h2 class=\"wp-block-heading\" id=\"contacta-con-nosotros\">Contacta con nosotros<\/h2>\n\n\n\n<p>No dudes en ponerte en contacto con nosotros para que podamos resolver tus dudas y puedas empezar la mejor experiencia de apuestas posible. <\/p>\n\n\n\n<p>Correo electr\u00f3nico: <strong>info@betting.com<\/strong><\/p>\n\n\n\t\t<\/article>\n\t\t<div class=\"lg:w-[300px] lg:flex-shrink-0 relative\" x-data=\"{show_toc: false}\">\n\t\t\t<div class=\"lg:sticky lg:top-4 z-30\">\n\t\t\t\t<div class=\"fixed -top-64 left-0 w-full z-50 lg:static transition-all hidden lg:block\" id=\"fixed-toc\">\n\t\t\t\t\t<div>\n\t\t\t\t<div class=\"border-b border-solid border-gray-30 text-lg font-bold lg:pt-7 max-lg:px-4 py-3 flex items-center justify-between bg-white lg:bg-transparent\">\n\t\t\tQu\u00e9 hay en esta p\u00e1gina\n\t\t\t<button @click=\"show_toc = true\" class=\"btn btn-red-outline-white block lg:hidden\">Jump to<\/button>\n\t\t<\/div>\n\t\t\t\t<div\n\t\t\tclass=\"max-lg:fixed max-lg:top-0 max-lg:left-0 max-lg:w-screen max-lg:h-screen max-lg:bg-gray-70 max-lg:bg-opacity-75 max-lg:hidden\"\n\t\t\t:class=\"{'max-lg:hidden': !show_toc}\"\n\t\t\t@click=\"show_toc = false\"\n\t\t>\n\t\t\t<div class=\"max-lg:absolute max-lg:bottom-0 max-lg:left-0 max-lg:w-screen bg-white lg:bg-transparent\">\n\t\t\t\t\t\t\t\t<div class=\"flex lg:hidden items-center justify-between mx-4 border-b border-solid border-gray-30 pt-6 pb-2 font-bold\">\n\n\t\t\t\t\tEn esta p\u00e1gina\n\t\t\t\t\t<button @click=\"show_toc = false\">\n\t\t\t\t\t\t<svg class=\"w-5 h-5 text-gray-100\" xmlns=\"http:\/\/www.w3.org\/2000\/svg\" fill=\"none\" stroke=\"currentColor\" stroke-width=\"1.5\" class=\"w-6 h-6\" viewBox=\"0 0 24 24\"><path stroke-linecap=\"round\" stroke-linejoin=\"round\" d=\"M6 18 18 6M6 6l12 12\"\/><\/svg>\t\t\t\t\t<\/button>\n\t\t\t\t<\/div>\n\t\t\t\t<ul id=\"toc\" class=\"mt-5 max-h-[85vh] overflow-y-auto list-none bt-scrollbars\">\n\n\t\t\t\t\t\t\t\t\t\t\t<li>\n\t\t\t\t\t\t\t<a href=\"#vilka-ar-vi\" data-bt-toc-item=\"vilka-ar-vi\"\n\t\t\t\t\t\t\t\t @click=\"show_toc = false\"\n\t\t\t\t\t\t\t\t class=\"block px-4 py-2 text-black border-l-4 border-solid border-transparent hover:border-red-100 transition-all hover:!border-b-0 hover:font-bold\">\nGu\u00eda de apuestas en Estados Unidos -Betting.com\n<\/a>\n\t\t\t\t\t\t<\/li>\n\t\t\t\t\t\t\t\t\t\t\t<li>\n\t\t\t\t\t\t\t<a href=\"#vad-gor-vi\" data-bt-toc-item=\"vad-gor-vi\"\n\t\t\t\t\t\t\t\t @click=\"show_toc = false\"\n\t\t\t\t\t\t\t\t class=\"block px-4 py-2 text-black border-l-4 border-solid border-transparent hover:border-red-100 transition-all hover:!border-b-0 hover:font-bold\">\nNuestros objetivos \n<\/a>\n\t\t\t\t\t\t<\/li>\n\t\t\t\t\t\t\t\t\t\t\t<li>\n\t\t\t\t\t\t\t<a href=\"#que-hacemos\" data-bt-toc-item=\"que-hacemos\"\n\t\t\t\t\t\t\t\t @click=\"show_toc = false\"\n\t\t\t\t\t\t\t\t class=\"block px-4 py-2 text-black border-l-4 border-solid border-transparent hover:border-red-100 transition-all hover:!border-b-0 hover:font-bold\">\n\u00bfQu\u00e9 hacemos?\n<\/a>\n\t\t\t\t\t\t<\/li>\n\t\t\t\t\t\t\t\t\t\t\t<li>\n\t\t\t\t\t\t\t<a href=\"#el-trabajo-en-betting-com\" data-bt-toc-item=\"el-trabajo-en-betting-com\"\n\t\t\t\t\t\t\t\t @click=\"show_toc = false\"\n\t\t\t\t\t\t\t\t class=\"block px-4 py-2 text-black border-l-4 border-solid border-transparent hover:border-red-100 transition-all hover:!border-b-0 hover:font-bold\">\nEl trabajo en Betting.com\n<\/a>\n\t\t\t\t\t\t<\/li>\n\t\t\t\t\t\t\t\t\t\t\t<li>\n\t\t\t\t\t\t\t<a href=\"#contacta-con-nosotros\" data-bt-toc-item=\"contacta-con-nosotros\"\n\t\t\t\t\t\t\t\t @click=\"show_toc = false\"\n\t\t\t\t\t\t\t\t class=\"block px-4 py-2 text-black border-l-4 border-solid border-transparent hover:border-red-100 transition-all hover:!border-b-0 hover:font-bold\">\nContacta con nosotros\n<\/a>\n\t\t\t\t\t\t<\/li>\n\t\t\t\t\t\t\t\t\t<\/ul>\n\t\t\t\t\t\t\t\t\t\t\t<\/div>\n\t\t<\/div>\n\t<\/div>\n\t\t\t\t\t<\/div>\n\t\t\t<\/div>\n\t\t<\/div>\n\t<\/div>\n<\/div>\n\t<\/div>\n<\/div>\n\n","protected":false},"excerpt":{"rendered":"","protected":false},"author":9,"featured_media":0,"parent":0,"menu_order":0,"comment_status":"closed","ping_status":"closed","template":"","meta":{"footnotes":""},"tags":[],"acf":[],"_links":{"self":[{"href":"https:\/\/betting.com\/es\/wp-json\/wp\/v2\/pages\/1187"}],"collection":[{"href":"https:\/\/betting.com\/es\/wp-json\/wp\/v2\/pages"}],"about":[{"href":"https:\/\/betting.com\/es\/wp-json\/wp\/v2\/types\/page"}],"author":[{"embeddable":true,"href":"https:\/\/betting.com\/es\/wp-json\/wp\/v2\/users\/9"}],"replies":[{"embeddable":true,"href":"https:\/\/betting.com\/es\/wp-json\/wp\/v2\/comments?post=1187"}],"version-history":[{"count":10,"href":"https:\/\/betting.com\/es\/wp-json\/wp\/v2\/pages\/1187\/revisions"}],"predecessor-version":[{"id":10367,"href":"https:\/\/betting.com\/es\/wp-json\/wp\/v2\/pages\/1187\/revisions\/10367"}],"wp:attachment":[{"href":"https:\/\/betting.com\/es\/wp-json\/wp\/v2\/media?parent=1187"}],"wp:term":[{"taxonomy":"post_tag","embeddable":true,"href":"https:\/\/betting.com\/es\/wp-json\/wp\/v2\/tags?post=1187"}],"curies":[{"name":"wp","href":"https:\/\/api.w.org\/{rel}","templated":true}]}}