{"id":10518,"date":"2023-08-28T17:30:35","date_gmt":"2023-08-28T17:30:35","guid":{"rendered":"https:\/\/betting.com\/es\/?page_id=10518"},"modified":"2023-08-28T17:30:37","modified_gmt":"2023-08-28T17:30:37","slug":"informacion-publicitaria","status":"publish","type":"page","link":"https:\/\/betting.com\/es\/sobre-nosotros\/informacion-publicitaria","title":{"rendered":"Informaci\u00f3n publicitaria"},"content":{"rendered":"\n<p>Betting.com se esfuerza por proporcionar a los apostantes los conocimientos que necesitan para tomar decisiones informadas y mejorar sus experiencias de apuestas.&nbsp;<\/p>\n\n\n\n<p>Para lograr este objetivo, nuestros redactores profesionales de apuestas deportivas investigan a fondo y recomiendan diversos sitios de apuestas, productos y servicios adaptados a las diferentes preferencias. Nuestro dedicado equipo invierte incontables horas cada mes evaluando una amplia gama de opciones.<\/p>\n\n\n\n<p>Somos conscientes de la importancia de mantener nuestras operaciones. Para respaldar el valioso contenido que ofrecemos, tenemos acuerdos financieros con algunas de las casas de apuestas que aparecen en nuestra plataforma.&nbsp;<\/p>\n\n\n\n<p>Esto significa que, en algunos casos, podemos recibir una comisi\u00f3n cuando un lector hace clic en uno de los enlaces de nuestro sitio.<\/p>\n\n\n\n<p>Sin embargo, es esencial se\u00f1alar que estas asociaciones no influyen indebidamente en los consejos y recomendaciones que ofrecemos y no interfieren en nuestra fiabilidad.&nbsp;<\/p>\n\n\n\n<p>Aunque tenemos en cuenta las ofertas de nuestros socios entre los muchos productos y servicios que evaluamos, las recomendaciones finales que encontrar\u00e1 en nuestras p\u00e1ginas Mejores sitios y Selecciones y rese\u00f1as son el resultado independiente de la investigaci\u00f3n y la experiencia de nuestro equipo editorial.<\/p>\n\n\n\n<p>Ten por seguro que estamos comprometidos con la transparencia y con ofrecer a nuestros lectores una visi\u00f3n objetiva e imparcial para que tomen decisiones bien informadas a la hora de apostar.<\/p>\n","protected":false},"excerpt":{"rendered":"<p>Betting.com se esfuerza por proporcionar a los apostantes los conocimientos que necesitan para tomar decisiones informadas y mejorar sus experiencias de apuestas.&nbsp; Para lograr este objetivo, nuestros redactores profesionales de apuestas deportivas investigan a fondo y recomiendan diversos sitios de apuestas, productos y servicios adaptados a las diferentes preferencias. Nuestro dedicado equipo invierte incontables horas&#8230;<\/p>\n","protected":false},"author":38,"featured_media":0,"parent":1187,"menu_order":0,"comment_status":"closed","ping_status":"closed","template":"","meta":{"footnotes":""},"tags":[],"acf":[],"_links":{"self":[{"href":"https:\/\/betting.com\/es\/wp-json\/wp\/v2\/pages\/10518"}],"collection":[{"href":"https:\/\/betting.com\/es\/wp-json\/wp\/v2\/pages"}],"about":[{"href":"https:\/\/betting.com\/es\/wp-json\/wp\/v2\/types\/page"}],"author":[{"embeddable":true,"href":"https:\/\/betting.com\/es\/wp-json\/wp\/v2\/users\/38"}],"replies":[{"embeddable":true,"href":"https:\/\/betting.com\/es\/wp-json\/wp\/v2\/comments?post=10518"}],"version-history":[{"count":2,"href":"https:\/\/betting.com\/es\/wp-json\/wp\/v2\/pages\/10518\/revisions"}],"predecessor-version":[{"id":10521,"href":"https:\/\/betting.com\/es\/wp-json\/wp\/v2\/pages\/10518\/revisions\/10521"}],"up":[{"embeddable":true,"href":"https:\/\/betting.com\/es\/wp-json\/wp\/v2\/pages\/1187"}],"wp:attachment":[{"href":"https:\/\/betting.com\/es\/wp-json\/wp\/v2\/media?parent=10518"}],"wp:term":[{"taxonomy":"post_tag","embeddable":true,"href":"https:\/\/betting.com\/es\/wp-json\/wp\/v2\/tags?post=10518"}],"curies":[{"name":"wp","href":"https:\/\/api.w.org\/{rel}","templated":true}]}}