{"id":10514,"date":"2023-08-28T17:27:22","date_gmt":"2023-08-28T17:27:22","guid":{"rendered":"https:\/\/betting.com\/es\/?page_id=10514"},"modified":"2023-09-07T07:00:45","modified_gmt":"2023-09-07T13:00:45","slug":"politica-editorial","status":"publish","type":"page","link":"https:\/\/betting.com\/es\/sobre-nosotros\/politica-editorial","title":{"rendered":"POL\u00cdTICA EDITORIAL"},"content":{"rendered":"\n<p><strong>Visi\u00f3n general<\/strong><\/p>\n\n\n\n<p>Bienvenido a Betting.com, tu fuente de confianza para obtener informaci\u00f3n completa y fiable sobre apuestas. Nuestro objetivo es guiar a los apostantes como t\u00fa en la b\u00fasqueda de los mejores y m\u00e1s reputados sitios de apuestas, todos ellos probados y verificados por nuestro equipo de escritores profesionales de apuestas deportivas.&nbsp;<\/p>\n\n\n\n<p>Seguimos las siguientes directrices para garantizar que todo lo que te informamos te convertir\u00e1 en un apostante deportivo superior. Ya sean nuestras rese\u00f1as de apuestas deportivas, competiciones populares, estrategias de gesti\u00f3n del dinero, gu\u00edas de c\u00f3mo jugar, bonos o cualquier otra cosa, todo el contenido que escribimos est\u00e1 dedicado a ayudarte.<\/p>\n\n\n\n<p>Para lograr este objetivo, nos adherimos a un estricto c\u00f3digo editorial que hace hincapi\u00e9 en el asesoramiento imparcial, la precisi\u00f3n, la informaci\u00f3n clara, la divulgaci\u00f3n transparente de las fuentes, as\u00ed como un compromiso con las revisiones y la correcci\u00f3n de errores. A medida que te embarcas en tu viaje de apuestas, estamos a tu lado, ofreci\u00e9ndote un enfoque period\u00edstico fresco y descriptivo que te capacita para tomar decisiones informadas con confianza.<\/p>\n\n\n\n<p>Reconocemos la importancia de mantener nuestra continuidad operativa. Al mismo tiempo, nuestro compromiso con una comunicaci\u00f3n inquebrantablemente transparente y una perspectiva editorial honesta se mantiene firme en todos nuestros <a href=\"https:\/\/betting.com\/es\/sobre-nosotros\/informacion-publicitaria\">contenidos publicitarios publicados<\/a>. As\u00ed pues, aunque mantenemos acuerdos con casas de apuestas autorizadas que operan en diversos mercados, nuestras rese\u00f1as mantienen una base realista, fundamentada en an\u00e1lisis objetivos. Nuestras recomendaciones surgen de una perspectiva aut\u00e9ntica, lo que garantiza un punto de vista sincero en todo momento.<\/p>\n\n\n\n<p>He aqu\u00ed algunos de nuestros principios rectores:&nbsp;<\/p>\n\n\n\n<p><strong>1. Asesoramiento imparcial: Te damos la posibilidad de elegir<\/strong><\/p>\n\n\n\n<p>El c\u00f3digo editorial de Betting.com se basa en el principio de imparcialidad. Nuestros redactores deportivos profesionales se aseguran de que nuestras recomendaciones provengan de una perspectiva aut\u00e9ntica, garantizando un punto de vista sincero en todo momento.&nbsp;<\/p>\n\n\n\n<p>Nuestros consejos son imparciales y se centran en guiarte hacia las plataformas m\u00e1s fiables disponibles.&nbsp;<\/p>\n\n\n\n<p>Nuestro objetivo es empoderarte con opciones, para que puedas seleccionar con confianza los sitios de apuestas que se alinean con tus preferencias y necesidades.<\/p>\n\n\n\n<p><strong>2. Precisi\u00f3n: La base de la confianza<\/strong><\/p>\n\n\n\n<p>En Betting.com, nuestro equipo de escritores deportivos y expertos en apuestas presta especial atenci\u00f3n a la precisi\u00f3n. Llevamos a cabo una investigaci\u00f3n exhaustiva, nos basamos en datos y damos prioridad a las estad\u00edsticas verificadas para proporcionar informaci\u00f3n fiable y actualizada. Las recomendaciones de nuestro sitio, respaldadas por una evaluaci\u00f3n objetiva y cr\u00edtica, garantizan el asesoramiento m\u00e1s preciso y fiable para tomar decisiones de apuestas bien informadas.<\/p>\n\n\n\n<p><strong>3. Informaci\u00f3n clara: Navegar por la complejidad con claridad<\/strong><\/p>\n\n\n\n<p>Las apuestas pueden ser un mundo complejo. Para ayudarte a navegar por \u00e9l, nos esforzamos por presentar la informaci\u00f3n de forma clara, concisa y f\u00e1cilmente comprensible. Nuestros redactores deportivos elaboran contenidos accesibles para todos los apostantes. Explicamos la jerga y presentamos explicaciones que desmitifican el proceso de las apuestas.<\/p>\n\n\n\n<p><strong>4. Transparencia: El pilar de la confianza<\/strong><\/p>\n\n\n\n<p>La confianza es la base de nuestra relaci\u00f3n con nuestros lectores. Para mantener esta confianza, nos comprometemos a ser totalmente transparentes. Nuestro c\u00f3digo editorial nos obliga a revelar abiertamente nuestras fuentes de informaci\u00f3n. Basamos nuestras recomendaciones en datos acreditados y verificados de la industria de las apuestas, organizaciones deportivas, declaraciones oficiales y expertos. Esta transparencia garantiza que puedas tomar decisiones totalmente informadas sobre los sitios de apuestas que deseas explorar.<\/p>\n\n\n\n<p><strong>5. Revisiones y correcci\u00f3n de errores: Un viaje hacia la perfecci\u00f3n<\/strong><\/p>\n\n\n\n<p>Reconocemos que ocasionalmente pueden producirse errores. Nuestros redactores deportivos y nuestro equipo editorial fomentan activamente sus comentarios. Si encuentras alguna imprecisi\u00f3n o error en nuestros art\u00edculos, te rogamos que nos lo comuniques (betting.com\/es\/sobre-nosotros). Tus contribuciones son muy valiosas, y nos comprometemos a solucionar cualquier problema identificado con rapidez.<\/p>\n\n\n\n<h2 class=\"wp-block-heading\">Nuestro equipo editorial<\/h2>\n\n\n\n<p>S\u00f3lo empleamos a expertos en apuestas deportivas. Nuestro equipo incluye periodistas, personas con talento y conocimientos en sus respectivas disciplinas y deportes.<\/p>\n\n\n\n<p>&nbsp;Tienen experiencia en apuestas deportivas y en la industria del juego, y quieren que los apostantes se beneficien del contenido que escriben.&nbsp;<\/p>\n\n\n\n<p>Nuestro redactor jefe, los jefes de departamento y los expertos pueden comentar p\u00fablicamente sus conocimientos, as\u00ed como los servicios disponibles en betting.com, si se les pregunta.&nbsp;<\/p>\n\n\n\n<p>Puedes leer m\u00e1s sobre el <a href=\"https:\/\/betting.com\/es\/\">equipo de betting.com<\/a> aqu\u00ed.<\/p>\n","protected":false},"excerpt":{"rendered":"<p>Visi\u00f3n general Bienvenido a Betting.com, tu fuente de confianza para obtener informaci\u00f3n completa y fiable sobre apuestas. Nuestro objetivo es guiar a los apostantes como t\u00fa en la b\u00fasqueda de los mejores y m\u00e1s reputados sitios de apuestas, todos ellos probados y verificados por nuestro equipo de escritores profesionales de apuestas deportivas.&nbsp; Seguimos las siguientes&#8230;<\/p>\n","protected":false},"author":9,"featured_media":0,"parent":1187,"menu_order":0,"comment_status":"closed","ping_status":"closed","template":"","meta":{"footnotes":""},"tags":[],"acf":[],"_links":{"self":[{"href":"https:\/\/betting.com\/es\/wp-json\/wp\/v2\/pages\/10514"}],"collection":[{"href":"https:\/\/betting.com\/es\/wp-json\/wp\/v2\/pages"}],"about":[{"href":"https:\/\/betting.com\/es\/wp-json\/wp\/v2\/types\/page"}],"author":[{"embeddable":true,"href":"https:\/\/betting.com\/es\/wp-json\/wp\/v2\/users\/9"}],"replies":[{"embeddable":true,"href":"https:\/\/betting.com\/es\/wp-json\/wp\/v2\/comments?post=10514"}],"version-history":[{"count":4,"href":"https:\/\/betting.com\/es\/wp-json\/wp\/v2\/pages\/10514\/revisions"}],"predecessor-version":[{"id":10796,"href":"https:\/\/betting.com\/es\/wp-json\/wp\/v2\/pages\/10514\/revisions\/10796"}],"up":[{"embeddable":true,"href":"https:\/\/betting.com\/es\/wp-json\/wp\/v2\/pages\/1187"}],"wp:attachment":[{"href":"https:\/\/betting.com\/es\/wp-json\/wp\/v2\/media?parent=10514"}],"wp:term":[{"taxonomy":"post_tag","embeddable":true,"href":"https:\/\/betting.com\/es\/wp-json\/wp\/v2\/tags?post=10514"}],"curies":[{"name":"wp","href":"https:\/\/api.w.org\/{rel}","templated":true}]}}