{"id":99,"date":"2022-06-15T11:51:53","date_gmt":"2022-06-15T11:51:53","guid":{"rendered":"https:\/\/betting.com\/de\/?page_id=99"},"modified":"2023-08-02T12:31:08","modified_gmt":"2023-08-02T12:31:08","slug":"tipps","status":"publish","type":"page","link":"https:\/\/betting.com\/de\/boxen\/tipps","title":{"rendered":"Boxen Wett Tipps"},"content":{"rendered":"<div class=\" container-white py-8\">\n\t<div class=\"wp-block-container-toc  \">\n\t\t\t<div class=\"bg-white\">\n\t<div class=\"flex flex-col-reverse lg:flex-row lg:gap-8 py-10\">\n\t\t<article class=\"max-w-[960px] flex-grow\" data-bt-content>\n\t\t\t\n<h2 class=\"wp-block-heading\" id=\"boxen-wettipps-fur-die-heutigen-veranstaltungen\">Boxen-Wettipps f\u00fcr die heutigen Veranstaltungen<\/h2>\n\n\n\n<p>Box Wett-Tipps sind die perfekte Wahl, wenn Sie sich fragen, auf welchen Boxer Sie Ihre Wetten abgeben sollen. Die Box-Tipster sind stark auf den Sport fokussiert, sie verfolgen die K\u00e4mpfer genau. Sie sind gut vorbereitet und liefern wertvolle Gratis-Boxtipps f\u00fcr alle bekannten und weniger bekannten K\u00e4mpfe. Wir verifizieren alle Box-Wett-Tipps mit unserem Algorithmus.<\/p>\n\n\n\n<h2 class=\"wp-block-heading\" id=\"box-wett-tipps-einleitung\">Box-Wett-Tipps: Einleitung<\/h2>\n\n\n\n<p>Boxwetten gibt es schon so lange wie den Sport selbst (etwa 5000 Jahre), was ihn zum dienst\u00e4ltesten Sportwetten-Zeitvertreib macht, der heute noch lebendig ist. Die Crossover-Attraktivit\u00e4t des Boxens unter Sportfans &#8211; insbesondere unter den Liebhabern von Kontaktsportarten &#8211; ist enorm und die Mehrheit der Hardcore-Fu\u00dfball-, Rugby- und NFL-Sportwetten-Anbieter wettet regelm\u00e4\u00dfig auf Boxwettk\u00e4mpfe.<\/p>\n\n\n\n<p>Dank Satellitenfernsehen und Rundfunkanstalten k\u00f6nnen die Wett-Liebhaber auf Sportwetten die Atmosph\u00e4re auf dem MGM Grand in Las Vegas oder in der O2-Arena in London virtuell nachempfinden und das gesamte Geschehen live in HD auf ihren 50-Zoll-Bildschirmen direkt im Wohnzimmer verfolgen.<\/p>\n\n\n\n<h2 class=\"wp-block-heading\" id=\"box-wett-tipps-stilistische-ubereinstimmungen-verstehen\">Box-Wett-Tipps: Stilistische \u00dcbereinstimmungen verstehen<\/h2>\n\n\n\n<p>Nicht alle Boxer sind gleich gebaut und nicht alle k\u00e4mpfen gegen jeden Boxstil gleich. Sie m\u00fcssen verstehen, welchen Boxstil der jeweilige Boxer, auf die Sie wetten, bevorzugt und wie er \u00fcblicherweise mit dem Stil seines n\u00e4chsten Gegners klar kommt.<\/p>\n\n\n\n<p>Wenn ein Boxer ein Power Puncher ist, der gegen Geschwindigkeit und Schnelligkeit k\u00e4mpft, ist es wahrscheinlich nicht klug, auf ihn zu wetten, wenn er sich gegen einen superschnellen Boxer behaupten muss. Auch wenn es sich um einen Konterk\u00e4mpfer handelt, der gegen einen anderen Konterk\u00e4mpfer k\u00e4mpfen muss, sollten Sie darauf lieber nicht wetten.<\/p>\n\n\n\n<ul><li>Nehmen Sie sich Zeit, um den Stil des Boxers und den seines Gegners zu verstehen. Versuchen Sie, K\u00e4mpfe zu finden, die der jeweilige Boxer in der Vergangenheit gegen Boxer mit diesem Stil gef\u00fchrt hat.<\/li><\/ul>\n\n\n\n<ul><li>Achten Sie darauf, dass Sie diese Recherchen f\u00fcr beide Kontrahenten durchf\u00fchren.<\/li><\/ul>\n\n\n\n<ul><li>Nehmen wir beispielsweise an, Sie stellen fest, dass der K\u00e4mpfer, auf den Sie wetten wollen, gegen Konterk\u00e4mpfer nicht gut abschneidet und der n\u00e4chste Kampf gegen einen Konterk\u00e4mpfer stattfindet.<\/li><\/ul>\n\n\n\n<ul><li>Dann sollten Sie darauf lieber keine Wette abgeben.<\/li><\/ul>\n\n\n\n<h2 class=\"wp-block-heading\" id=\"box-wett-tipps-die-technik-beim-boxen\">Box-Wett-Tipps: Die Technik beim Boxen<\/h2>\n\n\n\n<p>Jeder liebt die schweren Schl\u00e4ger und die Boxer, die schwere Gesch\u00fctze auffahren, um zu versuchen, den Gegner auszuschalten. Aber das Problem bei dieser Art von K\u00e4mpfern ist, dass sich die Boxer gegen einen talentierten und technisch versierten Gegner viel \u00c4rger einhandeln k\u00f6nnen.&nbsp;<\/p>\n\n\n\n<p>Achten Sie darauf, dass Sie sich nicht von einem aufregenden Boxer mitrei\u00dfen lassen, denn wenn Ihr Boxer unterlegen ist, ist der Kampf eine echte Qual und Ihr Boxer ist entweder vor der letzten Glocke zerm\u00fcrbt und besiegt oder wird per Entscheidung des Kampfrichters recht m\u00fchelos geschlagen.<\/p>\n\n\n\n<p>Um die Boxtechnik beurteilen zu k\u00f6nnen, m\u00fcssen Sie \u00fcber ein gewisses Wissen im Boxen verf\u00fcgen, das \u00fcber das hinausgeht, was der Gelegenheitsfan wei\u00df. Wir sagen nicht, dass Sie selbst in den Ring gehen m\u00fcssen, aber es w\u00fcrde sicherlich helfen.&nbsp;<\/p>\n\n\n\n<p>Was Sie tun k\u00f6nnen, ist, sich einige kostenlose Trainingsvideos auf YouTube anzusehen und sich damit vertraut zu machen, wie die richtige Technik aussieht.<\/p>\n\n\n\n<h2 class=\"wp-block-heading\" id=\"boxturniere-und-wettkampfe-die-von-betting-com-abgedeckt-werden\">Boxturniere und Wettk\u00e4mpfe, die von Betting.com abgedeckt werden<\/h2>\n\n\n\n<p>Wenn es um Box-Wett-Tipps geht, geht es um Events, die f\u00fcr die Weltmeisterschaften der wichtigsten Ligen, die das Geschehen weltweit steuern, g\u00fcltig sind. Es ist in der Tat bekannt, dass es f\u00fcnf Verb\u00e4nde gibt, die Weltmeistertitel vergeben, sowohl f\u00fcr die Herren als auch f\u00fcr die Damen.<\/p>\n\n\n\n<p>Trotz dieser Tatsache gibt es viele nicht sonderlich beliebte K\u00e4mpfe, bei denen die Buchmacher ihre Quoten nicht so sorgf\u00e4ltig errechnen. Die professionellen Tipster, die einen Mehrwert f\u00fcr die Wetten von Spielern suchen, sind sich dieser Tatsache bewusst. Sie \u00fcberpr\u00fcfen die jeweiligen Buchmacher regelm\u00e4\u00dfig auf Fehler und geben ihren Anh\u00e4ngern oft wertvolle Wett-Tipps.<\/p>\n\n\n\n<p><strong>In der folgenden Tabelle haben wir die beliebtesten Box-Ligen aufgelistet:<\/strong><\/p>\n\n\n\n<ul><li>WBA Panama &#8211; Gr\u00fcndungsjahr &#8211; 1962<\/li><\/ul>\n\n\n\n<ul><li>WBC Mexiko &#8211; Gr\u00fcndungsjahr &#8211; 1963<\/li><\/ul>\n\n\n\n<ul><li>WBO Porto Rico &#8211; Gr\u00fcndungsjahr &#8211; 1988<\/li><\/ul>\n\n\n\n<ul><li>IBF USA &#8211; Gr\u00fcndungsjahr -1983<\/li><\/ul>\n\n\n\n<p>W\u00e4hrend der Austragungsjahre der Olympischen Spiele sind auch alle Spiele, die im Vorfeld der Medaillenvergabe g\u00fcltig sind, eindeutig eingeschlossen.&nbsp;<\/p>\n\n\n\n<p>In letzter Zeit werden Box-Wetten auch mit Wetten auf K\u00e4mpfe kombiniert, die von der Ultimate Fight Championship (UFC), der einflussreichsten Organisation auf dem Gebiet der Mixed Martial Arts, organisiert werden.&nbsp;<\/p>\n\n\n\n<p>Diese Disziplin gewinnt eine stetig weiter wachsende Anh\u00e4ngerschaft. Kurz gesagt, es mangelt sicher nicht an der Auswahl \u2013 also Vorsicht, jeder kann sich bei der gro\u00dfen Vielzahl von M\u00e4rkten verirren.<\/p>\n\n\t\t<\/article>\n\t\t<div class=\"lg:w-[300px] lg:flex-shrink-0 relative\" x-data=\"{show_toc: false}\">\n\t\t\t<div class=\"lg:sticky lg:top-4 z-30\">\n\t\t\t\t<div class=\"fixed -top-64 left-0 w-full z-50 lg:static transition-all hidden lg:block\" id=\"fixed-toc\">\n\t\t\t\t\t<div>\n\t\t\t\t<div class=\"border-b border-solid border-gray-30 text-lg font-bold lg:pt-7 max-lg:px-4 py-3 flex items-center justify-between bg-white lg:bg-transparent\">\n\t\t\tWas gibt es auf dieser Seite\n\t\t\t<button @click=\"show_toc = true\" class=\"btn btn-red-outline-white block lg:hidden\">Jump to<\/button>\n\t\t<\/div>\n\t\t\t\t<div\n\t\t\tclass=\"max-lg:fixed max-lg:top-0 max-lg:left-0 max-lg:w-screen max-lg:h-screen max-lg:bg-gray-70 max-lg:bg-opacity-75 max-lg:hidden\"\n\t\t\t:class=\"{'max-lg:hidden': !show_toc}\"\n\t\t\t@click=\"show_toc = false\"\n\t\t>\n\t\t\t<div class=\"max-lg:absolute max-lg:bottom-0 max-lg:left-0 max-lg:w-screen bg-white lg:bg-transparent\">\n\t\t\t\t\t\t\t\t<div class=\"flex lg:hidden items-center justify-between mx-4 border-b border-solid border-gray-30 pt-6 pb-2 font-bold\">\n\n\t\t\t\t\tAuf dieser Seite\n\t\t\t\t\t<button @click=\"show_toc = false\">\n\t\t\t\t\t\t<svg class=\"w-5 h-5 text-gray-100\" xmlns=\"http:\/\/www.w3.org\/2000\/svg\" fill=\"none\" stroke=\"currentColor\" stroke-width=\"1.5\" class=\"w-6 h-6\" viewBox=\"0 0 24 24\"><path stroke-linecap=\"round\" stroke-linejoin=\"round\" d=\"M6 18 18 6M6 6l12 12\"\/><\/svg>\t\t\t\t\t<\/button>\n\t\t\t\t<\/div>\n\t\t\t\t<ul id=\"toc\" class=\"mt-5 max-h-[85vh] overflow-y-auto list-none bt-scrollbars\">\n\n\t\t\t\t\t\t\t\t\t\t\t<li>\n\t\t\t\t\t\t\t<a href=\"#boxen-wettipps-fur-die-heutigen-veranstaltungen\" data-bt-toc-item=\"boxen-wettipps-fur-die-heutigen-veranstaltungen\"\n\t\t\t\t\t\t\t\t @click=\"show_toc = false\"\n\t\t\t\t\t\t\t\t class=\"block px-4 py-2 text-black border-l-4 border-solid border-transparent hover:border-red-100 transition-all hover:!border-b-0 hover:font-bold\">\nBoxen-Wettipps f\u00fcr die heutigen Veranstaltungen\n<\/a>\n\t\t\t\t\t\t<\/li>\n\t\t\t\t\t\t\t\t\t\t\t<li>\n\t\t\t\t\t\t\t<a href=\"#box-wett-tipps-einleitung\" data-bt-toc-item=\"box-wett-tipps-einleitung\"\n\t\t\t\t\t\t\t\t @click=\"show_toc = false\"\n\t\t\t\t\t\t\t\t class=\"block px-4 py-2 text-black border-l-4 border-solid border-transparent hover:border-red-100 transition-all hover:!border-b-0 hover:font-bold\">\nBox-Wett-Tipps: Einleitung\n<\/a>\n\t\t\t\t\t\t<\/li>\n\t\t\t\t\t\t\t\t\t\t\t<li>\n\t\t\t\t\t\t\t<a href=\"#box-wett-tipps-stilistische-ubereinstimmungen-verstehen\" data-bt-toc-item=\"box-wett-tipps-stilistische-ubereinstimmungen-verstehen\"\n\t\t\t\t\t\t\t\t @click=\"show_toc = false\"\n\t\t\t\t\t\t\t\t class=\"block px-4 py-2 text-black border-l-4 border-solid border-transparent hover:border-red-100 transition-all hover:!border-b-0 hover:font-bold\">\nBox-Wett-Tipps: Stilistische \u00dcbereinstimmungen verstehen\n<\/a>\n\t\t\t\t\t\t<\/li>\n\t\t\t\t\t\t\t\t\t\t\t<li>\n\t\t\t\t\t\t\t<a href=\"#box-wett-tipps-die-technik-beim-boxen\" data-bt-toc-item=\"box-wett-tipps-die-technik-beim-boxen\"\n\t\t\t\t\t\t\t\t @click=\"show_toc = false\"\n\t\t\t\t\t\t\t\t class=\"block px-4 py-2 text-black border-l-4 border-solid border-transparent hover:border-red-100 transition-all hover:!border-b-0 hover:font-bold\">\nBox-Wett-Tipps: Die Technik beim Boxen\n<\/a>\n\t\t\t\t\t\t<\/li>\n\t\t\t\t\t\t\t\t\t\t\t<li>\n\t\t\t\t\t\t\t<a href=\"#boxturniere-und-wettkampfe-die-von-betting-com-abgedeckt-werden\" data-bt-toc-item=\"boxturniere-und-wettkampfe-die-von-betting-com-abgedeckt-werden\"\n\t\t\t\t\t\t\t\t @click=\"show_toc = false\"\n\t\t\t\t\t\t\t\t class=\"block px-4 py-2 text-black border-l-4 border-solid border-transparent hover:border-red-100 transition-all hover:!border-b-0 hover:font-bold\">\nBoxturniere und Wettk\u00e4mpfe, die von Betting.com abgedeckt werden\n<\/a>\n\t\t\t\t\t\t<\/li>\n\t\t\t\t\t\t\t\t\t<\/ul>\n\t\t\t\t\t\t\t\t\t\t\t<\/div>\n\t\t<\/div>\n\t<\/div>\n\t\t\t\t\t<\/div>\n\t\t\t<\/div>\n\t\t<\/div>\n\t<\/div>\n<\/div>\n\t<\/div>\n<\/div>\n\n","protected":false},"excerpt":{"rendered":"","protected":false},"author":6,"featured_media":485,"parent":968,"menu_order":1000,"comment_status":"closed","ping_status":"closed","template":"","meta":{"footnotes":""},"tags":[],"acf":[],"_links":{"self":[{"href":"https:\/\/betting.com\/de\/wp-json\/wp\/v2\/pages\/99"}],"collection":[{"href":"https:\/\/betting.com\/de\/wp-json\/wp\/v2\/pages"}],"about":[{"href":"https:\/\/betting.com\/de\/wp-json\/wp\/v2\/types\/page"}],"author":[{"embeddable":true,"href":"https:\/\/betting.com\/de\/wp-json\/wp\/v2\/users\/6"}],"replies":[{"embeddable":true,"href":"https:\/\/betting.com\/de\/wp-json\/wp\/v2\/comments?post=99"}],"version-history":[{"count":4,"href":"https:\/\/betting.com\/de\/wp-json\/wp\/v2\/pages\/99\/revisions"}],"predecessor-version":[{"id":6155,"href":"https:\/\/betting.com\/de\/wp-json\/wp\/v2\/pages\/99\/revisions\/6155"}],"up":[{"embeddable":true,"href":"https:\/\/betting.com\/de\/wp-json\/wp\/v2\/pages\/968"}],"wp:featuredmedia":[{"embeddable":true,"href":"https:\/\/betting.com\/de\/wp-json\/wp\/v2\/media\/485"}],"wp:attachment":[{"href":"https:\/\/betting.com\/de\/wp-json\/wp\/v2\/media?parent=99"}],"wp:term":[{"taxonomy":"post_tag","embeddable":true,"href":"https:\/\/betting.com\/de\/wp-json\/wp\/v2\/tags?post=99"}],"curies":[{"name":"wp","href":"https:\/\/api.w.org\/{rel}","templated":true}]}}