{"id":989,"date":"2023-04-04T11:35:03","date_gmt":"2023-04-04T11:35:03","guid":{"rendered":"https:\/\/betting.com\/de\/?page_id=989"},"modified":"2023-08-02T12:31:05","modified_gmt":"2023-08-02T12:31:05","slug":"allsvenskan","status":"publish","type":"page","link":"https:\/\/betting.com\/de\/allsvenskan","title":{"rendered":"Allsvenskan"},"content":{"rendered":"<div class=\" container-white py-8\">\n\t<div class=\"wp-block-container-toc  \">\n\t\t\t<div class=\"bg-white\">\n\t<div class=\"flex flex-col-reverse lg:flex-row lg:gap-8 py-10\">\n\t\t<article class=\"max-w-[960px] flex-grow\" data-bt-content>\n\t\t\t\n<p>Die Allsvenskan, auch bekannt als Fotbollsallsvenskan, ist eine schwedische Profiliga f\u00fcr Verbandsfu\u00dfballvereine der M\u00e4nner. Sie wurde 1924 gegr\u00fcndet und ist die oberste Spielklasse des schwedischen Ligasystems, die nach einem Auf- und Abstiegssystem mit der Superettan funktioniert. Die Spielzeit dauert von Ende M\u00e4rz oder Anfang April bis Anfang November, wobei die 16 Vereine jeweils zweimal aufeinander treffen, was eine Saison mit 30 Spielen ergibt, also insgesamt 240 Spiele in der Liga.<\/p>\n\n\n\n<p>Die Allsvenskan liegt im UEFA-Koeffizienten der Ligen, der auf den Leistungen in den europ\u00e4ischen Wettbewerben der letzten f\u00fcnf Jahre basiert, auf Platz 23. Die Allsvenskan ist derzeit nach Norwegen und D\u00e4nemark die dritth\u00f6chste Liga in Skandinavien. Der aktuelle Meister ist BK H\u00e4cken, der in der Saison 2022 den Titel gewann.<\/p>\n\n\t\t<\/article>\n\t\t<div class=\"lg:w-[300px] lg:flex-shrink-0 relative\" x-data=\"{show_toc: false}\">\n\t\t\t<div class=\"lg:sticky lg:top-4 z-30\">\n\t\t\t\t<div class=\"fixed -top-64 left-0 w-full z-50 lg:static transition-all hidden lg:block\" id=\"fixed-toc\">\n\t\t\t\t\t<div>\n\t\t\t\t<div\n\t\t\tclass=\"max-lg:fixed max-lg:top-0 max-lg:left-0 max-lg:w-screen max-lg:h-screen max-lg:bg-gray-70 max-lg:bg-opacity-75 max-lg:hidden\"\n\t\t\t:class=\"{'max-lg:hidden': !show_toc}\"\n\t\t\t@click=\"show_toc = false\"\n\t\t>\n\t\t\t<div class=\"max-lg:absolute max-lg:bottom-0 max-lg:left-0 max-lg:w-screen bg-white lg:bg-transparent\">\n\t\t\t\t\t\t\t\t\t\t\t<\/div>\n\t\t<\/div>\n\t<\/div>\n\t\t\t\t\t<\/div>\n\t\t\t<\/div>\n\t\t<\/div>\n\t<\/div>\n<\/div>\n\t<\/div>\n<\/div>\n\n","protected":false},"excerpt":{"rendered":"","protected":false},"author":38,"featured_media":0,"parent":0,"menu_order":0,"comment_status":"closed","ping_status":"closed","template":"","meta":{"footnotes":""},"tags":[],"acf":[],"_links":{"self":[{"href":"https:\/\/betting.com\/de\/wp-json\/wp\/v2\/pages\/989"}],"collection":[{"href":"https:\/\/betting.com\/de\/wp-json\/wp\/v2\/pages"}],"about":[{"href":"https:\/\/betting.com\/de\/wp-json\/wp\/v2\/types\/page"}],"author":[{"embeddable":true,"href":"https:\/\/betting.com\/de\/wp-json\/wp\/v2\/users\/38"}],"replies":[{"embeddable":true,"href":"https:\/\/betting.com\/de\/wp-json\/wp\/v2\/comments?post=989"}],"version-history":[{"count":3,"href":"https:\/\/betting.com\/de\/wp-json\/wp\/v2\/pages\/989\/revisions"}],"predecessor-version":[{"id":6238,"href":"https:\/\/betting.com\/de\/wp-json\/wp\/v2\/pages\/989\/revisions\/6238"}],"wp:attachment":[{"href":"https:\/\/betting.com\/de\/wp-json\/wp\/v2\/media?parent=989"}],"wp:term":[{"taxonomy":"post_tag","embeddable":true,"href":"https:\/\/betting.com\/de\/wp-json\/wp\/v2\/tags?post=989"}],"curies":[{"name":"wp","href":"https:\/\/api.w.org\/{rel}","templated":true}]}}