{"id":987,"date":"2023-04-04T11:31:07","date_gmt":"2023-04-04T11:31:07","guid":{"rendered":"https:\/\/betting.com\/de\/?page_id=987"},"modified":"2023-08-02T12:31:05","modified_gmt":"2023-08-02T12:31:05","slug":"argentinische-primera-division","status":"publish","type":"page","link":"https:\/\/betting.com\/de\/argentinische-primera-division","title":{"rendered":"Argentinische Primera Division"},"content":{"rendered":"<div class=\" container-white py-8\">\n\t<div class=\"wp-block-container-toc  \">\n\t\t\t<div class=\"bg-white\">\n\t<div class=\"flex flex-col-reverse lg:flex-row lg:gap-8 py-10\">\n\t\t<article class=\"max-w-[960px] flex-grow\" data-bt-content>\n\t\t\t\n<p>Mit der ersten Meisterschaft im Jahr 1891 war Argentinien das erste Land au\u00dferhalb des Vereinigten K\u00f6nigreichs (wo 1888 die Football League und 1890 die schottische und irische Fu\u00dfballliga gegr\u00fcndet wurden), das eine Fu\u00dfballliga einrichtete.<br>In den ersten Jahren geh\u00f6rten nur Mannschaften aus Buenos Aires, Gro\u00df-Buenos Aires, La Plata und Rosariow dem nationalen Verband an. In sp\u00e4teren Jahren traten Mannschaften aus anderen St\u00e4dten bei.<\/p>\n\n\n\n<p>Die Primera Divisi\u00f3n wurde 1931 zum Profifu\u00dfball, als sich 18 Vereine von den Amateurligen abspalteten und eine Profiliga gr\u00fcndeten. Seitdem wird die Saison j\u00e4hrlich in vier verschiedenen Formaten und Kalendern ausgetragen.<\/p>\n\n\t\t<\/article>\n\t\t<div class=\"lg:w-[300px] lg:flex-shrink-0 relative\" x-data=\"{show_toc: false}\">\n\t\t\t<div class=\"lg:sticky lg:top-4 z-30\">\n\t\t\t\t<div class=\"fixed -top-64 left-0 w-full z-50 lg:static transition-all hidden lg:block\" id=\"fixed-toc\">\n\t\t\t\t\t<div>\n\t\t\t\t<div\n\t\t\tclass=\"max-lg:fixed max-lg:top-0 max-lg:left-0 max-lg:w-screen max-lg:h-screen max-lg:bg-gray-70 max-lg:bg-opacity-75 max-lg:hidden\"\n\t\t\t:class=\"{'max-lg:hidden': !show_toc}\"\n\t\t\t@click=\"show_toc = false\"\n\t\t>\n\t\t\t<div class=\"max-lg:absolute max-lg:bottom-0 max-lg:left-0 max-lg:w-screen bg-white lg:bg-transparent\">\n\t\t\t\t\t\t\t\t\t\t\t<\/div>\n\t\t<\/div>\n\t<\/div>\n\t\t\t\t\t<\/div>\n\t\t\t<\/div>\n\t\t<\/div>\n\t<\/div>\n<\/div>\n\t<\/div>\n<\/div>\n\n","protected":false},"excerpt":{"rendered":"","protected":false},"author":38,"featured_media":0,"parent":0,"menu_order":0,"comment_status":"closed","ping_status":"closed","template":"","meta":{"footnotes":""},"tags":[],"acf":[],"_links":{"self":[{"href":"https:\/\/betting.com\/de\/wp-json\/wp\/v2\/pages\/987"}],"collection":[{"href":"https:\/\/betting.com\/de\/wp-json\/wp\/v2\/pages"}],"about":[{"href":"https:\/\/betting.com\/de\/wp-json\/wp\/v2\/types\/page"}],"author":[{"embeddable":true,"href":"https:\/\/betting.com\/de\/wp-json\/wp\/v2\/users\/38"}],"replies":[{"embeddable":true,"href":"https:\/\/betting.com\/de\/wp-json\/wp\/v2\/comments?post=987"}],"version-history":[{"count":3,"href":"https:\/\/betting.com\/de\/wp-json\/wp\/v2\/pages\/987\/revisions"}],"predecessor-version":[{"id":6237,"href":"https:\/\/betting.com\/de\/wp-json\/wp\/v2\/pages\/987\/revisions\/6237"}],"wp:attachment":[{"href":"https:\/\/betting.com\/de\/wp-json\/wp\/v2\/media?parent=987"}],"wp:term":[{"taxonomy":"post_tag","embeddable":true,"href":"https:\/\/betting.com\/de\/wp-json\/wp\/v2\/tags?post=987"}],"curies":[{"name":"wp","href":"https:\/\/api.w.org\/{rel}","templated":true}]}}