{"id":975,"date":"2023-04-04T11:07:10","date_gmt":"2023-04-04T11:07:10","guid":{"rendered":"https:\/\/betting.com\/de\/?page_id=975"},"modified":"2023-08-02T12:31:05","modified_gmt":"2023-08-02T12:31:05","slug":"serie-a","status":"publish","type":"page","link":"https:\/\/betting.com\/de\/serie-a","title":{"rendered":"Serie A"},"content":{"rendered":"<div class=\" container-white py-8\">\n\t<div class=\"wp-block-container-toc  \">\n\t\t\t<div class=\"bg-white\">\n\t<div class=\"flex flex-col-reverse lg:flex-row lg:gap-8 py-10\">\n\t\t<article class=\"max-w-[960px] flex-grow\" data-bt-content>\n\t\t\t\n<p><br>Doch trotz ihrer unglaublichen Geschichte ist die Serie A auch heute noch genauso faszinierend. Viele Mannschaften der Serie A, die einst f\u00fcr ihre taktische Spielweise bekannt waren, spielen heute einen ausdrucksstarken und offensiven Fu\u00dfball.<\/p>\n\n\n\n<p>Ganz gleich, ob es sich um ein Spiel im Rennen um den Scudetto oder um den Kampf gegen den Abstieg in die Serie B handelt, Wetten auf die Serie A sind immer unterhaltsam und spannend.<\/p>\n\n\n\n<p><strong>Es gibt zwei Arten von Wetten f\u00fcr Spiele der Serie A:<\/strong><\/p>\n\n\n\n<ul><li>Spiel<\/li><li>Outright<\/li><\/ul>\n\n\n\n<h3 class=\"wp-block-heading\" id=\"wetten-auf-das-spiel\">Wetten auf das Spiel<\/h3>\n\n\n\n<p>Unter Match-Wetten versteht man alle Wetten, die Sie w\u00e4hrend eines Spiels abschlie\u00dfen k\u00f6nnen. Dabei k\u00f6nnen Sie entweder vor dem Spiel (vor dem Anpfiff) oder w\u00e4hrend des Spiels (nach dem Anpfiff) wetten.<\/p>\n\n\n\n<p>Es gibt buchst\u00e4blich Hunderte von Wettm\u00e4rkten f\u00fcr jedes einzelne Spiel der Serie A, wobei einige der beliebtesten sind:<\/p>\n\n\n\n<ul><li><strong>Sieg\/Unentschieden\/Sieg<\/strong><\/li><li><strong>Beide Teams erzielen ein Tor<\/strong><\/li><li><strong>Richtiges Ergebnis<\/strong><\/li><li><strong>\u00dcber\/Unter Gesamttore<\/strong><\/li><li><strong>Erster Torsch\u00fctze<\/strong><\/li><li><strong>Jederzeit Torsch\u00fctze<\/strong><\/li><\/ul>\n\n\n\n<h3 class=\"wp-block-heading\" id=\"outright-wetten\">Outright-Wetten<\/h3>\n\n\n\n<p>Outright-Wetten sind Wetten auf alles, was im Laufe der Saison passieren wird, wobei einige der beliebtesten Wetten sind:<\/p>\n\n\n\n<ul><li><strong>Unmittelbarer Sieger<\/strong><\/li><li><strong>Platz unter den ersten Vier<\/strong><\/li><li><strong>Abstieg<\/strong><\/li><li><strong>Spieler Torsch\u00fctzenk\u00f6nig<\/strong><\/li><\/ul>\n\n\t\t<\/article>\n\t\t<div class=\"lg:w-[300px] lg:flex-shrink-0 relative\" x-data=\"{show_toc: false}\">\n\t\t\t<div class=\"lg:sticky lg:top-4 z-30\">\n\t\t\t\t<div class=\"fixed -top-64 left-0 w-full z-50 lg:static transition-all hidden lg:block\" id=\"fixed-toc\">\n\t\t\t\t\t<div>\n\t\t\t\t<div\n\t\t\tclass=\"max-lg:fixed max-lg:top-0 max-lg:left-0 max-lg:w-screen max-lg:h-screen max-lg:bg-gray-70 max-lg:bg-opacity-75 max-lg:hidden\"\n\t\t\t:class=\"{'max-lg:hidden': !show_toc}\"\n\t\t\t@click=\"show_toc = false\"\n\t\t>\n\t\t\t<div class=\"max-lg:absolute max-lg:bottom-0 max-lg:left-0 max-lg:w-screen bg-white lg:bg-transparent\">\n\t\t\t\t\t\t\t\t\t\t\t<\/div>\n\t\t<\/div>\n\t<\/div>\n\t\t\t\t\t<\/div>\n\t\t\t<\/div>\n\t\t<\/div>\n\t<\/div>\n<\/div>\n\t<\/div>\n<\/div>\n\n","protected":false},"excerpt":{"rendered":"","protected":false},"author":38,"featured_media":0,"parent":0,"menu_order":0,"comment_status":"closed","ping_status":"closed","template":"","meta":{"footnotes":""},"tags":[],"acf":[],"_links":{"self":[{"href":"https:\/\/betting.com\/de\/wp-json\/wp\/v2\/pages\/975"}],"collection":[{"href":"https:\/\/betting.com\/de\/wp-json\/wp\/v2\/pages"}],"about":[{"href":"https:\/\/betting.com\/de\/wp-json\/wp\/v2\/types\/page"}],"author":[{"embeddable":true,"href":"https:\/\/betting.com\/de\/wp-json\/wp\/v2\/users\/38"}],"replies":[{"embeddable":true,"href":"https:\/\/betting.com\/de\/wp-json\/wp\/v2\/comments?post=975"}],"version-history":[{"count":3,"href":"https:\/\/betting.com\/de\/wp-json\/wp\/v2\/pages\/975\/revisions"}],"predecessor-version":[{"id":6232,"href":"https:\/\/betting.com\/de\/wp-json\/wp\/v2\/pages\/975\/revisions\/6232"}],"wp:attachment":[{"href":"https:\/\/betting.com\/de\/wp-json\/wp\/v2\/media?parent=975"}],"wp:term":[{"taxonomy":"post_tag","embeddable":true,"href":"https:\/\/betting.com\/de\/wp-json\/wp\/v2\/tags?post=975"}],"curies":[{"name":"wp","href":"https:\/\/api.w.org\/{rel}","templated":true}]}}