{"id":964,"date":"2023-04-03T18:02:12","date_gmt":"2023-04-03T18:02:12","guid":{"rendered":"https:\/\/betting.com\/de\/?page_id=964"},"modified":"2023-08-02T12:31:05","modified_gmt":"2023-08-02T12:31:05","slug":"ueber-uns","status":"publish","type":"page","link":"https:\/\/betting.com\/de\/ueber-uns","title":{"rendered":"\u00dcber uns"},"content":{"rendered":"<div class=\" container-white py-8\">\n\t<div class=\"wp-block-container-toc  \">\n\t\t\t<div class=\"bg-white\">\n\t<div class=\"flex flex-col-reverse lg:flex-row lg:gap-8 py-10\">\n\t\t<article class=\"max-w-[960px] flex-grow\" data-bt-content>\n\t\t\t\n<h2 class=\"wp-block-heading\" id=\"wer-sind-wir-das-team-hinter-betting-com-besteht-aus-leidenschaftlichen-wettexperten-die-sich-mit-einer-gemeinsamen-vision-zusammengetan-haben-ein-sportwetten-erlebnis-der-nachsten-stufe-zu-schaffen-indem-wir-das-team-mit-verschiedenen-fahigkeiten-aus-allen-ecken-der-sportwettenwelt-erganzt-haben-haben-wir-ein-spieleportal-geschaffen-das-sich-von-einer-durchschnittlichen-partnerseite-unterscheidet-die-vision-ist-wirklichkeit-geworden-betting-com-ist-da-und-wir-machen-uns-schnell-einen-namen\">Wer sind wir?<\/h2>\n\n\n\n<p>Das Team hinter Betting.com besteht aus leidenschaftlichen Wettexperten, die sich mit einer gemeinsamen Vision zusammengetan haben: ein Sportwetten-Erlebnis der n\u00e4chsten Stufe zu schaffen. Indem wir das Team mit verschiedenen F\u00e4higkeiten aus allen Ecken der Sportwettenwelt erg\u00e4nzt haben, haben wir ein Spieleportal geschaffen, das sich von einer durchschnittlichen Partnerseite unterscheidet. Die Vision ist Wirklichkeit geworden. Betting.com ist da und wir machen uns schnell einen Namen.<\/p>\n\n\n\n<p>W\u00e4hrend der gesamten Reise hatte die Kundenerfahrung oberste Priorit\u00e4t, und das wird sich auch nie \u00e4ndern. Wir sind eine gro\u00dfartige Gemeinschaft und freuen uns darauf, Sie an Bord begr\u00fc\u00dfen zu d\u00fcrfen!<\/p>\n\n\n\n<h2 class=\"wp-block-heading\" id=\"was-machen-wir-eigentlich\">Was machen wir eigentlich?<\/h2>\n\n\n\n<p>Um es kurz zu machen: Betting.com ist Ihr Zugang zu KOSTENLOSEN Tools und Dienstleistungen, die Ihnen helfen, einen umfassenden Sportwettenplan zu erstellen (und auszuf\u00fchren). Wir haben verifizierte Tippgeber und Expertenvorhersagen zur Verf\u00fcgung.<\/p>\n\n\n\n<h2 class=\"wp-block-heading\" id=\"glucksspiel-tipps\">Gl\u00fccksspiel-Tipps<\/h2>\n\n\n\n<p>Holen Sie sich die neuesten Wetttipps von unseren Experten.<\/p>\n\n\n\n<p><\/p>\n\n\n\n<h2 class=\"wp-block-heading\" id=\"quoten-vergleich\">Quoten-Vergleich<\/h2>\n\n\n\n<p><br>Finden Sie die besten und aktuellsten Quoten f\u00fcr Ihr Spiel.<\/p>\n\n\n\n<h2 class=\"wp-block-heading\" id=\"statistiken\">Statistiken<\/h2>\n\n\n\n<p>Auf unseren Seiten finden Sie zahlreiche Statistiken, die Ihnen helfen, bessere Wetten zu platzieren.<\/p>\n\n\n\n<h2 class=\"wp-block-heading\" id=\"wettseiten-bewertungen\">Wettseiten-Bewertungen<\/h2>\n\n\n\n<p>Vergleichen Sie verschiedene Wettseiten und holen Sie sich die besten Boni.<\/p>\n\n\n\n<h2 class=\"wp-block-heading\" id=\"analysen-und-spielanleitungen\">Analysen und Spielanleitungen<\/h2>\n\n\n\n<p>Erhalten Sie aktuelle Analysen und Spielanleitungen zu einer Vielzahl von Sportarten.<\/p>\n\n\n\n<p>Da wir niemals stillstehen, erwarten wir, dass Betting.com sich st\u00e4ndig weiterentwickelt und w\u00e4chst. Das bedeutet eine umfassende Sportberichterstattung in allen unseren Hauptm\u00e4rkten und regelm\u00e4\u00dfige Erg\u00e4nzungen unseres Netzwerks von verifizierten Experten. Sie k\u00f6nnen sich darauf verlassen, dass wir auch unsere Hausaufgaben in Bezug auf alle Buchmacher, mit denen wir zusammenarbeiten, gemacht haben. Alle haben ihre Glaubw\u00fcrdigkeit bewiesen und sind in ihrem Land lizenziert.<\/p>\n\n\t\t<\/article>\n\t\t<div class=\"lg:w-[300px] lg:flex-shrink-0 relative\" x-data=\"{show_toc: false}\">\n\t\t\t<div class=\"lg:sticky lg:top-4 z-30\">\n\t\t\t\t<div class=\"fixed -top-64 left-0 w-full z-50 lg:static transition-all hidden lg:block\" id=\"fixed-toc\">\n\t\t\t\t\t<div>\n\t\t\t\t<div class=\"border-b border-solid border-gray-30 text-lg font-bold lg:pt-7 max-lg:px-4 py-3 flex items-center justify-between bg-white lg:bg-transparent\">\n\t\t\tWas gibt es auf dieser Seite\n\t\t\t<button @click=\"show_toc = true\" class=\"btn btn-red-outline-white block lg:hidden\">Jump to<\/button>\n\t\t<\/div>\n\t\t\t\t<div\n\t\t\tclass=\"max-lg:fixed max-lg:top-0 max-lg:left-0 max-lg:w-screen max-lg:h-screen max-lg:bg-gray-70 max-lg:bg-opacity-75 max-lg:hidden\"\n\t\t\t:class=\"{'max-lg:hidden': !show_toc}\"\n\t\t\t@click=\"show_toc = false\"\n\t\t>\n\t\t\t<div class=\"max-lg:absolute max-lg:bottom-0 max-lg:left-0 max-lg:w-screen bg-white lg:bg-transparent\">\n\t\t\t\t\t\t\t\t<div class=\"flex lg:hidden items-center justify-between mx-4 border-b border-solid border-gray-30 pt-6 pb-2 font-bold\">\n\n\t\t\t\t\tAuf dieser Seite\n\t\t\t\t\t<button @click=\"show_toc = false\">\n\t\t\t\t\t\t<svg class=\"w-5 h-5 text-gray-100\" xmlns=\"http:\/\/www.w3.org\/2000\/svg\" fill=\"none\" stroke=\"currentColor\" stroke-width=\"1.5\" class=\"w-6 h-6\" viewBox=\"0 0 24 24\"><path stroke-linecap=\"round\" stroke-linejoin=\"round\" d=\"M6 18 18 6M6 6l12 12\"\/><\/svg>\t\t\t\t\t<\/button>\n\t\t\t\t<\/div>\n\t\t\t\t<ul id=\"toc\" class=\"mt-5 max-h-[85vh] overflow-y-auto list-none bt-scrollbars\">\n\n\t\t\t\t\t\t\t\t\t\t\t<li>\n\t\t\t\t\t\t\t<a href=\"#wer-sind-wir-das-team-hinter-betting-com-besteht-aus-leidenschaftlichen-wettexperten-die-sich-mit-einer-gemeinsamen-vision-zusammengetan-haben-ein-sportwetten-erlebnis-der-nachsten-stufe-zu-schaffen-indem-wir-das-team-mit-verschiedenen-fahigkeiten-aus-allen-ecken-der-sportwettenwelt-erganzt-haben-haben-wir-ein-spieleportal-geschaffen-das-sich-von-einer-durchschnittlichen-partnerseite-unterscheidet-die-vision-ist-wirklichkeit-geworden-betting-com-ist-da-und-wir-machen-uns-schnell-einen-namen\" data-bt-toc-item=\"wer-sind-wir-das-team-hinter-betting-com-besteht-aus-leidenschaftlichen-wettexperten-die-sich-mit-einer-gemeinsamen-vision-zusammengetan-haben-ein-sportwetten-erlebnis-der-nachsten-stufe-zu-schaffen-indem-wir-das-team-mit-verschiedenen-fahigkeiten-aus-allen-ecken-der-sportwettenwelt-erganzt-haben-haben-wir-ein-spieleportal-geschaffen-das-sich-von-einer-durchschnittlichen-partnerseite-unterscheidet-die-vision-ist-wirklichkeit-geworden-betting-com-ist-da-und-wir-machen-uns-schnell-einen-namen\"\n\t\t\t\t\t\t\t\t @click=\"show_toc = false\"\n\t\t\t\t\t\t\t\t class=\"block px-4 py-2 text-black border-l-4 border-solid border-transparent hover:border-red-100 transition-all hover:!border-b-0 hover:font-bold\">\nWer sind wir?\n<\/a>\n\t\t\t\t\t\t<\/li>\n\t\t\t\t\t\t\t\t\t\t\t<li>\n\t\t\t\t\t\t\t<a href=\"#was-machen-wir-eigentlich\" data-bt-toc-item=\"was-machen-wir-eigentlich\"\n\t\t\t\t\t\t\t\t @click=\"show_toc = false\"\n\t\t\t\t\t\t\t\t class=\"block px-4 py-2 text-black border-l-4 border-solid border-transparent hover:border-red-100 transition-all hover:!border-b-0 hover:font-bold\">\nWas machen wir eigentlich?\n<\/a>\n\t\t\t\t\t\t<\/li>\n\t\t\t\t\t\t\t\t\t\t\t<li>\n\t\t\t\t\t\t\t<a href=\"#glucksspiel-tipps\" data-bt-toc-item=\"glucksspiel-tipps\"\n\t\t\t\t\t\t\t\t @click=\"show_toc = false\"\n\t\t\t\t\t\t\t\t class=\"block px-4 py-2 text-black border-l-4 border-solid border-transparent hover:border-red-100 transition-all hover:!border-b-0 hover:font-bold\">\nGl\u00fccksspiel-Tipps\n<\/a>\n\t\t\t\t\t\t<\/li>\n\t\t\t\t\t\t\t\t\t\t\t<li>\n\t\t\t\t\t\t\t<a href=\"#quoten-vergleich\" data-bt-toc-item=\"quoten-vergleich\"\n\t\t\t\t\t\t\t\t @click=\"show_toc = false\"\n\t\t\t\t\t\t\t\t class=\"block px-4 py-2 text-black border-l-4 border-solid border-transparent hover:border-red-100 transition-all hover:!border-b-0 hover:font-bold\">\nQuoten-Vergleich\n<\/a>\n\t\t\t\t\t\t<\/li>\n\t\t\t\t\t\t\t\t\t\t\t<li>\n\t\t\t\t\t\t\t<a href=\"#statistiken\" data-bt-toc-item=\"statistiken\"\n\t\t\t\t\t\t\t\t @click=\"show_toc = false\"\n\t\t\t\t\t\t\t\t class=\"block px-4 py-2 text-black border-l-4 border-solid border-transparent hover:border-red-100 transition-all hover:!border-b-0 hover:font-bold\">\nStatistiken\n<\/a>\n\t\t\t\t\t\t<\/li>\n\t\t\t\t\t\t\t\t\t\t\t<li>\n\t\t\t\t\t\t\t<a href=\"#wettseiten-bewertungen\" data-bt-toc-item=\"wettseiten-bewertungen\"\n\t\t\t\t\t\t\t\t @click=\"show_toc = false\"\n\t\t\t\t\t\t\t\t class=\"block px-4 py-2 text-black border-l-4 border-solid border-transparent hover:border-red-100 transition-all hover:!border-b-0 hover:font-bold\">\nWettseiten-Bewertungen\n<\/a>\n\t\t\t\t\t\t<\/li>\n\t\t\t\t\t\t\t\t\t\t\t<li>\n\t\t\t\t\t\t\t<a href=\"#analysen-und-spielanleitungen\" data-bt-toc-item=\"analysen-und-spielanleitungen\"\n\t\t\t\t\t\t\t\t @click=\"show_toc = false\"\n\t\t\t\t\t\t\t\t class=\"block px-4 py-2 text-black border-l-4 border-solid border-transparent hover:border-red-100 transition-all hover:!border-b-0 hover:font-bold\">\nAnalysen und Spielanleitungen\n<\/a>\n\t\t\t\t\t\t<\/li>\n\t\t\t\t\t\t\t\t\t<\/ul>\n\t\t\t\t\t\t\t\t\t\t\t<\/div>\n\t\t<\/div>\n\t<\/div>\n\t\t\t\t\t<\/div>\n\t\t\t<\/div>\n\t\t<\/div>\n\t<\/div>\n<\/div>\n\t<\/div>\n<\/div>\n\n","protected":false},"excerpt":{"rendered":"","protected":false},"author":38,"featured_media":0,"parent":0,"menu_order":0,"comment_status":"closed","ping_status":"closed","template":"","meta":{"footnotes":""},"tags":[],"acf":[],"_links":{"self":[{"href":"https:\/\/betting.com\/de\/wp-json\/wp\/v2\/pages\/964"}],"collection":[{"href":"https:\/\/betting.com\/de\/wp-json\/wp\/v2\/pages"}],"about":[{"href":"https:\/\/betting.com\/de\/wp-json\/wp\/v2\/types\/page"}],"author":[{"embeddable":true,"href":"https:\/\/betting.com\/de\/wp-json\/wp\/v2\/users\/38"}],"replies":[{"embeddable":true,"href":"https:\/\/betting.com\/de\/wp-json\/wp\/v2\/comments?post=964"}],"version-history":[{"count":4,"href":"https:\/\/betting.com\/de\/wp-json\/wp\/v2\/pages\/964\/revisions"}],"predecessor-version":[{"id":6228,"href":"https:\/\/betting.com\/de\/wp-json\/wp\/v2\/pages\/964\/revisions\/6228"}],"wp:attachment":[{"href":"https:\/\/betting.com\/de\/wp-json\/wp\/v2\/media?parent=964"}],"wp:term":[{"taxonomy":"post_tag","embeddable":true,"href":"https:\/\/betting.com\/de\/wp-json\/wp\/v2\/tags?post=964"}],"curies":[{"name":"wp","href":"https:\/\/api.w.org\/{rel}","templated":true}]}}