{"id":950,"date":"2023-04-03T17:18:01","date_gmt":"2023-04-03T17:18:01","guid":{"rendered":"https:\/\/betting.com\/de\/?page_id=950"},"modified":"2023-08-02T12:31:05","modified_gmt":"2023-08-02T12:31:05","slug":"eredivisie","status":"publish","type":"page","link":"https:\/\/betting.com\/de\/eredivisie","title":{"rendered":"Eredivisie"},"content":{"rendered":"<div class=\" container-white py-8\">\n\t<div class=\"wp-block-container-toc  \">\n\t\t\t<div class=\"bg-white\">\n\t<div class=\"flex flex-col-reverse lg:flex-row lg:gap-8 py-10\">\n\t\t<article class=\"max-w-[960px] flex-grow\" data-bt-content>\n\t\t\t\n<p>Die Eredivisie besteht aus 18 Vereinen. Jeder Verein trifft zweimal w\u00e4hrend der Saison auf jeden anderen Verein, einmal zu Hause und einmal ausw\u00e4rts. Am Ende jeder Saison steigen die beiden letztplatzierten Vereine in die zweith\u00f6chste niederl\u00e4ndische Spielklasse, die Eerste Divisie (Erste Liga), ab, w\u00e4hrend der Meister und der Vizemeister der Eerste Divisie automatisch in die Eredivisie aufsteigen. Der drittplatzierte Verein der Eredivisie nimmt an getrennten Auf-\/Abstiegs-Play-offs mit den sechs bestplatzierten Vereinen aus der Eerste Divisie teil.<\/p>\n\n\t\t<\/article>\n\t\t<div class=\"lg:w-[300px] lg:flex-shrink-0 relative\" x-data=\"{show_toc: false}\">\n\t\t\t<div class=\"lg:sticky lg:top-4 z-30\">\n\t\t\t\t<div class=\"fixed -top-64 left-0 w-full z-50 lg:static transition-all hidden lg:block\" id=\"fixed-toc\">\n\t\t\t\t\t<div>\n\t\t\t\t<div\n\t\t\tclass=\"max-lg:fixed max-lg:top-0 max-lg:left-0 max-lg:w-screen max-lg:h-screen max-lg:bg-gray-70 max-lg:bg-opacity-75 max-lg:hidden\"\n\t\t\t:class=\"{'max-lg:hidden': !show_toc}\"\n\t\t\t@click=\"show_toc = false\"\n\t\t>\n\t\t\t<div class=\"max-lg:absolute max-lg:bottom-0 max-lg:left-0 max-lg:w-screen bg-white lg:bg-transparent\">\n\t\t\t\t\t\t\t\t\t\t\t<\/div>\n\t\t<\/div>\n\t<\/div>\n\t\t\t\t\t<\/div>\n\t\t\t<\/div>\n\t\t<\/div>\n\t<\/div>\n<\/div>\n\t<\/div>\n<\/div>\n\n","protected":false},"excerpt":{"rendered":"","protected":false},"author":6,"featured_media":0,"parent":0,"menu_order":1000,"comment_status":"closed","ping_status":"closed","template":"","meta":{"footnotes":""},"tags":[],"acf":[],"_links":{"self":[{"href":"https:\/\/betting.com\/de\/wp-json\/wp\/v2\/pages\/950"}],"collection":[{"href":"https:\/\/betting.com\/de\/wp-json\/wp\/v2\/pages"}],"about":[{"href":"https:\/\/betting.com\/de\/wp-json\/wp\/v2\/types\/page"}],"author":[{"embeddable":true,"href":"https:\/\/betting.com\/de\/wp-json\/wp\/v2\/users\/6"}],"replies":[{"embeddable":true,"href":"https:\/\/betting.com\/de\/wp-json\/wp\/v2\/comments?post=950"}],"version-history":[{"count":3,"href":"https:\/\/betting.com\/de\/wp-json\/wp\/v2\/pages\/950\/revisions"}],"predecessor-version":[{"id":6223,"href":"https:\/\/betting.com\/de\/wp-json\/wp\/v2\/pages\/950\/revisions\/6223"}],"wp:attachment":[{"href":"https:\/\/betting.com\/de\/wp-json\/wp\/v2\/media?parent=950"}],"wp:term":[{"taxonomy":"post_tag","embeddable":true,"href":"https:\/\/betting.com\/de\/wp-json\/wp\/v2\/tags?post=950"}],"curies":[{"name":"wp","href":"https:\/\/api.w.org\/{rel}","templated":true}]}}