{"id":95,"date":"2022-06-15T11:45:09","date_gmt":"2022-06-15T11:45:09","guid":{"rendered":"https:\/\/betting.com\/de\/?page_id=95"},"modified":"2023-08-02T12:31:08","modified_gmt":"2023-08-02T12:31:08","slug":"tips","status":"publish","type":"page","link":"https:\/\/betting.com\/de\/basketball\/tips","title":{"rendered":"Basketball Wett Tips"},"content":{"rendered":"<div class=\" container-white py-8\">\n\t<div class=\"wp-block-container-toc  \">\n\t\t\t<div class=\"bg-white\">\n\t<div class=\"flex flex-col-reverse lg:flex-row lg:gap-8 py-10\">\n\t\t<article class=\"max-w-[960px] flex-grow\" data-bt-content>\n\t\t\t\n<h2 class=\"wp-block-heading\" id=\"basketball-wettipps-fur-die-heutigen-veranstaltungen\">Basketball-Wettipps f\u00fcr die heutigen Veranstaltungen<\/h2>\n\n\n\n<p>Basketball ist eine der beliebtesten Sportarten der Welt. Millionen von Menschen auf der ganzen Welt sehen diesem Sport in zahlreichen Ligen und Turnieren Jahr f\u00fcr Jahr gern zu.<\/p>\n\n\n\n<h2 class=\"wp-block-heading\" id=\"basketball-wett-tipps-heimvorteil\">Basketball-Wett-Tipps: Heimvorteil<\/h2>\n\n\n\n<p>Untersch\u00e4tzen Sie bei der NBA nie die Bedeutung des Heimvorteils. Einige Teams sind zu Hause viel besser als bei Ausw\u00e4rtsspielen. Praktisch alle Teams in der Liga zeigen sich vor den heimischen Zuschauern von ihrer besten Seite. Wenn man auf die regul\u00e4re Saison 2014 zur\u00fcckblickt, hatten 19 der 30 Mannschaften zu Hause einen klaren Siegesrekord.<\/p>\n\n\n\n<p>Es wird allgemein angenommen, dass der Heimvorteil etwa drei oder vier Punkte wert ist, aber das ist noch immer eine Verallgemeinerung. Wenn Sie sich bei Ihren Wetten an der aktuellen Form orientieren, sollten Sie immer nach Teams Ausschau halten, die im Laufe ihrer letzten Spiele zu Hause einen Heimvorteil hatten.&nbsp;<\/p>\n\n\n\n<p>Diese Trends halten nicht ewig an, deshalb m\u00fcssen Sie lernen, sie wie eine Welle zu reiten, bis sie zu verblassen beginnen.<\/p>\n\n\n\n<h2 class=\"wp-block-heading\" id=\"keine-angst-vor-auswartsspiel-favoriten\">Keine Angst vor Ausw\u00e4rtsspiel-Favoriten<\/h2>\n\n\n\n<p>Mehr als in den anderen gro\u00dfen Sportarten werden die NBA-Linien von zwei gro\u00dfen Wettgewohnheiten beeinflusst: dem Heimvorteil auf dem Platz und dem vorherigen Spiel einer Mannschaft.&nbsp;<\/p>\n\n\n\n<p>Die meisten Spieler f\u00fcrchten, eine Wette zu verlieren, weil die Ausw\u00e4rtsmannschaft von den heimischen Zuschauern ausgebuht wird oder weil \u201edie Schiedsrichter sie auf dem Kieker haben\u201c. Das ist der Grund, warum so stark auf die Heimmannschaften gewettet wird.<\/p>\n\n\n\n<p>Infolgedessen gibt es oft sehr wertvolle Spiele f\u00fcr gute Ausw\u00e4rtsmannschaften. Buchmacher wissen, dass sie bei Au\u00dfenseitern in Heimspielen auch dann noch viel Action sehen werden, wenn sie die erste Linie zu ihnen hin abgeschottet haben.&nbsp;<\/p>\n\n\n\n<p>Schlimmer noch, die Sharps h\u00e4mmern fr\u00fch auf sie ein, sie verschieben die Linie in Richtung des Ausw\u00e4rtsspiel-Favoriten und die Wetten auf die Heimmannschaft stehen hintenan. Sie k\u00f6nnten auch von einem deutlicheren Punktesprung zu Ihren Gunsten profitieren.<\/p>\n\n\n\n<h2 class=\"wp-block-heading\" id=\"schlusselstatistiken-auf-die-sich-konzentrierem-sollten\">Schl\u00fcsselstatistiken, auf die sich konzentrierem sollten<\/h2>\n\n\n\n<p>Bei jeder Sportart gibt es eine Unmenge von Statistiken, die Ihnen als Handicapper das Leben recht schwer machen k\u00f6nnen. Die NBA ist da keine Ausnahme. Statt bei der Aufschl\u00fcsselung eines bestimmten Spiels eine Zahl nach der anderen durchzuackern, konzentrieren Sie sich bei Ihren drei bevorzugten Statistiken auf die Punkte, Rebounds und Turnovers.&nbsp;<\/p>\n\n\n\n<p>Eine Mannschaft, die in allen drei Kategorien gut abschneidet, geh\u00f6rt zu einem gut trainierten Basketballclub, der sich auf das gro\u00dfe Ganze konzentriert, indem er sich um die kleinen Details k\u00fcmmert.&nbsp;<\/p>\n\n\n\n<p>Ein hoher Durchschnitt bei den Punkten im Farbenraum und bei den Rebounds spricht direkt f\u00fcr die F\u00e4higkeit einer Mannschaft, das Spieltempo durch die Kontrolle des Spielfeldes zu dominieren. Niedrige Turnovers sprechen f\u00fcr die F\u00e4higkeit eines Teams, sich um den Ball zu k\u00fcmmern, was letztendlich zu mehr Chancen und mehr Punkten auf der Tafel f\u00fchrt.<\/p>\n\n\n\n<h2 class=\"wp-block-heading\" id=\"welche-art-von-basketball-wett-tipps-finden-sie-auf-der-betting-com-website\">Welche Art von Basketball-Wett-Tipps finden Sie auf der Betting.com Website?<\/h2>\n\n\n\n<p>Betting.com ist eine Plattform, die sich von den anderen unterscheiden m\u00f6chte, indem sie ihren Kunden hilft, gro\u00dfartige Ergebnisse bei Sportwetten zu erzielen. Deshalb pr\u00fcfen wir immer jeden einzelnen Basketball-Wetten-Tipp und verifizieren die Tippgeber, die unserer Community beitreten m\u00f6chten.<\/p>\n\n\n\n<p>Egal, ob Sie kostenlose oder zahlungspflichtige Tipps verwenden m\u00f6chten, wir tun unser Bestes, um sicherzustellen, dass alles transparent abgewickelt wird und Sie so den besten Service auf dem Markt erhalten.<\/p>\n\n\n\n<p>In unserem Wett-Tipp-Bereich finden Sie Basketball-Wett-Tipps f\u00fcr die verschiedensten M\u00e4rkten, wie z. B:<\/p>\n\n\n\n<ul><li>Geldlinie<\/li><li>Each-Way-Sieg<\/li><li>Gesamtpunkte<\/li><li>Handicap in Punkten<\/li><li>Quartal\/Periode<\/li><li>Halbzeit-\/Vollzeit-Ergebnisse<\/li><li>Ungerade\/Gerade<\/li><li>Spezielle Spieler-Wetten<\/li><li>Basketball-Akkumulatorwetten und viele andere<\/li><\/ul>\n\n\t\t<\/article>\n\t\t<div class=\"lg:w-[300px] lg:flex-shrink-0 relative\" x-data=\"{show_toc: false}\">\n\t\t\t<div class=\"lg:sticky lg:top-4 z-30\">\n\t\t\t\t<div class=\"fixed -top-64 left-0 w-full z-50 lg:static transition-all hidden lg:block\" id=\"fixed-toc\">\n\t\t\t\t\t<div>\n\t\t\t\t<div class=\"border-b border-solid border-gray-30 text-lg font-bold lg:pt-7 max-lg:px-4 py-3 flex items-center justify-between bg-white lg:bg-transparent\">\n\t\t\tWas gibt es auf dieser Seite\n\t\t\t<button @click=\"show_toc = true\" class=\"btn btn-red-outline-white block lg:hidden\">Jump to<\/button>\n\t\t<\/div>\n\t\t\t\t<div\n\t\t\tclass=\"max-lg:fixed max-lg:top-0 max-lg:left-0 max-lg:w-screen max-lg:h-screen max-lg:bg-gray-70 max-lg:bg-opacity-75 max-lg:hidden\"\n\t\t\t:class=\"{'max-lg:hidden': !show_toc}\"\n\t\t\t@click=\"show_toc = false\"\n\t\t>\n\t\t\t<div class=\"max-lg:absolute max-lg:bottom-0 max-lg:left-0 max-lg:w-screen bg-white lg:bg-transparent\">\n\t\t\t\t\t\t\t\t<div class=\"flex lg:hidden items-center justify-between mx-4 border-b border-solid border-gray-30 pt-6 pb-2 font-bold\">\n\n\t\t\t\t\tAuf dieser Seite\n\t\t\t\t\t<button @click=\"show_toc = false\">\n\t\t\t\t\t\t<svg class=\"w-5 h-5 text-gray-100\" xmlns=\"http:\/\/www.w3.org\/2000\/svg\" fill=\"none\" stroke=\"currentColor\" stroke-width=\"1.5\" class=\"w-6 h-6\" viewBox=\"0 0 24 24\"><path stroke-linecap=\"round\" stroke-linejoin=\"round\" d=\"M6 18 18 6M6 6l12 12\"\/><\/svg>\t\t\t\t\t<\/button>\n\t\t\t\t<\/div>\n\t\t\t\t<ul id=\"toc\" class=\"mt-5 max-h-[85vh] overflow-y-auto list-none bt-scrollbars\">\n\n\t\t\t\t\t\t\t\t\t\t\t<li>\n\t\t\t\t\t\t\t<a href=\"#basketball-wettipps-fur-die-heutigen-veranstaltungen\" data-bt-toc-item=\"basketball-wettipps-fur-die-heutigen-veranstaltungen\"\n\t\t\t\t\t\t\t\t @click=\"show_toc = false\"\n\t\t\t\t\t\t\t\t class=\"block px-4 py-2 text-black border-l-4 border-solid border-transparent hover:border-red-100 transition-all hover:!border-b-0 hover:font-bold\">\nBasketball-Wettipps f\u00fcr die heutigen Veranstaltungen\n<\/a>\n\t\t\t\t\t\t<\/li>\n\t\t\t\t\t\t\t\t\t\t\t<li>\n\t\t\t\t\t\t\t<a href=\"#basketball-wett-tipps-heimvorteil\" data-bt-toc-item=\"basketball-wett-tipps-heimvorteil\"\n\t\t\t\t\t\t\t\t @click=\"show_toc = false\"\n\t\t\t\t\t\t\t\t class=\"block px-4 py-2 text-black border-l-4 border-solid border-transparent hover:border-red-100 transition-all hover:!border-b-0 hover:font-bold\">\nBasketball-Wett-Tipps: Heimvorteil\n<\/a>\n\t\t\t\t\t\t<\/li>\n\t\t\t\t\t\t\t\t\t\t\t<li>\n\t\t\t\t\t\t\t<a href=\"#keine-angst-vor-auswartsspiel-favoriten\" data-bt-toc-item=\"keine-angst-vor-auswartsspiel-favoriten\"\n\t\t\t\t\t\t\t\t @click=\"show_toc = false\"\n\t\t\t\t\t\t\t\t class=\"block px-4 py-2 text-black border-l-4 border-solid border-transparent hover:border-red-100 transition-all hover:!border-b-0 hover:font-bold\">\nKeine Angst vor Ausw\u00e4rtsspiel-Favoriten\n<\/a>\n\t\t\t\t\t\t<\/li>\n\t\t\t\t\t\t\t\t\t\t\t<li>\n\t\t\t\t\t\t\t<a href=\"#schlusselstatistiken-auf-die-sich-konzentrierem-sollten\" data-bt-toc-item=\"schlusselstatistiken-auf-die-sich-konzentrierem-sollten\"\n\t\t\t\t\t\t\t\t @click=\"show_toc = false\"\n\t\t\t\t\t\t\t\t class=\"block px-4 py-2 text-black border-l-4 border-solid border-transparent hover:border-red-100 transition-all hover:!border-b-0 hover:font-bold\">\nSchl\u00fcsselstatistiken, auf die sich konzentrierem sollten\n<\/a>\n\t\t\t\t\t\t<\/li>\n\t\t\t\t\t\t\t\t\t\t\t<li>\n\t\t\t\t\t\t\t<a href=\"#welche-art-von-basketball-wett-tipps-finden-sie-auf-der-betting-com-website\" data-bt-toc-item=\"welche-art-von-basketball-wett-tipps-finden-sie-auf-der-betting-com-website\"\n\t\t\t\t\t\t\t\t @click=\"show_toc = false\"\n\t\t\t\t\t\t\t\t class=\"block px-4 py-2 text-black border-l-4 border-solid border-transparent hover:border-red-100 transition-all hover:!border-b-0 hover:font-bold\">\nWelche Art von Basketball-Wett-Tipps finden Sie auf der Betting.com Website?\n<\/a>\n\t\t\t\t\t\t<\/li>\n\t\t\t\t\t\t\t\t\t<\/ul>\n\t\t\t\t\t\t\t\t\t\t\t<\/div>\n\t\t<\/div>\n\t<\/div>\n\t\t\t\t\t<\/div>\n\t\t\t<\/div>\n\t\t<\/div>\n\t<\/div>\n<\/div>\n\t<\/div>\n<\/div>\n\n","protected":false},"excerpt":{"rendered":"","protected":false},"author":6,"featured_media":482,"parent":947,"menu_order":1000,"comment_status":"closed","ping_status":"closed","template":"","meta":{"footnotes":""},"tags":[],"acf":[],"_links":{"self":[{"href":"https:\/\/betting.com\/de\/wp-json\/wp\/v2\/pages\/95"}],"collection":[{"href":"https:\/\/betting.com\/de\/wp-json\/wp\/v2\/pages"}],"about":[{"href":"https:\/\/betting.com\/de\/wp-json\/wp\/v2\/types\/page"}],"author":[{"embeddable":true,"href":"https:\/\/betting.com\/de\/wp-json\/wp\/v2\/users\/6"}],"replies":[{"embeddable":true,"href":"https:\/\/betting.com\/de\/wp-json\/wp\/v2\/comments?post=95"}],"version-history":[{"count":4,"href":"https:\/\/betting.com\/de\/wp-json\/wp\/v2\/pages\/95\/revisions"}],"predecessor-version":[{"id":6154,"href":"https:\/\/betting.com\/de\/wp-json\/wp\/v2\/pages\/95\/revisions\/6154"}],"up":[{"embeddable":true,"href":"https:\/\/betting.com\/de\/wp-json\/wp\/v2\/pages\/947"}],"wp:featuredmedia":[{"embeddable":true,"href":"https:\/\/betting.com\/de\/wp-json\/wp\/v2\/media\/482"}],"wp:attachment":[{"href":"https:\/\/betting.com\/de\/wp-json\/wp\/v2\/media?parent=95"}],"wp:term":[{"taxonomy":"post_tag","embeddable":true,"href":"https:\/\/betting.com\/de\/wp-json\/wp\/v2\/tags?post=95"}],"curies":[{"name":"wp","href":"https:\/\/api.w.org\/{rel}","templated":true}]}}