{"id":947,"date":"2023-04-03T17:12:07","date_gmt":"2023-04-03T17:12:07","guid":{"rendered":"https:\/\/betting.com\/de\/?page_id=947"},"modified":"2023-08-02T12:31:05","modified_gmt":"2023-08-02T12:31:05","slug":"basketball","status":"publish","type":"page","link":"https:\/\/betting.com\/de\/basketball","title":{"rendered":"Basketball"},"content":{"rendered":"<div class=\" container-white py-8\">\n\t<div class=\"wp-block-container-toc  \">\n\t\t\t<div class=\"bg-white\">\n\t<div class=\"flex flex-col-reverse lg:flex-row lg:gap-8 py-10\">\n\t\t<article class=\"max-w-[960px] flex-grow\" data-bt-content>\n\t\t\t\n<h2 class=\"wp-block-heading\" id=\"wetten-auf-basketball-erklart\">Wetten auf Basketball erkl\u00e4rt<\/h2>\n\n\n\n<p>Basketballwetten k\u00f6nnen so einfach sein, wie Sie es sich w\u00fcnschen, oder sie k\u00f6nnen komplex sein. Von einfachen Gewinn-\/Verlustwetten bis hin zu gro\u00dfen Wetten mit noch gr\u00f6\u00dferen Gewinnen bietet der Sport alles.<\/p>\n\n\n\n<h3 class=\"wp-block-heading\" id=\"quoten\">Quoten<\/h3>\n\n\n\n<p>Bei jedem Basketballspiel gibt es einen Favoriten und einen Au\u00dfenseiter, und diese Bezeichnungen werden in den Quoten f\u00fcr das Spiel ausgedr\u00fcckt. Es gibt zwei Arten von Quoten, die mit zwei verschiedenen Wettarten einhergehen, die wir in einem Abschnitt weiter unten behandeln.<\/p>\n\n\n\n<h3 class=\"wp-block-heading\" id=\"tippen\">Tippen<\/h3>\n\n\n\n<p>Wenn Sie einen Tipp auf den Sieger des Spiels abgeben, m\u00fcssen Sie eine Reihe von Faktoren ber\u00fccksichtigen. Die Quote nat\u00fcrlich &#8211; sie bestimmt, wie viel Ihr Tipp im Falle eines Sieges einbringen wird. Aber Sie sollten auch ber\u00fccksichtigen, wie ein Team spielt, wo das Spiel stattfindet und wie ausgeruht beide Teams sind.<\/p>\n\n\n\n<h3 class=\"wp-block-heading\" id=\"arten-von-basketballwetten\">Arten von Basketballwetten<\/h3>\n\n\n\n<p>Es gibt drei Haupttypen von Spielwetten und einige andere Wetten, die innerhalb des Spiels stattfinden, aber nicht unbedingt mit Ihrem Tipp auf den Sieger zusammenh\u00e4ngen.<\/p>\n\n\n\n<h3 class=\"wp-block-heading\" id=\"moneyline-wetten\">Moneyline-Wetten<\/h3>\n\n\n\n<p>Dies ist die einfachste Wette, die es gibt. Sie tippen einfach darauf, welche Mannschaft gewinnen wird, und je nachdem, ob sie der Favorit oder der Au\u00dfenseiter ist (die Mannschaft, von der erwartet wird, dass sie verliert), erhalten Sie eine hohe oder eine geringe Auszahlung. Je gr\u00f6\u00dfer der Favorit, desto geringer der Gewinn und umgekehrt.<\/p>\n\n\n\n<h3 class=\"wp-block-heading\" id=\"point-spread-wetten\">Point Spread-Wetten<\/h3>\n\n\n\n<p>Anstelle der Moneyline-Wette, bei der es auf Sieg und Niederlage ankommt, k\u00f6nnen Sie auch eine Point-Spread-Wette platzieren, bei der es nur um die Gewinnspanne geht. Wenn Sie darauf wetten, dass ein Favorit eine 4,5-Punkte-Spanne abdeckt, muss er mit mindestens f\u00fcnf Punkten Vorsprung gewinnen. Wenn Sie auf den Au\u00dfenseiter wetten, kann dieser bis zu vier Punkte verlieren, und Ihre Wette ist trotzdem gewonnen.<\/p>\n\n\n\n<h3 class=\"wp-block-heading\" id=\"basketball-totalwetten\">Basketball-Totalwetten<\/h3>\n\n\n\n<p>Wenn Sie nicht auf den Sieger des Spiels wetten m\u00f6chten oder darauf, welche Mannschaft die Punktedifferenz ausgleicht, ist die Summenwette vielleicht das Richtige f\u00fcr Sie. Dabei handelt es sich um eine Wette auf die Gesamtpunktzahl, die beide Mannschaften im Spiel erzielen. Sie wetten darauf, ob die Gesamtzahl \u00fcber oder unter der angegebenen Linie liegt.<\/p>\n\n\n\n<h3 class=\"wp-block-heading\" id=\"prop-wetten\">Prop-Wetten<\/h3>\n\n\n\n<p>Eine Prop-Wette &#8211; auch Proposition-Wette genannt &#8211; ist eine Wette auf ein Ereignis innerhalb des Spiels, das nicht vom Endergebnis abh\u00e4ngt. Dabei kann es sich um individuelle Leistungen handeln, wie erzielte Punkte und getroffene Freiw\u00fcrfe, oder um Mannschaftsleistungen, wie die Anzahl der Rebounds und die meisten erzielten Punkte in einem Viertel.<\/p>\n\n\n\n<h3 class=\"wp-block-heading\" id=\"basketball-parlays\">Basketball-Parlays<\/h3>\n\n\n\n<p>Parlays sind eine Kombination von Wetten, die Sie zu einer gro\u00dfen Wette zusammenstellen. Sie k\u00f6nnen eine Moneyline- oder Point Spread-Wette sowie eine Prop-Wette beinhalten. Diese Wetten sind aufgrund der Anzahl der beteiligten Wetten sehr lukrativ, aber wenn nur ein Teil der Parlay-Wette verliert, ist die gesamte Parlay-Wette ein Verlustgesch\u00e4ft.<\/p>\n\n\n\n<h3 class=\"wp-block-heading\" id=\"strategien-fur-basketball-wetten\">Strategien f\u00fcr Basketball-Wetten<\/h3>\n\n\n\n<p>Die Strategien f\u00fcr Wetten auf Basketball unterscheiden sich nicht wesentlich von denen anderer Sportarten, d. h. Informationen sind der Schl\u00fcssel. Recherchieren Sie und wetten Sie nie aus dem Bauch heraus. Wenn Sie keinen statistischen Grund f\u00fcr die Wette finden k\u00f6nnen, lassen Sie besser die Finger davon, und beschr\u00e4nken Sie Ihren Einsatz immer auf das Geld, das Sie sich leisten k\u00f6nnen, zu verlieren.<\/p>\n\n\t\t<\/article>\n\t\t<div class=\"lg:w-[300px] lg:flex-shrink-0 relative\" x-data=\"{show_toc: false}\">\n\t\t\t<div class=\"lg:sticky lg:top-4 z-30\">\n\t\t\t\t<div class=\"fixed -top-64 left-0 w-full z-50 lg:static transition-all hidden lg:block\" id=\"fixed-toc\">\n\t\t\t\t\t<div>\n\t\t\t\t<div class=\"border-b border-solid border-gray-30 text-lg font-bold lg:pt-7 max-lg:px-4 py-3 flex items-center justify-between bg-white lg:bg-transparent\">\n\t\t\tWas gibt es auf dieser Seite\n\t\t\t<button @click=\"show_toc = true\" class=\"btn btn-red-outline-white block lg:hidden\">Jump to<\/button>\n\t\t<\/div>\n\t\t\t\t<div\n\t\t\tclass=\"max-lg:fixed max-lg:top-0 max-lg:left-0 max-lg:w-screen max-lg:h-screen max-lg:bg-gray-70 max-lg:bg-opacity-75 max-lg:hidden\"\n\t\t\t:class=\"{'max-lg:hidden': !show_toc}\"\n\t\t\t@click=\"show_toc = false\"\n\t\t>\n\t\t\t<div class=\"max-lg:absolute max-lg:bottom-0 max-lg:left-0 max-lg:w-screen bg-white lg:bg-transparent\">\n\t\t\t\t\t\t\t\t<div class=\"flex lg:hidden items-center justify-between mx-4 border-b border-solid border-gray-30 pt-6 pb-2 font-bold\">\n\n\t\t\t\t\tAuf dieser Seite\n\t\t\t\t\t<button @click=\"show_toc = false\">\n\t\t\t\t\t\t<svg class=\"w-5 h-5 text-gray-100\" xmlns=\"http:\/\/www.w3.org\/2000\/svg\" fill=\"none\" stroke=\"currentColor\" stroke-width=\"1.5\" class=\"w-6 h-6\" viewBox=\"0 0 24 24\"><path stroke-linecap=\"round\" stroke-linejoin=\"round\" d=\"M6 18 18 6M6 6l12 12\"\/><\/svg>\t\t\t\t\t<\/button>\n\t\t\t\t<\/div>\n\t\t\t\t<ul id=\"toc\" class=\"mt-5 max-h-[85vh] overflow-y-auto list-none bt-scrollbars\">\n\n\t\t\t\t\t\t\t\t\t\t\t<li>\n\t\t\t\t\t\t\t<a href=\"#wetten-auf-basketball-erklart\" data-bt-toc-item=\"wetten-auf-basketball-erklart\"\n\t\t\t\t\t\t\t\t @click=\"show_toc = false\"\n\t\t\t\t\t\t\t\t class=\"block px-4 py-2 text-black border-l-4 border-solid border-transparent hover:border-red-100 transition-all hover:!border-b-0 hover:font-bold\">\nWetten auf Basketball erkl\u00e4rt\n<\/a>\n\t\t\t\t\t\t<\/li>\n\t\t\t\t\t\t\t\t\t<\/ul>\n\t\t\t\t\t\t\t\t\t\t\t<\/div>\n\t\t<\/div>\n\t<\/div>\n\t\t\t\t\t<\/div>\n\t\t\t<\/div>\n\t\t<\/div>\n\t<\/div>\n<\/div>\n\t<\/div>\n<\/div>\n\n","protected":false},"excerpt":{"rendered":"","protected":false},"author":6,"featured_media":0,"parent":0,"menu_order":1000,"comment_status":"closed","ping_status":"closed","template":"","meta":{"footnotes":""},"tags":[],"acf":[],"_links":{"self":[{"href":"https:\/\/betting.com\/de\/wp-json\/wp\/v2\/pages\/947"}],"collection":[{"href":"https:\/\/betting.com\/de\/wp-json\/wp\/v2\/pages"}],"about":[{"href":"https:\/\/betting.com\/de\/wp-json\/wp\/v2\/types\/page"}],"author":[{"embeddable":true,"href":"https:\/\/betting.com\/de\/wp-json\/wp\/v2\/users\/6"}],"replies":[{"embeddable":true,"href":"https:\/\/betting.com\/de\/wp-json\/wp\/v2\/comments?post=947"}],"version-history":[{"count":3,"href":"https:\/\/betting.com\/de\/wp-json\/wp\/v2\/pages\/947\/revisions"}],"predecessor-version":[{"id":6222,"href":"https:\/\/betting.com\/de\/wp-json\/wp\/v2\/pages\/947\/revisions\/6222"}],"wp:attachment":[{"href":"https:\/\/betting.com\/de\/wp-json\/wp\/v2\/media?parent=947"}],"wp:term":[{"taxonomy":"post_tag","embeddable":true,"href":"https:\/\/betting.com\/de\/wp-json\/wp\/v2\/tags?post=947"}],"curies":[{"name":"wp","href":"https:\/\/api.w.org\/{rel}","templated":true}]}}