{"id":943,"date":"2023-04-03T16:52:19","date_gmt":"2023-04-03T16:52:19","guid":{"rendered":"https:\/\/betting.com\/de\/?page_id=943"},"modified":"2023-08-02T12:31:05","modified_gmt":"2023-08-02T12:31:05","slug":"belgischen-first-division-a","status":"publish","type":"page","link":"https:\/\/betting.com\/de\/belgischen-first-division-a","title":{"rendered":"Belgischen First Division A"},"content":{"rendered":"<div class=\" container-white py-8\">\n\t<div class=\"wp-block-container-toc  \">\n\t\t\t<div class=\"bg-white\">\n\t<div class=\"flex flex-col-reverse lg:flex-row lg:gap-8 py-10\">\n\t\t<article class=\"max-w-[960px] flex-grow\" data-bt-content>\n\t\t\t\n<p>Die belgische Profiliga ist die h\u00f6chste Spielklasse f\u00fcr belgische Fu\u00dfballvereine. Sie wird seit der Saison 2020-21 von 18 Vereinen bestritten und ab der Saison 2023-24 auf 16 Mannschaften reduziert. Sie funktioniert nach einem System von Auf- und Abstieg mit der Challenger Pro League.&nbsp;<\/p>\n\n\n\n<p><strong>Gegr\u00fcndet:<\/strong> 1895<\/p>\n\n\n\n<p><strong>Anzahl der Mannschaften:<\/strong> 18 (16 im Jahr 2023-24)<\/p>\n\n\n\n<p><strong>Aktueller Meister:<\/strong> Club Brugge (18. Titel); (2021-22)<\/p>\n\n\n\n<p><strong>Die meisten Meisterschaften: <\/strong>Anderlecht (34 Titel)<\/p>\n\n\n\n<p><strong>Internationale(r) Pokal(e): <\/strong>UEFA Champions League; UEFA Europa League; UEFA Europa Conference League<\/p>\n\n\n\n<h2 class=\"wp-block-heading\" id=\"die-zukunftsmarkte-der-belgischen-first-division-a\"><strong>Die Zukunftsm\u00e4rkte der Belgischen First Division A<\/strong><\/h2>\n\n\n\n<p>Auch Zukunftswetten sind auf die belgische First Division A sehr beleibt. Die g\u00e4ngigste Zukunftswette ist definitiv auf die Meistermannschaft zu wetten, die am Saisonende den Titel holen wird. Diese Wetten k\u00f6nnen sehr rentable sein.&nbsp;<\/p>\n\n\n\n<p>Speziell am Anfang der Saison sind auf diese M\u00e4rkte sehr gute Quoten vorzufinden, denn zu diesem Zeitpunkt ist es f\u00fcr die Buchmacher oft noch schwierig, die Mannschaften einzusch\u00e4tzen.&nbsp;<\/p>\n\n\n\n<p>Selbstverst\u00e4ndlich kann auch darauf gewettet werden, welche Mannschaft in die Zweite Liga absteigt oder welcher Spieler die meisten Tore erzielen wird.<\/p>\n\n\t\t<\/article>\n\t\t<div class=\"lg:w-[300px] lg:flex-shrink-0 relative\" x-data=\"{show_toc: false}\">\n\t\t\t<div class=\"lg:sticky lg:top-4 z-30\">\n\t\t\t\t<div class=\"fixed -top-64 left-0 w-full z-50 lg:static transition-all hidden lg:block\" id=\"fixed-toc\">\n\t\t\t\t\t<div>\n\t\t\t\t<div class=\"border-b border-solid border-gray-30 text-lg font-bold lg:pt-7 max-lg:px-4 py-3 flex items-center justify-between bg-white lg:bg-transparent\">\n\t\t\tWas gibt es auf dieser Seite\n\t\t\t<button @click=\"show_toc = true\" class=\"btn btn-red-outline-white block lg:hidden\">Jump to<\/button>\n\t\t<\/div>\n\t\t\t\t<div\n\t\t\tclass=\"max-lg:fixed max-lg:top-0 max-lg:left-0 max-lg:w-screen max-lg:h-screen max-lg:bg-gray-70 max-lg:bg-opacity-75 max-lg:hidden\"\n\t\t\t:class=\"{'max-lg:hidden': !show_toc}\"\n\t\t\t@click=\"show_toc = false\"\n\t\t>\n\t\t\t<div class=\"max-lg:absolute max-lg:bottom-0 max-lg:left-0 max-lg:w-screen bg-white lg:bg-transparent\">\n\t\t\t\t\t\t\t\t<div class=\"flex lg:hidden items-center justify-between mx-4 border-b border-solid border-gray-30 pt-6 pb-2 font-bold\">\n\n\t\t\t\t\tAuf dieser Seite\n\t\t\t\t\t<button @click=\"show_toc = false\">\n\t\t\t\t\t\t<svg class=\"w-5 h-5 text-gray-100\" xmlns=\"http:\/\/www.w3.org\/2000\/svg\" fill=\"none\" stroke=\"currentColor\" stroke-width=\"1.5\" class=\"w-6 h-6\" viewBox=\"0 0 24 24\"><path stroke-linecap=\"round\" stroke-linejoin=\"round\" d=\"M6 18 18 6M6 6l12 12\"\/><\/svg>\t\t\t\t\t<\/button>\n\t\t\t\t<\/div>\n\t\t\t\t<ul id=\"toc\" class=\"mt-5 max-h-[85vh] overflow-y-auto list-none bt-scrollbars\">\n\n\t\t\t\t\t\t\t\t\t\t\t<li>\n\t\t\t\t\t\t\t<a href=\"#die-zukunftsmarkte-der-belgischen-first-division-a\" data-bt-toc-item=\"die-zukunftsmarkte-der-belgischen-first-division-a\"\n\t\t\t\t\t\t\t\t @click=\"show_toc = false\"\n\t\t\t\t\t\t\t\t class=\"block px-4 py-2 text-black border-l-4 border-solid border-transparent hover:border-red-100 transition-all hover:!border-b-0 hover:font-bold\">\nDie Zukunftsm\u00e4rkte der Belgischen First Division A\n<\/a>\n\t\t\t\t\t\t<\/li>\n\t\t\t\t\t\t\t\t\t<\/ul>\n\t\t\t\t\t\t\t\t\t\t\t<\/div>\n\t\t<\/div>\n\t<\/div>\n\t\t\t\t\t<\/div>\n\t\t\t<\/div>\n\t\t<\/div>\n\t<\/div>\n<\/div>\n\t<\/div>\n<\/div>\n\n","protected":false},"excerpt":{"rendered":"","protected":false},"author":6,"featured_media":0,"parent":0,"menu_order":1000,"comment_status":"closed","ping_status":"closed","template":"","meta":{"footnotes":""},"tags":[],"acf":[],"_links":{"self":[{"href":"https:\/\/betting.com\/de\/wp-json\/wp\/v2\/pages\/943"}],"collection":[{"href":"https:\/\/betting.com\/de\/wp-json\/wp\/v2\/pages"}],"about":[{"href":"https:\/\/betting.com\/de\/wp-json\/wp\/v2\/types\/page"}],"author":[{"embeddable":true,"href":"https:\/\/betting.com\/de\/wp-json\/wp\/v2\/users\/6"}],"replies":[{"embeddable":true,"href":"https:\/\/betting.com\/de\/wp-json\/wp\/v2\/comments?post=943"}],"version-history":[{"count":3,"href":"https:\/\/betting.com\/de\/wp-json\/wp\/v2\/pages\/943\/revisions"}],"predecessor-version":[{"id":6221,"href":"https:\/\/betting.com\/de\/wp-json\/wp\/v2\/pages\/943\/revisions\/6221"}],"wp:attachment":[{"href":"https:\/\/betting.com\/de\/wp-json\/wp\/v2\/media?parent=943"}],"wp:term":[{"taxonomy":"post_tag","embeddable":true,"href":"https:\/\/betting.com\/de\/wp-json\/wp\/v2\/tags?post=943"}],"curies":[{"name":"wp","href":"https:\/\/api.w.org\/{rel}","templated":true}]}}