{"id":940,"date":"2023-04-03T16:45:38","date_gmt":"2023-04-03T16:45:38","guid":{"rendered":"https:\/\/betting.com\/de\/?page_id=940"},"modified":"2023-08-02T12:31:05","modified_gmt":"2023-08-02T12:31:05","slug":"brasilien-serie-a","status":"publish","type":"page","link":"https:\/\/betting.com\/de\/brasilien-serie-a","title":{"rendered":"Brasilien Serie A"},"content":{"rendered":"<div class=\" container-white py-8\">\n\t<div class=\"wp-block-container-toc  \">\n\t\t\t<div class=\"bg-white\">\n\t<div class=\"flex flex-col-reverse lg:flex-row lg:gap-8 py-10\">\n\t\t<article class=\"max-w-[960px] flex-grow\" data-bt-content>\n\t\t\t\n<p>Die brasilianische Serie A ist eine der popul\u00e4rsten Fu\u00dfballligen in S\u00fcdamerika.<\/p>\n\n\n\n<h2 class=\"wp-block-heading\" id=\"die-struktur-der-brasilianischen-serie-a\"><strong>Die Struktur der Brasilianischen Serie A<\/strong><\/h2>\n\n\n\n<p>Die Serie A besteht aus 20 Mannschaften, von denen jede Mannschaft 38 Saisonspiele bestreitet. Jeweils ein Heimspiel und ein Ausw\u00e4rtsspiel. In diesem Format wird der brasilianische Meister ausgespielt sowie die Qualifikationen zu den Turnieren Copa Libertadores und Copa Sudamericana festgestellt.&nbsp;<\/p>\n\n\n\n<p>Die ersten vier Mannschaften qualifizieren sich automatisch f\u00fcr den Copa Libertadores und die Mannschaften auf Platz f\u00fcnf und sechs m\u00fcssen sich in einem Play-off Format f\u00fcr den Einzug in das Turnier beweisen. Die Mannschaften, die nach der Saison die letzten vier Tabellenpl\u00e4tze belegen, steigen in die Serie B ab.&nbsp;<\/p>\n\n\n\n<p>Im Gegenzug steigen die erste vier Mannschaften von der Serie B in die Serie A auf. Mit insgesamt 10 Meistertitel verf\u00fcgt Palmeiras S\u00e3o Paulo \u00fcber die meisten Titel. Der letztj\u00e4hrige Meister Flamengo Rio de Janeiro hat die Meisterschaft insgesamt sieben Mal gewonnen.&nbsp;<\/p>\n\n\n\n<h2 class=\"wp-block-heading\" id=\"wichtige-hilfsmittel-fur-wetten-auf-die-brasilianische-serie-a\"><strong>Wichtige Hilfsmittel F\u00fcr Wetten Auf Die Brasilianische Serie A<\/strong><\/h2>\n\n\n\n<p><strong>Zus\u00e4tzliche Wettbewerbe beachten:<\/strong> Keine Frage, f\u00fcr die meisten Mannschaften der brasilianischen Serie A ist es das Ziel, die Meisterschaft zu gewinnen. Ein zus\u00e4tzlicher Anreiz, um nach der Saison auf der Tabelle soweit oben wie m\u00f6glich zu stehen, sind die Turniere Copa Libertadores und Copa Sudamericana.<\/p>\n\n\n\n<p>Speziell zu Saisonende k\u00f6nnen diese Turniere den Mannschaften in der brasilianischen Serie A noch einmal einen Anreiz geben, alles zu geben. Hier kann es dann auch zu \u00dcberraschungen kommen. Dasselbe gilt nat\u00fcrlich f\u00fcr den Abstieg.&nbsp;<\/p>\n\n\n\n<p>Da jede Mannschaft die Liga halten will, werden die letzten Mannschaften noch einmal alles geben, um die Liga zu halten. Wenn eine Mannschaft im Tabellenkeller gegen eine Mannschaft spielt, bei der es um nichts mehr geht, dann k\u00f6nnen auch hier \u00dcberraschungen vorkommen.&nbsp;<\/p>\n\n\n\n<p><strong>Wettanbieter:<\/strong> Da Wetten auf die brasilianische Serie A nicht so beliebt sind wie Wetten auf die gro\u00dfen europ\u00e4ischen Ligen, variiert das Angebot der Buchmacher auf Wetten der brasilianischen Serie A.&nbsp;<\/p>\n\n\n\n<p>Wenn es darum geht, den richtigen Buchmacher zu finden, sollten verschiedene Kriterien beachtet werden wie zum Beispiel die Seriosit\u00e4t des Buchmachers, wie einfach sich Auszahlungen durchf\u00fchren lassen, Mindesteinzahlungen, Mindestauszahlungen etc. Wir von Betting.com ver\u00f6ffentlichen nur Wettanbieter, die von uns getestet und als seri\u00f6s eingestuft wurden.&nbsp;<\/p>\n\n\n\n<p><strong>Die Transfers:<\/strong> Mannschaften in der brasilianische Serie A sind die H\u00e4nde gebunden, wenn gro\u00dfe europ\u00e4ische Klubs w\u00e4hrend der Saison anklopfen und junge talentierte Spieler abwerben.&nbsp;<\/p>\n\n\n\n<p>Allein wegen den Summen, die die europ\u00e4ischen Teams den brasilianischen Mannschaften anbieten, werden die jungen Talente mit Vorliebe nach Europa geschickt. Selbstverst\u00e4ndlich beeinflusst dies auch die St\u00e4rke eines Teams.&nbsp;<\/p>\n\n\n\n<p>Speziell bei Zukunftswetten auf die Meistermannschaft kann es hier oft b\u00f6se \u00dcberraschungen geben. Nichtsdestotrotz solltest du wegen nur einem gro\u00dfen Transfer nicht gleich deine ganze Wettstrategie \u00e4ndern. Oft k\u00f6nnen Mannschaften den Abgang eines jungen Spielers verkraften und sich trotzdem durchsetzen.&nbsp;<\/p>\n\n\n\n<p><strong>Verfolge deine Wetten: <\/strong>Dies ist umso wichtiger in Ligen, in denen du nicht so viele Wetten platziert oder in denen du eventuell noch nicht so viele Erfahrungen hast. Herauszufinden, wo du einen Fehler gemacht hast, kann dir helfen, die Liga besser zu verstehen und denselben Fehler beim n\u00e4chsten Mal nicht noch einmal zu machen.<\/p>\n\n\n\n<h2 class=\"wp-block-heading\" id=\"zukunftswetten-der-brasilianischen-serie-a\"><strong>Zukunftswetten der Brasilianischen Serie A<\/strong><\/h2>\n\n\n\n<p>Selbstverst\u00e4ndlich bieten die Buchmacher auch Zukunftswetten auf den Meister der brasilianischen Serie A an. Zus\u00e4tzlich k\u00f6nnen auch Wetten auf den besten Torsch\u00fctzen der Liga sowie Wetten auf die Mannschaft, die am Saisonende die meisten Tore erzielt hat, abgeschlossen werden.&nbsp;<\/p>\n\n\n\n<p>Auch wenn diese Zukunftsm\u00e4rkte in der brasilianischen Serie A ein wenig schwierig sind vorherzusagen, vergeben die Buchmacher auf diese M\u00e4rkte relativ gute Quoten. Bevor man eine Zukunftswette platziert, sollte man die Mannschaften und Spieler der kommenden Saison genau recherchieren, um herauszufinden, ob sich gewisse Mannschaften zu der Vorsaison verbessert haben oder ob sie eventuell einen Schl\u00fcsselspieler verloren haben.&nbsp;<\/p>\n\n\n\n<p>Mit allen Transfers und Neuverpflichtungen in der Sommerpause ist es sehr zeitaufwendig, alle gro\u00dfen Ligen in Europa zu folgen und gleichzeitig ein Auge auf andere Ligen zu werfen. Deshalb ist es auch verst\u00e4ndlich, dass viele Wettspieler einfach nicht die Zeit haben, sich anderen Ligen zu widmen. Hier k\u00f6nnte ein Tippgeber hilfreich sein.<\/p>\n\n\t\t<\/article>\n\t\t<div class=\"lg:w-[300px] lg:flex-shrink-0 relative\" x-data=\"{show_toc: false}\">\n\t\t\t<div class=\"lg:sticky lg:top-4 z-30\">\n\t\t\t\t<div class=\"fixed -top-64 left-0 w-full z-50 lg:static transition-all hidden lg:block\" id=\"fixed-toc\">\n\t\t\t\t\t<div>\n\t\t\t\t<div class=\"border-b border-solid border-gray-30 text-lg font-bold lg:pt-7 max-lg:px-4 py-3 flex items-center justify-between bg-white lg:bg-transparent\">\n\t\t\tWas gibt es auf dieser Seite\n\t\t\t<button @click=\"show_toc = true\" class=\"btn btn-red-outline-white block lg:hidden\">Jump to<\/button>\n\t\t<\/div>\n\t\t\t\t<div\n\t\t\tclass=\"max-lg:fixed max-lg:top-0 max-lg:left-0 max-lg:w-screen max-lg:h-screen max-lg:bg-gray-70 max-lg:bg-opacity-75 max-lg:hidden\"\n\t\t\t:class=\"{'max-lg:hidden': !show_toc}\"\n\t\t\t@click=\"show_toc = false\"\n\t\t>\n\t\t\t<div class=\"max-lg:absolute max-lg:bottom-0 max-lg:left-0 max-lg:w-screen bg-white lg:bg-transparent\">\n\t\t\t\t\t\t\t\t<div class=\"flex lg:hidden items-center justify-between mx-4 border-b border-solid border-gray-30 pt-6 pb-2 font-bold\">\n\n\t\t\t\t\tAuf dieser Seite\n\t\t\t\t\t<button @click=\"show_toc = false\">\n\t\t\t\t\t\t<svg class=\"w-5 h-5 text-gray-100\" xmlns=\"http:\/\/www.w3.org\/2000\/svg\" fill=\"none\" stroke=\"currentColor\" stroke-width=\"1.5\" class=\"w-6 h-6\" viewBox=\"0 0 24 24\"><path stroke-linecap=\"round\" stroke-linejoin=\"round\" d=\"M6 18 18 6M6 6l12 12\"\/><\/svg>\t\t\t\t\t<\/button>\n\t\t\t\t<\/div>\n\t\t\t\t<ul id=\"toc\" class=\"mt-5 max-h-[85vh] overflow-y-auto list-none bt-scrollbars\">\n\n\t\t\t\t\t\t\t\t\t\t\t<li>\n\t\t\t\t\t\t\t<a href=\"#die-struktur-der-brasilianischen-serie-a\" data-bt-toc-item=\"die-struktur-der-brasilianischen-serie-a\"\n\t\t\t\t\t\t\t\t @click=\"show_toc = false\"\n\t\t\t\t\t\t\t\t class=\"block px-4 py-2 text-black border-l-4 border-solid border-transparent hover:border-red-100 transition-all hover:!border-b-0 hover:font-bold\">\nDie Struktur der Brasilianischen Serie A\n<\/a>\n\t\t\t\t\t\t<\/li>\n\t\t\t\t\t\t\t\t\t\t\t<li>\n\t\t\t\t\t\t\t<a href=\"#wichtige-hilfsmittel-fur-wetten-auf-die-brasilianische-serie-a\" data-bt-toc-item=\"wichtige-hilfsmittel-fur-wetten-auf-die-brasilianische-serie-a\"\n\t\t\t\t\t\t\t\t @click=\"show_toc = false\"\n\t\t\t\t\t\t\t\t class=\"block px-4 py-2 text-black border-l-4 border-solid border-transparent hover:border-red-100 transition-all hover:!border-b-0 hover:font-bold\">\nWichtige Hilfsmittel F\u00fcr Wetten Auf Die Brasilianische Serie A\n<\/a>\n\t\t\t\t\t\t<\/li>\n\t\t\t\t\t\t\t\t\t\t\t<li>\n\t\t\t\t\t\t\t<a href=\"#zukunftswetten-der-brasilianischen-serie-a\" data-bt-toc-item=\"zukunftswetten-der-brasilianischen-serie-a\"\n\t\t\t\t\t\t\t\t @click=\"show_toc = false\"\n\t\t\t\t\t\t\t\t class=\"block px-4 py-2 text-black border-l-4 border-solid border-transparent hover:border-red-100 transition-all hover:!border-b-0 hover:font-bold\">\nZukunftswetten der Brasilianischen Serie A\n<\/a>\n\t\t\t\t\t\t<\/li>\n\t\t\t\t\t\t\t\t\t<\/ul>\n\t\t\t\t\t\t\t\t\t\t\t<\/div>\n\t\t<\/div>\n\t<\/div>\n\t\t\t\t\t<\/div>\n\t\t\t<\/div>\n\t\t<\/div>\n\t<\/div>\n<\/div>\n\t<\/div>\n<\/div>\n\n","protected":false},"excerpt":{"rendered":"","protected":false},"author":6,"featured_media":0,"parent":0,"menu_order":1002,"comment_status":"closed","ping_status":"closed","template":"","meta":{"footnotes":""},"tags":[],"acf":[],"_links":{"self":[{"href":"https:\/\/betting.com\/de\/wp-json\/wp\/v2\/pages\/940"}],"collection":[{"href":"https:\/\/betting.com\/de\/wp-json\/wp\/v2\/pages"}],"about":[{"href":"https:\/\/betting.com\/de\/wp-json\/wp\/v2\/types\/page"}],"author":[{"embeddable":true,"href":"https:\/\/betting.com\/de\/wp-json\/wp\/v2\/users\/6"}],"replies":[{"embeddable":true,"href":"https:\/\/betting.com\/de\/wp-json\/wp\/v2\/comments?post=940"}],"version-history":[{"count":3,"href":"https:\/\/betting.com\/de\/wp-json\/wp\/v2\/pages\/940\/revisions"}],"predecessor-version":[{"id":6220,"href":"https:\/\/betting.com\/de\/wp-json\/wp\/v2\/pages\/940\/revisions\/6220"}],"wp:attachment":[{"href":"https:\/\/betting.com\/de\/wp-json\/wp\/v2\/media?parent=940"}],"wp:term":[{"taxonomy":"post_tag","embeddable":true,"href":"https:\/\/betting.com\/de\/wp-json\/wp\/v2\/tags?post=940"}],"curies":[{"name":"wp","href":"https:\/\/api.w.org\/{rel}","templated":true}]}}