{"id":938,"date":"2023-04-03T16:39:47","date_gmt":"2023-04-03T16:39:47","guid":{"rendered":"https:\/\/betting.com\/de\/?page_id=938"},"modified":"2023-08-02T12:31:05","modified_gmt":"2023-08-02T12:31:05","slug":"bundesliga-2","status":"publish","type":"page","link":"https:\/\/betting.com\/de\/bundesliga-2","title":{"rendered":"Bundesliga 2"},"content":{"rendered":"<div class=\" container-white py-8\">\n\t<div class=\"wp-block-container-toc  \">\n\t\t\t<div class=\"bg-white\">\n\t<div class=\"flex flex-col-reverse lg:flex-row lg:gap-8 py-10\">\n\t\t<article class=\"max-w-[960px] flex-grow\" data-bt-content>\n\t\t\t\n<p>Die 2. Bundesliga ist im deutschen Ligasystem unterhalb der Bundesliga und oberhalb der 3. Liga angesiedelt. Alle Vereine der 2. Bundesliga nehmen am DFB-Pokal, dem j\u00e4hrlichen deutschen Pokalwettbewerb, teil. Seit ihrer Gr\u00fcndung haben insgesamt 127 Vereine an der 2. Bundesliga teilgenommen.<\/p>\n\n\n\n<h2 class=\"wp-block-heading\" id=\"alles-was-du-uber-bundesliga-2-wetten-wissen-muss\"><strong>Alles, was du \u00fcber Bundesliga 2-Wetten wissen muss<\/strong><\/h2>\n\n\n\n<p>Die 2. Bundesliga funktioniert wie die meisten anderen europ\u00e4ischen Fu\u00dfballligen, da 18 Mannschaften w\u00e4hrend der gesamten Saison antreten und insgesamt 34 Spiele der regul\u00e4ren Saison ausgetragen, wobei das \u00fcbliche Hin- und R\u00fcckspiel gilt.<\/p>\n\n\n\n<p>Die beiden Mannschaften, die talentiert genug sind, um Meister bzw. Vizemeister zu werden, steigen anschlie\u00dfend in die 1. Bundesliga auf und haben dann die Ehre, gegen Mannschaften wie Bayern M\u00fcnchen und Borussia Dortmund anzutreten.<\/p>\n\n\n\n<p>Die Mannschaft, die den dritten Platz in der Liga belegt, trifft in einem Auf-\/Abstiegsduell auf die Mannschaft, die in der h\u00f6chsten deutschen Spielklasse den 16. Platz belegt, und tauscht im Falle eines Sieges den Platz mit der ungl\u00fccklichen Mannschaft der n\u00e4chsth\u00f6heren Spielklasse.<\/p>\n\n\n\n<p>Nat\u00fcrlich gibt es in dieser Liga eine zus\u00e4tzliche Gefahrenebene, und zwar durch die gleichen Auf-\/Abstiegs-Playoffs zwischen der 2. und der 3. Liga, was bedeutet, dass das Interesse an diesem Wettbewerb normalerweise bis zum letzten Tag und dar\u00fcber hinaus anh\u00e4lt.<\/p>\n\n\n\n<p><em>\u201cWenn du dich mit der Liga nicht auskennst, ist es am besten, mit den Wett Tipps zu beginnen, bevor deine eigene Wissens-Datenbank w\u00e4chst, da die meisten Wett Tipps mit ausf\u00fchrlichen Beschreibungen und Hinweisen darauf kommen, \u201ewarum\u201c der Tipp eine wertvolle Wettoption ist.\u201d&nbsp;<\/em><\/p>\n\n\n\n<p>Indem du die Tipps gr\u00fcndlich liest, f\u00fcgst du also auch deinem eigenen Wissensschatz etwas hinzu, und sobald dieser eine gewisse Gr\u00f6\u00dfe erreicht hat, bist du in der Lage, deine eigenen Wettentscheidungen f\u00fcr die 2. Bundesliga zu treffen.<\/p>\n\n\n\n<h3 class=\"wp-block-heading\" id=\"welcher-bonus-ist-der-beste-fur-meine-bundesliga-2-wetten\"><strong>Welcher Bonus ist der beste f\u00fcr meine Bundesliga 2 Wetten?<\/strong><\/h3>\n\n\n\n<p>Es gibt viele Arten von Boni, wenn du bei 2. Bundesliga wettest und es magst, zu wetten. Wir haben die meisten der verf\u00fcgbaren Boni getestet und die beliebtesten sind diejenigen, die erh\u00f6hte Quoten, Gratiswetten und Geld-zur\u00fcck-Aktionen anbieten.<\/p>\n\n\n\n<p>Die meisten 2. Bundesliga-Boni sind mit leicht zu erf\u00fcllenden Bedingungen verbunden (z.B. maximaler Einsatz oder Mindestquoten) und das bedeutet, dass du in der Lage sein wirst, deine Wetten jedes Wochenende und auch w\u00e4hrend der Saison voll zu genie\u00dfen.<\/p>\n\n\n\n<h2 class=\"wp-block-heading\" id=\"die-struktur-der-2-bundesliga\"><strong>Die Struktur der 2. Bundesliga<\/strong><\/h2>\n\n\n\n<p>Die 2. Bundesliga wurde 1974 gegr\u00fcndet und ist seither die zweith\u00f6chste Fu\u00dfballliga in Deutschland. \u00dcber die Jahre hat sich auch in der 2. Bundesliga viel ver\u00e4ndert. Heute verf\u00fcgt die Liga \u00fcber 18 Mannschaften, die 34 Spieltage bestreiten. Die zwei letzten Mannschaften nach Saisonende steigen automatisch in die 3. Liga ab, w\u00e4hrend die drittletzte Mannschaft noch die Chance hat, die Liga zu halten, wenn sie sich in einem Relegationsspiel gegen den Tabellendritten der 3. Liga durchsetzen k\u00f6nnen.<\/p>\n\n\n\n<p>Der Aufstieg in die Erste Bundesliga sieht genauso aus. Die ersten beiden Mannschaften der 2. Bundesliga steigen automatisch in die Erste Liga auf, w\u00e4hrend die drittplatzierte Mannschaft der 2. Bundesliga ein Relegationsspiel gegen die drittletzte Mannschaft in der Ersten Liga gewinnen muss, um in die Bundesliga aufzusteigen.<\/p>\n\n\n\n<p>Speziell zum Ende der Saison wird es in der 2. Bundesliga richtig spannend, denn hier geht es dann um den Auf- und Abstiegskampf. F\u00fcr viele Mannschaften geht es um alles die Liga zu halten oder in die Erste Bundesliga aufzusteigen. Hier kommen auch wieder die Wettquoten ins Spiel.<\/p>\n\n\n\n<p>Da es f\u00fcr die Mannschaften um alles geht, treten viele Mannschaften motivierter an und somit kann es auch vorkommen, dass Mannschaften im Tabellenkeller f\u00fcr \u00dcberraschungen sorgen k\u00f6nnen.<\/p>\n\n\n\n<p>Dadurch, dass Fu\u00dfball einen so hohen Stellenwert in Deutschland hat, ist auch die 2. Bundesliga unter Fu\u00dfballfans sehr beliebt. Dies widerspiegelt sich selbstverst\u00e4ndlich auch in den Sportwetten. Viele Wettspieler schlie\u00dfen ihre Wetten auf die 2. Bundesliga ab, da auch die Quoten immer wieder \u00fcberraschen.<\/p>\n\n\n\n<p>Auf internationaler Ebene sind Mannschaften der 2. Bundesliga nur in Ausnahmef\u00e4llen vertreten, jedoch nehmen alle Mannschaften der 2. Bundesliga an dem DFB-Pokal teil. Auch hier lassen sich oftmals sehr gute Quoten vorfinden. Zudem ist der DFB Pokal daf\u00fcr bekannt, dass es sehr viele \u00dcberraschungen gibt. Oftmals werden Mannschaften aus der Zweiten Liga von den Bundesliga Teams untersch\u00e4tzt. Hier kann es sich lohnen, die M\u00e4rkte ein wenig genauer zu untersuchen.<\/p>\n\n\n\n<p>Wenn es einer 2. Bundesliga Mannschaft jedoch gelingen sollte, den DFB-Pokal zu gewinnen, dann bekommt diese Mannschaft nat\u00fcrlich auch einen Platz in der Europa League.<\/p>\n\n\n\n<p>Alemannia Aachen schaffte es in der Saison 2004\/2005 in der Europa League mitzuspielen. Alemannia schaffe es anschlie\u00dfend sogar noch durch die Gruppenphase, schieden aber letzten Endes in der ersten Runde der Finalspiele gegen AZ Alkmaar aus.<\/p>\n\n\n\n<h2 class=\"wp-block-heading\" id=\"wichtige-informationen-fur-wetten-auf-die-2-bundesliga\"><strong>Wichtige Informationen F\u00fcr Wetten Auf Die 2. Bundesliga<\/strong><\/h2>\n\n\n\n<ul><li><strong>Derbies<\/strong>: Derbies in der 2. Bundesliga k\u00f6nnen einen gro\u00dfen Einfluss auf ein Spiel haben. Auch wenn momentan keine Zuschauer wegen der Corona Krise in die Stadien d\u00fcrfen, k\u00f6nnen Derbies einen gro\u00dfen Unterschied machen, da die beiden Teams oft Rivalen sind und dadurch nat\u00fcrlich auch gewisse Emotionen hochkommen. Dies kann sich dann auf die Leistung der Spieler und des Ergebnisses auswirken.<\/li><li><strong>Benutz die Boni der Buchmacher<\/strong>: Wenn du am Anfang der Saison noch ein wenig zus\u00e4tzliches Wettkapital ben\u00f6tigst, solltest du die Angebote der Buchmacher nutzen. Oft lassen sich mit einem Willkommensbonus eines Buchmachers gro\u00dfartige Wetten abschlie\u00dfen. Alle Bonus und Promotionsangebote aller Buchmacher findest du hier.<\/li><\/ul>\n\n\n\n<p><strong>Vielf\u00e4ltiges Wett-Portfolio<\/strong>: Auch wenn die 2. Bundesliga nicht deine erste Wahl ist, wenn du eine Wette platzierst, solltest du diese Liga in Erw\u00e4gung ziehen, um dein Wettportfolio zu erweitern. Oft sind es die Wetten, bei denen man sich anfangs nicht so sicher war, die Gewinne einbringen.<\/p>\n\n\t\t<\/article>\n\t\t<div class=\"lg:w-[300px] lg:flex-shrink-0 relative\" x-data=\"{show_toc: false}\">\n\t\t\t<div class=\"lg:sticky lg:top-4 z-30\">\n\t\t\t\t<div class=\"fixed -top-64 left-0 w-full z-50 lg:static transition-all hidden lg:block\" id=\"fixed-toc\">\n\t\t\t\t\t<div>\n\t\t\t\t<div class=\"border-b border-solid border-gray-30 text-lg font-bold lg:pt-7 max-lg:px-4 py-3 flex items-center justify-between bg-white lg:bg-transparent\">\n\t\t\tWas gibt es auf dieser Seite\n\t\t\t<button @click=\"show_toc = true\" class=\"btn btn-red-outline-white block lg:hidden\">Jump to<\/button>\n\t\t<\/div>\n\t\t\t\t<div\n\t\t\tclass=\"max-lg:fixed max-lg:top-0 max-lg:left-0 max-lg:w-screen max-lg:h-screen max-lg:bg-gray-70 max-lg:bg-opacity-75 max-lg:hidden\"\n\t\t\t:class=\"{'max-lg:hidden': !show_toc}\"\n\t\t\t@click=\"show_toc = false\"\n\t\t>\n\t\t\t<div class=\"max-lg:absolute max-lg:bottom-0 max-lg:left-0 max-lg:w-screen bg-white lg:bg-transparent\">\n\t\t\t\t\t\t\t\t<div class=\"flex lg:hidden items-center justify-between mx-4 border-b border-solid border-gray-30 pt-6 pb-2 font-bold\">\n\n\t\t\t\t\tAuf dieser Seite\n\t\t\t\t\t<button @click=\"show_toc = false\">\n\t\t\t\t\t\t<svg class=\"w-5 h-5 text-gray-100\" xmlns=\"http:\/\/www.w3.org\/2000\/svg\" fill=\"none\" stroke=\"currentColor\" stroke-width=\"1.5\" class=\"w-6 h-6\" viewBox=\"0 0 24 24\"><path stroke-linecap=\"round\" stroke-linejoin=\"round\" d=\"M6 18 18 6M6 6l12 12\"\/><\/svg>\t\t\t\t\t<\/button>\n\t\t\t\t<\/div>\n\t\t\t\t<ul id=\"toc\" class=\"mt-5 max-h-[85vh] overflow-y-auto list-none bt-scrollbars\">\n\n\t\t\t\t\t\t\t\t\t\t\t<li>\n\t\t\t\t\t\t\t<a href=\"#alles-was-du-uber-bundesliga-2-wetten-wissen-muss\" data-bt-toc-item=\"alles-was-du-uber-bundesliga-2-wetten-wissen-muss\"\n\t\t\t\t\t\t\t\t @click=\"show_toc = false\"\n\t\t\t\t\t\t\t\t class=\"block px-4 py-2 text-black border-l-4 border-solid border-transparent hover:border-red-100 transition-all hover:!border-b-0 hover:font-bold\">\nAlles, was du \u00fcber Bundesliga 2-Wetten wissen muss\n<\/a>\n\t\t\t\t\t\t<\/li>\n\t\t\t\t\t\t\t\t\t\t\t<li>\n\t\t\t\t\t\t\t<a href=\"#die-struktur-der-2-bundesliga\" data-bt-toc-item=\"die-struktur-der-2-bundesliga\"\n\t\t\t\t\t\t\t\t @click=\"show_toc = false\"\n\t\t\t\t\t\t\t\t class=\"block px-4 py-2 text-black border-l-4 border-solid border-transparent hover:border-red-100 transition-all hover:!border-b-0 hover:font-bold\">\nDie Struktur der 2. Bundesliga\n<\/a>\n\t\t\t\t\t\t<\/li>\n\t\t\t\t\t\t\t\t\t\t\t<li>\n\t\t\t\t\t\t\t<a href=\"#wichtige-informationen-fur-wetten-auf-die-2-bundesliga\" data-bt-toc-item=\"wichtige-informationen-fur-wetten-auf-die-2-bundesliga\"\n\t\t\t\t\t\t\t\t @click=\"show_toc = false\"\n\t\t\t\t\t\t\t\t class=\"block px-4 py-2 text-black border-l-4 border-solid border-transparent hover:border-red-100 transition-all hover:!border-b-0 hover:font-bold\">\nWichtige Informationen F\u00fcr Wetten Auf Die 2. Bundesliga\n<\/a>\n\t\t\t\t\t\t<\/li>\n\t\t\t\t\t\t\t\t\t<\/ul>\n\t\t\t\t\t\t\t\t\t\t\t<\/div>\n\t\t<\/div>\n\t<\/div>\n\t\t\t\t\t<\/div>\n\t\t\t<\/div>\n\t\t<\/div>\n\t<\/div>\n<\/div>\n\t<\/div>\n<\/div>\n\n","protected":false},"excerpt":{"rendered":"","protected":false},"author":6,"featured_media":0,"parent":0,"menu_order":1000,"comment_status":"closed","ping_status":"closed","template":"","meta":{"footnotes":""},"tags":[],"acf":[],"_links":{"self":[{"href":"https:\/\/betting.com\/de\/wp-json\/wp\/v2\/pages\/938"}],"collection":[{"href":"https:\/\/betting.com\/de\/wp-json\/wp\/v2\/pages"}],"about":[{"href":"https:\/\/betting.com\/de\/wp-json\/wp\/v2\/types\/page"}],"author":[{"embeddable":true,"href":"https:\/\/betting.com\/de\/wp-json\/wp\/v2\/users\/6"}],"replies":[{"embeddable":true,"href":"https:\/\/betting.com\/de\/wp-json\/wp\/v2\/comments?post=938"}],"version-history":[{"count":3,"href":"https:\/\/betting.com\/de\/wp-json\/wp\/v2\/pages\/938\/revisions"}],"predecessor-version":[{"id":6219,"href":"https:\/\/betting.com\/de\/wp-json\/wp\/v2\/pages\/938\/revisions\/6219"}],"wp:attachment":[{"href":"https:\/\/betting.com\/de\/wp-json\/wp\/v2\/media?parent=938"}],"wp:term":[{"taxonomy":"post_tag","embeddable":true,"href":"https:\/\/betting.com\/de\/wp-json\/wp\/v2\/tags?post=938"}],"curies":[{"name":"wp","href":"https:\/\/api.w.org\/{rel}","templated":true}]}}