{"id":935,"date":"2023-04-03T16:36:12","date_gmt":"2023-04-03T16:36:12","guid":{"rendered":"https:\/\/betting.com\/de\/?page_id=935"},"modified":"2023-08-02T12:31:05","modified_gmt":"2023-08-02T12:31:05","slug":"chinesische-super-league","status":"publish","type":"page","link":"https:\/\/betting.com\/de\/chinesische-super-league","title":{"rendered":"Chinesische Super League"},"content":{"rendered":"<div class=\" container-white py-8\">\n\t<div class=\"wp-block-container-toc  \">\n\t\t\t<div class=\"bg-white\">\n\t<div class=\"flex flex-col-reverse lg:flex-row lg:gap-8 py-10\">\n\t\t<article class=\"max-w-[960px] flex-grow\" data-bt-content>\n\t\t\t\n<p>Die Chinese Football Association Super League, allgemein bekannt als Chinese Super League oder CSL, ist die h\u00f6chste Spielklasse im chinesischen Profifu\u00dfball und steht unter der Schirmherrschaft des chinesischen Fu\u00dfballverbands (CFA). Die Liga wurde 2004 durch die Umbenennung der fr\u00fcheren h\u00f6chsten Spielklasse, der chinesischen Jia-A-Liga, gegr\u00fcndet.<\/p>\n\n\n\n<h2 class=\"wp-block-heading\" id=\"alles-was-du-uber-wetten-auf-die-chinesische-super-league-wissen-muss\"><strong>Alles, was du \u00fcber Wetten auf die chinesische Super League wissen muss<\/strong><\/h2>\n\n\n\n<p>Wenn du auf Tipps f\u00fcr die chinesische Super League oder andere Vorhersagen setzt, kannst du deine Wettexpertise deutlich erweitern. Unsere Tipper geben in der Regel eine detaillierte Beschreibung, warum sie sich f\u00fcr diesen Tipp entschieden haben. Fr\u00fchere Erfahrungen mit der Liga und fundierte Kenntnisse der Statistiken helfen dabei, sicherzustellen, dass du nie wieder eine uninformierte Wette abgibst.<\/p>\n\n\n\n<p>Nat\u00fcrlich musst du nicht auf jeden Wett Tipp setzen, aber wenn du ein Neuling in der Liga oder in der Sportart bist, kann das problematisch werden, da du vielleicht eine Reihe von dummen Wetten abschlie\u00dft, w\u00e4hrend du versuchst es zu lernen.<\/p>\n\n\n\n<p>Mit den Wettipps von Betting.com erf\u00e4hrst du, warum wir diese speziellen Wetten ausgew\u00e4hlt haben und wie du beim Wetten dein Potenzial zum Geld gewinnen maximieren kannst.<\/p>\n\n\n\n<h2 class=\"wp-block-heading\" id=\"welcher-bonus-ist-der-beste-fur-meine-wetten-auf-die-chinesische-super-league\"><strong>Welcher Bonus ist der beste f\u00fcr meine Wetten auf die chinesische Super League?<\/strong><\/h2>\n\n\n\n<p>Es gibt viele Arten von Boni, die man beim Wetten auf die Chinese Super League genie\u00dfen kann. Wir haben die meisten der verf\u00fcgbaren Boni getestet und die attraktivsten sind das Angebot von bet365 mit einem Einzahlungsbonus von bis zu 100 \u20ac sowie das Angebot von William Hill, bei dem man 10 \u20ac wettet und 30 \u20ac erh\u00e4lt.&nbsp;<\/p>\n\n\n\n<p>F\u00fcr das Angebot von bet365 m\u00fcssen Sie eine Mindesteinzahlung von 5 \u20ac und eine H\u00f6chsteinzahlung von \u20ac 100 leisten. Bet365 schreibt daraufhin Gratiswetten in H\u00f6he des eingezahlten Betrags gut, d. h. wenn Sie 15 \u20ac einzahlen, erhalten Sie 15 \u20ac zur\u00fcck und zwar bis zu einem Betrag von 100 \u20ac.<\/p>\n\n\n\n<p>William Hill bietet derzeit ein Angebot f\u00fcr Neukunden an, bei dem man mit einer Einzahlung von 10 \u20ac einen Bonus von 30 \u20ac erh\u00e4lt, der sowohl f\u00fcr neue als auch f\u00fcr erfahrene Wettende hervorragend geeignet ist. Um an diesem Angebot teilzunehmen, muss man sich nur anmelden und mindestens 10 \u20ac einzahlen, und schon werden einem 30 \u20ac in Form von Gratiswetten gutgeschrieben. Diese Art von Bonus ist sehr einfach zu verstehen und bietet schon f\u00fcr einen relativ normalen Einzahlungsbetrag eine anst\u00e4ndige Rendite.<\/p>\n\n\n\n<p>Nat\u00fcrlich gibt es auch noch andere Boni, bei denen wir immer empfehlen, denjenigen zu nutzen, der am besten zu deinem pers\u00f6nlichen Spielstil passt. Wenn du jedoch auf der Suche nach neuen Inspirationen bist, dann solltest du dich auf jeden Fall bei bet365 und William Hill umsehen.<\/p>\n\n\t\t<\/article>\n\t\t<div class=\"lg:w-[300px] lg:flex-shrink-0 relative\" x-data=\"{show_toc: false}\">\n\t\t\t<div class=\"lg:sticky lg:top-4 z-30\">\n\t\t\t\t<div class=\"fixed -top-64 left-0 w-full z-50 lg:static transition-all hidden lg:block\" id=\"fixed-toc\">\n\t\t\t\t\t<div>\n\t\t\t\t<div class=\"border-b border-solid border-gray-30 text-lg font-bold lg:pt-7 max-lg:px-4 py-3 flex items-center justify-between bg-white lg:bg-transparent\">\n\t\t\tWas gibt es auf dieser Seite\n\t\t\t<button @click=\"show_toc = true\" class=\"btn btn-red-outline-white block lg:hidden\">Jump to<\/button>\n\t\t<\/div>\n\t\t\t\t<div\n\t\t\tclass=\"max-lg:fixed max-lg:top-0 max-lg:left-0 max-lg:w-screen max-lg:h-screen max-lg:bg-gray-70 max-lg:bg-opacity-75 max-lg:hidden\"\n\t\t\t:class=\"{'max-lg:hidden': !show_toc}\"\n\t\t\t@click=\"show_toc = false\"\n\t\t>\n\t\t\t<div class=\"max-lg:absolute max-lg:bottom-0 max-lg:left-0 max-lg:w-screen bg-white lg:bg-transparent\">\n\t\t\t\t\t\t\t\t<div class=\"flex lg:hidden items-center justify-between mx-4 border-b border-solid border-gray-30 pt-6 pb-2 font-bold\">\n\n\t\t\t\t\tAuf dieser Seite\n\t\t\t\t\t<button @click=\"show_toc = false\">\n\t\t\t\t\t\t<svg class=\"w-5 h-5 text-gray-100\" xmlns=\"http:\/\/www.w3.org\/2000\/svg\" fill=\"none\" stroke=\"currentColor\" stroke-width=\"1.5\" class=\"w-6 h-6\" viewBox=\"0 0 24 24\"><path stroke-linecap=\"round\" stroke-linejoin=\"round\" d=\"M6 18 18 6M6 6l12 12\"\/><\/svg>\t\t\t\t\t<\/button>\n\t\t\t\t<\/div>\n\t\t\t\t<ul id=\"toc\" class=\"mt-5 max-h-[85vh] overflow-y-auto list-none bt-scrollbars\">\n\n\t\t\t\t\t\t\t\t\t\t\t<li>\n\t\t\t\t\t\t\t<a href=\"#alles-was-du-uber-wetten-auf-die-chinesische-super-league-wissen-muss\" data-bt-toc-item=\"alles-was-du-uber-wetten-auf-die-chinesische-super-league-wissen-muss\"\n\t\t\t\t\t\t\t\t @click=\"show_toc = false\"\n\t\t\t\t\t\t\t\t class=\"block px-4 py-2 text-black border-l-4 border-solid border-transparent hover:border-red-100 transition-all hover:!border-b-0 hover:font-bold\">\nAlles, was du \u00fcber Wetten auf die chinesische Super League wissen muss\n<\/a>\n\t\t\t\t\t\t<\/li>\n\t\t\t\t\t\t\t\t\t\t\t<li>\n\t\t\t\t\t\t\t<a href=\"#welcher-bonus-ist-der-beste-fur-meine-wetten-auf-die-chinesische-super-league\" data-bt-toc-item=\"welcher-bonus-ist-der-beste-fur-meine-wetten-auf-die-chinesische-super-league\"\n\t\t\t\t\t\t\t\t @click=\"show_toc = false\"\n\t\t\t\t\t\t\t\t class=\"block px-4 py-2 text-black border-l-4 border-solid border-transparent hover:border-red-100 transition-all hover:!border-b-0 hover:font-bold\">\nWelcher Bonus ist der beste f\u00fcr meine Wetten auf die chinesische Super League?\n<\/a>\n\t\t\t\t\t\t<\/li>\n\t\t\t\t\t\t\t\t\t<\/ul>\n\t\t\t\t\t\t\t\t\t\t\t<\/div>\n\t\t<\/div>\n\t<\/div>\n\t\t\t\t\t<\/div>\n\t\t\t<\/div>\n\t\t<\/div>\n\t<\/div>\n<\/div>\n\t<\/div>\n<\/div>\n\n","protected":false},"excerpt":{"rendered":"","protected":false},"author":6,"featured_media":0,"parent":0,"menu_order":1000,"comment_status":"closed","ping_status":"closed","template":"","meta":{"footnotes":""},"tags":[],"acf":[],"_links":{"self":[{"href":"https:\/\/betting.com\/de\/wp-json\/wp\/v2\/pages\/935"}],"collection":[{"href":"https:\/\/betting.com\/de\/wp-json\/wp\/v2\/pages"}],"about":[{"href":"https:\/\/betting.com\/de\/wp-json\/wp\/v2\/types\/page"}],"author":[{"embeddable":true,"href":"https:\/\/betting.com\/de\/wp-json\/wp\/v2\/users\/6"}],"replies":[{"embeddable":true,"href":"https:\/\/betting.com\/de\/wp-json\/wp\/v2\/comments?post=935"}],"version-history":[{"count":3,"href":"https:\/\/betting.com\/de\/wp-json\/wp\/v2\/pages\/935\/revisions"}],"predecessor-version":[{"id":6218,"href":"https:\/\/betting.com\/de\/wp-json\/wp\/v2\/pages\/935\/revisions\/6218"}],"wp:attachment":[{"href":"https:\/\/betting.com\/de\/wp-json\/wp\/v2\/media?parent=935"}],"wp:term":[{"taxonomy":"post_tag","embeddable":true,"href":"https:\/\/betting.com\/de\/wp-json\/wp\/v2\/tags?post=935"}],"curies":[{"name":"wp","href":"https:\/\/api.w.org\/{rel}","templated":true}]}}