{"id":932,"date":"2023-04-03T16:31:23","date_gmt":"2023-04-03T16:31:23","guid":{"rendered":"https:\/\/betting.com\/de\/?page_id=932"},"modified":"2023-08-02T12:31:05","modified_gmt":"2023-08-02T12:31:05","slug":"daenische-superliga","status":"publish","type":"page","link":"https:\/\/betting.com\/de\/daenische-superliga","title":{"rendered":"D\u00e4nische Superliga"},"content":{"rendered":"<div class=\" container-white py-8\">\n\t<div class=\"wp-block-container-toc  \">\n\t\t\t<div class=\"bg-white\">\n\t<div class=\"flex flex-col-reverse lg:flex-row lg:gap-8 py-10\">\n\t\t<article class=\"max-w-[960px] flex-grow\" data-bt-content>\n\t\t\t\n<p>Die d\u00e4nische Superliga ist die aktuelle d\u00e4nische Fu\u00dfballmeisterschaft und wird vom d\u00e4nischen Fu\u00dfballverband verwaltet. Sie ist die h\u00f6chste Fu\u00dfballliga D\u00e4nemarks und wird derzeit jedes Jahr von 12 Mannschaften ausgetragen, wobei zwei Mannschaften absteigen.<\/p>\n\n\n\n<h2 class=\"wp-block-heading\" id=\"wer-sind-die-besten-buchmacher-fur-die-danische-superliga\"><strong>Wer sind die besten Buchmacher f\u00fcr die d\u00e4nische Superliga?<\/strong><\/h2>\n\n\n\n<p>Die d\u00e4nische Superliga ist eine der angesehensten Ligen in Europa und das bedeutet, dass jeder einzelne Buchmacher Quoten f\u00fcr diese Liga anbietet. Wenn Sie sich f\u00fcr einen Buchmacher entscheiden, um auf die d\u00e4nische Superliga zu wetten, empfehlen wir Ihnen, einen Bonus zu w\u00e4hlen, der zu Ihnen passt, oder eine spezielle Aktion zu finden, von der Sie profitieren k\u00f6nnen.<\/p>\n\n\n\n<p>Wir k\u00f6nnen f\u00fcr alle von uns empfohlenen Buchmacher b\u00fcrgen, und Sie k\u00f6nnen einige von ihnen weiter unten sehen. Wenn Sie es vorziehen, k\u00f6nnen Sie auch zu unserem Buchmacher-Bereich gehen, wo Sie die aktuellen Willkommensboni und Aktionen sehen und unsere ausf\u00fchrlichen Bewertungen lesen k\u00f6nnen.<\/p>\n\n\n\n<h2 class=\"wp-block-heading\" id=\"die-wichtigsten-informationen-zu-wetten-auf-die-danische-superliga\"><strong>Die wichtigsten Informationen zu Wetten auf die d\u00e4nische Superliga<\/strong><\/h2>\n\n\n\n<p>Im Verh\u00e4ltnis zu anderen beliebten europ\u00e4ischen Ligen sollten Sie bei Wetten auf die d\u00e4nische Superliga nur darauf achten, die h\u00f6chsten Quoten zu finden, und dabei hilft Ihnen unser Quotenvergleich.<\/p>\n\n\n\n<p>Davon abgesehen sind ein toller Willkommensbonus oder Sonderaktionen immer etwas, worauf man achten sollte. Dennoch k\u00f6nnen Sie beruhigt sein, da die Suche nach Quoten f\u00fcr die d\u00e4nische Superliga keine gro\u00dfe Herausforderung darstellt.<\/p>\n\n\t\t<\/article>\n\t\t<div class=\"lg:w-[300px] lg:flex-shrink-0 relative\" x-data=\"{show_toc: false}\">\n\t\t\t<div class=\"lg:sticky lg:top-4 z-30\">\n\t\t\t\t<div class=\"fixed -top-64 left-0 w-full z-50 lg:static transition-all hidden lg:block\" id=\"fixed-toc\">\n\t\t\t\t\t<div>\n\t\t\t\t<div class=\"border-b border-solid border-gray-30 text-lg font-bold lg:pt-7 max-lg:px-4 py-3 flex items-center justify-between bg-white lg:bg-transparent\">\n\t\t\tWas gibt es auf dieser Seite\n\t\t\t<button @click=\"show_toc = true\" class=\"btn btn-red-outline-white block lg:hidden\">Jump to<\/button>\n\t\t<\/div>\n\t\t\t\t<div\n\t\t\tclass=\"max-lg:fixed max-lg:top-0 max-lg:left-0 max-lg:w-screen max-lg:h-screen max-lg:bg-gray-70 max-lg:bg-opacity-75 max-lg:hidden\"\n\t\t\t:class=\"{'max-lg:hidden': !show_toc}\"\n\t\t\t@click=\"show_toc = false\"\n\t\t>\n\t\t\t<div class=\"max-lg:absolute max-lg:bottom-0 max-lg:left-0 max-lg:w-screen bg-white lg:bg-transparent\">\n\t\t\t\t\t\t\t\t<div class=\"flex lg:hidden items-center justify-between mx-4 border-b border-solid border-gray-30 pt-6 pb-2 font-bold\">\n\n\t\t\t\t\tAuf dieser Seite\n\t\t\t\t\t<button @click=\"show_toc = false\">\n\t\t\t\t\t\t<svg class=\"w-5 h-5 text-gray-100\" xmlns=\"http:\/\/www.w3.org\/2000\/svg\" fill=\"none\" stroke=\"currentColor\" stroke-width=\"1.5\" class=\"w-6 h-6\" viewBox=\"0 0 24 24\"><path stroke-linecap=\"round\" stroke-linejoin=\"round\" d=\"M6 18 18 6M6 6l12 12\"\/><\/svg>\t\t\t\t\t<\/button>\n\t\t\t\t<\/div>\n\t\t\t\t<ul id=\"toc\" class=\"mt-5 max-h-[85vh] overflow-y-auto list-none bt-scrollbars\">\n\n\t\t\t\t\t\t\t\t\t\t\t<li>\n\t\t\t\t\t\t\t<a href=\"#wer-sind-die-besten-buchmacher-fur-die-danische-superliga\" data-bt-toc-item=\"wer-sind-die-besten-buchmacher-fur-die-danische-superliga\"\n\t\t\t\t\t\t\t\t @click=\"show_toc = false\"\n\t\t\t\t\t\t\t\t class=\"block px-4 py-2 text-black border-l-4 border-solid border-transparent hover:border-red-100 transition-all hover:!border-b-0 hover:font-bold\">\nWer sind die besten Buchmacher f\u00fcr die d\u00e4nische Superliga?\n<\/a>\n\t\t\t\t\t\t<\/li>\n\t\t\t\t\t\t\t\t\t\t\t<li>\n\t\t\t\t\t\t\t<a href=\"#die-wichtigsten-informationen-zu-wetten-auf-die-danische-superliga\" data-bt-toc-item=\"die-wichtigsten-informationen-zu-wetten-auf-die-danische-superliga\"\n\t\t\t\t\t\t\t\t @click=\"show_toc = false\"\n\t\t\t\t\t\t\t\t class=\"block px-4 py-2 text-black border-l-4 border-solid border-transparent hover:border-red-100 transition-all hover:!border-b-0 hover:font-bold\">\nDie wichtigsten Informationen zu Wetten auf die d\u00e4nische Superliga\n<\/a>\n\t\t\t\t\t\t<\/li>\n\t\t\t\t\t\t\t\t\t<\/ul>\n\t\t\t\t\t\t\t\t\t\t\t<\/div>\n\t\t<\/div>\n\t<\/div>\n\t\t\t\t\t<\/div>\n\t\t\t<\/div>\n\t\t<\/div>\n\t<\/div>\n<\/div>\n\t<\/div>\n<\/div>\n\n","protected":false},"excerpt":{"rendered":"","protected":false},"author":6,"featured_media":0,"parent":0,"menu_order":1000,"comment_status":"closed","ping_status":"closed","template":"","meta":{"footnotes":""},"tags":[],"acf":[],"_links":{"self":[{"href":"https:\/\/betting.com\/de\/wp-json\/wp\/v2\/pages\/932"}],"collection":[{"href":"https:\/\/betting.com\/de\/wp-json\/wp\/v2\/pages"}],"about":[{"href":"https:\/\/betting.com\/de\/wp-json\/wp\/v2\/types\/page"}],"author":[{"embeddable":true,"href":"https:\/\/betting.com\/de\/wp-json\/wp\/v2\/users\/6"}],"replies":[{"embeddable":true,"href":"https:\/\/betting.com\/de\/wp-json\/wp\/v2\/comments?post=932"}],"version-history":[{"count":3,"href":"https:\/\/betting.com\/de\/wp-json\/wp\/v2\/pages\/932\/revisions"}],"predecessor-version":[{"id":6217,"href":"https:\/\/betting.com\/de\/wp-json\/wp\/v2\/pages\/932\/revisions\/6217"}],"wp:attachment":[{"href":"https:\/\/betting.com\/de\/wp-json\/wp\/v2\/media?parent=932"}],"wp:term":[{"taxonomy":"post_tag","embeddable":true,"href":"https:\/\/betting.com\/de\/wp-json\/wp\/v2\/tags?post=932"}],"curies":[{"name":"wp","href":"https:\/\/api.w.org\/{rel}","templated":true}]}}