{"id":927,"date":"2023-04-03T16:23:27","date_gmt":"2023-04-03T16:23:27","guid":{"rendered":"https:\/\/betting.com\/de\/?page_id=927"},"modified":"2023-08-02T12:31:05","modified_gmt":"2023-08-02T12:31:05","slug":"englischen-league-two","status":"publish","type":"page","link":"https:\/\/betting.com\/de\/englischen-league-two","title":{"rendered":"Englischen League Two"},"content":{"rendered":"<div class=\" container-white py-8\">\n\t<div class=\"wp-block-container-toc  \">\n\t\t\t<div class=\"bg-white\">\n\t<div class=\"flex flex-col-reverse lg:flex-row lg:gap-8 py-10\">\n\t\t<article class=\"max-w-[960px] flex-grow\" data-bt-content>\n\t\t\t\n<p>Die English Football League Two, in England einfach als League Two und f\u00fcr Sponsoringzwecke als Sky Bet League Two bekannt, ist die dritte und niedrigste Spielklasse der English Football League (EFL) und die vierth\u00f6chste Spielklasse im englischen Ligasystem insgesamt.<\/p>\n\n\n\n<h2 class=\"wp-block-heading\" id=\"alles-was-du-uber-league-two-wetten-wissen-solltest\"><strong>Alles, was du \u00fcber League Two-Wetten wissen solltest<\/strong><\/h2>\n\n\n\n<p>Wenn du mit dem Platzieren von Wetten auf Spiele der englischen League Two beginnen m\u00f6chtest, ist es eine gute M\u00f6glichkeit, sich mit den Mannschaften und ihren j\u00fcngsten Leistungen in den letzten Jahren vertraut zu machen. Ein guter Ausgangspunkt ist die Frage, wie sich der Kader ver\u00e4ndert hat oder wie die Platzierungen in der Liga in den letzten Jahren waren.<\/p>\n\n\n\n<p>Die Frage, ob die Mannschaft in der Vorsaison st\u00e4rker geworden ist oder mehr verloren als gewonnen hat, sollte dir die Entscheidung f\u00fcr deine eigenen Wetten leichter machen.<\/p>\n\n\n\n<p>Allerdings kann eine solche Recherche sehr zeitaufw\u00e4ndig und anstrengend sein, und wenn du bereits einen Vollzeitjob hast, hast du vielleicht nicht die Zeit daf\u00fcr.&nbsp;<\/p>\n\n\n\n<p>Die meisten Wett Tipps, die auf der Plattform Betting.com geteilt werden, werden mit einer detaillierten Erkl\u00e4rung und Beschreibung geliefert, wie der Wett Tipp erstellt wurde und auf welchen Daten er basiert. Das bedeutet, dass du bei uns mit vollem Vertrauen wetten kannst.<\/p>\n\n\n\n<p>Wenn du also die Beschreibung aufmerksam liest, wirst du etwas \u00fcber die Liga und die Trends lernen und gleichzeitig Gewinne erzielen. Das hei\u00dft, es ist nicht nur lehrreich, sondern sollte auch gleichzeitig dein Wettkonto aufbessern.<\/p>\n\n\t\t<\/article>\n\t\t<div class=\"lg:w-[300px] lg:flex-shrink-0 relative\" x-data=\"{show_toc: false}\">\n\t\t\t<div class=\"lg:sticky lg:top-4 z-30\">\n\t\t\t\t<div class=\"fixed -top-64 left-0 w-full z-50 lg:static transition-all hidden lg:block\" id=\"fixed-toc\">\n\t\t\t\t\t<div>\n\t\t\t\t<div class=\"border-b border-solid border-gray-30 text-lg font-bold lg:pt-7 max-lg:px-4 py-3 flex items-center justify-between bg-white lg:bg-transparent\">\n\t\t\tWas gibt es auf dieser Seite\n\t\t\t<button @click=\"show_toc = true\" class=\"btn btn-red-outline-white block lg:hidden\">Jump to<\/button>\n\t\t<\/div>\n\t\t\t\t<div\n\t\t\tclass=\"max-lg:fixed max-lg:top-0 max-lg:left-0 max-lg:w-screen max-lg:h-screen max-lg:bg-gray-70 max-lg:bg-opacity-75 max-lg:hidden\"\n\t\t\t:class=\"{'max-lg:hidden': !show_toc}\"\n\t\t\t@click=\"show_toc = false\"\n\t\t>\n\t\t\t<div class=\"max-lg:absolute max-lg:bottom-0 max-lg:left-0 max-lg:w-screen bg-white lg:bg-transparent\">\n\t\t\t\t\t\t\t\t<div class=\"flex lg:hidden items-center justify-between mx-4 border-b border-solid border-gray-30 pt-6 pb-2 font-bold\">\n\n\t\t\t\t\tAuf dieser Seite\n\t\t\t\t\t<button @click=\"show_toc = false\">\n\t\t\t\t\t\t<svg class=\"w-5 h-5 text-gray-100\" xmlns=\"http:\/\/www.w3.org\/2000\/svg\" fill=\"none\" stroke=\"currentColor\" stroke-width=\"1.5\" class=\"w-6 h-6\" viewBox=\"0 0 24 24\"><path stroke-linecap=\"round\" stroke-linejoin=\"round\" d=\"M6 18 18 6M6 6l12 12\"\/><\/svg>\t\t\t\t\t<\/button>\n\t\t\t\t<\/div>\n\t\t\t\t<ul id=\"toc\" class=\"mt-5 max-h-[85vh] overflow-y-auto list-none bt-scrollbars\">\n\n\t\t\t\t\t\t\t\t\t\t\t<li>\n\t\t\t\t\t\t\t<a href=\"#alles-was-du-uber-league-two-wetten-wissen-solltest\" data-bt-toc-item=\"alles-was-du-uber-league-two-wetten-wissen-solltest\"\n\t\t\t\t\t\t\t\t @click=\"show_toc = false\"\n\t\t\t\t\t\t\t\t class=\"block px-4 py-2 text-black border-l-4 border-solid border-transparent hover:border-red-100 transition-all hover:!border-b-0 hover:font-bold\">\nAlles, was du \u00fcber League Two-Wetten wissen solltest\n<\/a>\n\t\t\t\t\t\t<\/li>\n\t\t\t\t\t\t\t\t\t<\/ul>\n\t\t\t\t\t\t\t\t\t\t\t<\/div>\n\t\t<\/div>\n\t<\/div>\n\t\t\t\t\t<\/div>\n\t\t\t<\/div>\n\t\t<\/div>\n\t<\/div>\n<\/div>\n\t<\/div>\n<\/div>\n\n","protected":false},"excerpt":{"rendered":"","protected":false},"author":6,"featured_media":0,"parent":0,"menu_order":1000,"comment_status":"closed","ping_status":"closed","template":"","meta":{"footnotes":""},"tags":[],"acf":[],"_links":{"self":[{"href":"https:\/\/betting.com\/de\/wp-json\/wp\/v2\/pages\/927"}],"collection":[{"href":"https:\/\/betting.com\/de\/wp-json\/wp\/v2\/pages"}],"about":[{"href":"https:\/\/betting.com\/de\/wp-json\/wp\/v2\/types\/page"}],"author":[{"embeddable":true,"href":"https:\/\/betting.com\/de\/wp-json\/wp\/v2\/users\/6"}],"replies":[{"embeddable":true,"href":"https:\/\/betting.com\/de\/wp-json\/wp\/v2\/comments?post=927"}],"version-history":[{"count":3,"href":"https:\/\/betting.com\/de\/wp-json\/wp\/v2\/pages\/927\/revisions"}],"predecessor-version":[{"id":6216,"href":"https:\/\/betting.com\/de\/wp-json\/wp\/v2\/pages\/927\/revisions\/6216"}],"wp:attachment":[{"href":"https:\/\/betting.com\/de\/wp-json\/wp\/v2\/media?parent=927"}],"wp:term":[{"taxonomy":"post_tag","embeddable":true,"href":"https:\/\/betting.com\/de\/wp-json\/wp\/v2\/tags?post=927"}],"curies":[{"name":"wp","href":"https:\/\/api.w.org\/{rel}","templated":true}]}}