{"id":922,"date":"2023-04-03T16:12:43","date_gmt":"2023-04-03T16:12:43","guid":{"rendered":"https:\/\/betting.com\/de\/?page_id=922"},"modified":"2023-08-02T12:31:05","modified_gmt":"2023-08-02T12:31:05","slug":"griechische-super-league","status":"publish","type":"page","link":"https:\/\/betting.com\/de\/griechische-super-league","title":{"rendered":"Griechische Super League"},"content":{"rendered":"<div class=\" container-white py-8\">\n\t<div class=\"wp-block-container-toc  \">\n\t\t\t<div class=\"bg-white\">\n\t<div class=\"flex flex-col-reverse lg:flex-row lg:gap-8 py-10\">\n\t\t<article class=\"max-w-[960px] flex-grow\" data-bt-content>\n\t\t\t\n<p>Die Super League Greece 1 (griechisch: \u0395\u03bb\u03bb\u03b7\u03bd\u03b9\u03ba\u03ae \u03a3\u03bf\u03cd\u03c0\u03b5\u03c1 \u039b\u03b9\u03b3\u03ba 1), aus Gr\u00fcnden des Sponsorings auch Super League 1 Stoiximan genannt, ist die h\u00f6chste professionelle Verbandsfu\u00dfballliga in Griechenland.<\/p>\n\n\n\n<h2 class=\"wp-block-heading\" id=\"alles-was-man-uber-griechische-super-league-wetten-wissen-muss\"><strong>Alles, was man \u00fcber griechische Super League-Wetten wissen muss<\/strong><\/h2>\n\n\n\n<p>Die beliebtesten Wettm\u00e4rkte f\u00fcr die griechische Super League drehen sich um den Gesamtsieger der Liga. Obwohl Olympiakos die Liga in den letzten Jahren dominiert hat, bieten sie immer noch einen angemessenen Wert f\u00fcr Wettende. Aufgrund ihrer Dominanz erhalten andere Konkurrenten h\u00f6here Quoten, so dass dies ein sehr profitabler Markt sein k\u00f6nnte, wenn es zu einer \u00dcberraschung kommt.<\/p>\n\n\n\n<h3 class=\"wp-block-heading\" id=\"format-des-wettbewerbs\"><strong>Format des Wettbewerbs<\/strong><\/h3>\n\n\n\n<p>In der Super League treten derzeit 14 Vereine in einer 26 Spiele umfassenden Heim- und Ausw\u00e4rtsserie gegeneinander an. Am Ende der Saison stehen sich die sechs besten Vereine in einer Meisterschaftsrunde mit zehn Spielen gegen\u00fcber, um den Meister der Super League und die Teilnehmer an der UEFA Champions League und der UEFA Europa Conference League zu ermitteln.<\/p>\n\n\n\n<p>Die letzten 8 Vereine stehen sich in Play-outs gegen\u00fcber, um den Absteiger in die Super League 2 zu ermitteln. An ihrer Stelle steigen die beiden besten Mannschaften der Super League 2 auf. Die Anzahl der abzusteigenden Mannschaften kann sich je nach dem Lizenzierungsverfahren, das am Ende der regul\u00e4ren Saison stattfindet, \u00e4ndern.<\/p>\n\n\n\n<p>Die Super League hat derzeit ein Anrecht auf einen Teilnehmer an der UEFA Champions League. Der Meister nimmt derzeit \u00fcber den Weg des Champions an der ersten Qualifikationsrunde teil. Die drei Pl\u00e4tze in der UEFA Europa Conference League gehen an die Mannschaften auf den Pl\u00e4tzen 2 bis 3, wobei der griechische Pokalsieger einen Platz in Europa erh\u00e4lt.<\/p>\n\n\t\t<\/article>\n\t\t<div class=\"lg:w-[300px] lg:flex-shrink-0 relative\" x-data=\"{show_toc: false}\">\n\t\t\t<div class=\"lg:sticky lg:top-4 z-30\">\n\t\t\t\t<div class=\"fixed -top-64 left-0 w-full z-50 lg:static transition-all hidden lg:block\" id=\"fixed-toc\">\n\t\t\t\t\t<div>\n\t\t\t\t<div class=\"border-b border-solid border-gray-30 text-lg font-bold lg:pt-7 max-lg:px-4 py-3 flex items-center justify-between bg-white lg:bg-transparent\">\n\t\t\tWas gibt es auf dieser Seite\n\t\t\t<button @click=\"show_toc = true\" class=\"btn btn-red-outline-white block lg:hidden\">Jump to<\/button>\n\t\t<\/div>\n\t\t\t\t<div\n\t\t\tclass=\"max-lg:fixed max-lg:top-0 max-lg:left-0 max-lg:w-screen max-lg:h-screen max-lg:bg-gray-70 max-lg:bg-opacity-75 max-lg:hidden\"\n\t\t\t:class=\"{'max-lg:hidden': !show_toc}\"\n\t\t\t@click=\"show_toc = false\"\n\t\t>\n\t\t\t<div class=\"max-lg:absolute max-lg:bottom-0 max-lg:left-0 max-lg:w-screen bg-white lg:bg-transparent\">\n\t\t\t\t\t\t\t\t<div class=\"flex lg:hidden items-center justify-between mx-4 border-b border-solid border-gray-30 pt-6 pb-2 font-bold\">\n\n\t\t\t\t\tAuf dieser Seite\n\t\t\t\t\t<button @click=\"show_toc = false\">\n\t\t\t\t\t\t<svg class=\"w-5 h-5 text-gray-100\" xmlns=\"http:\/\/www.w3.org\/2000\/svg\" fill=\"none\" stroke=\"currentColor\" stroke-width=\"1.5\" class=\"w-6 h-6\" viewBox=\"0 0 24 24\"><path stroke-linecap=\"round\" stroke-linejoin=\"round\" d=\"M6 18 18 6M6 6l12 12\"\/><\/svg>\t\t\t\t\t<\/button>\n\t\t\t\t<\/div>\n\t\t\t\t<ul id=\"toc\" class=\"mt-5 max-h-[85vh] overflow-y-auto list-none bt-scrollbars\">\n\n\t\t\t\t\t\t\t\t\t\t\t<li>\n\t\t\t\t\t\t\t<a href=\"#alles-was-man-uber-griechische-super-league-wetten-wissen-muss\" data-bt-toc-item=\"alles-was-man-uber-griechische-super-league-wetten-wissen-muss\"\n\t\t\t\t\t\t\t\t @click=\"show_toc = false\"\n\t\t\t\t\t\t\t\t class=\"block px-4 py-2 text-black border-l-4 border-solid border-transparent hover:border-red-100 transition-all hover:!border-b-0 hover:font-bold\">\nAlles, was man \u00fcber griechische Super League-Wetten wissen muss\n<\/a>\n\t\t\t\t\t\t<\/li>\n\t\t\t\t\t\t\t\t\t<\/ul>\n\t\t\t\t\t\t\t\t\t\t\t<\/div>\n\t\t<\/div>\n\t<\/div>\n\t\t\t\t\t<\/div>\n\t\t\t<\/div>\n\t\t<\/div>\n\t<\/div>\n<\/div>\n\t<\/div>\n<\/div>\n\n","protected":false},"excerpt":{"rendered":"","protected":false},"author":6,"featured_media":0,"parent":0,"menu_order":1000,"comment_status":"closed","ping_status":"closed","template":"","meta":{"footnotes":""},"tags":[],"acf":[],"_links":{"self":[{"href":"https:\/\/betting.com\/de\/wp-json\/wp\/v2\/pages\/922"}],"collection":[{"href":"https:\/\/betting.com\/de\/wp-json\/wp\/v2\/pages"}],"about":[{"href":"https:\/\/betting.com\/de\/wp-json\/wp\/v2\/types\/page"}],"author":[{"embeddable":true,"href":"https:\/\/betting.com\/de\/wp-json\/wp\/v2\/users\/6"}],"replies":[{"embeddable":true,"href":"https:\/\/betting.com\/de\/wp-json\/wp\/v2\/comments?post=922"}],"version-history":[{"count":3,"href":"https:\/\/betting.com\/de\/wp-json\/wp\/v2\/pages\/922\/revisions"}],"predecessor-version":[{"id":6215,"href":"https:\/\/betting.com\/de\/wp-json\/wp\/v2\/pages\/922\/revisions\/6215"}],"wp:attachment":[{"href":"https:\/\/betting.com\/de\/wp-json\/wp\/v2\/media?parent=922"}],"wp:term":[{"taxonomy":"post_tag","embeddable":true,"href":"https:\/\/betting.com\/de\/wp-json\/wp\/v2\/tags?post=922"}],"curies":[{"name":"wp","href":"https:\/\/api.w.org\/{rel}","templated":true}]}}