{"id":919,"date":"2023-04-03T15:54:25","date_gmt":"2023-04-03T15:54:25","guid":{"rendered":"https:\/\/betting.com\/de\/?page_id=919"},"modified":"2023-08-02T12:31:05","modified_gmt":"2023-08-02T12:31:05","slug":"israelische-premier-league","status":"publish","type":"page","link":"https:\/\/betting.com\/de\/israelische-premier-league","title":{"rendered":"Israelische Premier League"},"content":{"rendered":"<div class=\" container-white py-8\">\n\t<div class=\"wp-block-container-toc  \">\n\t\t\t<div class=\"bg-white\">\n\t<div class=\"flex flex-col-reverse lg:flex-row lg:gap-8 py-10\">\n\t\t<article class=\"max-w-[960px] flex-grow\" data-bt-content>\n\t\t\t\n<p>Die h\u00f6chste nationale Fu\u00dfballliga hei\u00dft Israeli Premier League, und obwohl das Land auf eine reiche Geschichte des Fu\u00dfballs zur\u00fcckblicken kann, gibt es diesen Wettbewerb erst seit 1999.<\/p>\n\n\n\n<p><em>\u201cDie israelische Premier League wurde kurz vor der Jahrtausendwende mit dem Ziel gegr\u00fcndet, das Niveau des Fu\u00dfballs im Land zu verbessern, und wenn man sich die letzten zwanzig Jahre ansieht, muss man sagen, dass der urspr\u00fcngliche Auftrag erf\u00fcllt wurde.\u201d<\/em><\/p>\n\n\n\n<p>Auch wenn es sich innerhalb der UEFA nur um eine mittelgro\u00dfe Liga handelt, ist es doch ein Wettbewerb, der sich f\u00fcr eine gro\u00dfe Anh\u00e4ngerschaft eignet. Mit 14 der besten Vereine, die zu Hause und ausw\u00e4rts gegeneinander spielen, gibt es einen regul\u00e4ren Spielplan mit 26 Spielen.<\/p>\n\n\n\n<p>Die besten sechs Vereine spielen in der Meisterschaftsgruppe, w\u00e4hrend die \u00fcbrigen acht in die Abstiegsgruppe aufsteigen. Das bedeutet, dass es ab hier ein leichtes Ungleichgewicht in Bezug auf die zu spielenden Endspiele gibt.<\/p>\n\n\n\n<p>In der Meisterschaftsgruppe spielen die sechs qualifizierten Mannschaften in zehn weiteren Spielrunden sowohl zu Hause als auch ausw\u00e4rts, w\u00e4hrend die acht Mannschaften in der Abstiegsgruppe nur einmal zu Hause oder ausw\u00e4rts gegeneinander antreten.<\/p>\n\n\n\n<p>Das bedeutet, dass die Mannschaften in der Meisterschaftsgruppe 36 Spiele pro Saison bestreiten und die Mannschaft an der Tabellenspitze zum Sieger der israelischen Premier League gek\u00fcrt wird, w\u00e4hrend die Mannschaften in der Abstiegsgruppe im Vergleich dazu nur 33 Spiele bestreiten und die beiden untersten Vereine absteigen.<\/p>\n\n\n\n<h2 class=\"wp-block-heading\" id=\"alles-was-du-uber-wetten-auf-die-israelische-premier-league-wissen-musst\"><strong>Alles, was du \u00fcber Wetten auf die israelische Premier League wissen musst<\/strong><\/h2>\n\n\n\n<p>Wetten auf die israelische Premier League sind so einfach wie nur m\u00f6glich, da praktisch alle Buchmacher Quoten f\u00fcr die Liga anbieten und oft auch eine gro\u00dfe Marktauswahl.&nbsp;<\/p>\n\n\n\n<p>Ihr einziges Anliegen bei Wetten auf die israelische Premier League sollte es sein, die h\u00f6chsten Quoten zu finden, und dabei wird dir unsere Seite Quotenvergleich sicher helfen.<\/p>\n\n\n\n<p>Dar\u00fcber hinaus solltest du immer ein Auge auf einen tollen Willkommensbonus oder besondere Aktionen haben. Du kannst aber auch beruhigt sein, denn Quoten f\u00fcr die israelische Premier League zu finden, ist beim besten Willen keine Herausforderung.<\/p>\n\n\t\t<\/article>\n\t\t<div class=\"lg:w-[300px] lg:flex-shrink-0 relative\" x-data=\"{show_toc: false}\">\n\t\t\t<div class=\"lg:sticky lg:top-4 z-30\">\n\t\t\t\t<div class=\"fixed -top-64 left-0 w-full z-50 lg:static transition-all hidden lg:block\" id=\"fixed-toc\">\n\t\t\t\t\t<div>\n\t\t\t\t<div class=\"border-b border-solid border-gray-30 text-lg font-bold lg:pt-7 max-lg:px-4 py-3 flex items-center justify-between bg-white lg:bg-transparent\">\n\t\t\tWas gibt es auf dieser Seite\n\t\t\t<button @click=\"show_toc = true\" class=\"btn btn-red-outline-white block lg:hidden\">Jump to<\/button>\n\t\t<\/div>\n\t\t\t\t<div\n\t\t\tclass=\"max-lg:fixed max-lg:top-0 max-lg:left-0 max-lg:w-screen max-lg:h-screen max-lg:bg-gray-70 max-lg:bg-opacity-75 max-lg:hidden\"\n\t\t\t:class=\"{'max-lg:hidden': !show_toc}\"\n\t\t\t@click=\"show_toc = false\"\n\t\t>\n\t\t\t<div class=\"max-lg:absolute max-lg:bottom-0 max-lg:left-0 max-lg:w-screen bg-white lg:bg-transparent\">\n\t\t\t\t\t\t\t\t<div class=\"flex lg:hidden items-center justify-between mx-4 border-b border-solid border-gray-30 pt-6 pb-2 font-bold\">\n\n\t\t\t\t\tAuf dieser Seite\n\t\t\t\t\t<button @click=\"show_toc = false\">\n\t\t\t\t\t\t<svg class=\"w-5 h-5 text-gray-100\" xmlns=\"http:\/\/www.w3.org\/2000\/svg\" fill=\"none\" stroke=\"currentColor\" stroke-width=\"1.5\" class=\"w-6 h-6\" viewBox=\"0 0 24 24\"><path stroke-linecap=\"round\" stroke-linejoin=\"round\" d=\"M6 18 18 6M6 6l12 12\"\/><\/svg>\t\t\t\t\t<\/button>\n\t\t\t\t<\/div>\n\t\t\t\t<ul id=\"toc\" class=\"mt-5 max-h-[85vh] overflow-y-auto list-none bt-scrollbars\">\n\n\t\t\t\t\t\t\t\t\t\t\t<li>\n\t\t\t\t\t\t\t<a href=\"#alles-was-du-uber-wetten-auf-die-israelische-premier-league-wissen-musst\" data-bt-toc-item=\"alles-was-du-uber-wetten-auf-die-israelische-premier-league-wissen-musst\"\n\t\t\t\t\t\t\t\t @click=\"show_toc = false\"\n\t\t\t\t\t\t\t\t class=\"block px-4 py-2 text-black border-l-4 border-solid border-transparent hover:border-red-100 transition-all hover:!border-b-0 hover:font-bold\">\nAlles, was du \u00fcber Wetten auf die israelische Premier League wissen musst\n<\/a>\n\t\t\t\t\t\t<\/li>\n\t\t\t\t\t\t\t\t\t<\/ul>\n\t\t\t\t\t\t\t\t\t\t\t<\/div>\n\t\t<\/div>\n\t<\/div>\n\t\t\t\t\t<\/div>\n\t\t\t<\/div>\n\t\t<\/div>\n\t<\/div>\n<\/div>\n\t<\/div>\n<\/div>\n\n","protected":false},"excerpt":{"rendered":"","protected":false},"author":6,"featured_media":0,"parent":0,"menu_order":1000,"comment_status":"closed","ping_status":"closed","template":"","meta":{"footnotes":""},"tags":[],"acf":[],"_links":{"self":[{"href":"https:\/\/betting.com\/de\/wp-json\/wp\/v2\/pages\/919"}],"collection":[{"href":"https:\/\/betting.com\/de\/wp-json\/wp\/v2\/pages"}],"about":[{"href":"https:\/\/betting.com\/de\/wp-json\/wp\/v2\/types\/page"}],"author":[{"embeddable":true,"href":"https:\/\/betting.com\/de\/wp-json\/wp\/v2\/users\/6"}],"replies":[{"embeddable":true,"href":"https:\/\/betting.com\/de\/wp-json\/wp\/v2\/comments?post=919"}],"version-history":[{"count":3,"href":"https:\/\/betting.com\/de\/wp-json\/wp\/v2\/pages\/919\/revisions"}],"predecessor-version":[{"id":6214,"href":"https:\/\/betting.com\/de\/wp-json\/wp\/v2\/pages\/919\/revisions\/6214"}],"wp:attachment":[{"href":"https:\/\/betting.com\/de\/wp-json\/wp\/v2\/media?parent=919"}],"wp:term":[{"taxonomy":"post_tag","embeddable":true,"href":"https:\/\/betting.com\/de\/wp-json\/wp\/v2\/tags?post=919"}],"curies":[{"name":"wp","href":"https:\/\/api.w.org\/{rel}","templated":true}]}}