{"id":913,"date":"2023-04-03T15:42:17","date_gmt":"2023-04-03T15:42:17","guid":{"rendered":"https:\/\/betting.com\/de\/?page_id=913"},"modified":"2023-08-02T12:31:05","modified_gmt":"2023-08-02T12:31:05","slug":"kroatische-1-hnl","status":"publish","type":"page","link":"https:\/\/betting.com\/de\/kroatische-1-hnl","title":{"rendered":"Kroatische 1 HNL"},"content":{"rendered":"<div class=\" container-white py-8\">\n\t<div class=\"wp-block-container-toc  \">\n\t\t\t<div class=\"bg-white\">\n\t<div class=\"flex flex-col-reverse lg:flex-row lg:gap-8 py-10\">\n\t\t<article class=\"max-w-[960px] flex-grow\" data-bt-content>\n\t\t\t\n<p>ede Saison beginnt Ende Juli oder Anfang August und endet im Mai, mit einer zweimonatigen Unterbrechung zwischen Dezember und Februar. Derzeit nehmen zehn Mannschaften an der Liga teil.<\/p>\n\n\n\n<p>Hauptsponsor der Liga ist T-Hrvatski Telekom, ein Unternehmen des deutschen Telekommunikationskonzerns Deutsche Telekom.&nbsp;<\/p>\n\n\n\n<p>Am Ende der Saison 2014-15 lag die kroatische erste Liga auf Platz 17 in Europa.<\/p>\n\n\n\n<p>Der Meister der ersten kroatischen Fu\u00dfballliga 2015\/16 qualifiziert sich f\u00fcr die zweite Qualifikationsrunde der UEFA Champions League, der Zweitplatzierte f\u00fcr die zweite Qualifikationsrunde der UEFA Europa League, w\u00e4hrend der Drittplatzierte sich f\u00fcr die erste Qualifikationsrunde der UEFA Europa League qualifiziert.<\/p>\n\n\n\n<p>Die Sieger des kroatischen Fu\u00dfballpokals 2015\/16 qualifizieren sich f\u00fcr die dritte Qualifikationsrunde der UEFA Europa League.<\/p>\n\n\n\n<h2 class=\"wp-block-heading\" id=\"clubs\">Clubs<\/h2>\n\n\n\n<p>The following ten clubs compete in the 2022\u201323 Croatian Football League season, the 32nd season since the league&#8217;s establishment.Five of the ten clubs currently competing in the Croatian top level also had spells in the Yugoslav First League played from 1945 to 1991 before Croatian clubs abandoned the competition (Dinamo Zagreb, Hajduk Split, Lokomotiva, Osijek, Rijeka).&nbsp;<\/p>\n\n\n\n<p>Four other Croatian clubs which had appeared in the top Yugoslav league (Cibalia, RNK Split, NK Zagreb and Tre\u0161njevka) are currently playing in Croatian lower levels.<\/p>\n\n\n\n<p>As of 2022, only four of the 12 founding members of the Croatian league have never been relegated: Dinamo Zagreb, Hajduk Split, Osijek and Rijeka.<\/p>\n\n\t\t<\/article>\n\t\t<div class=\"lg:w-[300px] lg:flex-shrink-0 relative\" x-data=\"{show_toc: false}\">\n\t\t\t<div class=\"lg:sticky lg:top-4 z-30\">\n\t\t\t\t<div class=\"fixed -top-64 left-0 w-full z-50 lg:static transition-all hidden lg:block\" id=\"fixed-toc\">\n\t\t\t\t\t<div>\n\t\t\t\t<div class=\"border-b border-solid border-gray-30 text-lg font-bold lg:pt-7 max-lg:px-4 py-3 flex items-center justify-between bg-white lg:bg-transparent\">\n\t\t\tWas gibt es auf dieser Seite\n\t\t\t<button @click=\"show_toc = true\" class=\"btn btn-red-outline-white block lg:hidden\">Jump to<\/button>\n\t\t<\/div>\n\t\t\t\t<div\n\t\t\tclass=\"max-lg:fixed max-lg:top-0 max-lg:left-0 max-lg:w-screen max-lg:h-screen max-lg:bg-gray-70 max-lg:bg-opacity-75 max-lg:hidden\"\n\t\t\t:class=\"{'max-lg:hidden': !show_toc}\"\n\t\t\t@click=\"show_toc = false\"\n\t\t>\n\t\t\t<div class=\"max-lg:absolute max-lg:bottom-0 max-lg:left-0 max-lg:w-screen bg-white lg:bg-transparent\">\n\t\t\t\t\t\t\t\t<div class=\"flex lg:hidden items-center justify-between mx-4 border-b border-solid border-gray-30 pt-6 pb-2 font-bold\">\n\n\t\t\t\t\tAuf dieser Seite\n\t\t\t\t\t<button @click=\"show_toc = false\">\n\t\t\t\t\t\t<svg class=\"w-5 h-5 text-gray-100\" xmlns=\"http:\/\/www.w3.org\/2000\/svg\" fill=\"none\" stroke=\"currentColor\" stroke-width=\"1.5\" class=\"w-6 h-6\" viewBox=\"0 0 24 24\"><path stroke-linecap=\"round\" stroke-linejoin=\"round\" d=\"M6 18 18 6M6 6l12 12\"\/><\/svg>\t\t\t\t\t<\/button>\n\t\t\t\t<\/div>\n\t\t\t\t<ul id=\"toc\" class=\"mt-5 max-h-[85vh] overflow-y-auto list-none bt-scrollbars\">\n\n\t\t\t\t\t\t\t\t\t\t\t<li>\n\t\t\t\t\t\t\t<a href=\"#clubs\" data-bt-toc-item=\"clubs\"\n\t\t\t\t\t\t\t\t @click=\"show_toc = false\"\n\t\t\t\t\t\t\t\t class=\"block px-4 py-2 text-black border-l-4 border-solid border-transparent hover:border-red-100 transition-all hover:!border-b-0 hover:font-bold\">\nClubs\n<\/a>\n\t\t\t\t\t\t<\/li>\n\t\t\t\t\t\t\t\t\t<\/ul>\n\t\t\t\t\t\t\t\t\t\t\t<\/div>\n\t\t<\/div>\n\t<\/div>\n\t\t\t\t\t<\/div>\n\t\t\t<\/div>\n\t\t<\/div>\n\t<\/div>\n<\/div>\n\t<\/div>\n<\/div>\n\n","protected":false},"excerpt":{"rendered":"","protected":false},"author":6,"featured_media":0,"parent":0,"menu_order":1000,"comment_status":"closed","ping_status":"closed","template":"","meta":{"footnotes":""},"tags":[],"acf":[],"_links":{"self":[{"href":"https:\/\/betting.com\/de\/wp-json\/wp\/v2\/pages\/913"}],"collection":[{"href":"https:\/\/betting.com\/de\/wp-json\/wp\/v2\/pages"}],"about":[{"href":"https:\/\/betting.com\/de\/wp-json\/wp\/v2\/types\/page"}],"author":[{"embeddable":true,"href":"https:\/\/betting.com\/de\/wp-json\/wp\/v2\/users\/6"}],"replies":[{"embeddable":true,"href":"https:\/\/betting.com\/de\/wp-json\/wp\/v2\/comments?post=913"}],"version-history":[{"count":3,"href":"https:\/\/betting.com\/de\/wp-json\/wp\/v2\/pages\/913\/revisions"}],"predecessor-version":[{"id":6212,"href":"https:\/\/betting.com\/de\/wp-json\/wp\/v2\/pages\/913\/revisions\/6212"}],"wp:attachment":[{"href":"https:\/\/betting.com\/de\/wp-json\/wp\/v2\/media?parent=913"}],"wp:term":[{"taxonomy":"post_tag","embeddable":true,"href":"https:\/\/betting.com\/de\/wp-json\/wp\/v2\/tags?post=913"}],"curies":[{"name":"wp","href":"https:\/\/api.w.org\/{rel}","templated":true}]}}