{"id":91,"date":"2022-06-15T10:27:42","date_gmt":"2022-06-15T10:27:42","guid":{"rendered":"https:\/\/betting.com\/de\/?page_id=91"},"modified":"2023-08-02T12:31:08","modified_gmt":"2023-08-02T12:31:08","slug":"quoten","status":"publish","type":"page","link":"https:\/\/betting.com\/de\/volleyball\/quoten","title":{"rendered":"Volleyball Quoten"},"content":{"rendered":"<div class=\" container-white py-8\">\n\t<div class=\"wp-block-container-toc  \">\n\t\t\t<div class=\"bg-white\">\n\t<div class=\"flex flex-col-reverse lg:flex-row lg:gap-8 py-10\">\n\t\t<article class=\"max-w-[960px] flex-grow\" data-bt-content>\n\t\t\t\n<h2 class=\"wp-block-heading\" id=\"volleyball-wettquoten-fur-die-heutigen-veranstaltungen-vergleichen\">Volleyball Wettquoten f\u00fcr die Heutigen Veranstaltungen vergleichen<\/h2>\n\n\n\n<p>Volleyball-Quoten k\u00f6nnen schwierig sein, da nicht einmal die implizite Wahrscheinlichkeit eines Ereignisses seinen Ausgang genau vorhersagen kann.&nbsp;<\/p>\n\n\n\n<p>Nichtsdestotrotz ist bekannt, dass die Anwesenheit von Starspielern sowie die von Qualit\u00e4tsreserven und guten Forml\u00e4ufen die gr\u00f6\u00dften Faktoren bei der Berechnung der Volleyballquoten sind.&nbsp;<\/p>\n\n\n\n<p>Achten Sie auf verletzungsanf\u00e4llige Spieler, sehen Sie sich jedes Spiel an und machen Sie sich bereit f\u00fcr eine Auszahlung, wenn Sie sehen, dass Ihre Favoriten 2:0 oder mehr zur\u00fcckfallen. Gehen Sie nicht zu viele Risiken ein und mischen Sie die Dinge nicht, nur um Konsistenz f\u00fcr Ihre Bankroll herzustellen.<\/p>\n\n\n\n<h2 class=\"wp-block-heading\" id=\"wie-findet-man-die-besten-volleyballquoten\">Wie findet man die besten Volleyballquoten?<\/h2>\n\n\n\n<p>\u2018Volleyballquoten\u2019 ist ein Ausdruck, den man normalerweise nur von einem Wetter h\u00f6ren w\u00fcrde, der leidenschaftlich gerne auf irgendeine Art seine Bankroll erh\u00f6hen m\u00f6chte. Das ist sinnvoll, denn der Sport selbst hat nicht so viele Fans wie z.B. Fu\u00dfball, Basketball oder sogar Cricket.&nbsp;<\/p>\n\n\n\n<p>Allerdings gibt es da eine kleine Sache namens Pareto-Prinzip. Gem\u00e4\u00df dieser Regel ist es einfacher, von Nischen wie Volleyballquoten zu profitieren, weil sie weniger beliebt sind. Je weniger Leute auf eine Sportveranstaltung wetten, desto schwierig wird es, genaue Quoten zu erstellen.<\/p>\n\n\n\n<p>Das ist der Grund, warum Volleyballquoten jeden Tag beliebter werden &#8211; Sie k\u00f6nnen einige reizvolle Angebote finden, selbst bei gr\u00f6\u00dferen Wettbewerben. Da sich nicht viele Leute gut mit dem Sport auskennen, bewegen sich die Quoten normalerweise in alle m\u00f6glichen Richtungen.&nbsp;<\/p>\n\n\n\n<p>Dieser Leitfaden wurde von uns entwickelt, um Ihnen zu helfen, das Chaos der Volleyballquoten sicher zu durchschiffen. Er sollte Ihnen bei der Aufbesserung Ihres Wettscheins helfen und den Kontostand Ihrer Online-Sportwettkonten verbessern.<\/p>\n\n\n\n<h2 class=\"wp-block-heading\" id=\"wie-werden-volleyballquoten-berechnet\">Wie werden Volleyballquoten berechnet?<\/h2>\n\n\n\n<p>Volleyballquoten werden von professionellen Buchhaltern sowohl erstellt als auch bekannt gegeben. Mit ihrer Arbeit geht einher, dass sie der globalen Volleyballszene folgen und alle verf\u00fcgbaren Daten dazu einsetzen, die \u2018implizite Wahrscheinlichkeit\u2019 eines bestimmten Ergebnisses zu bestimmen.<\/p>\n\n\n\n<p>Implizite Wahrscheinlichkeit ist ein Ausdruck, der von Natur aus mit Volleyballquoten verbunden ist. Grunds\u00e4tzlich bedeutet er Folgendes: Angesichts der verf\u00fcgbaren statistischen Daten ist die Wahrscheinlichkeit, dass ein Ereignis eintritt, hoch. Denken Sie daran: selbst niedrige Volleyballquoten bedeuten nicht, dass ein Ereignis ohne den geringsten Zweifel eintreten wird.&nbsp;<\/p>\n\n\n\n<p>Stattdessen wird ein Muster verwendet, das in verschiedene Arten von Software eingegeben wird, um zu ermitteln, wie hoch der Ertrag f\u00fcr dieses bestimmte Ergebnis oder diesen Markt sein wird.<\/p>\n\n\n\n<p>Niedrige Volleyballquoten in einem gesch\u00e4tzten Rahmen von 1,01-2,50 (oder niedriger, abh\u00e4ngig davon, wen man fragt), bedeuten, dass man auf eine sichere Sache wettet. Auf der anderen Seite bedeuten h\u00f6here Quoten, dass der Markt \u2018reine Spekulation\u2019 ist, daher fallen die m\u00f6glichen H\u00f6chstgewinne auch h\u00f6her aus.<\/p>\n\n\n\n<p>Da es eine F\u00fclle von Volleyballquoten f\u00fcr so gut wie jede Facette des Spiels gibt, wollten wir wissen, was diese alle gemeinsam haben. Wir waren neugierig, welche Hauptinformationsquellen Quotenmacher verwenden, um ihre Angebote zu berechnen. Nach einigen Diskussionen konnten wir mit den folgenden vier Faktoren aufwarten:<\/p>\n\n\n\n<p><strong>J\u00fcngste Form.<\/strong> Wenn Sie auf der Suche nach den besten Volleyballquoten sind, sollten Sie immer die j\u00fcngste Form der beiden Teams, die an dem Spiel beteiligt sind, nachschlagen. Der Faktor hat einen Einfluss in beide Richtungen, da selbst die l\u00e4ngste Gl\u00fccksstr\u00e4hne zu Ende gehen kann und zwar gerade wegen der Ersch\u00f6pfung der Mannschaft.&nbsp;<\/p>\n\n\n\n<p>Konzentrieren Sie sich nicht auf die h\u00f6chsten Quoten, wenn Sie die Volleyballquotenvergleichsinstrumente bei Betting.com verwenden. Stattdessen sollten Sie ein Team anvisieren, dass 4-5 direkte Siege eingefahren hat.<\/p>\n\n\n\n<p><strong>Herausragende Spieler.<\/strong> Volleyballquoten orientieren sich immer mehr an den Teams als dies Fu\u00dfball- oder Basketballwettangebote tun. Allerdings beobachten Quotenmacher schon z.B. die Leistungen der Starzuspieler und Liberos.&nbsp;<\/p>\n\n\n\n<p>Wenn eine Mannschaft zwei oder mehr herausragende Leistungstr\u00e4ger aufweist, werden sich die Quoten in ihre Richtung lehnen. Wenn Sie auf der Suche nach den Volleyballquoten von heute sind, sollten Sie sich auch auf den Mannschaftszusammenhalt konzentrieren. Auf diese Weise k\u00f6nnen Sie Pannen bei den Quotenmachern finden.<\/p>\n\n\n\n<p><strong>Tiefe.<\/strong> Volleyballquoten werden nicht nur durch die Starspieler in einem bestimmten Team beeinflusst. Tats\u00e4chlich gibt es viele F\u00e4lle, wo Nationalmannschaften und Herausforderer in der CEV Champions League wegen ihrer miserablen Reservespieler nicht hoch eingestuft werden.&nbsp;<\/p>\n\n\n\n<p>Den meisten ist es nicht bekannt, dass selbst die besten Volleyballquoten nicht in der Lage sind, solche Dinge vorauszusagen, wie dass das Spiel \u00fcber vier oder f\u00fcnf S\u00e4tze gehen wird.&nbsp;<\/p>\n\n\n\n<p>In diesen Situationen ist es ausschlaggebend, f\u00e4hige Spieler auf der Bank zu haben. Quotenmacher interessieren sich nicht immer f\u00fcr diesen Umstand, so dass Sie in der Lage sind, einige reizvolle Volleyballwettquoten aufzusp\u00fcren, mit denen Sie Ihren risikoscheuen Wettschein festigen k\u00f6nnen.<\/p>\n\n\n\n<p>W\u00e4hrend diese Faktoren die Grundlage aller Volleyballquoten bilden, gibt es noch so viele andere Variablen, die man ber\u00fccksichtigen kann. Manche Volleyball-Arenas haben niedrige Decken, was sich auf den Aufschlag bestimmter Spieler auswirken k\u00f6nnte.&nbsp;<\/p>\n\n\n\n<p>Um die absolut besten Volleyballquoten ausfindig zu machen, m\u00fcssen Sie eine umfassende Auswertung all dieser Faktoren durchf\u00fchren. Der wichtigste Aspekt von Volleyballquoten ist jedoch ihr \u00c4nderungspotenzial.<\/p>\n\n\n\n<h2 class=\"wp-block-heading\" id=\"wie-andern-sich-volleyballquoten\">Wie \u00e4ndern sich Volleyballquoten?<\/h2>\n\n\n\n<p>Wie bei allen Sportwettangeboten \u00e4ndern sich die Volleyballquoten, wenn ein bestimmter Vorfall oder ein Ereignis Auswirkungen auf einen bestimmten Markt hat. Schlie\u00dflich ist Volleyball ein Sport, der nicht greifbare Faktoren sch\u00e4tzt, d.h. es w\u00e4re klug, sich die Situation \u00fcber das hinaus zu betrachten, was \u201aauf dem Papier steht\u2018.&nbsp;<\/p>\n\n\n\n<p>Nichtsdestotrotz beobachten Quotenmacher schon auch die Volleyballquoten, die sie bekanntgeben und passen sie an, wann immer sie dies f\u00fcr angebracht halten.<\/p>\n\n\n\n<p>W\u00e4hrend die meisten Volleyballquoten anf\u00e4nglich mit einer durchschnittlichen Differenz von 0,09 zwischen den 20 Spitzenbuchmachern bei Betting.com bekannt gegeben werden, spricht man von Bewegungen (\u00c4nderungen), wenn gr\u00f6\u00dfere Differenzen auftreten.&nbsp;<\/p>\n\n\n\n<p>Das ist auch der Grund, warum Sie sowohl wissen sollten, wie man \u00c4nderungen bei den Volleyballquoten voraussagt als auch, wie man mit ihnen umgeht. Um Ihnen dabei behilflich zu sein, haben wir die h\u00e4ufigsten Gr\u00fcnde f\u00fcr Quoten\u00e4nderungen eingegrenzt:<\/p>\n\n\n\n<p><strong>Verletzungen.<\/strong> Kn\u00f6chel-, Knie- und R\u00fcckenverletzungen sind seit Jahren ein Fluch f\u00fcr diejenigen, die sich f\u00fcr Volleyballquoten interessieren. Wenn ein Team als Favorit auf den Sieg eines Spiels gilt, k\u00f6nnte der Verlust seines besten Spielers die Quoten f\u00fcr jeden Wettschein ins Wanken bringen. Den Status von verletzungsanf\u00e4lligen Spielern zu verfolgen wird Ihnen helfen, t\u00e4glich die richtigen Volleyballquoten auszuw\u00e4hlen.<\/p>\n\n\n\n<p><strong>Unerwartet ins Hintertreffen geraten.<\/strong> In gro\u00dfen Turnieren m\u00fcssen die Mannschaften h\u00e4ufig zwei Spiele in zwei Tagen bestreiten. Es gab schon Situationen, in denen sich die Volleyballquoten betr\u00e4chtlich verschoben haben, wenn ein Favorit am Vortag f\u00fcnf S\u00e4tze spielen musste. Wegen dem st\u00e4ndigen Springen und den seitlichen Bewegungen ist bei diesem Sport Ersch\u00f6pfung ein echter Einflussfaktor. Sie sollten daher immer versuchen, Beinahe-\u00dcberraschungserfolge vorauszusagen, wenn Sie nach Volleyballquoten Ausschau halten.<\/p>\n\n\n\n<p><strong>Sich offenbarende Schw\u00e4chen.<\/strong> Es ist kein Geheimnis, dass manche Trainer nicht die besten Taktiker sind, besonders wenn sie bestimmte offensive und defensive S\u00e4tze angehen m\u00fcssen. Nichtsdestotrotz braucht es nur einen Satz, damit die Quotenmacher dies bemerken und ihre Volleyballquoten \u00e4ndern.<\/p>\n\n\n\n<h2 class=\"wp-block-heading\" id=\"erkenntnisse-von-betting-com\">Erkenntnisse von Betting.com<\/h2>\n\n\n\n<p>Um Ihnen dabei zu helfen, die Einzelheiten von Volleyballquoten zu verstehen, haben wir uns dazu entschieden, einige weniger bekannte Sachverhalte anzugehen.&nbsp;<\/p>\n\n\n\n<p>W\u00e4hrend unseren Nachforschungen f\u00fcr diesen bestimmten Leitfaden haben wir festgestellt, dass viele Quotenmacher und Wetter bereitwillig mehrere Faktoren bei der Bewertung ihrer Volleyballquoten ignorieren. So bleiben Sie immer wachsam:<\/p>\n\n\n\n<ul><li>Sorgen Sie daf\u00fcr, dass riskante Volleyballquoten nicht mehr als 1\/3 Ihres gesamten Wettscheins\/Ihrer Akku-Wette ausmachen. Selbst wenn Sie der Mensch mit dem sichersten Tipp diesseits des Atlantiks sind, sollten Sie nicht alles auf eine Karte setzen. Bleiben Sie bei dem, was am besten zu Ihnen passt.<\/li><\/ul>\n\n\n\n<ul><li>Wir haben festgestellt, dass die meisten Experten f\u00fcr Volleyballquoten bei Betting.com eine Vorbereitungszeit von mindestens 1 Monat empfehlen, bevor man damit beginnt, Wetten auf eine bestimmte Volleyballliga zu platzieren. Erforschen Sie auch vorhergehende Staffeln, da dabei eine Menge Muster zum Vorschein kommen k\u00f6nnten.<\/li><\/ul>\n\n\n\n<ul><li>Warten Sie daher auf die idealen Volleyballquoten, anstatt Ihren Wettzettel mit irgendwelchem Mist zu f\u00fcllen. Wir wissen, wie schwierig es ist, einem m\u00f6glicherweise todsicheren Tipp zu widerstehen, aber Sie sollten sich nicht in Ligen oder Turniere einmischen, auf die Sie sich nicht vorbereitet haben. Folgen Sie Ihren Lieblingsgratisangeboten und verwenden Sie den Google-Kalender oder eine \u00e4hnliche App, um Sie an bevorstehende Spiele und Wettm\u00f6glichkeiten zu erinnern.<\/li><\/ul>\n\n\n\n<p>Volleyballwetten k\u00f6nnen eine sehr lukrative Gelegenheit darstellen, aber manchmal ist es schwierig zu verstehen, wie die Quoten berechnet werden und warum sie sich \u00e4ndern. Obwohl wir alle wesentlichen Punkte zum Thema Volleyballquoten behandelt haben, gehen wir davon aus, dass manche Wetter sich einfach nicht die M\u00fche machen, etwas \u00fcber Volleyballquoten zu lernen.&nbsp;<\/p>\n\n\n\n<p>Wenn Sie zu dieser Gruppe von Wettern geh\u00f6ren &#8211; was vollkommen in Ordnung ist &#8211; dann empfehlen wir Ihnen dringend, unsere Volleyballtipps durchzulesen, die von verifizierten und sachkundigen Tipstern zur Verf\u00fcgung gestellt wurden.<\/p>\n\n\t\t<\/article>\n\t\t<div class=\"lg:w-[300px] lg:flex-shrink-0 relative\" x-data=\"{show_toc: false}\">\n\t\t\t<div class=\"lg:sticky lg:top-4 z-30\">\n\t\t\t\t<div class=\"fixed -top-64 left-0 w-full z-50 lg:static transition-all hidden lg:block\" id=\"fixed-toc\">\n\t\t\t\t\t<div>\n\t\t\t\t<div class=\"border-b border-solid border-gray-30 text-lg font-bold lg:pt-7 max-lg:px-4 py-3 flex items-center justify-between bg-white lg:bg-transparent\">\n\t\t\tWas gibt es auf dieser Seite\n\t\t\t<button @click=\"show_toc = true\" class=\"btn btn-red-outline-white block lg:hidden\">Jump to<\/button>\n\t\t<\/div>\n\t\t\t\t<div\n\t\t\tclass=\"max-lg:fixed max-lg:top-0 max-lg:left-0 max-lg:w-screen max-lg:h-screen max-lg:bg-gray-70 max-lg:bg-opacity-75 max-lg:hidden\"\n\t\t\t:class=\"{'max-lg:hidden': !show_toc}\"\n\t\t\t@click=\"show_toc = false\"\n\t\t>\n\t\t\t<div class=\"max-lg:absolute max-lg:bottom-0 max-lg:left-0 max-lg:w-screen bg-white lg:bg-transparent\">\n\t\t\t\t\t\t\t\t<div class=\"flex lg:hidden items-center justify-between mx-4 border-b border-solid border-gray-30 pt-6 pb-2 font-bold\">\n\n\t\t\t\t\tAuf dieser Seite\n\t\t\t\t\t<button @click=\"show_toc = false\">\n\t\t\t\t\t\t<svg class=\"w-5 h-5 text-gray-100\" xmlns=\"http:\/\/www.w3.org\/2000\/svg\" fill=\"none\" stroke=\"currentColor\" stroke-width=\"1.5\" class=\"w-6 h-6\" viewBox=\"0 0 24 24\"><path stroke-linecap=\"round\" stroke-linejoin=\"round\" d=\"M6 18 18 6M6 6l12 12\"\/><\/svg>\t\t\t\t\t<\/button>\n\t\t\t\t<\/div>\n\t\t\t\t<ul id=\"toc\" class=\"mt-5 max-h-[85vh] overflow-y-auto list-none bt-scrollbars\">\n\n\t\t\t\t\t\t\t\t\t\t\t<li>\n\t\t\t\t\t\t\t<a href=\"#volleyball-wettquoten-fur-die-heutigen-veranstaltungen-vergleichen\" data-bt-toc-item=\"volleyball-wettquoten-fur-die-heutigen-veranstaltungen-vergleichen\"\n\t\t\t\t\t\t\t\t @click=\"show_toc = false\"\n\t\t\t\t\t\t\t\t class=\"block px-4 py-2 text-black border-l-4 border-solid border-transparent hover:border-red-100 transition-all hover:!border-b-0 hover:font-bold\">\nVolleyball Wettquoten f\u00fcr die Heutigen Veranstaltungen vergleichen\n<\/a>\n\t\t\t\t\t\t<\/li>\n\t\t\t\t\t\t\t\t\t\t\t<li>\n\t\t\t\t\t\t\t<a href=\"#wie-findet-man-die-besten-volleyballquoten\" data-bt-toc-item=\"wie-findet-man-die-besten-volleyballquoten\"\n\t\t\t\t\t\t\t\t @click=\"show_toc = false\"\n\t\t\t\t\t\t\t\t class=\"block px-4 py-2 text-black border-l-4 border-solid border-transparent hover:border-red-100 transition-all hover:!border-b-0 hover:font-bold\">\nWie findet man die besten Volleyballquoten?\n<\/a>\n\t\t\t\t\t\t<\/li>\n\t\t\t\t\t\t\t\t\t\t\t<li>\n\t\t\t\t\t\t\t<a href=\"#wie-werden-volleyballquoten-berechnet\" data-bt-toc-item=\"wie-werden-volleyballquoten-berechnet\"\n\t\t\t\t\t\t\t\t @click=\"show_toc = false\"\n\t\t\t\t\t\t\t\t class=\"block px-4 py-2 text-black border-l-4 border-solid border-transparent hover:border-red-100 transition-all hover:!border-b-0 hover:font-bold\">\nWie werden Volleyballquoten berechnet?\n<\/a>\n\t\t\t\t\t\t<\/li>\n\t\t\t\t\t\t\t\t\t\t\t<li>\n\t\t\t\t\t\t\t<a href=\"#wie-andern-sich-volleyballquoten\" data-bt-toc-item=\"wie-andern-sich-volleyballquoten\"\n\t\t\t\t\t\t\t\t @click=\"show_toc = false\"\n\t\t\t\t\t\t\t\t class=\"block px-4 py-2 text-black border-l-4 border-solid border-transparent hover:border-red-100 transition-all hover:!border-b-0 hover:font-bold\">\nWie \u00e4ndern sich Volleyballquoten?\n<\/a>\n\t\t\t\t\t\t<\/li>\n\t\t\t\t\t\t\t\t\t\t\t<li>\n\t\t\t\t\t\t\t<a href=\"#erkenntnisse-von-betting-com\" data-bt-toc-item=\"erkenntnisse-von-betting-com\"\n\t\t\t\t\t\t\t\t @click=\"show_toc = false\"\n\t\t\t\t\t\t\t\t class=\"block px-4 py-2 text-black border-l-4 border-solid border-transparent hover:border-red-100 transition-all hover:!border-b-0 hover:font-bold\">\nErkenntnisse von Betting.com\n<\/a>\n\t\t\t\t\t\t<\/li>\n\t\t\t\t\t\t\t\t\t<\/ul>\n\t\t\t\t\t\t\t\t\t\t\t<\/div>\n\t\t<\/div>\n\t<\/div>\n\t\t\t\t\t<\/div>\n\t\t\t<\/div>\n\t\t<\/div>\n\t<\/div>\n<\/div>\n\t<\/div>\n<\/div>\n\n","protected":false},"excerpt":{"rendered":"","protected":false},"author":6,"featured_media":498,"parent":970,"menu_order":1000,"comment_status":"closed","ping_status":"closed","template":"","meta":{"footnotes":""},"tags":[],"acf":[],"_links":{"self":[{"href":"https:\/\/betting.com\/de\/wp-json\/wp\/v2\/pages\/91"}],"collection":[{"href":"https:\/\/betting.com\/de\/wp-json\/wp\/v2\/pages"}],"about":[{"href":"https:\/\/betting.com\/de\/wp-json\/wp\/v2\/types\/page"}],"author":[{"embeddable":true,"href":"https:\/\/betting.com\/de\/wp-json\/wp\/v2\/users\/6"}],"replies":[{"embeddable":true,"href":"https:\/\/betting.com\/de\/wp-json\/wp\/v2\/comments?post=91"}],"version-history":[{"count":4,"href":"https:\/\/betting.com\/de\/wp-json\/wp\/v2\/pages\/91\/revisions"}],"predecessor-version":[{"id":6153,"href":"https:\/\/betting.com\/de\/wp-json\/wp\/v2\/pages\/91\/revisions\/6153"}],"up":[{"embeddable":true,"href":"https:\/\/betting.com\/de\/wp-json\/wp\/v2\/pages\/970"}],"wp:featuredmedia":[{"embeddable":true,"href":"https:\/\/betting.com\/de\/wp-json\/wp\/v2\/media\/498"}],"wp:attachment":[{"href":"https:\/\/betting.com\/de\/wp-json\/wp\/v2\/media?parent=91"}],"wp:term":[{"taxonomy":"post_tag","embeddable":true,"href":"https:\/\/betting.com\/de\/wp-json\/wp\/v2\/tags?post=91"}],"curies":[{"name":"wp","href":"https:\/\/api.w.org\/{rel}","templated":true}]}}