{"id":908,"date":"2023-04-03T15:30:52","date_gmt":"2023-04-03T15:30:52","guid":{"rendered":"https:\/\/betting.com\/de\/?page_id=908"},"modified":"2023-08-02T12:31:05","modified_gmt":"2023-08-02T12:31:05","slug":"norwegen-eliteserien","status":"publish","type":"page","link":"https:\/\/betting.com\/de\/norwegen-eliteserien","title":{"rendered":"Norwegen Eliteserien"},"content":{"rendered":"<div class=\" container-white py-8\">\n\t<div class=\"wp-block-container-toc  \">\n\t\t\t<div class=\"bg-white\">\n\t<div class=\"flex flex-col-reverse lg:flex-row lg:gap-8 py-10\">\n\t\t<article class=\"max-w-[960px] flex-grow\" data-bt-content>\n\t\t\t\n<p>Eliteserien ist eine norwegische Profiliga f\u00fcr Verbandsfu\u00dfballvereine. Sie steht an der Spitze des norwegischen Ligasystems und ist der wichtigste Fu\u00dfballwettbewerb des Landes. Sie wird von 16 Vereinen bestritten und ist mit der ersten norwegischen Liga durch ein Auf- und Abstiegssystem verbunden.<\/p>\n\n\n\n<p>Die Spielzeit dauert von M\u00e4rz bis November, wobei jede Mannschaft 30 Spiele bestreitet (Heim- und Ausw\u00e4rtsspiele). Die meisten Spiele werden am Sonntagabend ausgetragen.<\/p>\n\n\n\n<p>Eliteserien wurde 1937 unter dem Namen Norgesserien (w\u00f6rtlich: &#8222;Die norwegische Liga&#8220;) gegr\u00fcndet, und die erste Saison war die Saison 1937-38. Die Struktur und der Name der Eliteserien haben sich, wie auch bei den anderen norwegischen Fu\u00dfballligen, h\u00e4ufig ge\u00e4ndert. Die h\u00f6chste Spielklasse wurde 1948 in Hovedserien umbenannt, 1963 in 1. divisjon (heute von der zweith\u00f6chsten Spielklasse in Norwegen verwendet) und 1990 in Tippeligaen (benannt nach dem Hauptsponsor). Mit Beginn der Saison 2017 nahm die Liga den aktuellen Namen Eliteserien an, nachdem die NFF beschlossen hatte, die Namen der Sponsoren vollst\u00e4ndig aus dem Namen der Liga zu streichen. Die \u00dcbertragungsrechte wurden im Dezember 2015 von Discovery Networks erworben, die einen Sechsjahresvertrag unterzeichneten, der ihnen die Rechte zur \u00dcbertragung aller 240 Spiele der Eliteserien von 2017 bis 2023 einr\u00e4umt. Der Vertrag hatte einen Wert von 2,4 Mrd. NOK. Die Liga nimmt j\u00e4hrlich 400 Mio. NOK an inl\u00e4ndischen Fernsehrechten ein. Die norwegische Profiliga gibt es seit 1992. 1995 wurde die Tippeligaen auf 14 Mannschaften und 2009 auf 16 Mannschaften erweitert.<\/p>\n\n\n\n<p>Seit der Gr\u00fcndung der Liga im Jahr 1937 haben siebzehn Vereine den Titel gewonnen:<\/p>\n\n\n\n<ul><li> Rosenborg (26)<\/li><li> Fredrikstad (9)<\/li><li>Viking (8)<\/li><li>Lillestr\u00f8m (5)<\/li><li> Molde (5)<\/li><li>V\u00e5lerenga (5)<\/li><li> Brann (3)<\/li><li>Larvik Turn (3)<\/li><li> Bod\u00f8\/Glimt (2)<\/li><li>Lyn (2)<\/li><li> Start (2)<\/li><li>Str\u00f8msgodset (2)<\/li><li> Fram Larvik (1)<\/li><li> Freidig (1)<\/li><li>Moss (1)<\/li><li>Skeid (1)<\/li><li>Stab\u00e6k (1). <\/li><\/ul>\n\n\n\n<p>Im Jahr 2010 war Rosenborg der einzige Verein, der eine Saison in der Eliteserien ohne eine einzige Niederlage abschlie\u00dfen konnte, und ist es bis heute. Den Rekord f\u00fcr die meisten Punkte in einer Saison h\u00e4lt Bod\u00f8\/Glimt im Jahr 2020 mit 81 Punkten. Seit der Gr\u00fcndung der Eliteserien im Jahr 1963 haben achtundvierzig Vereine an der Eliteserien teilgenommen.<\/p>\n\n\t\t<\/article>\n\t\t<div class=\"lg:w-[300px] lg:flex-shrink-0 relative\" x-data=\"{show_toc: false}\">\n\t\t\t<div class=\"lg:sticky lg:top-4 z-30\">\n\t\t\t\t<div class=\"fixed -top-64 left-0 w-full z-50 lg:static transition-all hidden lg:block\" id=\"fixed-toc\">\n\t\t\t\t\t<div>\n\t\t\t\t<div\n\t\t\tclass=\"max-lg:fixed max-lg:top-0 max-lg:left-0 max-lg:w-screen max-lg:h-screen max-lg:bg-gray-70 max-lg:bg-opacity-75 max-lg:hidden\"\n\t\t\t:class=\"{'max-lg:hidden': !show_toc}\"\n\t\t\t@click=\"show_toc = false\"\n\t\t>\n\t\t\t<div class=\"max-lg:absolute max-lg:bottom-0 max-lg:left-0 max-lg:w-screen bg-white lg:bg-transparent\">\n\t\t\t\t\t\t\t\t\t\t\t<\/div>\n\t\t<\/div>\n\t<\/div>\n\t\t\t\t\t<\/div>\n\t\t\t<\/div>\n\t\t<\/div>\n\t<\/div>\n<\/div>\n\t<\/div>\n<\/div>\n\n","protected":false},"excerpt":{"rendered":"","protected":false},"author":6,"featured_media":0,"parent":0,"menu_order":1000,"comment_status":"closed","ping_status":"closed","template":"","meta":{"footnotes":""},"tags":[],"acf":[],"_links":{"self":[{"href":"https:\/\/betting.com\/de\/wp-json\/wp\/v2\/pages\/908"}],"collection":[{"href":"https:\/\/betting.com\/de\/wp-json\/wp\/v2\/pages"}],"about":[{"href":"https:\/\/betting.com\/de\/wp-json\/wp\/v2\/types\/page"}],"author":[{"embeddable":true,"href":"https:\/\/betting.com\/de\/wp-json\/wp\/v2\/users\/6"}],"replies":[{"embeddable":true,"href":"https:\/\/betting.com\/de\/wp-json\/wp\/v2\/comments?post=908"}],"version-history":[{"count":4,"href":"https:\/\/betting.com\/de\/wp-json\/wp\/v2\/pages\/908\/revisions"}],"predecessor-version":[{"id":6211,"href":"https:\/\/betting.com\/de\/wp-json\/wp\/v2\/pages\/908\/revisions\/6211"}],"wp:attachment":[{"href":"https:\/\/betting.com\/de\/wp-json\/wp\/v2\/media?parent=908"}],"wp:term":[{"taxonomy":"post_tag","embeddable":true,"href":"https:\/\/betting.com\/de\/wp-json\/wp\/v2\/tags?post=908"}],"curies":[{"name":"wp","href":"https:\/\/api.w.org\/{rel}","templated":true}]}}