{"id":903,"date":"2023-04-03T14:52:05","date_gmt":"2023-04-03T14:52:05","guid":{"rendered":"https:\/\/betting.com\/de\/?page_id=903"},"modified":"2023-08-02T12:31:05","modified_gmt":"2023-08-02T12:31:05","slug":"oesterreichische-bundesliga","status":"publish","type":"page","link":"https:\/\/betting.com\/de\/oesterreichische-bundesliga","title":{"rendered":"\u00d6sterreichische Bundesliga"},"content":{"rendered":"<div class=\" container-white py-8\">\n\t<div class=\"wp-block-container-toc  \">\n\t\t\t<div class=\"bg-white\">\n\t<div class=\"flex flex-col-reverse lg:flex-row lg:gap-8 py-10\">\n\t\t<article class=\"max-w-[960px] flex-grow\" data-bt-content>\n\t\t\t\n<p>Wenn es um die \u00f6sterreichische Bundesliga geht, empfehlen wir Ihnen, bei der Auswahl eines Buchmachers f\u00fcr Wetten auf die \u00f6sterreichische Bundesliga einen Bonus zu w\u00e4hlen, der zu Ihnen passt, oder eine spezielle Aktion zu finden, von der Sie profitieren k\u00f6nnen.<\/p>\n\n\n\n<p>Die \u00d6sterreichische Fu\u00dfball-Bundesliga, aus Gr\u00fcnden des Sponsorings auch Admiral-Bundesliga genannt, ist die h\u00f6chste Spielklasse des \u00f6sterreichischen Fu\u00dfballsystems. In diesem Wettbewerb wird der \u00f6sterreichische Fu\u00dfballmeister ermittelt, ebenso wie die Teilnehmer des Landes an den verschiedenen Europapokalen der UEFA.&nbsp;<\/p>\n\n\n\n<p><strong>Gegr\u00fcndet:<\/strong> 21. April 1974<\/p>\n\n\n\n<p><strong>Aktueller Meister:<\/strong> Red Bull Salzburg (16. Titel); (2021-22)<\/p>\n\n\n\n<p><strong>Meiste Meisterschaften: <\/strong>Rapid Wien (32 Titel)<\/p>\n\n\n\n<p><strong>Heimische(r) Pokal(e):<\/strong> \u00d6sterreichischer Cup<\/p>\n\n\n\n<p><strong>Internationale(r) Pokal(e):<\/strong> UEFA Champions League; UEFA Europa League; UEFA Europa Conference League<\/p>\n\n\t\t<\/article>\n\t\t<div class=\"lg:w-[300px] lg:flex-shrink-0 relative\" x-data=\"{show_toc: false}\">\n\t\t\t<div class=\"lg:sticky lg:top-4 z-30\">\n\t\t\t\t<div class=\"fixed -top-64 left-0 w-full z-50 lg:static transition-all hidden lg:block\" id=\"fixed-toc\">\n\t\t\t\t\t<div>\n\t\t\t\t<div\n\t\t\tclass=\"max-lg:fixed max-lg:top-0 max-lg:left-0 max-lg:w-screen max-lg:h-screen max-lg:bg-gray-70 max-lg:bg-opacity-75 max-lg:hidden\"\n\t\t\t:class=\"{'max-lg:hidden': !show_toc}\"\n\t\t\t@click=\"show_toc = false\"\n\t\t>\n\t\t\t<div class=\"max-lg:absolute max-lg:bottom-0 max-lg:left-0 max-lg:w-screen bg-white lg:bg-transparent\">\n\t\t\t\t\t\t\t\t\t\t\t<\/div>\n\t\t<\/div>\n\t<\/div>\n\t\t\t\t\t<\/div>\n\t\t\t<\/div>\n\t\t<\/div>\n\t<\/div>\n<\/div>\n\t<\/div>\n<\/div>\n\n","protected":false},"excerpt":{"rendered":"","protected":false},"author":6,"featured_media":0,"parent":0,"menu_order":1000,"comment_status":"closed","ping_status":"closed","template":"","meta":{"footnotes":""},"tags":[],"acf":[],"_links":{"self":[{"href":"https:\/\/betting.com\/de\/wp-json\/wp\/v2\/pages\/903"}],"collection":[{"href":"https:\/\/betting.com\/de\/wp-json\/wp\/v2\/pages"}],"about":[{"href":"https:\/\/betting.com\/de\/wp-json\/wp\/v2\/types\/page"}],"author":[{"embeddable":true,"href":"https:\/\/betting.com\/de\/wp-json\/wp\/v2\/users\/6"}],"replies":[{"embeddable":true,"href":"https:\/\/betting.com\/de\/wp-json\/wp\/v2\/comments?post=903"}],"version-history":[{"count":4,"href":"https:\/\/betting.com\/de\/wp-json\/wp\/v2\/pages\/903\/revisions"}],"predecessor-version":[{"id":6210,"href":"https:\/\/betting.com\/de\/wp-json\/wp\/v2\/pages\/903\/revisions\/6210"}],"wp:attachment":[{"href":"https:\/\/betting.com\/de\/wp-json\/wp\/v2\/media?parent=903"}],"wp:term":[{"taxonomy":"post_tag","embeddable":true,"href":"https:\/\/betting.com\/de\/wp-json\/wp\/v2\/tags?post=903"}],"curies":[{"name":"wp","href":"https:\/\/api.w.org\/{rel}","templated":true}]}}